{"id":2352,"date":"2024-05-24T17:27:44","date_gmt":"2024-05-24T09:27:44","guid":{"rendered":"https:\/\/purecook.com\/?post_type=product&#038;p=2352"},"modified":"2025-08-14T16:54:56","modified_gmt":"2025-08-14T08:54:56","slug":"custom-kids-bento-box-wholesale","status":"publish","type":"product","link":"https:\/\/www.purecook.com\/es\/product\/custom-kids-bento-box-wholesale\/","title":{"rendered":"Mayorista de cajas Bento personalizadas y ligeras para ni\u00f1os"},"content":{"rendered":"<div class=\"wp-block-columns is-layout-flex wp-container-core-columns-is-layout-9d6595d7 wp-block-columns-is-layout-flex\">\n<div class=\"wp-block-column is-layout-flow wp-block-column-is-layout-flow\">\n<h3 class=\"wp-block-heading\">Par\u00e1metros de la caja Bento<\/h3>\n\n\n\n<p>N\u00famero de modelo:ch5<br>Nombre del producto: Fiambrera estanca de acero inoxidable 304<br>Capacidad: 1-3 litros<br>Material: acero inoxidable<br>Tama\u00f1o: 26,5\u00d719\u00d76 cm\/30\u00d724\u00d76 cm<br>Capa: Capa \u00fanica<br>Material: SS304+pl\u00e1stico PP<br>Color: rosa, verde, azul<br>MOQ 3000 piezas<\/p>\n<\/div>\n\n\n\n<div class=\"wp-block-column is-layout-flow wp-block-column-is-layout-flow\">\n<h3 class=\"wp-block-heading\">Caja Bento personalizada<\/h3>\n\n\n\n<p>Embalaje: caja de color\/cart\u00f3n, etc.<br>Cantidad de pedido 3000 unidades<br><strong><a href=\"https:\/\/www.purecook.com\/es\/custom-solution\/\" target=\"_blank\" rel=\"noreferrer noopener\">Soluciones personalizadas OEM y ODM<\/a><\/strong><\/p>\n<\/div>\n<\/div>\n\n\n\n<div class=\"wp-block-columns is-layout-flex wp-container-core-columns-is-layout-9d6595d7 wp-block-columns-is-layout-flex\">\n<div class=\"wp-block-column is-layout-flow wp-block-column-is-layout-flow\">\n<figure class=\"wp-block-image size-full\"><img decoding=\"async\" width=\"800\" height=\"800\" src=\"https:\/\/purecook.com\/wp-content\/uploads\/2024\/05\/custom-bento-box-wholesale-4.webp\" alt=\"caja bento personalizada al por mayor\" class=\"wp-image-2356\" srcset=\"https:\/\/www.purecook.com\/wp-content\/uploads\/2024\/05\/custom-bento-box-wholesale-4.webp 800w, https:\/\/www.purecook.com\/wp-content\/uploads\/2024\/05\/custom-bento-box-wholesale-4-300x300.webp 300w, https:\/\/www.purecook.com\/wp-content\/uploads\/2024\/05\/custom-bento-box-wholesale-4-150x150.webp 150w, https:\/\/www.purecook.com\/wp-content\/uploads\/2024\/05\/custom-bento-box-wholesale-4-768x768.webp 768w, https:\/\/www.purecook.com\/wp-content\/uploads\/2024\/05\/custom-bento-box-wholesale-4-600x600.webp 600w, https:\/\/www.purecook.com\/wp-content\/uploads\/2024\/05\/custom-bento-box-wholesale-4-100x100.webp 100w\" sizes=\"(max-width: 800px) 100vw, 800px\" \/><\/figure>\n<\/div>\n\n\n\n<div class=\"wp-block-column is-layout-flow wp-block-column-is-layout-flow\">\n<figure class=\"wp-block-image size-full\"><img decoding=\"async\" width=\"779\" height=\"714\" src=\"https:\/\/purecook.com\/wp-content\/uploads\/2024\/05\/custom-bento-box-size.webp\" alt=\"tama\u00f1o de caja bento personalizada\" class=\"wp-image-2358\" srcset=\"https:\/\/www.purecook.com\/wp-content\/uploads\/2024\/05\/custom-bento-box-size.webp 779w, https:\/\/www.purecook.com\/wp-content\/uploads\/2024\/05\/custom-bento-box-size-300x275.webp 300w, https:\/\/www.purecook.com\/wp-content\/uploads\/2024\/05\/custom-bento-box-size-768x704.webp 768w, https:\/\/www.purecook.com\/wp-content\/uploads\/2024\/05\/custom-bento-box-size-600x550.webp 600w\" sizes=\"(max-width: 779px) 100vw, 779px\" \/><\/figure>\n<\/div>\n<\/div>","protected":false},"excerpt":{"rendered":"<p>La caja bento est\u00e1 hecha de materiales de calidad alimentaria, seguros y fiables, y adopta un dise\u00f1o ligero, por lo que es f\u00e1cil de llevar para los usuarios. El dise\u00f1o de compartimentos m\u00faltiples le permite separar diferentes tipos de alimentos, y puede disfrutar de mejores precios al comprar al por mayor. Ofrecemos servicios de cajas bento personalizadas. Podemos personalizar su caja bento y su embalaje seg\u00fan sus necesidades.<\/p>\n<h2>Caracter\u00edsticas y ventajas de la caja Bento<\/h2>\n<p>No contiene bisfenol (bpa) ni plomo, no es t\u00f3xico, es resistente al \u00f3xido y se puede lavar en el lavavajillas en la rejilla superior, por lo que la limpieza es facil\u00edsima.<\/p>\n<p>Compartimento a prueba de fugas: mantenga los alimentos separados: Disfruta de las ventajas de una fiambrera y una tapa de acero inoxidable sin comprometer la higiene de los alimentos.<\/p>\n<p>La tapa cuenta con un exclusivo dise\u00f1o de goma de silicona que bloquea cada secci\u00f3n en su sitio para garantizar que los alimentos no se mezclen, derramen ni se filtren entre s\u00ed. Ahora puedes disfrutar de tus s\u00e1ndwiches sin mezclarlos con tu yogur.<\/p>\n<p>Perfectas para una alimentaci\u00f3n sana - control de las raciones - nuestras cajas bento le permiten guardar toda su comida en un recipiente f\u00e1cil de transportar.<\/p>\n<p>Perfecto para almuerzos de trabajo, meriendas, escuela, picnics o para llevar. El dise\u00f1o de 3 secciones facilita el cumplimiento de tus objetivos de salud y te permite tener alimentos saludables a mano.<\/p>\n<p>Cabe f\u00e1cilmente en bolsos, bolsas de trabajo, mochilas y bolsas de deporte.<\/p>\n<p>F\u00e1cil de transportar y segura para alimentos fr\u00edos y calientes: disfrute de un almuerzo caliente y saludable en cualquier momento y lugar sin inconvenientes. Nuestra fiambrera tiene una capa exterior de pl\u00e1stico en el fondo que evita que el recipiente se caliente o enfr\u00ede demasiado al transportarlo.<\/p>\n<p><a href=\"https:\/\/www.purecook.com\/es\/custom-solution\/\" target=\"_blank\" rel=\"noopener\">Admite cajas bento personalizadas OEM&amp;ODM.<\/a><\/p>\n<p>&nbsp;<\/p>","protected":false},"featured_media":2357,"comment_status":"closed","ping_status":"closed","template":"","meta":{"_acf_changed":false},"product_brand":[],"product_cat":[51,102],"product_tag":[],"class_list":{"0":"post-2352","1":"product","2":"type-product","3":"status-publish","4":"has-post-thumbnail","6":"product_cat-dinnerware","7":"product_cat-lunch-boxes","9":"first","10":"instock","11":"shipping-taxable","12":"product-type-simple"},"acf":[],"_links":{"self":[{"href":"https:\/\/www.purecook.com\/es\/wp-json\/wp\/v2\/product\/2352","targetHints":{"allow":["GET"]}}],"collection":[{"href":"https:\/\/www.purecook.com\/es\/wp-json\/wp\/v2\/product"}],"about":[{"href":"https:\/\/www.purecook.com\/es\/wp-json\/wp\/v2\/types\/product"}],"replies":[{"embeddable":true,"href":"https:\/\/www.purecook.com\/es\/wp-json\/wp\/v2\/comments?post=2352"}],"wp:featuredmedia":[{"embeddable":true,"href":"https:\/\/www.purecook.com\/es\/wp-json\/wp\/v2\/media\/2357"}],"wp:attachment":[{"href":"https:\/\/www.purecook.com\/es\/wp-json\/wp\/v2\/media?parent=2352"}],"wp:term":[{"taxonomy":"product_brand","embeddable":true,"href":"https:\/\/www.purecook.com\/es\/wp-json\/wp\/v2\/product_brand?post=2352"},{"taxonomy":"product_cat","embeddable":true,"href":"https:\/\/www.purecook.com\/es\/wp-json\/wp\/v2\/product_cat?post=2352"},{"taxonomy":"product_tag","embeddable":true,"href":"https:\/\/www.purecook.com\/es\/wp-json\/wp\/v2\/product_tag?post=2352"}],"curies":[{"name":"wp","href":"https:\/\/api.w.org\/{rel}","templated":true}]}}