{"id":2431,"date":"2024-06-04T08:53:13","date_gmt":"2024-06-04T00:53:13","guid":{"rendered":"https:\/\/www.purecook.com\/?post_type=product&#038;p=2431"},"modified":"2025-08-14T16:54:45","modified_gmt":"2025-08-14T08:54:45","slug":"stainless-steel-customized-bento-box-wholesale","status":"publish","type":"product","link":"https:\/\/www.purecook.com\/es\/product\/stainless-steel-customized-bento-box-wholesale\/","title":{"rendered":"Caja Bento Personalizada de Acero Inoxidable al por Mayor"},"content":{"rendered":"<div class=\"wp-block-columns is-layout-flex wp-container-core-columns-is-layout-9d6595d7 wp-block-columns-is-layout-flex\">\n<div class=\"wp-block-column is-layout-flow wp-block-column-is-layout-flow\">\n<h3 class=\"wp-block-heading\">Par\u00e1metros de la caja Bento<\/h3>\n\n\n\n<p>Nombre: Caja bento de 5 compartimentos <br>Capacidad 1-3 litros<br>Tama\u00f1o 27\u00d720\u00d77,5 cm\/ 23\u00d716,5\u00d77,5 cm<br>Material SS304+pl\u00e1stico PP<br>Color: Azul\/Rosa\/Verde<br>Packing Fiambrera + SUS201 palillos + SUS201 cuchara<br>Cantidad 1000 unidades<\/p>\n<\/div>\n\n\n\n<div class=\"wp-block-column is-layout-flow wp-block-column-is-layout-flow\">\n<h3 class=\"wp-block-heading\">Caja Bento personalizada<\/h3>\n\n\n\n<p>Embalaje: caja de color\/cart\u00f3n, etc.<br>MOQ: 1000 piezas<br><strong><a href=\"https:\/\/www.purecook.com\/es\/custom-solution\/\" target=\"_blank\" rel=\"noreferrer noopener\">Soluciones personalizadas de cajas Bento OEM y ODM<\/a><\/strong><\/p>\n<\/div>\n<\/div>\n\n\n\n<div class=\"wp-block-columns is-layout-flex wp-container-core-columns-is-layout-9d6595d7 wp-block-columns-is-layout-flex\">\n<div class=\"wp-block-column is-layout-flow wp-block-column-is-layout-flow\">\n<figure class=\"wp-block-image size-full\"><img decoding=\"async\" width=\"800\" height=\"800\" src=\"https:\/\/www.purecook.com\/wp-content\/uploads\/2024\/06\/customized-bento-box-wholesale-2.webp\" alt=\"caja bento personalizada al por mayor\" class=\"wp-image-2435\" srcset=\"https:\/\/www.purecook.com\/wp-content\/uploads\/2024\/06\/customized-bento-box-wholesale-2.webp 800w, https:\/\/www.purecook.com\/wp-content\/uploads\/2024\/06\/customized-bento-box-wholesale-2-300x300.webp 300w, https:\/\/www.purecook.com\/wp-content\/uploads\/2024\/06\/customized-bento-box-wholesale-2-150x150.webp 150w, https:\/\/www.purecook.com\/wp-content\/uploads\/2024\/06\/customized-bento-box-wholesale-2-768x768.webp 768w, https:\/\/www.purecook.com\/wp-content\/uploads\/2024\/06\/customized-bento-box-wholesale-2-600x600.webp 600w, https:\/\/www.purecook.com\/wp-content\/uploads\/2024\/06\/customized-bento-box-wholesale-2-100x100.webp 100w\" sizes=\"(max-width: 800px) 100vw, 800px\" \/><\/figure>\n<\/div>\n\n\n\n<div class=\"wp-block-column is-layout-flow wp-block-column-is-layout-flow\">\n<figure class=\"wp-block-image size-full\"><img decoding=\"async\" width=\"800\" height=\"800\" src=\"https:\/\/www.purecook.com\/wp-content\/uploads\/2024\/06\/customized-bento-box-wholesale-1.webp\" alt=\"caja bento personalizada al por mayor\" class=\"wp-image-2434\" srcset=\"https:\/\/www.purecook.com\/wp-content\/uploads\/2024\/06\/customized-bento-box-wholesale-1.webp 800w, https:\/\/www.purecook.com\/wp-content\/uploads\/2024\/06\/customized-bento-box-wholesale-1-300x300.webp 300w, https:\/\/www.purecook.com\/wp-content\/uploads\/2024\/06\/customized-bento-box-wholesale-1-150x150.webp 150w, https:\/\/www.purecook.com\/wp-content\/uploads\/2024\/06\/customized-bento-box-wholesale-1-768x768.webp 768w, https:\/\/www.purecook.com\/wp-content\/uploads\/2024\/06\/customized-bento-box-wholesale-1-600x600.webp 600w, https:\/\/www.purecook.com\/wp-content\/uploads\/2024\/06\/customized-bento-box-wholesale-1-100x100.webp 100w\" sizes=\"(max-width: 800px) 100vw, 800px\" \/><\/figure>\n<\/div>\n<\/div>","protected":false},"excerpt":{"rendered":"<p>Ofrecemos servicio de venta al por mayor de cajas bento personalizadas, fabricadas en acero inoxidable de alta calidad para uso alimentario, con dise\u00f1o de varios tama\u00f1os, aptas para adultos y ni\u00f1os. Podemos personalizar la caja bento de acuerdo a sus necesidades, recepci\u00f3n para entrarnos en contacto con para conseguir soluciones modificadas para requisitos particulares de la caja bento y precios al por mayor.<\/p>\n<h2>Caracter\u00edsticas y ventajas de la caja Bento<\/h2>\n<p><strong>Materiales de alta calidad<\/strong>: El uso de materiales pl\u00e1sticos y met\u00e1licos de alta calidad para garantizar la durabilidad y seguridad del producto, libre de bpa y otras sustancias nocivas, apto para el contacto directo con los alimentos, para proteger la salud de su hijo.<\/p>\n<p><strong>Dise\u00f1o de cinco compartimentos<\/strong>: Cinco compartimentos independientes, f\u00e1cil de clasificar y almacenar diferentes tipos de alimentos, evitar la cascada de alimentos, mantener el sabor original de los alimentos, satisfacer las diversas necesidades diet\u00e9ticas de los ni\u00f1os.<\/p>\n<p><strong>Colorido<\/strong>: Una variedad de colores dise\u00f1ados para atraer la atenci\u00f3n de los ni\u00f1os, aumentar la diversi\u00f3n de comer, estimular el apetito de los ni\u00f1os, para que a los ni\u00f1os les encante comer.<\/p>\n<p><strong>C\u00f3modo de llevar<\/strong>: Ligero y f\u00e1cil de transportar, adecuado para la escuela, excursiones, picnics y otras ocasiones, con una tapa herm\u00e9tica para evitar fugas de alimentos y mantener los alimentos frescos e higi\u00e9nicos.<\/p>\n<p><strong>F\u00e1cil de limpiar<\/strong>: Dise\u00f1o desmontable, f\u00e1cil de limpiar, lavable a mano o en lavavajillas, ahorra tiempo y esfuerzo, mantiene el recipiente limpio e higi\u00e9nico.<\/p>\n<p><strong>Respetuoso con el medio ambiente y reutilizable<\/strong>: Vajilla aut\u00f3noma, fabricada con materiales respetuosos con el medio ambiente, duradera y reutilizable, reduce el uso de vajillas desechables, protege el medio ambiente y cultiva la conciencia medioambiental de los ni\u00f1os.<\/p>\n<p><strong>Saludable y seguro<\/strong>: Dise\u00f1o sin revestimiento, libre de sustancias nocivas, garantizar la pureza y seguridad de los alimentos, adecuado para el uso a largo plazo.<\/p>\n<p><strong>Polivalente<\/strong>: No s\u00f3lo es adecuado para el almuerzo, sino que tambi\u00e9n se puede utilizar para servir aperitivos, frutas, ensaladas, etc., para satisfacer las necesidades diet\u00e9ticas de su hijo a lo largo del d\u00eda.<\/p>\n<p><strong>Ofrezca una soluci\u00f3n de caja bento personalizada<\/strong><\/p>\n<p><strong><a href=\"https:\/\/www.purecook.com\/es\/custom-solution\/\" target=\"_blank\" rel=\"noopener\">Soporte OEM&amp;ODM caja bento personalizada<\/a><\/strong><\/p>\n<p>&nbsp;<\/p>","protected":false},"featured_media":2436,"comment_status":"closed","ping_status":"closed","template":"","meta":{"_acf_changed":false},"product_brand":[],"product_cat":[51,102],"product_tag":[],"class_list":{"0":"post-2431","1":"product","2":"type-product","3":"status-publish","4":"has-post-thumbnail","6":"product_cat-dinnerware","7":"product_cat-lunch-boxes","9":"first","10":"instock","11":"shipping-taxable","12":"product-type-simple"},"acf":[],"_links":{"self":[{"href":"https:\/\/www.purecook.com\/es\/wp-json\/wp\/v2\/product\/2431","targetHints":{"allow":["GET"]}}],"collection":[{"href":"https:\/\/www.purecook.com\/es\/wp-json\/wp\/v2\/product"}],"about":[{"href":"https:\/\/www.purecook.com\/es\/wp-json\/wp\/v2\/types\/product"}],"replies":[{"embeddable":true,"href":"https:\/\/www.purecook.com\/es\/wp-json\/wp\/v2\/comments?post=2431"}],"wp:featuredmedia":[{"embeddable":true,"href":"https:\/\/www.purecook.com\/es\/wp-json\/wp\/v2\/media\/2436"}],"wp:attachment":[{"href":"https:\/\/www.purecook.com\/es\/wp-json\/wp\/v2\/media?parent=2431"}],"wp:term":[{"taxonomy":"product_brand","embeddable":true,"href":"https:\/\/www.purecook.com\/es\/wp-json\/wp\/v2\/product_brand?post=2431"},{"taxonomy":"product_cat","embeddable":true,"href":"https:\/\/www.purecook.com\/es\/wp-json\/wp\/v2\/product_cat?post=2431"},{"taxonomy":"product_tag","embeddable":true,"href":"https:\/\/www.purecook.com\/es\/wp-json\/wp\/v2\/product_tag?post=2431"}],"curies":[{"name":"wp","href":"https:\/\/api.w.org\/{rel}","templated":true}]}}