{"id":2444,"date":"2024-06-04T09:53:34","date_gmt":"2024-06-04T01:53:34","guid":{"rendered":"https:\/\/www.purecook.com\/?post_type=product&#038;p=2444"},"modified":"2025-04-27T17:32:02","modified_gmt":"2025-04-27T09:32:02","slug":"wholesale-boiling-milk-pots-with-steamers","status":"publish","type":"product","link":"https:\/\/www.purecook.com\/es\/product\/wholesale-boiling-milk-pots-with-steamers\/","title":{"rendered":"Lecheras al por mayor de primera calidad con vaporizadores"},"content":{"rendered":"<div class=\"wp-block-columns is-layout-flex wp-container-core-columns-is-layout-9d6595d7 wp-block-columns-is-layout-flex\">\n<div class=\"wp-block-column is-layout-flow wp-block-column-is-layout-flow\">\n<h3 class=\"wp-block-heading\">Par\u00e1metros del tarro de leche hirviendo<\/h3>\n\n\n\n<p>Tipo: Ollas y sartenes para sopa y leche<br>Estufa aplicable: Generalmente utilizado para estufas de gas y cocinas de inducci\u00f3n<br>Material: Acero inoxidable 304<br>Tapa:Tapa de cristal templado<br>Mango: Mango de baquelita (transferencia de agua)<br>Base: Base de inducci\u00f3n s\u00e1ndwich de 3 capas (acero inoxidable + aluminio + acero inoxidable)<br>Tama\u00f1o 36\u00d721\u00d713 cm<br>Peso: 2 kg<br>Logotipo: Logotipo personalizado<br>MOQ:160pcs<\/p>\n<\/div>\n\n\n\n<div class=\"wp-block-column is-layout-flow wp-block-column-is-layout-flow\">\n<h3 class=\"wp-block-heading\">Lechera personalizada<\/h3>\n\n\n\n<p>Embalaje: caja de color\/cart\u00f3n, etc.<br>Logotipo:personalice el logotipo de su marca<br>MOQ:1000pcs<br><strong><a href=\"https:\/\/www.purecook.com\/es\/custom-solution\/\" target=\"_blank\" rel=\"noreferrer noopener\">Soluciones personalizadas para tarros de leche OEM y ODM<\/a><\/strong><\/p>\n<\/div>\n<\/div>\n\n\n\n<div class=\"wp-block-columns is-layout-flex wp-container-core-columns-is-layout-9d6595d7 wp-block-columns-is-layout-flex\">\n<div class=\"wp-block-column is-layout-flow wp-block-column-is-layout-flow\">\n<figure class=\"wp-block-image size-full\"><img decoding=\"async\" width=\"800\" height=\"800\" src=\"https:\/\/www.purecook.com\/wp-content\/uploads\/2024\/06\/wholesale-boiling-milk-pot-4.webp\" alt=\"mayorista olla de leche hirviendo\" class=\"wp-image-2449\" srcset=\"https:\/\/www.purecook.com\/wp-content\/uploads\/2024\/06\/wholesale-boiling-milk-pot-4.webp 800w, https:\/\/www.purecook.com\/wp-content\/uploads\/2024\/06\/wholesale-boiling-milk-pot-4-300x300.webp 300w, https:\/\/www.purecook.com\/wp-content\/uploads\/2024\/06\/wholesale-boiling-milk-pot-4-150x150.webp 150w, https:\/\/www.purecook.com\/wp-content\/uploads\/2024\/06\/wholesale-boiling-milk-pot-4-768x768.webp 768w, https:\/\/www.purecook.com\/wp-content\/uploads\/2024\/06\/wholesale-boiling-milk-pot-4-600x600.webp 600w, https:\/\/www.purecook.com\/wp-content\/uploads\/2024\/06\/wholesale-boiling-milk-pot-4-100x100.webp 100w\" sizes=\"(max-width: 800px) 100vw, 800px\" \/><\/figure>\n<\/div>\n\n\n\n<div class=\"wp-block-column is-layout-flow wp-block-column-is-layout-flow\">\n<figure class=\"wp-block-image size-full\"><img decoding=\"async\" width=\"800\" height=\"800\" src=\"https:\/\/www.purecook.com\/wp-content\/uploads\/2024\/06\/wholesale-boiling-milk-pot-2.webp\" alt=\"mayorista olla de leche hirviendo\" class=\"wp-image-2447\" srcset=\"https:\/\/www.purecook.com\/wp-content\/uploads\/2024\/06\/wholesale-boiling-milk-pot-2.webp 800w, https:\/\/www.purecook.com\/wp-content\/uploads\/2024\/06\/wholesale-boiling-milk-pot-2-300x300.webp 300w, https:\/\/www.purecook.com\/wp-content\/uploads\/2024\/06\/wholesale-boiling-milk-pot-2-150x150.webp 150w, https:\/\/www.purecook.com\/wp-content\/uploads\/2024\/06\/wholesale-boiling-milk-pot-2-768x768.webp 768w, https:\/\/www.purecook.com\/wp-content\/uploads\/2024\/06\/wholesale-boiling-milk-pot-2-600x600.webp 600w, https:\/\/www.purecook.com\/wp-content\/uploads\/2024\/06\/wholesale-boiling-milk-pot-2-100x100.webp 100w\" sizes=\"(max-width: 800px) 100vw, 800px\" \/><\/figure>\n<\/div>\n<\/div>","protected":false},"excerpt":{"rendered":"<p>Una variedad de dise\u00f1os pr\u00e1cticos hacen que la olla de leche hirviendo sea simple y f\u00e1cil de usar. La olla de leche hirviendo se puede utilizar para cocinar una variedad de alimentos para satisfacer sus necesidades de cocina.no s\u00f3lo proporcionamos servicios de olla de leche hirviendo al por mayor, sino que tambi\u00e9n proporcionamos soluciones personalizadas olla de leche hirviendo.<\/p>\n<h2>Caracter\u00edsticas y ventajas del tarro de leche hirviendo<\/h2>\n<p><strong>Acero inoxidable 304 de alta calidad<\/strong>: Hecho de material de acero inoxidable 304 de calidad alimentaria, robusto y duradero, resistente a la oxidaci\u00f3n y la corrosi\u00f3n, lo que garantiza el uso a largo plazo, adecuado para la cocina del hogar y uso al aire libre.<\/p>\n<p><strong>Dise\u00f1o multifuncional<\/strong>: Esta olla de leche no s\u00f3lo es adecuado para hervir la leche, pero tambi\u00e9n se puede utilizar para calentar sopas, cocinar gachas, verduras al vapor, y otras necesidades de cocina, para satisfacer sus necesidades de cocina diversificada.<\/p>\n<p><strong>Dise\u00f1o de tapa de cristal<\/strong>: Equipado con una tapa de cristal transparente, es f\u00e1cil observar el estado de cocci\u00f3n en cualquier momento, no es necesario quitar la tapa con frecuencia para mantener la temperatura y la humedad de los alimentos.<\/p>\n<p><strong>Conducci\u00f3n uniforme del calor<\/strong>: La parte inferior del dise\u00f1o de fondo compuesto, la conducci\u00f3n de calor r\u00e1pida y uniforme, reduce el tiempo de cocci\u00f3n, y asegura que la comida se calienta de manera uniforme, no es f\u00e1cil pegarse a la olla.<\/p>\n<p><strong>Salud y seguridad:<\/strong> El uso de materiales de calidad alimentaria, sin sustancias nocivas, para garantizar la seguridad alimentaria, el descanso asegurado uso.<\/p>\n<p><strong>F\u00e1cil de limpiar<\/strong>: Dise\u00f1o de superficie lisa, evitar que los residuos de alimentos, f\u00e1cil de limpiar, lavar a mano o lavavajillas limpieza puede ser, ahorrar tiempo y mano de obra.<\/p>\n<p><strong>Empu\u00f1adura ergon\u00f3mica<\/strong>: El mango est\u00e1 dise\u00f1ado ergon\u00f3micamente para un agarre c\u00f3modo, antideslizante y resistente al calor para garantizar la seguridad durante el uso.<\/p>\n<p><strong>Fondo compuesto multicapa<\/strong>: El fondo de la olla adopta una estructura compuesta multicapa, que conduce el calor de forma r\u00e1pida y uniforme, ahorra energ\u00eda y mejora la eficacia de la cocci\u00f3n.<\/p>\n<p><strong>Aspecto moderno<\/strong>: Dise\u00f1o simple y generoso, adecuado para una variedad de estilos de cocina, es una herramienta de cocina pr\u00e1ctica y hermosa en la cocina.<\/p>\n<p><strong>Amplia gama de aplicaciones<\/strong>: Si se trata de una cocina familiar o camping al aire libre, esta olla multifuncional de leche hirviendo puede satisfacer sus diversas necesidades de cocina, es su mano derecha en la vida.<\/p>\n<p><strong>Ofrezca una soluci\u00f3n personalizada de tarro de leche hirviendo<\/strong><\/p>\n<p><strong><a href=\"https:\/\/www.purecook.com\/es\/custom-solution\/\" target=\"_blank\" rel=\"noopener\">Soporte OEM&amp;ODM personalizado olla de leche hirviendo<\/a><\/strong><\/p>\n<p>&nbsp;<\/p>","protected":false},"featured_media":2446,"comment_status":"closed","ping_status":"closed","template":"","meta":{"_acf_changed":false},"product_brand":[],"product_cat":[80,24],"product_tag":[98],"class_list":{"0":"post-2444","1":"product","2":"type-product","3":"status-publish","4":"has-post-thumbnail","6":"product_cat-milk-pot","7":"product_cat-cookware","8":"product_tag-wholesale-home-cookware","10":"first","11":"instock","12":"shipping-taxable","13":"product-type-simple"},"acf":[],"_links":{"self":[{"href":"https:\/\/www.purecook.com\/es\/wp-json\/wp\/v2\/product\/2444","targetHints":{"allow":["GET"]}}],"collection":[{"href":"https:\/\/www.purecook.com\/es\/wp-json\/wp\/v2\/product"}],"about":[{"href":"https:\/\/www.purecook.com\/es\/wp-json\/wp\/v2\/types\/product"}],"replies":[{"embeddable":true,"href":"https:\/\/www.purecook.com\/es\/wp-json\/wp\/v2\/comments?post=2444"}],"wp:featuredmedia":[{"embeddable":true,"href":"https:\/\/www.purecook.com\/es\/wp-json\/wp\/v2\/media\/2446"}],"wp:attachment":[{"href":"https:\/\/www.purecook.com\/es\/wp-json\/wp\/v2\/media?parent=2444"}],"wp:term":[{"taxonomy":"product_brand","embeddable":true,"href":"https:\/\/www.purecook.com\/es\/wp-json\/wp\/v2\/product_brand?post=2444"},{"taxonomy":"product_cat","embeddable":true,"href":"https:\/\/www.purecook.com\/es\/wp-json\/wp\/v2\/product_cat?post=2444"},{"taxonomy":"product_tag","embeddable":true,"href":"https:\/\/www.purecook.com\/es\/wp-json\/wp\/v2\/product_tag?post=2444"}],"curies":[{"name":"wp","href":"https:\/\/api.w.org\/{rel}","templated":true}]}}