{"id":2451,"date":"2024-06-04T10:47:15","date_gmt":"2024-06-04T02:47:15","guid":{"rendered":"https:\/\/www.purecook.com\/?post_type=product&#038;p=2451"},"modified":"2025-04-27T17:31:35","modified_gmt":"2025-04-27T09:31:35","slug":"wholesale-frying-pans-made-of-triple-stainless-steel","status":"publish","type":"product","link":"https:\/\/www.purecook.com\/es\/product\/wholesale-frying-pans-made-of-triple-stainless-steel\/","title":{"rendered":"Mayorista Sartenes de triple acero inoxidable sin revestimiento"},"content":{"rendered":"<div class=\"wp-block-columns is-layout-flex wp-container-core-columns-is-layout-9d6595d7 wp-block-columns-is-layout-flex\">\n<div class=\"wp-block-column is-layout-flow wp-block-column-is-layout-flow\">\n<h3 class=\"wp-block-heading\">Par\u00e1metros de la sart\u00e9n<\/h3>\n\n\n\n<p>Nombre: Sart\u00e9n y Sart\u00e9n<br>Tipo de tapa: Sin Tapa<br>Tipo de metal: Acero inoxidable<br>Material: 430+al+interior 304<br>Mango: Mango de acero<br>Di\u00e1metro: 22 cm 24 cm 26 cm 28 cm 30 cm<br>Color: Plata<br>Caja de color: embalaje<br>Logotipo l\u00e1ser<br>Cantidad del pedido 120 unidades<\/p>\n<\/div>\n\n\n\n<div class=\"wp-block-column is-layout-flow wp-block-column-is-layout-flow\">\n<h3 class=\"wp-block-heading\">Sart\u00e9n personalizada<\/h3>\n\n\n\n<p>Embalaje: caja de color\/cart\u00f3n, etc.<br>MOQ: 1000 piezas<br><strong><a href=\"https:\/\/www.purecook.com\/es\/custom-solution\/\" target=\"_blank\" rel=\"noreferrer noopener\">OEM y ODM Camping Pot Soluciones personalizadas<\/a><\/strong><\/p>\n<\/div>\n<\/div>\n\n\n\n<figure class=\"wp-block-table\"><table><thead><tr><th>Material<\/th><th>Talla<\/th><th>Cantidad<\/th><th>CTN Longitud<\/th><th>Todo el CTN<\/th><th>CTN Alta<\/th><th>Peso simple<\/th><th>Peso CTN<\/th><\/tr><\/thead><tbody><tr><td>430+al+interior 304<\/td><td>22 cm<\/td><td>20<\/td><td>83<\/td><td>50<\/td><td>48<\/td><td>800g<\/td><td>20 kg<\/td><\/tr><tr><td>430+al+interior 304<\/td><td>24 cm<\/td><td>20<\/td><td>86<\/td><td>53<\/td><td>51<\/td><td>900g<\/td><td>22 kg<\/td><\/tr><tr><td>430+al+interior 304<\/td><td>26 cm<\/td><td>20<\/td><td>95<\/td><td>56<\/td><td>55<\/td><td>1050g<\/td><td>25 kg<\/td><\/tr><tr><td>430+al+interior 304<\/td><td>28 cm<\/td><td>12<\/td><td>51<\/td><td>70<\/td><td>60<\/td><td>1200g<\/td><td>19,5 kg<\/td><\/tr><tr><td>430+al+interior 304<\/td><td>30 cm<\/td><td>12<\/td><td>53<\/td><td>74<\/td><td>64<\/td><td>1350g<\/td><td>21 kg<\/td><\/tr><\/tbody><\/table><\/figure>\n\n\n\n<div class=\"wp-block-columns is-layout-flex wp-container-core-columns-is-layout-9d6595d7 wp-block-columns-is-layout-flex\">\n<div class=\"wp-block-column is-layout-flow wp-block-column-is-layout-flow\">\n<figure class=\"wp-block-image size-full\"><img decoding=\"async\" width=\"800\" height=\"800\" src=\"https:\/\/www.purecook.com\/wp-content\/uploads\/2024\/06\/wholesale-frying-pan4.webp\" alt=\"venta al por mayor sartenes\" class=\"wp-image-2456\" srcset=\"https:\/\/www.purecook.com\/wp-content\/uploads\/2024\/06\/wholesale-frying-pan4.webp 800w, https:\/\/www.purecook.com\/wp-content\/uploads\/2024\/06\/wholesale-frying-pan4-300x300.webp 300w, https:\/\/www.purecook.com\/wp-content\/uploads\/2024\/06\/wholesale-frying-pan4-150x150.webp 150w, https:\/\/www.purecook.com\/wp-content\/uploads\/2024\/06\/wholesale-frying-pan4-768x768.webp 768w, https:\/\/www.purecook.com\/wp-content\/uploads\/2024\/06\/wholesale-frying-pan4-600x600.webp 600w, https:\/\/www.purecook.com\/wp-content\/uploads\/2024\/06\/wholesale-frying-pan4-100x100.webp 100w\" sizes=\"(max-width: 800px) 100vw, 800px\" \/><\/figure>\n<\/div>\n\n\n\n<div class=\"wp-block-column is-layout-flow wp-block-column-is-layout-flow\">\n<figure class=\"wp-block-image size-full\"><img decoding=\"async\" width=\"800\" height=\"800\" src=\"https:\/\/www.purecook.com\/wp-content\/uploads\/2024\/06\/wholesale-frying-pan1.webp\" alt=\"venta al por mayor sartenes\" class=\"wp-image-2453\" srcset=\"https:\/\/www.purecook.com\/wp-content\/uploads\/2024\/06\/wholesale-frying-pan1.webp 800w, https:\/\/www.purecook.com\/wp-content\/uploads\/2024\/06\/wholesale-frying-pan1-300x300.webp 300w, https:\/\/www.purecook.com\/wp-content\/uploads\/2024\/06\/wholesale-frying-pan1-150x150.webp 150w, https:\/\/www.purecook.com\/wp-content\/uploads\/2024\/06\/wholesale-frying-pan1-768x768.webp 768w, https:\/\/www.purecook.com\/wp-content\/uploads\/2024\/06\/wholesale-frying-pan1-600x600.webp 600w, https:\/\/www.purecook.com\/wp-content\/uploads\/2024\/06\/wholesale-frying-pan1-100x100.webp 100w\" sizes=\"(max-width: 800px) 100vw, 800px\" \/><\/figure>\n<\/div>\n<\/div>","protected":false},"excerpt":{"rendered":"<p>Sartenes al por mayor.Proporcionamos una variedad de opciones de tama\u00f1o para satisfacer diferentes necesidades familiares y de cocina.Las sartenes est\u00e1n hechas de material de acero de triple capa.Tiene un excelente rendimiento.No s\u00f3lo proporcionamos servicios de sartenes al por mayor, sino que tambi\u00e9n proporcionamos soluciones de sartenes personalizadas.P\u00f3ngase en contacto con nosotros para obtener precios al por mayor de sartenes y la soluci\u00f3n detallada.<\/p>\n<h2>Caracter\u00edsticas y ventajas de las sartenes<\/h2>\n<p><strong>Acero inoxidable de triple capa de alta calidad<\/strong>Fabricadas con material de acero de triple capa para garantizar la durabilidad, la conductividad t\u00e9rmica y la resistencia a la oxidaci\u00f3n de las ollas y sartenes, aptas para una gran variedad de necesidades culinarias.<br \/><strong>Dise\u00f1o sin revestimiento<\/strong>: sin recubrimiento qu\u00edmico para garantizar la salud y la seguridad durante el proceso de cocci\u00f3n, no se liberan sustancias nocivas, preservando el sabor original de los ingredientes.<br \/><strong>Personalizaci\u00f3n multitama\u00f1o<\/strong>: Proporcionan una variedad de opciones de tama\u00f1o para satisfacer las diferentes necesidades familiares y culinarias, ya sea una peque\u00f1a porci\u00f3n para saltear o una gran porci\u00f3n para guisar, puede encontrar el tama\u00f1o adecuado.<br \/><strong>Asa robusta<\/strong>: Equipado con un mango s\u00f3lido y resistente, dise\u00f1ado ergon\u00f3micamente para un agarre c\u00f3modo, antideslizante y resistente al calor para garantizar la seguridad y la comodidad durante la cocci\u00f3n.<br \/><strong>Conducci\u00f3n uniforme del calor:<\/strong> tres capas de acero conductor de calor del cuerpo de manera uniforme, para asegurar que la comida se calienta de manera uniforme, no es f\u00e1cil de pegar la parte inferior, para mejorar el efecto de cocci\u00f3n y sabor.<br \/><strong>Salud y seguridad<\/strong>Material de acero inoxidable apto para uso alimentario, sin sustancias nocivas, para garantizar la seguridad de los alimentos.<br \/><strong>F\u00e1cil de limpiar<\/strong>: dise\u00f1o de superficie lisa, evitar los residuos de alimentos, f\u00e1cil de limpiar, lavar a mano o lavavajillas puede ser la limpieza, ahorrar tiempo y mano de obra.<br \/><strong>Resistente a altas temperaturas<\/strong>: Apto para todo tipo de cocinas, incluidas las de inducci\u00f3n, gas, vitrocer\u00e1mica, etc., y con una resistencia superior a las altas temperaturas, es adecuado para cocinar a altas temperaturas.<br \/><strong>Aspecto moderno<\/strong>: dise\u00f1o sencillo y generoso, adecuado para una variedad de estilos de cocina, es una herramienta de cocina pr\u00e1ctica y hermosa en la cocina.<br \/><strong>Polivalente<\/strong>: Ya sea saltear, guisar u hornear, esta olla multifuncional de acero inoxidable es capaz de hacerlo todo, es su mano derecha en la cocina.<br \/><strong>ofrecen soluciones de sartenes a medida.<\/strong><br \/><strong><a href=\"https:\/\/www.purecook.com\/es\/custom-solution\/\" target=\"_blank\" rel=\"noopener\">Soporte OEM&amp;ODM sart\u00e9n personalizada<\/a><\/strong><\/p>\n<p>&nbsp;<\/p>","protected":false},"featured_media":2456,"comment_status":"closed","ping_status":"closed","template":"","meta":{"_acf_changed":false},"product_brand":[],"product_cat":[24,71],"product_tag":[97,98],"class_list":{"0":"post-2451","1":"product","2":"type-product","3":"status-publish","4":"has-post-thumbnail","6":"product_cat-cookware","7":"product_cat-frying-pan","8":"product_tag-wholesale-commercial-cookware","9":"product_tag-wholesale-home-cookware","11":"first","12":"instock","13":"shipping-taxable","14":"product-type-simple"},"acf":[],"_links":{"self":[{"href":"https:\/\/www.purecook.com\/es\/wp-json\/wp\/v2\/product\/2451","targetHints":{"allow":["GET"]}}],"collection":[{"href":"https:\/\/www.purecook.com\/es\/wp-json\/wp\/v2\/product"}],"about":[{"href":"https:\/\/www.purecook.com\/es\/wp-json\/wp\/v2\/types\/product"}],"replies":[{"embeddable":true,"href":"https:\/\/www.purecook.com\/es\/wp-json\/wp\/v2\/comments?post=2451"}],"wp:featuredmedia":[{"embeddable":true,"href":"https:\/\/www.purecook.com\/es\/wp-json\/wp\/v2\/media\/2456"}],"wp:attachment":[{"href":"https:\/\/www.purecook.com\/es\/wp-json\/wp\/v2\/media?parent=2451"}],"wp:term":[{"taxonomy":"product_brand","embeddable":true,"href":"https:\/\/www.purecook.com\/es\/wp-json\/wp\/v2\/product_brand?post=2451"},{"taxonomy":"product_cat","embeddable":true,"href":"https:\/\/www.purecook.com\/es\/wp-json\/wp\/v2\/product_cat?post=2451"},{"taxonomy":"product_tag","embeddable":true,"href":"https:\/\/www.purecook.com\/es\/wp-json\/wp\/v2\/product_tag?post=2451"}],"curies":[{"name":"wp","href":"https:\/\/api.w.org\/{rel}","templated":true}]}}