{"id":2458,"date":"2024-06-04T11:40:12","date_gmt":"2024-06-04T03:40:12","guid":{"rendered":"https:\/\/www.purecook.com\/?post_type=product&#038;p=2458"},"modified":"2024-06-12T09:23:11","modified_gmt":"2024-06-12T01:23:11","slug":"wholesale-custom-dessert-plates","status":"publish","type":"product","link":"https:\/\/www.purecook.com\/es\/product\/wholesale-custom-dessert-plates\/","title":{"rendered":"Mayorista de Platos de Postre Personalizados: Perfectos para Caterings y Restaurantes"},"content":{"rendered":"<div class=\"wp-block-columns is-layout-flex wp-container-core-columns-is-layout-9d6595d7 wp-block-columns-is-layout-flex\">\n<div class=\"wp-block-column is-layout-flow wp-block-column-is-layout-flow\">\n<h3 class=\"wp-block-heading\">Par\u00e1metros de los platos de postre <\/h3>\n\n\n\n<p>Nombre del producto: Plato Oval<br>Tipo de vajilla: Platos y Platillos<br>Talla: 18\/23\/30 cm<br>Material: Sus 201<br>Recipiente para salsas<br>Color: Plata<br>Cantidad m\u00ednima: 200 unidades<br>Logotipo: Logotipo personalizado aceptado<br>Unidad de venta: Individual<br>Tama\u00f1o del embalaje de una sola pieza 40X30X15 cent\u00edmetros<br>Peso bruto por pieza:15.000 kg<\/p>\n<\/div>\n\n\n\n<div class=\"wp-block-column is-layout-flow wp-block-column-is-layout-flow\">\n<h3 class=\"wp-block-heading\">Platos de postre personalizados<\/h3>\n\n\n\n<p>Logotipo: personalice el logotipo de su marca<br>Embalaje: caja de color\/cart\u00f3n, etc.<br>Patr\u00f3n: personaliza el patr\u00f3n que desees.<br>MOQ: 1000 piezas<br><strong><a href=\"https:\/\/www.purecook.com\/es\/custom-solution\/\" target=\"_blank\" rel=\"noreferrer noopener\">Soluciones OEM y ODM para platos de postre personalizados<\/a><\/strong><\/p>\n<\/div>\n<\/div>\n\n\n\n<div class=\"wp-block-columns is-layout-flex wp-container-core-columns-is-layout-9d6595d7 wp-block-columns-is-layout-flex\">\n<div class=\"wp-block-column is-layout-flow wp-block-column-is-layout-flow\">\n<figure class=\"wp-block-image size-full\"><img decoding=\"async\" width=\"800\" height=\"800\" src=\"https:\/\/www.purecook.com\/wp-content\/uploads\/2024\/06\/custom-dessert-plates-2.webp\" alt=\"platos de postre personalizados\" class=\"wp-image-2460\" srcset=\"https:\/\/www.purecook.com\/wp-content\/uploads\/2024\/06\/custom-dessert-plates-2.webp 800w, https:\/\/www.purecook.com\/wp-content\/uploads\/2024\/06\/custom-dessert-plates-2-300x300.webp 300w, https:\/\/www.purecook.com\/wp-content\/uploads\/2024\/06\/custom-dessert-plates-2-150x150.webp 150w, https:\/\/www.purecook.com\/wp-content\/uploads\/2024\/06\/custom-dessert-plates-2-768x768.webp 768w, https:\/\/www.purecook.com\/wp-content\/uploads\/2024\/06\/custom-dessert-plates-2-600x600.webp 600w, https:\/\/www.purecook.com\/wp-content\/uploads\/2024\/06\/custom-dessert-plates-2-100x100.webp 100w\" sizes=\"(max-width: 800px) 100vw, 800px\" \/><\/figure>\n<\/div>\n\n\n\n<div class=\"wp-block-column is-layout-flow wp-block-column-is-layout-flow\">\n<figure class=\"wp-block-image size-full\"><img decoding=\"async\" width=\"800\" height=\"800\" src=\"https:\/\/www.purecook.com\/wp-content\/uploads\/2024\/06\/custom-dessert-plates-4.webp\" alt=\"platos de postre personalizados\" class=\"wp-image-2462\" srcset=\"https:\/\/www.purecook.com\/wp-content\/uploads\/2024\/06\/custom-dessert-plates-4.webp 800w, https:\/\/www.purecook.com\/wp-content\/uploads\/2024\/06\/custom-dessert-plates-4-300x300.webp 300w, https:\/\/www.purecook.com\/wp-content\/uploads\/2024\/06\/custom-dessert-plates-4-150x150.webp 150w, https:\/\/www.purecook.com\/wp-content\/uploads\/2024\/06\/custom-dessert-plates-4-768x768.webp 768w, https:\/\/www.purecook.com\/wp-content\/uploads\/2024\/06\/custom-dessert-plates-4-600x600.webp 600w, https:\/\/www.purecook.com\/wp-content\/uploads\/2024\/06\/custom-dessert-plates-4-100x100.webp 100w\" sizes=\"(max-width: 800px) 100vw, 800px\" \/><\/figure>\n<\/div>\n<\/div>","protected":false},"excerpt":{"rendered":"<p>Platos de postre rectangulares personalizables al por mayor.Disponemos de una gran variedad de tama\u00f1os, lo que resulta c\u00f3modo para que los usuarios combinen y coloquen diversos alimentos. Hecho de acero inoxidable de alta calidad, es f\u00e1cil de limpiar y se puede lavar a mano o en un dishwasher.we no s\u00f3lo proporcionan platos de postre al por mayor a granel servicios, sino que tambi\u00e9n proporcionan soluciones personalizadas platos de postre.<\/p>\n<h2>Caracter\u00edsticas y ventajas de los platos de postre<\/h2>\n<p><strong>Acero inoxidable de alta calidad<\/strong>Fabricado con material de acero inoxidable 201 de alta calidad, robusto y duradero, resistente al \u00f3xido y a la corrosi\u00f3n para garantizar un uso a largo plazo, adecuado para un uso frecuente en entornos de hosteler\u00eda y restauraci\u00f3n.<br \/><strong>Dise\u00f1o japon\u00e9s<\/strong>: el dise\u00f1o sencillo y elegante de estilo japon\u00e9s realza la est\u00e9tica de la mesa, adecuada para una gran variedad de comedores de alto nivel, mostrando gusto y estilo.<br \/><strong>Tama\u00f1o personalizado<\/strong>: Proporcionan una variedad de opciones de tama\u00f1o para satisfacer las diferentes necesidades gastron\u00f3micas, ya sean postres delicados o aperitivos diversos, puede encontrar el tama\u00f1o adecuado.<br \/><strong>Dise\u00f1o ovalado<\/strong>: El dise\u00f1o del plato ovalado aumenta la flexibilidad y belleza del emplatado, adecuado para exponer todo tipo de postres, aperitivos y peque\u00f1os platos precocinados, realzando el efecto visual de la comida.<br \/><strong>Saludable y seguro<\/strong>Fabricado en acero inoxidable de calidad alimentaria, sin sustancias nocivas, garantiza la seguridad alimentaria, uso seguro, apto para el contacto directo con alimentos.<br \/><strong>F\u00e1cil de limpiar<\/strong>: dise\u00f1o de superficie lisa que evita los residuos de comida, f\u00e1cil de limpiar, lavable a mano o en lavavajillas, ahorra tiempo y trabajo, adecuado para un servicio de comidas eficiente.<br \/><strong>Gran durabilidad:<\/strong> El material de acero inoxidable es resistente a las altas temperaturas y a los impactos, no se deforma ni da\u00f1a con facilidad, y es apto para el uso intensivo en cocinas comerciales.<br \/><strong>Uso multifuncional<\/strong>: no s\u00f3lo para postres y aperitivos, sino tambi\u00e9n para exponer sushi, sashimi, aperitivos y muchas otras cocinas, vers\u00e1til y pr\u00e1ctico.<br \/><strong>Aspecto moderno<\/strong>: dise\u00f1o sencillo y generoso, adecuado para una gran variedad de estilos de catering, es una herramienta de exposici\u00f3n pr\u00e1ctica y hermosa en la mesa.<br \/><strong>Personalizaci\u00f3n profesional<\/strong>: admiten la personalizaci\u00f3n para satisfacer las necesidades espec\u00edficas de hoteles y restaurantes, y mejoran la imagen de marca y la satisfacci\u00f3n del cliente.<br \/>Ofrezca una soluci\u00f3n de platos de postre personalizados.<br \/><strong><a href=\"https:\/\/www.purecook.com\/es\/custom-solution\/\" target=\"_blank\" rel=\"noopener\">Soporta platos de postre personalizados OEM&amp;ODM<\/a><\/strong><\/p>\n<p>&nbsp;<\/p>","protected":false},"featured_media":2459,"comment_status":"closed","ping_status":"closed","template":"","meta":{"_acf_changed":false},"product_brand":[],"product_cat":[51,55],"product_tag":[],"class_list":{"0":"post-2458","1":"product","2":"type-product","3":"status-publish","4":"has-post-thumbnail","6":"product_cat-dinnerware","7":"product_cat-dish-and-plate","9":"first","10":"instock","11":"shipping-taxable","12":"product-type-simple"},"acf":[],"_links":{"self":[{"href":"https:\/\/www.purecook.com\/es\/wp-json\/wp\/v2\/product\/2458","targetHints":{"allow":["GET"]}}],"collection":[{"href":"https:\/\/www.purecook.com\/es\/wp-json\/wp\/v2\/product"}],"about":[{"href":"https:\/\/www.purecook.com\/es\/wp-json\/wp\/v2\/types\/product"}],"replies":[{"embeddable":true,"href":"https:\/\/www.purecook.com\/es\/wp-json\/wp\/v2\/comments?post=2458"}],"wp:featuredmedia":[{"embeddable":true,"href":"https:\/\/www.purecook.com\/es\/wp-json\/wp\/v2\/media\/2459"}],"wp:attachment":[{"href":"https:\/\/www.purecook.com\/es\/wp-json\/wp\/v2\/media?parent=2458"}],"wp:term":[{"taxonomy":"product_brand","embeddable":true,"href":"https:\/\/www.purecook.com\/es\/wp-json\/wp\/v2\/product_brand?post=2458"},{"taxonomy":"product_cat","embeddable":true,"href":"https:\/\/www.purecook.com\/es\/wp-json\/wp\/v2\/product_cat?post=2458"},{"taxonomy":"product_tag","embeddable":true,"href":"https:\/\/www.purecook.com\/es\/wp-json\/wp\/v2\/product_tag?post=2458"}],"curies":[{"name":"wp","href":"https:\/\/api.w.org\/{rel}","templated":true}]}}