{"id":2463,"date":"2024-06-04T14:40:39","date_gmt":"2024-06-04T06:40:39","guid":{"rendered":"https:\/\/www.purecook.com\/?post_type=product&#038;p=2463"},"modified":"2024-06-04T15:49:51","modified_gmt":"2024-06-04T07:49:51","slug":"bulk-rectangular-deep-hotel-pan-wholesale","status":"publish","type":"product","link":"https:\/\/www.purecook.com\/es\/product\/bulk-rectangular-deep-hotel-pan-wholesale\/","title":{"rendered":"Sart\u00e9n Rectangular Honda para Hotel al por mayor"},"content":{"rendered":"<div class=\"wp-block-columns is-layout-flex wp-container-core-columns-is-layout-9d6595d7 wp-block-columns-is-layout-flex\">\n<div class=\"wp-block-column is-layout-flow wp-block-column-is-layout-flow\">\n<h3 class=\"wp-block-heading\">Par\u00e1metros del Hotel Pan<\/h3>\n\n\n\n<p>Talla 15 cm<br>Material: SuS 304<br>Asa Con\/sin asa<br>Color: Plata<br>MOQ 160 piezas<br>Logotipo Acepta logotipos personalizados<\/p>\n<\/div>\n\n\n\n<div class=\"wp-block-column is-layout-flow wp-block-column-is-layout-flow\">\n<h3 class=\"wp-block-heading\">Hotel personalizado Pan<\/h3>\n\n\n\n<p>Logotipo: personalice el logotipo de su marca<br>Embalaje: caja de color\/cart\u00f3n, etc.<br>Patr\u00f3n: personaliza el patr\u00f3n que quieras<br>MOQ: 1000 piezas<br><strong><a href=\"https:\/\/www.purecook.com\/es\/custom-solution\/\" target=\"_blank\" rel=\"noreferrer noopener\">Soluciones Deep Hotel personalizadas OEM y ODM<\/a><\/strong><\/p>\n<\/div>\n<\/div>\n\n\n\n<div class=\"wp-block-columns is-layout-flex wp-container-core-columns-is-layout-9d6595d7 wp-block-columns-is-layout-flex\">\n<div class=\"wp-block-column is-layout-flow wp-block-column-is-layout-flow\">\n<figure class=\"wp-block-image size-full\"><img decoding=\"async\" width=\"800\" height=\"800\" src=\"https:\/\/www.purecook.com\/wp-content\/uploads\/2024\/06\/hotel-pan-wholesale-4.webp\" alt=\"sart\u00e9n de hotel al por mayor\" class=\"wp-image-2473\" srcset=\"https:\/\/www.purecook.com\/wp-content\/uploads\/2024\/06\/hotel-pan-wholesale-4.webp 800w, https:\/\/www.purecook.com\/wp-content\/uploads\/2024\/06\/hotel-pan-wholesale-4-300x300.webp 300w, https:\/\/www.purecook.com\/wp-content\/uploads\/2024\/06\/hotel-pan-wholesale-4-150x150.webp 150w, https:\/\/www.purecook.com\/wp-content\/uploads\/2024\/06\/hotel-pan-wholesale-4-768x768.webp 768w, https:\/\/www.purecook.com\/wp-content\/uploads\/2024\/06\/hotel-pan-wholesale-4-600x600.webp 600w, https:\/\/www.purecook.com\/wp-content\/uploads\/2024\/06\/hotel-pan-wholesale-4-100x100.webp 100w\" sizes=\"(max-width: 800px) 100vw, 800px\" \/><\/figure>\n<\/div>\n\n\n\n<div class=\"wp-block-column is-layout-flow wp-block-column-is-layout-flow\">\n<figure class=\"wp-block-image size-full\"><img decoding=\"async\" width=\"800\" height=\"800\" src=\"https:\/\/www.purecook.com\/wp-content\/uploads\/2024\/06\/hotel-pan-wholesale-1.webp\" alt=\"sart\u00e9n de hotel al por mayor\" class=\"wp-image-2470\" srcset=\"https:\/\/www.purecook.com\/wp-content\/uploads\/2024\/06\/hotel-pan-wholesale-1.webp 800w, https:\/\/www.purecook.com\/wp-content\/uploads\/2024\/06\/hotel-pan-wholesale-1-300x300.webp 300w, https:\/\/www.purecook.com\/wp-content\/uploads\/2024\/06\/hotel-pan-wholesale-1-150x150.webp 150w, https:\/\/www.purecook.com\/wp-content\/uploads\/2024\/06\/hotel-pan-wholesale-1-768x768.webp 768w, https:\/\/www.purecook.com\/wp-content\/uploads\/2024\/06\/hotel-pan-wholesale-1-600x600.webp 600w, https:\/\/www.purecook.com\/wp-content\/uploads\/2024\/06\/hotel-pan-wholesale-1-100x100.webp 100w\" sizes=\"(max-width: 800px) 100vw, 800px\" \/><\/figure>\n<\/div>\n<\/div>","protected":false},"excerpt":{"rendered":"<p>Sartenes rectangulares al por mayor. La cacerola del hotel tiene un dise\u00f1o simple y generoso, adecuado para una variedad de estilos de catering.provice soluci\u00f3n personalizada para cacerolas del hotel y ofrecer a granel cacerola del hotel al por mayor service.contact nosotros para la cotizaci\u00f3n libre.<\/p>\n<h2>Caracter\u00edsticas y ventajas de Hotel Pan<\/h2>\n<p><strong>Acero inoxidable 304 de alta calidad<\/strong>: Hecho de material de acero inoxidable 304 de calidad alimentaria, robusto y duradero, resistente a la oxidaci\u00f3n y la corrosi\u00f3n para garantizar un uso a largo plazo, adecuado para el contacto directo con los alimentos, para proteger la salud.<br \/><strong>Dise\u00f1o de estilo retro<\/strong>: Dise\u00f1o rectangular de estilo retro, \u00fanico y de moda, a\u00f1ade belleza a la mesa, adecuado para todo tipo de fiestas, reuniones y lugares de comedor de alto nivel.<br \/><strong>C\u00f3moda asa<\/strong>: Dise\u00f1ado con un asa conveniente, f\u00e1cil de recoger y mover, mejora la experiencia de uso, especialmente adecuado para buffet y escenas de fiesta.<br \/><strong>Uso multifuncional<\/strong>: El dise\u00f1o del plato hondo es adecuado para servir una variedad de alimentos como refrescos, patatas fritas, pan, ensalada, etc., satisfaciendo las necesidades de catering de diferentes ocasiones.<br \/><strong>Tama\u00f1o de 15 cm<\/strong>: Dise\u00f1o de tama\u00f1o moderado, no s\u00f3lo puede contener suficiente comida, sino que tambi\u00e9n no ocupa demasiado espacio en la mesa, adecuado para diversas ocasiones.<br \/><strong>Resistencia a altas temperaturas<\/strong>: Excelente resistencia a altas temperaturas, apto para horno, microondas y otros entornos de alta temperatura, no es f\u00e1cil de deformar o da\u00f1ar.<br \/><strong>F\u00e1cil de limpiar:<\/strong> Dise\u00f1o de superficie lisa, evitar los residuos de alimentos, f\u00e1cil de limpiar, lavar a mano o lavavajillas puede ser la limpieza, ahorrar tiempo y mano de obra.<br \/><strong>Salud y seguridad<\/strong>: Dise\u00f1o sin revestimiento, no contiene sustancias nocivas, para garantizar la pureza y la seguridad de los alimentos, adecuado para el uso a largo plazo.<br \/><strong>Aspecto moderno<\/strong>: Dise\u00f1o sencillo y generoso, adecuado para una variedad de estilos de catering, una herramienta de exposici\u00f3n pr\u00e1ctica y hermosa para fiestas y reuniones.<br \/>Ofrezca soluciones personalizadas para sartenes de hotel.<br \/><strong><a href=\"https:\/\/www.purecook.com\/es\/custom-solution\/\" target=\"_blank\" rel=\"noopener\">Admite bandeja de hotel personalizada OEM&amp;ODM.<\/a><\/strong><\/p>\n<p>&nbsp;<\/p>","protected":false},"featured_media":2471,"comment_status":"closed","ping_status":"closed","template":"","meta":{"_acf_changed":false},"product_brand":[],"product_cat":[51,55],"product_tag":[],"class_list":{"0":"post-2463","1":"product","2":"type-product","3":"status-publish","4":"has-post-thumbnail","6":"product_cat-dinnerware","7":"product_cat-dish-and-plate","9":"first","10":"instock","11":"shipping-taxable","12":"product-type-simple"},"acf":[],"_links":{"self":[{"href":"https:\/\/www.purecook.com\/es\/wp-json\/wp\/v2\/product\/2463","targetHints":{"allow":["GET"]}}],"collection":[{"href":"https:\/\/www.purecook.com\/es\/wp-json\/wp\/v2\/product"}],"about":[{"href":"https:\/\/www.purecook.com\/es\/wp-json\/wp\/v2\/types\/product"}],"replies":[{"embeddable":true,"href":"https:\/\/www.purecook.com\/es\/wp-json\/wp\/v2\/comments?post=2463"}],"wp:featuredmedia":[{"embeddable":true,"href":"https:\/\/www.purecook.com\/es\/wp-json\/wp\/v2\/media\/2471"}],"wp:attachment":[{"href":"https:\/\/www.purecook.com\/es\/wp-json\/wp\/v2\/media?parent=2463"}],"wp:term":[{"taxonomy":"product_brand","embeddable":true,"href":"https:\/\/www.purecook.com\/es\/wp-json\/wp\/v2\/product_brand?post=2463"},{"taxonomy":"product_cat","embeddable":true,"href":"https:\/\/www.purecook.com\/es\/wp-json\/wp\/v2\/product_cat?post=2463"},{"taxonomy":"product_tag","embeddable":true,"href":"https:\/\/www.purecook.com\/es\/wp-json\/wp\/v2\/product_tag?post=2463"}],"curies":[{"name":"wp","href":"https:\/\/api.w.org\/{rel}","templated":true}]}}