{"id":2474,"date":"2024-06-04T15:52:51","date_gmt":"2024-06-04T07:52:51","guid":{"rendered":"https:\/\/www.purecook.com\/?post_type=product&#038;p=2474"},"modified":"2024-11-04T10:31:54","modified_gmt":"2024-11-04T02:31:54","slug":"vintage-stainless-steel-bowls-wholesale","status":"publish","type":"product","link":"https:\/\/www.purecook.com\/es\/product\/vintage-stainless-steel-bowls-wholesale\/","title":{"rendered":"Cuencos Vintage de Acero Inoxidable al por mayor"},"content":{"rendered":"<div class=\"wp-block-columns is-layout-flex wp-container-core-columns-is-layout-9d6595d7 wp-block-columns-is-layout-flex\">\n<div class=\"wp-block-column is-layout-flow wp-block-column-is-layout-flow\">\n<h3 class=\"wp-block-heading\">Par\u00e1metros de los cuencos de acero inoxidable<\/h3>\n\n\n\n<p>Vajilla tipo Bol<br>Material Acero inoxidable SUS 304<br>N\u00famero de capas Capa \u00fanica<br>Color Copo de nieve \/ gris<br>Technique Denim Wash (T\u00e9cnica exclusiva)<br>Grosor 1 mm<br>Forma O\/U<br>Peso neto: 168 g\/172 g<br>Cantidad m\u00ednima: 100 unidades<\/p>\n<\/div>\n\n\n\n<div class=\"wp-block-column is-layout-flow wp-block-column-is-layout-flow\">\n<h3 class=\"wp-block-heading\">Cuencos de acero inoxidable a medida<\/h3>\n\n\n\n<p>Embalaje: caja de color\/cart\u00f3n, etc.<br>MOQ: 1000 piezas<br><strong><a href=\"https:\/\/www.purecook.com\/es\/custom-solution\/\" target=\"_blank\" rel=\"noreferrer noopener\">Soluciones de cuencos de acero inoxidable personalizados OEM y ODM<\/a><\/strong><\/p>\n<\/div>\n<\/div>\n\n\n\n<div class=\"wp-block-columns is-layout-flex wp-container-core-columns-is-layout-9d6595d7 wp-block-columns-is-layout-flex\">\n<div class=\"wp-block-column is-layout-flow wp-block-column-is-layout-flow\">\n<figure class=\"wp-block-image size-full\"><img decoding=\"async\" width=\"800\" height=\"800\" src=\"https:\/\/www.purecook.com\/wp-content\/uploads\/2024\/06\/Vintage-stainless-steel-bowl-wholesale-3.webp\" alt=\"Cuenco vintage de acero inoxidable al por mayor\" class=\"wp-image-2477\" srcset=\"https:\/\/www.purecook.com\/wp-content\/uploads\/2024\/06\/Vintage-stainless-steel-bowl-wholesale-3.webp 800w, https:\/\/www.purecook.com\/wp-content\/uploads\/2024\/06\/Vintage-stainless-steel-bowl-wholesale-3-300x300.webp 300w, https:\/\/www.purecook.com\/wp-content\/uploads\/2024\/06\/Vintage-stainless-steel-bowl-wholesale-3-150x150.webp 150w, https:\/\/www.purecook.com\/wp-content\/uploads\/2024\/06\/Vintage-stainless-steel-bowl-wholesale-3-768x768.webp 768w, https:\/\/www.purecook.com\/wp-content\/uploads\/2024\/06\/Vintage-stainless-steel-bowl-wholesale-3-600x600.webp 600w, https:\/\/www.purecook.com\/wp-content\/uploads\/2024\/06\/Vintage-stainless-steel-bowl-wholesale-3-100x100.webp 100w\" sizes=\"(max-width: 800px) 100vw, 800px\" \/><\/figure>\n<\/div>\n\n\n\n<div class=\"wp-block-column is-layout-flow wp-block-column-is-layout-flow\">\n<figure class=\"wp-block-image size-full\"><img decoding=\"async\" width=\"800\" height=\"800\" src=\"https:\/\/www.purecook.com\/wp-content\/uploads\/2024\/06\/Vintage-stainless-steel-bowl-wholesale-2.webp\" alt=\"Cuenco vintage de acero inoxidable al por mayor\" class=\"wp-image-2476\" srcset=\"https:\/\/www.purecook.com\/wp-content\/uploads\/2024\/06\/Vintage-stainless-steel-bowl-wholesale-2.webp 800w, https:\/\/www.purecook.com\/wp-content\/uploads\/2024\/06\/Vintage-stainless-steel-bowl-wholesale-2-300x300.webp 300w, https:\/\/www.purecook.com\/wp-content\/uploads\/2024\/06\/Vintage-stainless-steel-bowl-wholesale-2-150x150.webp 150w, https:\/\/www.purecook.com\/wp-content\/uploads\/2024\/06\/Vintage-stainless-steel-bowl-wholesale-2-768x768.webp 768w, https:\/\/www.purecook.com\/wp-content\/uploads\/2024\/06\/Vintage-stainless-steel-bowl-wholesale-2-600x600.webp 600w, https:\/\/www.purecook.com\/wp-content\/uploads\/2024\/06\/Vintage-stainless-steel-bowl-wholesale-2-100x100.webp 100w\" sizes=\"(max-width: 800px) 100vw, 800px\" \/><\/figure>\n<\/div>\n<\/div>","protected":false},"excerpt":{"rendered":"<p>Venta al por mayor de cuencos de acero inoxidable vintage, los cuencos de acero inoxidable est\u00e1n hechos de acero inoxidable de alta calidad, resistente y duradero, adecuado para el hogar y el restaurante, no s\u00f3lo proporcionamos servicios de cuencos de acero inoxidable al por mayor, sino que tambi\u00e9n proporcionamos soluciones personalizadas de cuencos de acero inoxidable.<\/p>\n<h2>Caracter\u00edsticas y ventajas de los cuencos de acero inoxidable<\/h2>\n<p><strong>Acero inoxidable 304 de alta calidad<\/strong>: Material de acero inoxidable 304 de calidad alimentaria se utiliza para garantizar la durabilidad, resistencia a la oxidaci\u00f3n y la seguridad del producto, que es adecuado para el contacto directo con los alimentos y protege su salud.<br \/><strong>Dise\u00f1o de estilo retro<\/strong>Dise\u00f1o retro \u00fanico en forma de O y en forma de U, a\u00f1ade un encanto \u00fanico a la mesa de comedor, adecuada para restaurantes de alta gama, banquetes y cenas familiares, mejorando la experiencia gastron\u00f3mica.<br \/><strong>Estructura monocapa<\/strong>Dise\u00f1o de una sola capa, ligero y f\u00e1cil de transportar, adecuado para el uso diario y diversas ocasiones de comer, c\u00f3modo y pr\u00e1ctico.<br \/><strong>1 mm de grosor<\/strong>: El dise\u00f1o de 1 mm de grosor garantiza que el cuenco sea resistente sin ser voluminoso ni pesado, y c\u00f3modo para el uso diario y el transporte.<br \/><strong>Uso multifuncional<\/strong>Ideal para servir ensaladas, sopas, postres, aperitivos y muchos otros alimentos para satisfacer diversas necesidades de catering.<br \/><strong>Decorativo<\/strong>: La forma \u00fanica y el estilo retro hacen que no s\u00f3lo sea una vajilla pr\u00e1ctica, sino tambi\u00e9n un paisaje brillante en la mesa, realzando la belleza del entorno de comedor.<br \/><strong>F\u00e1cil de limpiar<\/strong>: dise\u00f1o de superficie lisa que evita los restos de comida, f\u00e1cil de limpiar, lavable a mano o en lavavajillas, ahorra tiempo y trabajo.<br \/><strong>Saludable y seguro<\/strong>Dise\u00f1o sin revestimiento, no contiene sustancias nocivas, para garantizar la pureza y seguridad de los alimentos, apto para uso a largo plazo.<br \/>Ofrezca soluciones personalizadas de cuencos de acero inoxidable.<br \/><strong><a href=\"https:\/\/www.purecook.com\/es\/custom-solution\/\" target=\"_blank\" rel=\"noopener\">Soporte OEM&amp;ODM personalizado cuenco de acero inoxidable.<\/a><\/strong><\/p>\n<p>&nbsp;<\/p>","protected":false},"featured_media":2475,"comment_status":"closed","ping_status":"closed","template":"","meta":{"_acf_changed":false},"product_brand":[],"product_cat":[51,54],"product_tag":[],"class_list":{"0":"post-2474","1":"product","2":"type-product","3":"status-publish","4":"has-post-thumbnail","6":"product_cat-dinnerware","7":"product_cat-stainless-steel-bowl","9":"first","10":"instock","11":"shipping-taxable","12":"product-type-simple"},"acf":[],"_links":{"self":[{"href":"https:\/\/www.purecook.com\/es\/wp-json\/wp\/v2\/product\/2474","targetHints":{"allow":["GET"]}}],"collection":[{"href":"https:\/\/www.purecook.com\/es\/wp-json\/wp\/v2\/product"}],"about":[{"href":"https:\/\/www.purecook.com\/es\/wp-json\/wp\/v2\/types\/product"}],"replies":[{"embeddable":true,"href":"https:\/\/www.purecook.com\/es\/wp-json\/wp\/v2\/comments?post=2474"}],"wp:featuredmedia":[{"embeddable":true,"href":"https:\/\/www.purecook.com\/es\/wp-json\/wp\/v2\/media\/2475"}],"wp:attachment":[{"href":"https:\/\/www.purecook.com\/es\/wp-json\/wp\/v2\/media?parent=2474"}],"wp:term":[{"taxonomy":"product_brand","embeddable":true,"href":"https:\/\/www.purecook.com\/es\/wp-json\/wp\/v2\/product_brand?post=2474"},{"taxonomy":"product_cat","embeddable":true,"href":"https:\/\/www.purecook.com\/es\/wp-json\/wp\/v2\/product_cat?post=2474"},{"taxonomy":"product_tag","embeddable":true,"href":"https:\/\/www.purecook.com\/es\/wp-json\/wp\/v2\/product_tag?post=2474"}],"curies":[{"name":"wp","href":"https:\/\/api.w.org\/{rel}","templated":true}]}}