{"id":2480,"date":"2024-06-04T16:16:25","date_gmt":"2024-06-04T08:16:25","guid":{"rendered":"https:\/\/www.purecook.com\/?post_type=product&#038;p=2480"},"modified":"2024-06-04T16:40:11","modified_gmt":"2024-06-04T08:40:11","slug":"customized-dinner-plates-in-bulk","status":"publish","type":"product","link":"https:\/\/www.purecook.com\/es\/product\/customized-dinner-plates-in-bulk\/","title":{"rendered":"Mayorista Platos Personalizados al por Mayor con Estilo Retro"},"content":{"rendered":"<div class=\"wp-block-columns is-layout-flex wp-container-core-columns-is-layout-9d6595d7 wp-block-columns-is-layout-flex\">\n<div class=\"wp-block-column is-layout-flow wp-block-column-is-layout-flow\">\n<h3 class=\"wp-block-heading\">Par\u00e1metros de los platos llanos<\/h3>\n\n\n\n<p>Nombre del producto Placa redonda<br>Talla 21\/23 cm<br>Material: Acero inoxidable 304<br>Grosor 0,8 mm<br>Peso 249\/290 gramos<br>MOQ 60 piezas<br>Logotipo Se acepta logotipo personalizado<\/p>\n<\/div>\n\n\n\n<div class=\"wp-block-column is-layout-flow wp-block-column-is-layout-flow\">\n<h3 class=\"wp-block-heading\">Platos personalizados<\/h3>\n\n\n\n<p>Logotipo: personalice el logotipo de su marca<br>Embalaje: caja de color\/cart\u00f3n, etc.<br>Patr\u00f3n: personaliza el patr\u00f3n que quieras<br>MOQ: 1000 piezas<br><strong><a href=\"https:\/\/www.purecook.com\/es\/custom-solution\/\" target=\"_blank\" rel=\"noreferrer noopener\">Soluciones OEM y ODM para platos personalizados<\/a><\/strong><\/p>\n<\/div>\n<\/div>\n\n\n\n<div class=\"wp-block-columns is-layout-flex wp-container-core-columns-is-layout-9d6595d7 wp-block-columns-is-layout-flex\">\n<div class=\"wp-block-column is-layout-flow wp-block-column-is-layout-flow\">\n<figure class=\"wp-block-image size-full\"><img decoding=\"async\" width=\"464\" height=\"464\" src=\"https:\/\/www.purecook.com\/wp-content\/uploads\/2024\/06\/customized-dinner-plates-3.webp\" alt=\"platos personalizados\" class=\"wp-image-2483\" srcset=\"https:\/\/www.purecook.com\/wp-content\/uploads\/2024\/06\/customized-dinner-plates-3.webp 464w, https:\/\/www.purecook.com\/wp-content\/uploads\/2024\/06\/customized-dinner-plates-3-300x300.webp 300w, https:\/\/www.purecook.com\/wp-content\/uploads\/2024\/06\/customized-dinner-plates-3-150x150.webp 150w, https:\/\/www.purecook.com\/wp-content\/uploads\/2024\/06\/customized-dinner-plates-3-100x100.webp 100w\" sizes=\"(max-width: 464px) 100vw, 464px\" \/><\/figure>\n<\/div>\n\n\n\n<div class=\"wp-block-column is-layout-flow wp-block-column-is-layout-flow\">\n<figure class=\"wp-block-image size-full\"><img decoding=\"async\" width=\"800\" height=\"800\" src=\"https:\/\/www.purecook.com\/wp-content\/uploads\/2024\/06\/customized-dinner-plates-4.webp\" alt=\"platos personalizados\" class=\"wp-image-2484\" srcset=\"https:\/\/www.purecook.com\/wp-content\/uploads\/2024\/06\/customized-dinner-plates-4.webp 800w, https:\/\/www.purecook.com\/wp-content\/uploads\/2024\/06\/customized-dinner-plates-4-300x300.webp 300w, https:\/\/www.purecook.com\/wp-content\/uploads\/2024\/06\/customized-dinner-plates-4-150x150.webp 150w, https:\/\/www.purecook.com\/wp-content\/uploads\/2024\/06\/customized-dinner-plates-4-768x768.webp 768w, https:\/\/www.purecook.com\/wp-content\/uploads\/2024\/06\/customized-dinner-plates-4-600x600.webp 600w, https:\/\/www.purecook.com\/wp-content\/uploads\/2024\/06\/customized-dinner-plates-4-100x100.webp 100w\" sizes=\"(max-width: 800px) 100vw, 800px\" \/><\/figure>\n<\/div>\n<\/div>","protected":false},"excerpt":{"rendered":"<p>Los platos de la cena tienen un dise\u00f1o de superficie lisa, evitar que los residuos de alimentos, f\u00e1cil de limpiar, lavar a mano o lavavajillas lavable, ahorrar tiempo y mano de obra.<\/p>\n<h2>Caracter\u00edsticas y ventajas de los platos llanos<\/h2>\n<p><strong>Acero inoxidable 304 de alta calidad<\/strong>Fabricado en acero inoxidable 304 de calidad alimentaria, resistente a la oxidaci\u00f3n y la corrosi\u00f3n, robusto y duradero para garantizar un uso prolongado, apto para el contacto directo con alimentos, para proteger la salud.<br \/><strong>Estilo r\u00fastico vintage<\/strong>Dise\u00f1o \u00fanico de estilo r\u00fastico vintage, que a\u00f1ade calidez y rusticidad a la mesa, adecuado para cenas familiares, restaurantes y ocasiones especiales para mejorar la experiencia gastron\u00f3mica.<br \/><strong>M\u00faltiples opciones de tama\u00f1o<\/strong>: Disponibles en tama\u00f1os de 21 cm y 23 cm para satisfacer diferentes necesidades y ocasiones culinarias, adecuadas para servir una amplia gama de alimentos como platos principales, guarniciones y postres.<br \/><strong>Dise\u00f1o circular<\/strong>Dise\u00f1o circular cl\u00e1sico, adecuado para varios estilos de comedor, f\u00e1cil de combinar con otras vajillas y realza la est\u00e9tica del conjunto de la mesa.<br \/><strong>Estructura monocapa<\/strong>Ligero y f\u00e1cil de transportar, adecuado para el uso diario y diversas ocasiones de comer, c\u00f3modo y pr\u00e1ctico.<br \/><strong>Resistente a altas temperaturas<\/strong>: resistencia superior a altas temperaturas, apto para horno, microondas y otros entornos de alta temperatura, no es f\u00e1cil que se deforme o da\u00f1e.<br \/><strong>F\u00e1cil de limpiar<\/strong>: dise\u00f1o de superficie lisa, evita los restos de comida, f\u00e1cil de limpiar, lavable a mano o en lavavajillas, ahorra tiempo y trabajo.<br \/><strong>Saludable y seguro<\/strong>Dise\u00f1o sin revestimiento, no contiene sustancias nocivas, para garantizar la pureza y seguridad de los alimentos, apto para uso a largo plazo.<br \/><strong>Decorativo<\/strong>: El dise\u00f1o retro \u00fanico hace que no s\u00f3lo sea una vajilla pr\u00e1ctica, sino tambi\u00e9n un paisaje brillante en la mesa, realzando la belleza del entorno de comedor.<br \/>Ofrezca una soluci\u00f3n de platos de cena personalizados.<br \/><strong><a href=\"https:\/\/www.purecook.com\/es\/custom-solution\/\" target=\"_blank\" rel=\"noopener\">Soporta platos de cena personalizados OEM&amp;ODM.<\/a><\/strong><\/p>\n<p>&nbsp;<\/p>","protected":false},"featured_media":2482,"comment_status":"closed","ping_status":"closed","template":"","meta":{"_acf_changed":false},"product_brand":[],"product_cat":[51,55],"product_tag":[],"class_list":{"0":"post-2480","1":"product","2":"type-product","3":"status-publish","4":"has-post-thumbnail","6":"product_cat-dinnerware","7":"product_cat-dish-and-plate","9":"first","10":"instock","11":"shipping-taxable","12":"product-type-simple"},"acf":[],"_links":{"self":[{"href":"https:\/\/www.purecook.com\/es\/wp-json\/wp\/v2\/product\/2480","targetHints":{"allow":["GET"]}}],"collection":[{"href":"https:\/\/www.purecook.com\/es\/wp-json\/wp\/v2\/product"}],"about":[{"href":"https:\/\/www.purecook.com\/es\/wp-json\/wp\/v2\/types\/product"}],"replies":[{"embeddable":true,"href":"https:\/\/www.purecook.com\/es\/wp-json\/wp\/v2\/comments?post=2480"}],"wp:featuredmedia":[{"embeddable":true,"href":"https:\/\/www.purecook.com\/es\/wp-json\/wp\/v2\/media\/2482"}],"wp:attachment":[{"href":"https:\/\/www.purecook.com\/es\/wp-json\/wp\/v2\/media?parent=2480"}],"wp:term":[{"taxonomy":"product_brand","embeddable":true,"href":"https:\/\/www.purecook.com\/es\/wp-json\/wp\/v2\/product_brand?post=2480"},{"taxonomy":"product_cat","embeddable":true,"href":"https:\/\/www.purecook.com\/es\/wp-json\/wp\/v2\/product_cat?post=2480"},{"taxonomy":"product_tag","embeddable":true,"href":"https:\/\/www.purecook.com\/es\/wp-json\/wp\/v2\/product_tag?post=2480"}],"curies":[{"name":"wp","href":"https:\/\/api.w.org\/{rel}","templated":true}]}}