{"id":2485,"date":"2024-06-04T16:41:25","date_gmt":"2024-06-04T08:41:25","guid":{"rendered":"https:\/\/www.purecook.com\/?post_type=product&#038;p=2485"},"modified":"2024-06-04T17:33:44","modified_gmt":"2024-06-04T09:33:44","slug":"wholesale-vintage-roasting-pans","status":"publish","type":"product","link":"https:\/\/www.purecook.com\/es\/product\/wholesale-vintage-roasting-pans\/","title":{"rendered":"Mayorista Asaderas Vintage: Perfecto para Hotel y Restaurante"},"content":{"rendered":"<div class=\"wp-block-columns is-layout-flex wp-container-core-columns-is-layout-9d6595d7 wp-block-columns-is-layout-flex\">\n<div class=\"wp-block-column is-layout-flow wp-block-column-is-layout-flow\">\n<h3 class=\"wp-block-heading\">Par\u00e1metros de la bandeja de asar<\/h3>\n\n\n\n<p>Nombre del producto Plato de pollo Vintage<br>Forma Oval<br>Grosor 0,8 mm<br>Material: Acero inoxidable 304<br>Tama\u00f1o 27,5*4,3 cm<br>Peso neto 300 gramos<br>Color: Plata<br>Cantidad del pedido 60 unidades<br>Logotipo Aceptar logotipo personalizado<\/p>\n<\/div>\n\n\n\n<div class=\"wp-block-column is-layout-flow wp-block-column-is-layout-flow\">\n<h3 class=\"wp-block-heading\">Asadera a medida<\/h3>\n\n\n\n<p>Logotipo: personalice el logotipo de su marca<br>Embalaje: caja de color\/cart\u00f3n, etc.<br>Patr\u00f3n: personaliza el patr\u00f3n que quieras<br>MOQ: 1000 piezas<br><strong><a href=\"https:\/\/www.purecook.com\/es\/custom-solution\/\" target=\"_blank\" rel=\"noreferrer noopener\">Soluciones de bandeja de asar personalizadas OEM y ODM<\/a><\/strong><\/p>\n<\/div>\n<\/div>\n\n\n\n<div class=\"wp-block-columns is-layout-flex wp-container-core-columns-is-layout-9d6595d7 wp-block-columns-is-layout-flex\">\n<div class=\"wp-block-column is-layout-flow wp-block-column-is-layout-flow\">\n<figure class=\"wp-block-image size-full\"><img decoding=\"async\" width=\"800\" height=\"800\" src=\"https:\/\/www.purecook.com\/wp-content\/uploads\/2024\/06\/roasting-pan-2-1.webp\" alt=\"venta al por mayor asadera\" class=\"wp-image-2487\" srcset=\"https:\/\/www.purecook.com\/wp-content\/uploads\/2024\/06\/roasting-pan-2-1.webp 800w, https:\/\/www.purecook.com\/wp-content\/uploads\/2024\/06\/roasting-pan-2-1-300x300.webp 300w, https:\/\/www.purecook.com\/wp-content\/uploads\/2024\/06\/roasting-pan-2-1-150x150.webp 150w, https:\/\/www.purecook.com\/wp-content\/uploads\/2024\/06\/roasting-pan-2-1-768x768.webp 768w, https:\/\/www.purecook.com\/wp-content\/uploads\/2024\/06\/roasting-pan-2-1-600x600.webp 600w, https:\/\/www.purecook.com\/wp-content\/uploads\/2024\/06\/roasting-pan-2-1-100x100.webp 100w\" sizes=\"(max-width: 800px) 100vw, 800px\" \/><\/figure>\n<\/div>\n\n\n\n<div class=\"wp-block-column is-layout-flow wp-block-column-is-layout-flow\">\n<figure class=\"wp-block-image size-full\"><img decoding=\"async\" width=\"800\" height=\"800\" src=\"https:\/\/www.purecook.com\/wp-content\/uploads\/2024\/06\/roasting-pan-1-1.webp\" alt=\"venta al por mayor asadera\" class=\"wp-image-2486\" srcset=\"https:\/\/www.purecook.com\/wp-content\/uploads\/2024\/06\/roasting-pan-1-1.webp 800w, https:\/\/www.purecook.com\/wp-content\/uploads\/2024\/06\/roasting-pan-1-1-300x300.webp 300w, https:\/\/www.purecook.com\/wp-content\/uploads\/2024\/06\/roasting-pan-1-1-150x150.webp 150w, https:\/\/www.purecook.com\/wp-content\/uploads\/2024\/06\/roasting-pan-1-1-768x768.webp 768w, https:\/\/www.purecook.com\/wp-content\/uploads\/2024\/06\/roasting-pan-1-1-600x600.webp 600w, https:\/\/www.purecook.com\/wp-content\/uploads\/2024\/06\/roasting-pan-1-1-100x100.webp 100w\" sizes=\"(max-width: 800px) 100vw, 800px\" \/><\/figure>\n<\/div>\n<\/div>","protected":false},"excerpt":{"rendered":"<p>Dise\u00f1o sin revestimiento, no contiene sustancias nocivas, para garantizar la pureza y la seguridad de los alimentos, adecuado para el uso a largo plazo.Bienvenido a ponerse en contacto con nosotros para la soluci\u00f3n de asar a medida y un presupuesto gratuito.<\/p>\n<h2>Caracter\u00edsticas y ventajas de la bandeja de asar<\/h2>\n<p><strong>Acero inoxidable 304 de alta calidad<\/strong>: Material de acero inoxidable 304 de calidad alimentaria se utiliza para garantizar la durabilidad, resistencia a la oxidaci\u00f3n y la seguridad del producto, que es adecuado para el contacto directo con los alimentos y protege su salud.<br \/><strong>Dise\u00f1o retro<\/strong>: El dise\u00f1o de estilo retro a\u00f1ade un encanto \u00fanico a la mesa de comedor, adecuado para restaurantes de alta gama, banquetes y cenas familiares para mejorar la experiencia de comer.<br \/><strong>0,8 mm de grosor<\/strong>: El grosor moderado de 0,8 mm garantiza que la placa sea robusta sin ser voluminosa, lo que resulta pr\u00e1ctico para el uso diario y el transporte.<br \/><strong>Uso multifuncional<\/strong>: Adecuado para exponer y servir una gran variedad de platos, como sushi, pollo a la parrilla, barbacoa, marisco, etc. Para satisfacer diversas necesidades culinarias.<br \/><strong>Dise\u00f1o de gran capacidad<\/strong>: El dise\u00f1o de plato ancho es adecuado para exponer grandes porciones de comida durante banquetes y reuniones, mejorando la eficacia y la est\u00e9tica del servicio de comidas.<br \/><strong>Resistente a altas temperaturas<\/strong>: Excelente resistencia a altas temperaturas, apto para horno, microondas y otros entornos de alta temperatura, no es f\u00e1cil que se deforme o da\u00f1e.<br \/><strong>F\u00e1cil de limpiar<\/strong>: El dise\u00f1o de superficie lisa evita los restos de comida, f\u00e1cil de limpiar, lavable a mano o en lavavajillas, ahorra tiempo y trabajo.<br \/><strong>Salud y seguridad<\/strong>: Dise\u00f1o sin revestimiento, no contiene sustancias nocivas, para garantizar la pureza y la seguridad de los alimentos, adecuado para el uso a largo plazo.<br \/><strong>Aspecto moderno<\/strong>: Dise\u00f1o simple y generoso, adecuado para una variedad de estilos de comedor, es una herramienta de visualizaci\u00f3n pr\u00e1ctica y hermosa en la mesa.<br \/><strong>Calidad profesional<\/strong>: Adecuado para restaurantes, hoteles y uso dom\u00e9stico, mejorar la calidad y la clase del entorno de comedor.<br \/>Ofrezca una soluci\u00f3n de bandeja de asar personalizada.<br \/><strong><a href=\"https:\/\/www.purecook.com\/es\/custom-solution\/\" target=\"_blank\" rel=\"noopener\">Admite bandeja de asar personalizada OEM&amp;ODM.<\/a><\/strong><\/p>\n<p>&nbsp;<\/p>","protected":false},"featured_media":2487,"comment_status":"closed","ping_status":"closed","template":"","meta":{"_acf_changed":false},"product_brand":[],"product_cat":[51,55],"product_tag":[],"class_list":{"0":"post-2485","1":"product","2":"type-product","3":"status-publish","4":"has-post-thumbnail","6":"product_cat-dinnerware","7":"product_cat-dish-and-plate","9":"first","10":"instock","11":"shipping-taxable","12":"product-type-simple"},"acf":[],"_links":{"self":[{"href":"https:\/\/www.purecook.com\/es\/wp-json\/wp\/v2\/product\/2485","targetHints":{"allow":["GET"]}}],"collection":[{"href":"https:\/\/www.purecook.com\/es\/wp-json\/wp\/v2\/product"}],"about":[{"href":"https:\/\/www.purecook.com\/es\/wp-json\/wp\/v2\/types\/product"}],"replies":[{"embeddable":true,"href":"https:\/\/www.purecook.com\/es\/wp-json\/wp\/v2\/comments?post=2485"}],"wp:featuredmedia":[{"embeddable":true,"href":"https:\/\/www.purecook.com\/es\/wp-json\/wp\/v2\/media\/2487"}],"wp:attachment":[{"href":"https:\/\/www.purecook.com\/es\/wp-json\/wp\/v2\/media?parent=2485"}],"wp:term":[{"taxonomy":"product_brand","embeddable":true,"href":"https:\/\/www.purecook.com\/es\/wp-json\/wp\/v2\/product_brand?post=2485"},{"taxonomy":"product_cat","embeddable":true,"href":"https:\/\/www.purecook.com\/es\/wp-json\/wp\/v2\/product_cat?post=2485"},{"taxonomy":"product_tag","embeddable":true,"href":"https:\/\/www.purecook.com\/es\/wp-json\/wp\/v2\/product_tag?post=2485"}],"curies":[{"name":"wp","href":"https:\/\/api.w.org\/{rel}","templated":true}]}}