{"id":2496,"date":"2024-06-04T22:45:14","date_gmt":"2024-06-04T14:45:14","guid":{"rendered":"https:\/\/www.purecook.com\/?post_type=product&#038;p=2496"},"modified":"2024-06-04T23:17:48","modified_gmt":"2024-06-04T15:17:48","slug":"taza-sierra-de-acero-inoxidable-con-escurridor-al-por-mayor","status":"publish","type":"product","link":"https:\/\/www.purecook.com\/es\/product\/stainless-steel-sierra-cup-with-colander-wholesale\/","title":{"rendered":"Taza Sierra de Acero Inoxidable con Colador al por Mayor"},"content":{"rendered":"<div class=\"wp-block-columns is-layout-flex wp-container-core-columns-is-layout-9d6595d7 wp-block-columns-is-layout-flex\">\n<div class=\"wp-block-column is-layout-flow wp-block-column-is-layout-flow\">\n<h3 class=\"wp-block-heading\">Par\u00e1metros de Sierra Cup<\/h3>\n\n\n\n<p>Tipo de cubiertos: Juego de cubiertos de exterior<br>Incluye juego de cuchara\/tenedor\/cuchillo\/palillos<br>Tipo de material: Acero inoxidable 304<br>Tama\u00f1o: 12 cm<br>Peso: 0,500 kg<br>MOQ:100pcs<\/p>\n<\/div>\n\n\n\n<div class=\"wp-block-column is-layout-flow wp-block-column-is-layout-flow\">\n<h3 class=\"wp-block-heading\">Copa Sierra personalizada<\/h3>\n\n\n\n<p>Logotipo:personalice el logotipo de su marca<br>Paquete: caja de color\/cart\u00f3n, etc.<br>MOQ : 500pcs<br><strong><a href=\"https:\/\/www.purecook.com\/es\/custom-solution\/\" target=\"_blank\" rel=\"noreferrer noopener\">Soluciones Sierra Cup personalizadas OEM y ODM<\/a><\/strong><\/p>\n<\/div>\n<\/div>\n\n\n\n<div class=\"wp-block-columns is-layout-flex wp-container-core-columns-is-layout-9d6595d7 wp-block-columns-is-layout-flex\">\n<div class=\"wp-block-column is-layout-flow wp-block-column-is-layout-flow\">\n<figure class=\"wp-block-image size-full\"><img decoding=\"async\" width=\"1600\" height=\"1600\" src=\"https:\/\/www.purecook.com\/wp-content\/uploads\/2024\/06\/sierra-cup-3.webp\" alt=\"sierra cup wholesale\" class=\"wp-image-2499\" srcset=\"https:\/\/www.purecook.com\/wp-content\/uploads\/2024\/06\/sierra-cup-3.webp 1600w, https:\/\/www.purecook.com\/wp-content\/uploads\/2024\/06\/sierra-cup-3-300x300.webp 300w, https:\/\/www.purecook.com\/wp-content\/uploads\/2024\/06\/sierra-cup-3-150x150.webp 150w, https:\/\/www.purecook.com\/wp-content\/uploads\/2024\/06\/sierra-cup-3-768x768.webp 768w, https:\/\/www.purecook.com\/wp-content\/uploads\/2024\/06\/sierra-cup-3-600x600.webp 600w, https:\/\/www.purecook.com\/wp-content\/uploads\/2024\/06\/sierra-cup-3-100x100.webp 100w\" sizes=\"(max-width: 1600px) 100vw, 1600px\" \/><\/figure>\n<\/div>\n\n\n\n<div class=\"wp-block-column is-layout-flow wp-block-column-is-layout-flow\">\n<figure class=\"wp-block-image size-full\"><img decoding=\"async\" width=\"1600\" height=\"1600\" src=\"https:\/\/www.purecook.com\/wp-content\/uploads\/2024\/06\/sierra-cup-1.webp\" alt=\"copa sierra\" class=\"wp-image-2497\" srcset=\"https:\/\/www.purecook.com\/wp-content\/uploads\/2024\/06\/sierra-cup-1.webp 1600w, https:\/\/www.purecook.com\/wp-content\/uploads\/2024\/06\/sierra-cup-1-300x300.webp 300w, https:\/\/www.purecook.com\/wp-content\/uploads\/2024\/06\/sierra-cup-1-150x150.webp 150w, https:\/\/www.purecook.com\/wp-content\/uploads\/2024\/06\/sierra-cup-1-768x768.webp 768w, https:\/\/www.purecook.com\/wp-content\/uploads\/2024\/06\/sierra-cup-1-600x600.webp 600w, https:\/\/www.purecook.com\/wp-content\/uploads\/2024\/06\/sierra-cup-1-100x100.webp 100w\" sizes=\"(max-width: 1600px) 100vw, 1600px\" \/><\/figure>\n<\/div>\n<\/div>","protected":false},"excerpt":{"rendered":"<p>Taza sierra de alta calidad al por mayor.Hecho de material de acero inoxidable de grado alimentario, sin sustancias nocivas, garantizar la seguridad alimentaria, el uso con confidence.Welcome en contacto con nosotros para un presupuesto gratuito.<\/p>\n<h2>Caracter\u00edsticas y ventajas de Sierra Cup<\/h2>\n<p><strong>Acero inoxidable de alta calidad<\/strong>: Hecho de material de acero inoxidable 304 de alta calidad, robusto y duradero, resistente al \u00f3xido y la corrosi\u00f3n, asegurando que no se deforme durante mucho tiempo de uso, adecuado para diversos entornos al aire libre.<br \/><strong>Dise\u00f1o multifuncional<\/strong>: Equipado con una tapa y un colador, conveniente para que usted pueda cocinar, mantener los alimentos, filtrar el agua, etc. En el exterior, para satisfacer una variedad de necesidades.<br \/><strong>Asa plegable<\/strong>: Viene con un asa plegable, f\u00e1cil de llevar y almacenar, ahorro de espacio, ideal para sus actividades al aire libre.<br \/><strong>Almacenamiento port\u00e1til<\/strong>: Viene con una bolsa de almacenamiento port\u00e1til, f\u00e1cil de llevar y organizar, mantener su equipo limpio y organizado, adecuado para acampar, picnic, senderismo y otras actividades al aire libre.<br \/><strong>Saludable y seguro<\/strong>: Hecho de material de acero inoxidable de calidad alimentaria, sin sustancias nocivas, garantizar la seguridad alimentaria, utilizar con confianza.<br \/><strong>F\u00e1cil de limpiar<\/strong>: El dise\u00f1o de superficie lisa evita los restos de comida, f\u00e1cil de limpiar, lavable a mano o en lavavajillas, ahorra tiempo y trabajo.<br \/><strong>Polivalente<\/strong>: No s\u00f3lo es adecuado para servir comida, sino que tambi\u00e9n se puede utilizar como utensilios de cocina, utensilios para beber, para satisfacer sus diversas necesidades en el exterior.<br \/><strong>Dise\u00f1o cl\u00e1sico<\/strong>: Taza Sierra de dise\u00f1o cl\u00e1sico, capacidad moderada, adecuada para contener sopa, arroz, fideos y otros alimentos, pr\u00e1ctica.<br \/><strong>Exterior imprescindible<\/strong>: Tanto si va de acampada, de picnic o de excursi\u00f3n, este bol multifuncional de acero inoxidable es una herramienta imprescindible para sus actividades al aire libre.<br \/>Ofrezca una soluci\u00f3n de copa sierra personalizada.<br \/><strong><a href=\"https:\/\/www.purecook.com\/es\/custom-solution\/\" target=\"_blank\" rel=\"noopener\">Soporte OEM&amp;ODM personalizado sierra taza.<\/a><\/strong><\/p>\n<p>&nbsp;<\/p>","protected":false},"featured_media":2499,"comment_status":"closed","ping_status":"closed","template":"","meta":{"_acf_changed":false},"product_brand":[],"product_cat":[51,55],"product_tag":[],"class_list":{"0":"post-2496","1":"product","2":"type-product","3":"status-publish","4":"has-post-thumbnail","6":"product_cat-dinnerware","7":"product_cat-dish-and-plate","9":"first","10":"instock","11":"shipping-taxable","12":"product-type-simple"},"acf":[],"_links":{"self":[{"href":"https:\/\/www.purecook.com\/es\/wp-json\/wp\/v2\/product\/2496","targetHints":{"allow":["GET"]}}],"collection":[{"href":"https:\/\/www.purecook.com\/es\/wp-json\/wp\/v2\/product"}],"about":[{"href":"https:\/\/www.purecook.com\/es\/wp-json\/wp\/v2\/types\/product"}],"replies":[{"embeddable":true,"href":"https:\/\/www.purecook.com\/es\/wp-json\/wp\/v2\/comments?post=2496"}],"wp:featuredmedia":[{"embeddable":true,"href":"https:\/\/www.purecook.com\/es\/wp-json\/wp\/v2\/media\/2499"}],"wp:attachment":[{"href":"https:\/\/www.purecook.com\/es\/wp-json\/wp\/v2\/media?parent=2496"}],"wp:term":[{"taxonomy":"product_brand","embeddable":true,"href":"https:\/\/www.purecook.com\/es\/wp-json\/wp\/v2\/product_brand?post=2496"},{"taxonomy":"product_cat","embeddable":true,"href":"https:\/\/www.purecook.com\/es\/wp-json\/wp\/v2\/product_cat?post=2496"},{"taxonomy":"product_tag","embeddable":true,"href":"https:\/\/www.purecook.com\/es\/wp-json\/wp\/v2\/product_tag?post=2496"}],"curies":[{"name":"wp","href":"https:\/\/api.w.org\/{rel}","templated":true}]}}