{"id":2638,"date":"2024-06-22T18:53:52","date_gmt":"2024-06-22T10:53:52","guid":{"rendered":"https:\/\/www.purecook.com\/?post_type=product&#038;p=2638"},"modified":"2024-06-22T19:08:24","modified_gmt":"2024-06-22T11:08:24","slug":"wholesale-children-cartoon-stainless-steel-bowl","status":"publish","type":"product","link":"https:\/\/www.purecook.com\/es\/product\/wholesale-children-cartoon-stainless-steel-bowl\/","title":{"rendered":"Mayorista Ni\u00f1os Dibujos Taz\u00f3n de Acero Inoxidable con Tapa - Certificaci\u00f3n de Seguridad Alimentaria"},"content":{"rendered":"<div class=\"wp-block-columns is-layout-flex wp-container-core-columns-is-layout-9d6595d7 wp-block-columns-is-layout-flex\">\n<div class=\"wp-block-column is-layout-flow wp-block-column-is-layout-flow\">\n<h3 class=\"wp-block-heading\">Par\u00e1metros de la cuba de acero inoxidable<\/h3>\n\n\n\n<p>Nombre: Cuenco de dibujos animados para ni\u00f1os<br>Modelo: 8860<br>Material: Acero inoxidable 201\/304<br>Tama\u00f1o: 12 cm<br>Peso: 115 g<br>Embalaje: caja de color<br>Tama\u00f1o de la caja (cm) 13,7\u00d76,1\u00d712,4<br>Tama\u00f1o de la caja (cm) 63\u00d743\u00d751<br>MFC: 0,139<br>Cantidad\/Cart\u00f3n: 120<br>MOQ: 120pcs<\/p>\n<\/div>\n\n\n\n<div class=\"wp-block-column is-layout-flow wp-block-column-is-layout-flow\">\n<h3 class=\"wp-block-heading\">Opci\u00f3n de cubeta de acero inoxidable personalizada<\/h3>\n\n\n\n<p>Embalaje: caja de color\/cart\u00f3n, etc.<br>MOQ: 1000pcs<br><strong><a href=\"https:\/\/www.purecook.com\/es\/custom-solution\/\" target=\"_blank\" rel=\"noreferrer noopener\">Soluciones Sierra Cup personalizadas OEM y ODM<\/a><\/strong><\/p>\n<\/div>\n<\/div>\n\n\n\n<div class=\"wp-block-columns is-layout-flex wp-container-core-columns-is-layout-9d6595d7 wp-block-columns-is-layout-flex\">\n<div class=\"wp-block-column is-layout-flow wp-block-column-is-layout-flow\">\n<figure class=\"wp-block-image size-full\"><img decoding=\"async\" width=\"680\" height=\"947\" src=\"https:\/\/www.purecook.com\/wp-content\/uploads\/2024\/06\/Wholesale-Children-Cartoon-Stainless-Steel-Bowl-with-Lid-1.webp\" alt=\"Mayorista Ni\u00f1os Dibujos Taz\u00f3n Acero Inoxidable con Tapa\" class=\"wp-image-2643\" srcset=\"https:\/\/www.purecook.com\/wp-content\/uploads\/2024\/06\/Wholesale-Children-Cartoon-Stainless-Steel-Bowl-with-Lid-1.webp 680w, https:\/\/www.purecook.com\/wp-content\/uploads\/2024\/06\/Wholesale-Children-Cartoon-Stainless-Steel-Bowl-with-Lid-1-215x300.webp 215w, https:\/\/www.purecook.com\/wp-content\/uploads\/2024\/06\/Wholesale-Children-Cartoon-Stainless-Steel-Bowl-with-Lid-1-600x836.webp 600w\" sizes=\"(max-width: 680px) 100vw, 680px\" \/><\/figure>\n<\/div>\n\n\n\n<div class=\"wp-block-column is-layout-flow wp-block-column-is-layout-flow\">\n<figure class=\"wp-block-image size-full\"><img decoding=\"async\" width=\"800\" height=\"800\" src=\"https:\/\/www.purecook.com\/wp-content\/uploads\/2024\/06\/Wholesale-Children-Cartoon-Stainless-Steel-Bowl-with-Lid-5.webp\" alt=\"Mayorista Ni\u00f1os Dibujos Taz\u00f3n Acero Inoxidable con Tapa\" class=\"wp-image-2642\" srcset=\"https:\/\/www.purecook.com\/wp-content\/uploads\/2024\/06\/Wholesale-Children-Cartoon-Stainless-Steel-Bowl-with-Lid-5.webp 800w, https:\/\/www.purecook.com\/wp-content\/uploads\/2024\/06\/Wholesale-Children-Cartoon-Stainless-Steel-Bowl-with-Lid-5-300x300.webp 300w, https:\/\/www.purecook.com\/wp-content\/uploads\/2024\/06\/Wholesale-Children-Cartoon-Stainless-Steel-Bowl-with-Lid-5-150x150.webp 150w, https:\/\/www.purecook.com\/wp-content\/uploads\/2024\/06\/Wholesale-Children-Cartoon-Stainless-Steel-Bowl-with-Lid-5-768x768.webp 768w, https:\/\/www.purecook.com\/wp-content\/uploads\/2024\/06\/Wholesale-Children-Cartoon-Stainless-Steel-Bowl-with-Lid-5-600x600.webp 600w, https:\/\/www.purecook.com\/wp-content\/uploads\/2024\/06\/Wholesale-Children-Cartoon-Stainless-Steel-Bowl-with-Lid-5-100x100.webp 100w\" sizes=\"(max-width: 800px) 100vw, 800px\" \/><\/figure>\n<\/div>\n<\/div>","protected":false},"excerpt":{"rendered":"<p>Este es el regalo perfecto para su beb\u00e9, los colores brillantes y los dibujos animados mantendr\u00e1n a los ni\u00f1os interesados y har\u00e1n que la hora de comer sea divertida. La satisfacci\u00f3n del cliente es nuestro principal objetivo, todos los productos son de calidad comprobada antes del env\u00edo. Si no est\u00e1 satisfecho o tiene alg\u00fan problema con nuestros productos, p\u00f3ngase en contacto con nosotros inmediatamente y le responderemos en 24 horas.<\/p>\n<h2>Caracter\u00edsticas y ventajas de la cuba de acero inoxidable<\/h2>\n<p>1.<strong>Nuestros cuencos de succi\u00f3n para beb\u00e9s est\u00e1n fabricados con materiales de calidad alimentaria 100% y son totalmente seguros para tu beb\u00e9<\/strong>. El cuerpo del bol es de acero inoxidable 304 \/201 de alta calidad, resistente a la oxidaci\u00f3n y que no deja olores ni manchas. La superficie del bol est\u00e1 hecha de polipropileno (PP), que es resistente a las huellas dactilares, no se raya f\u00e1cilmente y no contiene bisfenol A (BPA), cloruro de polivinilo (PVC), ftalatos ni plomo. Nuestro set de alimentaci\u00f3n para beb\u00e9s est\u00e1 certificado como producto infantil, por lo que puede estar seguro de que su hijo puede utilizarlo.<\/p>\n<p>2.<strong>Este bol aislante para beb\u00e9s est\u00e1 fabricado en acero inoxidable con una superficie de PP que evita la transferencia de calor y protege las manos del beb\u00e9 de quemaduras mientras las mantiene calientes<\/strong>. Viene con una tapa herm\u00e9tica hecha de material pl\u00e1stico de calidad alimentaria y silicona para mantener las sobras frescas, lo que le permite alimentar a su beb\u00e9 cuando y donde quiera. Nuestros cuencos de silicona son aptos para el lavavajillas y el congelador, simplemente coloque el cuenco de succi\u00f3n de silicona en el lavavajillas despu\u00e9s de una comida.<\/p>\n<p>Ofrezca soluciones personalizadas de cuencos de acero inoxidable.<\/p>\n<p><strong><a href=\"https:\/\/www.purecook.com\/es\/custom-solution\/\" target=\"_blank\" rel=\"noopener\">Soporte OEM&amp;ODM personalizado cuenco de acero inoxidable.<\/a><\/strong><\/p>\n<p>&nbsp;<\/p>","protected":false},"featured_media":2640,"comment_status":"closed","ping_status":"closed","template":"","meta":{"_acf_changed":false},"product_brand":[],"product_cat":[51,54],"product_tag":[],"class_list":{"0":"post-2638","1":"product","2":"type-product","3":"status-publish","4":"has-post-thumbnail","6":"product_cat-dinnerware","7":"product_cat-stainless-steel-bowl","9":"first","10":"instock","11":"shipping-taxable","12":"product-type-simple"},"acf":[],"_links":{"self":[{"href":"https:\/\/www.purecook.com\/es\/wp-json\/wp\/v2\/product\/2638","targetHints":{"allow":["GET"]}}],"collection":[{"href":"https:\/\/www.purecook.com\/es\/wp-json\/wp\/v2\/product"}],"about":[{"href":"https:\/\/www.purecook.com\/es\/wp-json\/wp\/v2\/types\/product"}],"replies":[{"embeddable":true,"href":"https:\/\/www.purecook.com\/es\/wp-json\/wp\/v2\/comments?post=2638"}],"wp:featuredmedia":[{"embeddable":true,"href":"https:\/\/www.purecook.com\/es\/wp-json\/wp\/v2\/media\/2640"}],"wp:attachment":[{"href":"https:\/\/www.purecook.com\/es\/wp-json\/wp\/v2\/media?parent=2638"}],"wp:term":[{"taxonomy":"product_brand","embeddable":true,"href":"https:\/\/www.purecook.com\/es\/wp-json\/wp\/v2\/product_brand?post=2638"},{"taxonomy":"product_cat","embeddable":true,"href":"https:\/\/www.purecook.com\/es\/wp-json\/wp\/v2\/product_cat?post=2638"},{"taxonomy":"product_tag","embeddable":true,"href":"https:\/\/www.purecook.com\/es\/wp-json\/wp\/v2\/product_tag?post=2638"}],"curies":[{"name":"wp","href":"https:\/\/api.w.org\/{rel}","templated":true}]}}