{"id":2658,"date":"2024-06-24T06:48:50","date_gmt":"2024-06-23T22:48:50","guid":{"rendered":"https:\/\/www.purecook.com\/?post_type=product&#038;p=2658"},"modified":"2024-06-24T07:22:46","modified_gmt":"2024-06-23T23:22:46","slug":"wholesale-multi-purpose-stainless-steel-mixing-bowls-with-colander","status":"publish","type":"product","link":"https:\/\/www.purecook.com\/es\/product\/wholesale-multi-purpose-stainless-steel-mixing-bowls-with-colander\/","title":{"rendered":"Mayorista Boles Multiusos De Acero Inoxidable Con Colador"},"content":{"rendered":"<div class=\"wp-block-columns is-layout-flex wp-container-core-columns-is-layout-9d6595d7 wp-block-columns-is-layout-flex\">\n<div class=\"wp-block-column is-layout-flow wp-block-column-is-layout-flow\">\n<h3 class=\"wp-block-heading\">Par\u00e1metros de los cuencos mezcladores de acero inoxidable <\/h3>\n\n\n\n<p>Nombre del producto: Taz\u00f3n colador de acero inoxidable<br>Material Acero inoxidable 304<br>N\u00famero de modelo: U-MS<br>Logotipo Aceptar logotipo personalizado<br>Aplicaci\u00f3n Cocina\/Hogar\/Restaurante<br>Funci\u00f3n\uff1aDrenar alimentos<br>Embalaje: Caja de color<br>Talla del juego: 22\/24\/26\/28\/30\/32cm<br>Tama\u00f1o del paquete: 34\u00d734\u00d720cm<br>GW: 2 kg\/unidad<br>MOQ: 120pcs<\/p>\n<\/div>\n\n\n\n<div class=\"wp-block-column is-layout-flow wp-block-column-is-layout-flow\">\n<h3 class=\"wp-block-heading\">Opciones de cuencos mezcladores personalizados<\/h3>\n\n\n\n<p>Logotipo:personalice el logotipo de su marca<br>Embalaje: caja de color\/cart\u00f3n, etc.<br>MOQ: 1000pcs<br><strong><a href=\"https:\/\/www.purecook.com\/es\/custom-solution\/\" target=\"_blank\" rel=\"noreferrer noopener\">Soluciones OEM y ODM a medida para cubiletes<\/a><\/strong><\/p>\n<\/div>\n<\/div>\n\n\n\n<div class=\"wp-block-columns is-layout-flex wp-container-core-columns-is-layout-9d6595d7 wp-block-columns-is-layout-flex\">\n<div class=\"wp-block-column is-layout-flow wp-block-column-is-layout-flow\">\n<figure class=\"wp-block-image size-full\"><img decoding=\"async\" width=\"800\" height=\"800\" src=\"https:\/\/www.purecook.com\/wp-content\/uploads\/2024\/06\/wholesale-mixing-bowls-3.webp\" alt=\"venta al por mayor de boles \" class=\"wp-image-2661\" srcset=\"https:\/\/www.purecook.com\/wp-content\/uploads\/2024\/06\/wholesale-mixing-bowls-3.webp 800w, https:\/\/www.purecook.com\/wp-content\/uploads\/2024\/06\/wholesale-mixing-bowls-3-300x300.webp 300w, https:\/\/www.purecook.com\/wp-content\/uploads\/2024\/06\/wholesale-mixing-bowls-3-150x150.webp 150w, https:\/\/www.purecook.com\/wp-content\/uploads\/2024\/06\/wholesale-mixing-bowls-3-768x768.webp 768w, https:\/\/www.purecook.com\/wp-content\/uploads\/2024\/06\/wholesale-mixing-bowls-3-600x600.webp 600w, https:\/\/www.purecook.com\/wp-content\/uploads\/2024\/06\/wholesale-mixing-bowls-3-100x100.webp 100w\" sizes=\"(max-width: 800px) 100vw, 800px\" \/><\/figure>\n<\/div>\n\n\n\n<div class=\"wp-block-column is-layout-flow wp-block-column-is-layout-flow\">\n<figure class=\"wp-block-image size-full\"><img decoding=\"async\" width=\"800\" height=\"800\" src=\"https:\/\/www.purecook.com\/wp-content\/uploads\/2024\/06\/wholesale-mixing-bowls-1.webp\" alt=\"venta al por mayor de boles\" class=\"wp-image-2659\" srcset=\"https:\/\/www.purecook.com\/wp-content\/uploads\/2024\/06\/wholesale-mixing-bowls-1.webp 800w, https:\/\/www.purecook.com\/wp-content\/uploads\/2024\/06\/wholesale-mixing-bowls-1-300x300.webp 300w, https:\/\/www.purecook.com\/wp-content\/uploads\/2024\/06\/wholesale-mixing-bowls-1-150x150.webp 150w, https:\/\/www.purecook.com\/wp-content\/uploads\/2024\/06\/wholesale-mixing-bowls-1-768x768.webp 768w, https:\/\/www.purecook.com\/wp-content\/uploads\/2024\/06\/wholesale-mixing-bowls-1-600x600.webp 600w, https:\/\/www.purecook.com\/wp-content\/uploads\/2024\/06\/wholesale-mixing-bowls-1-100x100.webp 100w\" sizes=\"(max-width: 800px) 100vw, 800px\" \/><\/figure>\n<\/div>\n<\/div>","protected":false},"excerpt":{"rendered":"<p>Purecook es un fabricante de tazones de fuente de mezcla, nosotros provice al por mayor tazones de fuente de mezcla multiusos service.The tiene un colador que hace que sea f\u00e1cil de lavar y filtrar verduras y frutas, rice.Welcome en contacto con nosotros para comprar al por mayor tazones de fuente de mezcla.<\/p>\n<h2>Caracter\u00edsticas y ventajas de los cuencos mezcladores de acero inoxidable<\/h2>\n<p>La exquisita artesan\u00eda hace que no sea f\u00e1cil de oxidar y deformar, f\u00e1cil de llevar, se puede utilizar en la cocina de interior, as\u00ed como en el camping al aire libre.<\/p>\n<p>Fabricado con material de acero inoxidable 304, superficie lisa, f\u00e1cil de limpiar, duradero y con gran capacidad de carga.<\/p>\n<p>Ideal para limpiar utensilios de cocina y recipientes de alimentos, como frutas, verduras u otros alimentos secos de gran tama\u00f1o.<\/p>\n<p>La limpieza de los alimentos es segura y pr\u00e1ctica, y el dise\u00f1o de m\u00faltiples orificios permite un vaciado m\u00e1s suave y eficaz.<\/p>\n<p><strong><a href=\"https:\/\/www.purecook.com\/es\/custom-solution\/\" target=\"_blank\" rel=\"noopener\">Ofrecemos cuencos mezcladores personalizados OEM y ODM.<\/a><\/strong><\/p>\n<p>&nbsp;<\/p>","protected":false},"featured_media":2660,"comment_status":"closed","ping_status":"closed","template":"","meta":{"_acf_changed":false},"product_brand":[],"product_cat":[52,65],"product_tag":[],"class_list":{"0":"post-2658","1":"product","2":"type-product","3":"status-publish","4":"has-post-thumbnail","6":"product_cat-kitchen-utensils","7":"product_cat-kitchen-strainer-and-colander","9":"first","10":"instock","11":"shipping-taxable","12":"product-type-simple"},"acf":[],"_links":{"self":[{"href":"https:\/\/www.purecook.com\/es\/wp-json\/wp\/v2\/product\/2658","targetHints":{"allow":["GET"]}}],"collection":[{"href":"https:\/\/www.purecook.com\/es\/wp-json\/wp\/v2\/product"}],"about":[{"href":"https:\/\/www.purecook.com\/es\/wp-json\/wp\/v2\/types\/product"}],"replies":[{"embeddable":true,"href":"https:\/\/www.purecook.com\/es\/wp-json\/wp\/v2\/comments?post=2658"}],"wp:featuredmedia":[{"embeddable":true,"href":"https:\/\/www.purecook.com\/es\/wp-json\/wp\/v2\/media\/2660"}],"wp:attachment":[{"href":"https:\/\/www.purecook.com\/es\/wp-json\/wp\/v2\/media?parent=2658"}],"wp:term":[{"taxonomy":"product_brand","embeddable":true,"href":"https:\/\/www.purecook.com\/es\/wp-json\/wp\/v2\/product_brand?post=2658"},{"taxonomy":"product_cat","embeddable":true,"href":"https:\/\/www.purecook.com\/es\/wp-json\/wp\/v2\/product_cat?post=2658"},{"taxonomy":"product_tag","embeddable":true,"href":"https:\/\/www.purecook.com\/es\/wp-json\/wp\/v2\/product_tag?post=2658"}],"curies":[{"name":"wp","href":"https:\/\/api.w.org\/{rel}","templated":true}]}}