{"id":2664,"date":"2024-06-24T07:03:20","date_gmt":"2024-06-23T23:03:20","guid":{"rendered":"https:\/\/www.purecook.com\/?post_type=product&#038;p=2664"},"modified":"2024-06-24T07:20:43","modified_gmt":"2024-06-23T23:20:43","slug":"portable-custom-food-storage-containers-with-bag-wholesale","status":"publish","type":"product","link":"https:\/\/www.purecook.com\/es\/product\/portable-custom-food-storage-containers-with-bag-wholesale\/","title":{"rendered":"Envases Port\u00e1tiles Para Conservar Alimentos Con Bolsa Al Por Mayor"},"content":{"rendered":"<div class=\"wp-block-columns is-layout-flex wp-container-core-columns-is-layout-9d6595d7 wp-block-columns-is-layout-flex\">\n<div class=\"wp-block-column is-layout-flow wp-block-column-is-layout-flow\">\n<h3 class=\"wp-block-heading\">Par\u00e1metros de los recipientes para alimentos<\/h3>\n\n\n\n<p>Nombre: Fiambrera port\u00e1til Fiambrera port\u00e1til<br>Material: Acero inoxidable 304+PP<br>Uso: Almacenamiento de alimentos<br>Color: Azul, Beige, Marr\u00f3n<br>Tapa: Tapa de pl\u00e1stico<br>Logotipo: Logotipo personalizable<br>Capacidad 420ml\/620ml; 14\/21 oz.<br>Caracter\u00edsticas: Port\u00e1til<br>420ml: 10,5\u00d76cm 620ml: 10,5\u00d78,5cm<br>Bolsa aislante cuadrada: 24,5\u00d714,5\u00d714 cm<br>Bolsa aislante cil\u00edndrica: 14\u00d714,5cm<\/p>\n\n\n\n<p><br>MOQ: 1000 piezas<\/p>\n<\/div>\n\n\n\n<div class=\"wp-block-column is-layout-flow wp-block-column-is-layout-flow\">\n<h3 class=\"wp-block-heading\">Opciones personalizadas de recipientes para alimentos<\/h3>\n\n\n\n<p>Logotipo: personalice el logotipo de su marca<br>Embalaje: caja de color\/cart\u00f3n, etc.<br>MOQ: 1000pcs<br><strong><a href=\"https:\/\/www.purecook.com\/es\/custom-solution\/\" target=\"_blank\" rel=\"noreferrer noopener\">Soluciones OEM y ODM a medida para cubiletes<\/a><\/strong><\/p>\n<\/div>\n<\/div>\n\n\n\n<div class=\"wp-block-columns is-layout-flex wp-container-core-columns-is-layout-9d6595d7 wp-block-columns-is-layout-flex\">\n<div class=\"wp-block-column is-layout-flow wp-block-column-is-layout-flow\">\n<figure class=\"wp-block-image size-full\"><img decoding=\"async\" width=\"800\" height=\"800\" src=\"https:\/\/www.purecook.com\/wp-content\/uploads\/2024\/06\/custom-food-storage-containers-wholesale-1.webp\" alt=\"recipientes personalizados para alimentos al por mayor\" class=\"wp-image-2665\" srcset=\"https:\/\/www.purecook.com\/wp-content\/uploads\/2024\/06\/custom-food-storage-containers-wholesale-1.webp 800w, https:\/\/www.purecook.com\/wp-content\/uploads\/2024\/06\/custom-food-storage-containers-wholesale-1-300x300.webp 300w, https:\/\/www.purecook.com\/wp-content\/uploads\/2024\/06\/custom-food-storage-containers-wholesale-1-150x150.webp 150w, https:\/\/www.purecook.com\/wp-content\/uploads\/2024\/06\/custom-food-storage-containers-wholesale-1-768x768.webp 768w, https:\/\/www.purecook.com\/wp-content\/uploads\/2024\/06\/custom-food-storage-containers-wholesale-1-600x600.webp 600w, https:\/\/www.purecook.com\/wp-content\/uploads\/2024\/06\/custom-food-storage-containers-wholesale-1-100x100.webp 100w\" sizes=\"(max-width: 800px) 100vw, 800px\" \/><\/figure>\n<\/div>\n\n\n\n<div class=\"wp-block-column is-layout-flow wp-block-column-is-layout-flow\">\n<figure class=\"wp-block-image size-full\"><img decoding=\"async\" width=\"800\" height=\"800\" src=\"https:\/\/www.purecook.com\/wp-content\/uploads\/2024\/06\/custom-food-storage-containers-wholesale-2.webp\" alt=\"recipientes personalizados para alimentos al por mayor\" class=\"wp-image-2666\" srcset=\"https:\/\/www.purecook.com\/wp-content\/uploads\/2024\/06\/custom-food-storage-containers-wholesale-2.webp 800w, https:\/\/www.purecook.com\/wp-content\/uploads\/2024\/06\/custom-food-storage-containers-wholesale-2-300x300.webp 300w, https:\/\/www.purecook.com\/wp-content\/uploads\/2024\/06\/custom-food-storage-containers-wholesale-2-150x150.webp 150w, https:\/\/www.purecook.com\/wp-content\/uploads\/2024\/06\/custom-food-storage-containers-wholesale-2-768x768.webp 768w, https:\/\/www.purecook.com\/wp-content\/uploads\/2024\/06\/custom-food-storage-containers-wholesale-2-600x600.webp 600w, https:\/\/www.purecook.com\/wp-content\/uploads\/2024\/06\/custom-food-storage-containers-wholesale-2-100x100.webp 100w\" sizes=\"(max-width: 800px) 100vw, 800px\" \/><\/figure>\n<\/div>\n<\/div>","protected":false},"excerpt":{"rendered":"<p>Purecook es un fabricante de contenedores de almacenamiento de alimentos, nuestro contenedor de almacenamiento de alimentos est\u00e1 hecho de acero inoxidable de alta calidad, f\u00e1cil de limpiar y duradero, dise\u00f1o ligero, con una peque\u00f1a mochila con estilo, m\u00e1s conveniente para llevar, la tapa es muy buen sellado, no tendr\u00e1 fugas, ofrecemos servicios de contenedores de almacenamiento de alimentos al por mayor, y proporcionar soluciones personalizadas de contenedores de almacenamiento de alimentos, bienvenido a comprar, por favor no dude en contactar con nosotros.<\/p>\n<h2>Caracter\u00edsticas y ventajas del contenedor de alimentos<\/h2>\n<p><strong>Material de alta calidad<\/strong>: Fabricado en acero inoxidable sus304, robusto y resistente a la corrosi\u00f3n, garantizando la seguridad alimentaria y libre de contaminaci\u00f3n, de larga duraci\u00f3n.<\/p>\n<p><strong>Opciones multicapacidad<\/strong>: Proporcionan opciones de capacidad de 14 oz y 21 oz para satisfacer diferentes necesidades de almacenamiento de alimentos y adaptarse a diversos escenarios de actividades al aire libre.<\/p>\n<p><strong>Dise\u00f1o port\u00e1til<\/strong>: Ligero y f\u00e1cil de llevar, dise\u00f1ado para fiestas al aire libre, camping y comida para llevar, viene con una bolsa port\u00e1til para facilitar el transporte, por lo que es f\u00e1cil de llevar comida con usted dondequiera que vaya.<\/p>\n<p><strong>Buen rendimiento de sellado:<\/strong> Cada caja de almacenamiento de alimentos est\u00e1 equipada con una tapa de cierre herm\u00e9tico para garantizar la frescura y la ausencia de fugas de alimentos, evitando que los olores se mezclen y manteniendo el sabor original de los alimentos.<\/p>\n<p><strong>Estilo japon\u00e9s<\/strong>: El dise\u00f1o japon\u00e9s sencillo y estilizado con aspecto elegante es a la vez pr\u00e1ctico y est\u00e9ticamente agradable, lo que mejora la experiencia de comer y es el punto culminante de las actividades al aire libre.<\/p>\n<p><strong>Uso multifuncional<\/strong>: No s\u00f3lo es adecuado para actividades al aire libre, sino tambi\u00e9n para el uso diario, como el almuerzo de la oficina, la lonchera de la escuela, el almacenamiento en el hogar, etc., una amplia gama de usos.<\/p>\n<p><strong>F\u00e1cil de limpiar<\/strong>: Material de acero inoxidable hace que la limpieza sea m\u00e1s conveniente, resistente a las manchas, no es f\u00e1cil dejar residuos de comida, lavar a mano o en el lavavajillas puede ser, ahorrar tiempo y mano de obra.<\/p>\n<p><strong>Respetuoso con el medio ambiente y saludable<\/strong>: Libre de sustancias nocivas, garantiza que los alimentos permanezcan sanos y seguros durante su almacenamiento, ideal para la protecci\u00f3n del medio ambiente y una vida sana.<\/p>\n<p><strong><a href=\"https:\/\/www.purecook.com\/es\/custom-solution\/\" target=\"_blank\" rel=\"noopener\">Ofrecemos recipientes de almacenamiento de alimentos personalizados OEM y ODM.<\/a><\/strong><\/p>\n<p>&nbsp;<\/p>","protected":false},"featured_media":2667,"comment_status":"closed","ping_status":"closed","template":"","meta":{"_acf_changed":false},"product_brand":[],"product_cat":[51,25],"product_tag":[],"class_list":{"0":"post-2664","1":"product","2":"type-product","3":"status-publish","4":"has-post-thumbnail","6":"product_cat-dinnerware","7":"product_cat-food-storage","9":"first","10":"instock","11":"shipping-taxable","12":"product-type-simple"},"acf":[],"_links":{"self":[{"href":"https:\/\/www.purecook.com\/es\/wp-json\/wp\/v2\/product\/2664","targetHints":{"allow":["GET"]}}],"collection":[{"href":"https:\/\/www.purecook.com\/es\/wp-json\/wp\/v2\/product"}],"about":[{"href":"https:\/\/www.purecook.com\/es\/wp-json\/wp\/v2\/types\/product"}],"replies":[{"embeddable":true,"href":"https:\/\/www.purecook.com\/es\/wp-json\/wp\/v2\/comments?post=2664"}],"wp:featuredmedia":[{"embeddable":true,"href":"https:\/\/www.purecook.com\/es\/wp-json\/wp\/v2\/media\/2667"}],"wp:attachment":[{"href":"https:\/\/www.purecook.com\/es\/wp-json\/wp\/v2\/media?parent=2664"}],"wp:term":[{"taxonomy":"product_brand","embeddable":true,"href":"https:\/\/www.purecook.com\/es\/wp-json\/wp\/v2\/product_brand?post=2664"},{"taxonomy":"product_cat","embeddable":true,"href":"https:\/\/www.purecook.com\/es\/wp-json\/wp\/v2\/product_cat?post=2664"},{"taxonomy":"product_tag","embeddable":true,"href":"https:\/\/www.purecook.com\/es\/wp-json\/wp\/v2\/product_tag?post=2664"}],"curies":[{"name":"wp","href":"https:\/\/api.w.org\/{rel}","templated":true}]}}