{"id":2669,"date":"2024-06-24T07:14:10","date_gmt":"2024-06-23T23:14:10","guid":{"rendered":"https:\/\/www.purecook.com\/?post_type=product&#038;p=2669"},"modified":"2024-11-04T09:55:20","modified_gmt":"2024-11-04T01:55:20","slug":"wholesale-custom-stainless-steel-salad-bowls-gold-or-silver","status":"publish","type":"product","link":"https:\/\/www.purecook.com\/es\/product\/wholesale-custom-stainless-steel-salad-bowls-gold-or-silver\/","title":{"rendered":"Mayorista Ensaladeras de Acero Inoxidable: Oro\/Plata"},"content":{"rendered":"<div class=\"wp-block-columns is-layout-flex wp-container-core-columns-is-layout-9d6595d7 wp-block-columns-is-layout-flex\">\n<div class=\"wp-block-column is-layout-flow wp-block-column-is-layout-flow\">\n<h3 class=\"wp-block-heading\">Par\u00e1metros de las ensaladeras de acero inoxidable<\/h3>\n\n\n\n<p>Tipo de vajilla: Ensaladera<br>N\u00famero de modelo: MVB<br>Color Plata\/Oro<br>Tama\u00f1o: 3<br>Embalaje Bolsa PP + cart\u00f3n exterior<br>Superficie mate<br>Tipo de material Acero inoxidable<br>Unidad de venta: M\u00faltiplo de 60 unidades<br>PaqueteTama\u00f1o: 49X45X46cm \/ cajas<br>GW: 31kg\/60\/pcs<br>MOQ 60pcs<\/p>\n<\/div>\n\n\n\n<div class=\"wp-block-column is-layout-flow wp-block-column-is-layout-flow\">\n<h3 class=\"wp-block-heading\">Opciones de ensaladeras personalizadas<\/h3>\n\n\n\n<p>Logotipo: personalice el logotipo de su marca<br>Embalaje: caja de color\/cart\u00f3n, etc.<br>Cantidad m\u00ednima: 300 unidades<br><strong><a href=\"https:\/\/www.purecook.com\/es\/custom-solution\/\" target=\"_blank\" rel=\"noreferrer noopener\">Soluciones de ensaladeras personalizadas OEM y ODM<\/a><\/strong><\/p>\n<\/div>\n<\/div>\n\n\n\n<div class=\"wp-block-columns is-layout-flex wp-container-core-columns-is-layout-9d6595d7 wp-block-columns-is-layout-flex\">\n<div class=\"wp-block-column is-layout-flow wp-block-column-is-layout-flow\">\n<figure class=\"wp-block-image size-full\"><img decoding=\"async\" width=\"800\" height=\"800\" src=\"https:\/\/www.purecook.com\/wp-content\/uploads\/2024\/06\/custom-salad-bowl-wholesale-4.webp\" alt=\"ensaladera personalizada al por mayor \" class=\"wp-image-2675\" srcset=\"https:\/\/www.purecook.com\/wp-content\/uploads\/2024\/06\/custom-salad-bowl-wholesale-4.webp 800w, https:\/\/www.purecook.com\/wp-content\/uploads\/2024\/06\/custom-salad-bowl-wholesale-4-300x300.webp 300w, https:\/\/www.purecook.com\/wp-content\/uploads\/2024\/06\/custom-salad-bowl-wholesale-4-150x150.webp 150w, https:\/\/www.purecook.com\/wp-content\/uploads\/2024\/06\/custom-salad-bowl-wholesale-4-768x768.webp 768w, https:\/\/www.purecook.com\/wp-content\/uploads\/2024\/06\/custom-salad-bowl-wholesale-4-600x600.webp 600w, https:\/\/www.purecook.com\/wp-content\/uploads\/2024\/06\/custom-salad-bowl-wholesale-4-100x100.webp 100w\" sizes=\"(max-width: 800px) 100vw, 800px\" \/><\/figure>\n<\/div>\n\n\n\n<div class=\"wp-block-column is-layout-flow wp-block-column-is-layout-flow\">\n<figure class=\"wp-block-image size-full\"><img decoding=\"async\" width=\"800\" height=\"800\" src=\"https:\/\/www.purecook.com\/wp-content\/uploads\/2024\/06\/custom-salad-bowl-wholesale-2.webp\" alt=\"ensaladera personalizada al por mayor\" class=\"wp-image-2673\" srcset=\"https:\/\/www.purecook.com\/wp-content\/uploads\/2024\/06\/custom-salad-bowl-wholesale-2.webp 800w, https:\/\/www.purecook.com\/wp-content\/uploads\/2024\/06\/custom-salad-bowl-wholesale-2-300x300.webp 300w, https:\/\/www.purecook.com\/wp-content\/uploads\/2024\/06\/custom-salad-bowl-wholesale-2-150x150.webp 150w, https:\/\/www.purecook.com\/wp-content\/uploads\/2024\/06\/custom-salad-bowl-wholesale-2-768x768.webp 768w, https:\/\/www.purecook.com\/wp-content\/uploads\/2024\/06\/custom-salad-bowl-wholesale-2-600x600.webp 600w, https:\/\/www.purecook.com\/wp-content\/uploads\/2024\/06\/custom-salad-bowl-wholesale-2-100x100.webp 100w\" sizes=\"(max-width: 800px) 100vw, 800px\" \/><\/figure>\n<\/div>\n<\/div>","protected":false},"excerpt":{"rendered":"<p>Purecook es un fabricante de ensaladeras de acero inoxidable, ofrecemos ensaladeras al por mayor. Las ensaladeras tienen un asa port\u00e1til, f\u00e1cil de llevar, adecuadas para fiestas, picnics, camping, hechas de acero inoxidable de alta calidad, muy duraderas. Si lo necesita, le ofreceremos una soluci\u00f3n de ensaladeras personalizadas. No dude en ponerse en contacto con nosotros.<\/p>\n<h2>Caracter\u00edsticas y ventajas de la ensaladera de acero inoxidable<\/h2>\n<p><strong>Acero inoxidable de alta calidad:<\/strong> Fabricado con material de acero inoxidable de alta calidad, robusto y duradero, resistente al \u00f3xido y a la corrosi\u00f3n para garantizar un uso prolongado sin deformaciones, f\u00e1cil de limpiar, adecuado para diversas ocasiones.<\/p>\n<p><strong>Uso multifuncional:<\/strong> Adecuado para contener vino, comida, arroz, frutas, ramen, sopa, ensalada, etc. Para satisfacer sus diferentes necesidades de comedor, ideal para actividades familiares y al aire libre.<\/p>\n<p><strong>Dise\u00f1o a la moda:<\/strong> Dos opciones de color cl\u00e1sico de oro y plata, aspecto elegante y generoso, mejorar la experiencia de comer, adecuado para diversas ocasiones.<\/p>\n<p><strong>Asa port\u00e1til:<\/strong> Equipado con un dise\u00f1o de asa c\u00f3moda, f\u00e1cil de llevar y usar, especialmente adecuado para actividades al aire libre, camping y viajes, disfrutar de su comida con facilidad.<\/p>\n<p><strong>Ligero y port\u00e1til:<\/strong> Dise\u00f1o ligero, f\u00e1cil de llevar, adecuado para viajes, picnics, camping y otras actividades al aire libre, ideal para sus viajes.<\/p>\n<p><strong>Saludable y seguro:<\/strong> Hecho de material de acero inoxidable de calidad alimentaria, sin sustancias nocivas, garantizar la seguridad alimentaria, el resto de uso garantizado.<\/p>\n<p><strong>F\u00e1cil de limpiar:<\/strong> Dise\u00f1o de superficie lisa para evitar residuos de comida, f\u00e1cil de limpiar, lavable a mano o en lavavajillas, ahorra tiempo y trabajo.<\/p>\n<p>Dise\u00f1o multiusos: No s\u00f3lo para el uso diario en el hogar, sino tambi\u00e9n adecuado para actividades al aire libre, picnics, camping y otras ocasiones, practicidad.<\/p>\n<p><strong><a href=\"https:\/\/www.purecook.com\/es\/custom-solution\/\" target=\"_blank\" rel=\"noopener\">Ofrecemos ensaladeras personalizadas OEM y ODM.<\/a><\/strong><\/p>\n<p>&nbsp;<\/p>","protected":false},"featured_media":2674,"comment_status":"closed","ping_status":"closed","template":"","meta":{"_acf_changed":false},"product_brand":[],"product_cat":[51,54],"product_tag":[],"class_list":{"0":"post-2669","1":"product","2":"type-product","3":"status-publish","4":"has-post-thumbnail","6":"product_cat-dinnerware","7":"product_cat-stainless-steel-bowl","9":"first","10":"instock","11":"shipping-taxable","12":"product-type-simple"},"acf":[],"_links":{"self":[{"href":"https:\/\/www.purecook.com\/es\/wp-json\/wp\/v2\/product\/2669","targetHints":{"allow":["GET"]}}],"collection":[{"href":"https:\/\/www.purecook.com\/es\/wp-json\/wp\/v2\/product"}],"about":[{"href":"https:\/\/www.purecook.com\/es\/wp-json\/wp\/v2\/types\/product"}],"replies":[{"embeddable":true,"href":"https:\/\/www.purecook.com\/es\/wp-json\/wp\/v2\/comments?post=2669"}],"wp:featuredmedia":[{"embeddable":true,"href":"https:\/\/www.purecook.com\/es\/wp-json\/wp\/v2\/media\/2674"}],"wp:attachment":[{"href":"https:\/\/www.purecook.com\/es\/wp-json\/wp\/v2\/media?parent=2669"}],"wp:term":[{"taxonomy":"product_brand","embeddable":true,"href":"https:\/\/www.purecook.com\/es\/wp-json\/wp\/v2\/product_brand?post=2669"},{"taxonomy":"product_cat","embeddable":true,"href":"https:\/\/www.purecook.com\/es\/wp-json\/wp\/v2\/product_cat?post=2669"},{"taxonomy":"product_tag","embeddable":true,"href":"https:\/\/www.purecook.com\/es\/wp-json\/wp\/v2\/product_tag?post=2669"}],"curies":[{"name":"wp","href":"https:\/\/api.w.org\/{rel}","templated":true}]}}