{"id":3032,"date":"2024-09-21T14:05:05","date_gmt":"2024-09-21T01:42:50","guid":{"rendered":"https:\/\/www.purecook.com\/?post_type=product&#038;p=3032"},"modified":"2025-11-24T15:04:10","modified_gmt":"2025-11-24T07:04:10","slug":"wholesale-tri-ply-stainless-steel-roasting-pan-with-double-ear","status":"publish","type":"product","link":"https:\/\/www.purecook.com\/es\/product\/wholesale-tri-ply-stainless-steel-roasting-pan-with-double-ear\/","title":{"rendered":"Mayorista Sart\u00e9n de Acero Inoxidable con Doble Oreja: Puede sostener f\u00e1cilmente un pollo asado entero"},"content":{"rendered":"<div class=\"wp-block-columns is-layout-flex wp-container-core-columns-is-layout-9d6595d7 wp-block-columns-is-layout-flex\">\n<div class=\"wp-block-column is-layout-flow wp-block-column-is-layout-flow\">\n<h3 class=\"wp-block-heading\">Par\u00e1metros de la bandeja de asar de acero inoxidable<\/h3>\n\n\n\n<p>N\u00famero de modelo: HH-016<br>Material:Acero de triple capa(SUS304+Aluminio+SUS430)<br>Grosor normal: 2,3 mm<br>Tama\u00f1o:36*23*5,5 cm<br>Peso:2.0kg<br>Logotipo: Grabado l\u00e1ser\/Sello en relieve<br>MOQ\uff1a1000 piezas<\/p>\n<\/div>\n\n\n\n<div class=\"wp-block-column is-layout-flow wp-block-column-is-layout-flow\">\n<h3 class=\"wp-block-heading\">Asadera de acero inoxidable a medida pptions<\/h3>\n\n\n\n<p>Logotipo: personalice el logotipo de su marca<br>Material: Acero de triple capa(SUS304+Aluminio+SUS430)\/Acero de triple capa(SUS201+Aluminio+SUS430\uff09<br>Grosor del material\uff1a2,3 mm<br>Material del asa: Material<br>Tratamiento de la superficie de contacto:Sin recubrimiento\/recubrimiento antiadherente<br>Embalaje: caja de color\/cart\u00f3n, etc.<br><strong><a href=\"https:\/\/www.purecook.com\/es\/custom-solution\/\" target=\"_blank\" rel=\"noreferrer noopener\">OEM &amp; ODM Sart\u00e9n de asar de doble oreja de acero triple a medidaSoluciones de plancha<\/a><\/strong><\/p>\n<\/div>\n<\/div>\n\n\n\n<div class=\"wp-block-columns is-layout-flex wp-container-core-columns-is-layout-9d6595d7 wp-block-columns-is-layout-flex\">\n<div class=\"wp-block-column is-layout-flow wp-block-column-is-layout-flow\">\n<figure class=\"wp-block-image size-full\"><img decoding=\"async\" width=\"800\" height=\"800\" src=\"https:\/\/www.purecook.com\/wp-content\/uploads\/2024\/09\/Square-Baking-Pan-6.webp\" alt=\"Molde cuadrado triple de acero inoxidable con dos orejas\" class=\"wp-image-3038\" srcset=\"https:\/\/www.purecook.com\/wp-content\/uploads\/2024\/09\/Square-Baking-Pan-6.webp 800w, https:\/\/www.purecook.com\/wp-content\/uploads\/2024\/09\/Square-Baking-Pan-6-300x300.webp 300w, https:\/\/www.purecook.com\/wp-content\/uploads\/2024\/09\/Square-Baking-Pan-6-150x150.webp 150w, https:\/\/www.purecook.com\/wp-content\/uploads\/2024\/09\/Square-Baking-Pan-6-768x768.webp 768w, https:\/\/www.purecook.com\/wp-content\/uploads\/2024\/09\/Square-Baking-Pan-6-12x12.webp 12w, https:\/\/www.purecook.com\/wp-content\/uploads\/2024\/09\/Square-Baking-Pan-6-600x600.webp 600w, https:\/\/www.purecook.com\/wp-content\/uploads\/2024\/09\/Square-Baking-Pan-6-100x100.webp 100w\" sizes=\"(max-width: 800px) 100vw, 800px\" \/><\/figure>\n<\/div>\n\n\n\n<div class=\"wp-block-column is-layout-flow wp-block-column-is-layout-flow\">\n<figure class=\"wp-block-image size-full\"><img decoding=\"async\" width=\"800\" height=\"800\" src=\"https:\/\/www.purecook.com\/wp-content\/uploads\/2024\/09\/Square-Baking-Pan-3.webp\" alt=\"Molde cuadrado triple de acero inoxidable con dos orejas\" class=\"wp-image-3035\" srcset=\"https:\/\/www.purecook.com\/wp-content\/uploads\/2024\/09\/Square-Baking-Pan-3.webp 800w, https:\/\/www.purecook.com\/wp-content\/uploads\/2024\/09\/Square-Baking-Pan-3-300x300.webp 300w, https:\/\/www.purecook.com\/wp-content\/uploads\/2024\/09\/Square-Baking-Pan-3-150x150.webp 150w, https:\/\/www.purecook.com\/wp-content\/uploads\/2024\/09\/Square-Baking-Pan-3-768x768.webp 768w, https:\/\/www.purecook.com\/wp-content\/uploads\/2024\/09\/Square-Baking-Pan-3-12x12.webp 12w, https:\/\/www.purecook.com\/wp-content\/uploads\/2024\/09\/Square-Baking-Pan-3-600x600.webp 600w, https:\/\/www.purecook.com\/wp-content\/uploads\/2024\/09\/Square-Baking-Pan-3-100x100.webp 100w\" sizes=\"(max-width: 800px) 100vw, 800px\" \/><\/figure>\n<\/div>\n<\/div>","protected":false},"excerpt":{"rendered":"<p>Sart\u00e9n para asar de acero inoxidable profesional al por mayor, la sart\u00e9n para asar de alta calidad est\u00e1 hecha de acero inoxidable de triple capa de alta calidad (SUS304+Aluminio+SUS430), respetuoso con el medio ambiente y sin recubrimiento, y el mango est\u00e1 hecho de asas de acero inoxidable forjado engrosado para un agarre c\u00f3modo y una durabilidad resistente. Como fabricante mayorista profesional de utensilios para hornear, Purecook ofrece asaderas de alta calidad para satisfacer las necesidades de las cocinas profesionales. Adem\u00e1s, ofrecemos asar sartenes para distribuidores, escuelas y empresas en la f\u00e1brica price.OEM &amp; ODM son welcome.If usted est\u00e1 encontrando a granel asar sart\u00e9n u otros productos de panader\u00eda, por favor p\u00f3ngase en contacto con nosotros ahora.<\/p>\n<h2><strong><b>Caracter\u00edsticas y ventajas de la bandeja de asar <\/b><\/strong><\/h2>\n<p>*<strong>Material de alta calidad<\/strong>: La sart\u00e9n para asar est\u00e1 hecha de acero inoxidable de tres capas de alto grado (sus304+aluminio+sus430), la superficie est\u00e1 delicadamente pulida, lo que es seguro para el contacto con diversos alimentos. El mango est\u00e1 soldado, sin marcas de remaches en el interior de la sart\u00e9n, m\u00e1s duradero en general.<\/p>\n<p>*<strong>Dise\u00f1o Xlarge<\/strong>: Esta bandeja de asar de acero inoxidable est\u00e1 dise\u00f1ada con un tama\u00f1o que le permite hacer frente f\u00e1cilmente a la cocci\u00f3n de pollo asado de Navidad y otros alimentos diversos.<\/p>\n<p>*<strong>Apto para todo tipo de estufas<\/strong>: El cuerpo principal de la asadera es de acero inoxidable tricapa, que puede utilizarse con cocinas de inducci\u00f3n.<br \/>y puede adaptarse a diferentes m\u00e9todos de calentamiento, como estufa de gas, llama abierta, inducci\u00f3n, estufas el\u00e9ctricas de cer\u00e1mica, etc.<\/p>\n<p>*<strong>Abundantes opciones de personalizaci\u00f3n<\/strong>: Proporcionar servicio de asador personalizado, el estilo del cuerpo, el material del cuerpo, el material del mango, el logotipo externo, el estilo de embalaje del asador se puede personalizar.<\/p>\n<p><strong><a href=\"https:\/\/www.purecook.com\/es\/custom-solution\/\" target=\"_blank\" rel=\"noopener\">*Purecook ofrece soluciones de reposter\u00eda personalizadas OEM y ODM.<\/a><\/strong><\/p>\n<p>&nbsp;<\/p>","protected":false},"featured_media":3033,"comment_status":"closed","ping_status":"closed","template":"","meta":{"_acf_changed":false},"product_brand":[],"product_cat":[27,106],"product_tag":[],"class_list":{"0":"post-3032","1":"product","2":"type-product","3":"status-publish","4":"has-post-thumbnail","6":"product_cat-bakeware","7":"product_cat-roasting-pan","9":"first","10":"instock","11":"shipping-taxable","12":"product-type-simple"},"acf":[],"_links":{"self":[{"href":"https:\/\/www.purecook.com\/es\/wp-json\/wp\/v2\/product\/3032","targetHints":{"allow":["GET"]}}],"collection":[{"href":"https:\/\/www.purecook.com\/es\/wp-json\/wp\/v2\/product"}],"about":[{"href":"https:\/\/www.purecook.com\/es\/wp-json\/wp\/v2\/types\/product"}],"replies":[{"embeddable":true,"href":"https:\/\/www.purecook.com\/es\/wp-json\/wp\/v2\/comments?post=3032"}],"wp:featuredmedia":[{"embeddable":true,"href":"https:\/\/www.purecook.com\/es\/wp-json\/wp\/v2\/media\/3033"}],"wp:attachment":[{"href":"https:\/\/www.purecook.com\/es\/wp-json\/wp\/v2\/media?parent=3032"}],"wp:term":[{"taxonomy":"product_brand","embeddable":true,"href":"https:\/\/www.purecook.com\/es\/wp-json\/wp\/v2\/product_brand?post=3032"},{"taxonomy":"product_cat","embeddable":true,"href":"https:\/\/www.purecook.com\/es\/wp-json\/wp\/v2\/product_cat?post=3032"},{"taxonomy":"product_tag","embeddable":true,"href":"https:\/\/www.purecook.com\/es\/wp-json\/wp\/v2\/product_tag?post=3032"}],"curies":[{"name":"wp","href":"https:\/\/api.w.org\/{rel}","templated":true}]}}