{"id":3133,"date":"2024-10-12T16:29:59","date_gmt":"2024-10-12T05:31:08","guid":{"rendered":"https:\/\/www.purecook.com\/?post_type=product&#038;p=3133"},"modified":"2024-11-04T10:30:52","modified_gmt":"2024-11-04T02:30:52","slug":"wholesale-anti-scald-stainless-steel-bowls","status":"publish","type":"product","link":"https:\/\/www.purecook.com\/es\/product\/wholesale-anti-scald-stainless-steel-bowls\/","title":{"rendered":"Venta al por mayor de cuencos de acero inoxidable, dise\u00f1o antiquemaduras de doble capa al vac\u00edo: M\u00faltiples opciones de acabado para personalizar"},"content":{"rendered":"<div class=\"wp-block-columns is-layout-flex wp-container-core-columns-is-layout-9d6595d7 wp-block-columns-is-layout-flex\">\n<div class=\"wp-block-column is-layout-flow wp-block-column-is-layout-flow\">\n<h3 class=\"wp-block-heading\"><strong>Par\u00e1metros de la cuba de acero inoxidable<\/strong><\/h3>\n\n\n\n<p><strong>N\u00famero de modelo<\/strong>:YX-003<br><strong>Material<\/strong>: Acero inoxidable 304<br><strong>Talla<\/strong>:16-26cm<br><strong>Logotipo<\/strong>: Grabado l\u00e1ser\/Sello en relieve<br><strong>MOQ<\/strong>\uff1a1000 unidades<\/p>\n<\/div>\n\n\n\n<div class=\"wp-block-column is-layout-flow wp-block-column-is-layout-flow\">\n<h3 class=\"wp-block-heading\"><strong>Bol de acero inoxidable a medida<\/strong><strong style=\"color: revert; font-size: revert;\"> Opciones<\/strong><\/h3>\n\n\n\n<p><strong>Logotipo<\/strong>Personalice el logotipo de su marca<br><strong>Material<\/strong>: Acero inoxidable SUS304\/SUS201<br><strong>Paquete<\/strong>Caja de color, etc.<br><a href=\"https:\/\/www.purecook.com\/es\/custom-solution\/\" target=\"_blank\" rel=\"noopener\"><u>Soluciones de cuencos personalizadas OEM y ODM<\/u><\/a><\/p>\n<\/div>\n<\/div>\n\n\n\n<div class=\"wp-block-columns is-layout-flex wp-container-core-columns-is-layout-9d6595d7 wp-block-columns-is-layout-flex\">\n<div class=\"wp-block-column is-layout-flow wp-block-column-is-layout-flow\">\n<figure class=\"wp-block-image size-full\"><img decoding=\"async\" width=\"800\" height=\"800\" src=\"https:\/\/www.purecook.com\/wp-content\/uploads\/2024\/10\/Vacuum-Double-Layer-Anti-Scald-Bowl-5.webp\" alt=\"Cubeta antiescaldamiento de doble capa al vac\u00edo\" class=\"wp-image-3138\" srcset=\"https:\/\/www.purecook.com\/wp-content\/uploads\/2024\/10\/Vacuum-Double-Layer-Anti-Scald-Bowl-5.webp 800w, https:\/\/www.purecook.com\/wp-content\/uploads\/2024\/10\/Vacuum-Double-Layer-Anti-Scald-Bowl-5-300x300.webp 300w, https:\/\/www.purecook.com\/wp-content\/uploads\/2024\/10\/Vacuum-Double-Layer-Anti-Scald-Bowl-5-150x150.webp 150w, https:\/\/www.purecook.com\/wp-content\/uploads\/2024\/10\/Vacuum-Double-Layer-Anti-Scald-Bowl-5-768x768.webp 768w, https:\/\/www.purecook.com\/wp-content\/uploads\/2024\/10\/Vacuum-Double-Layer-Anti-Scald-Bowl-5-12x12.webp 12w, https:\/\/www.purecook.com\/wp-content\/uploads\/2024\/10\/Vacuum-Double-Layer-Anti-Scald-Bowl-5-600x600.webp 600w, https:\/\/www.purecook.com\/wp-content\/uploads\/2024\/10\/Vacuum-Double-Layer-Anti-Scald-Bowl-5-100x100.webp 100w\" sizes=\"(max-width: 800px) 100vw, 800px\" \/><figcaption class=\"wp-element-caption\">Cubeta de acero inoxidable antiquemaduras<\/figcaption><\/figure>\n<\/div>\n\n\n\n<div class=\"wp-block-column is-layout-flow wp-block-column-is-layout-flow\">\n<figure class=\"wp-block-image size-full\"><img decoding=\"async\" width=\"800\" height=\"800\" src=\"https:\/\/www.purecook.com\/wp-content\/uploads\/2024\/10\/Vacuum-Double-Layer-Anti-Scald-Bowl-4.webp\" alt=\"Cubeta antiescaldamiento de doble capa al vac\u00edo\" class=\"wp-image-3137\" srcset=\"https:\/\/www.purecook.com\/wp-content\/uploads\/2024\/10\/Vacuum-Double-Layer-Anti-Scald-Bowl-4.webp 800w, https:\/\/www.purecook.com\/wp-content\/uploads\/2024\/10\/Vacuum-Double-Layer-Anti-Scald-Bowl-4-300x300.webp 300w, https:\/\/www.purecook.com\/wp-content\/uploads\/2024\/10\/Vacuum-Double-Layer-Anti-Scald-Bowl-4-150x150.webp 150w, https:\/\/www.purecook.com\/wp-content\/uploads\/2024\/10\/Vacuum-Double-Layer-Anti-Scald-Bowl-4-768x768.webp 768w, https:\/\/www.purecook.com\/wp-content\/uploads\/2024\/10\/Vacuum-Double-Layer-Anti-Scald-Bowl-4-12x12.webp 12w, https:\/\/www.purecook.com\/wp-content\/uploads\/2024\/10\/Vacuum-Double-Layer-Anti-Scald-Bowl-4-600x600.webp 600w, https:\/\/www.purecook.com\/wp-content\/uploads\/2024\/10\/Vacuum-Double-Layer-Anti-Scald-Bowl-4-100x100.webp 100w\" sizes=\"(max-width: 800px) 100vw, 800px\" \/><figcaption class=\"wp-element-caption\">Cubeta de acero inoxidable antiquemaduras<\/figcaption><\/figure>\n<\/div>\n<\/div>","protected":false},"excerpt":{"rendered":"<p>Venta al por mayor de cuencos de acero inoxidable, el cuenco antiquemaduras de doble capa al vac\u00edo de alta calidad fabricado en acero inoxidable 304, disponible en dorado y plateado. Disponemos de varios acabados superficiales, como pulido cepillado, pulido espejo y pulido fino, para satisfacer las diversas necesidades de los clientes. Como proveedor profesional de vajillas, ofrecemos servicios eficientes al por mayor para distribuidores, restaurantes y empresas. P\u00f3ngase en contacto con nosotros para soluciones al por mayor o personalizadas.<\/p>\n<h2><strong><b>Caracter\u00edsticas y ventajas de la cuba de acero inoxidable<\/b><\/strong><\/h2>\n<p><strong>Material seguro<\/strong>: El bol de acero inoxidable a prueba de quemaduras est\u00e1 fabricado en acero inoxidable 304 de calidad alimentaria para garantizar la seguridad en contacto con los alimentos. El dise\u00f1o de doble capa al vac\u00edo evita eficazmente las quemaduras.<\/p>\n<p><strong>Dise\u00f1o de moda<\/strong>: Dise\u00f1o en forma de V, disponible en dorado y plateado, adecuado para varios estilos de mesa.<\/p>\n<p><strong>Diversos tratamientos de superficie<\/strong>: Para este cuenco de acero inoxidable, ofrecemos una variedad de tratamientos de superficie, como pulido cepillado, pulido espejo y pulido fino para satisfacer las necesidades personalizadas.<\/p>\n<p><strong>Escenarios de aplicaci\u00f3n<\/strong>: Adecuado para una gran variedad de ocasiones, como mesas de comedor familiares, buffets de hotel, banquetes de restaurante, etc., se puede utilizar para contener ensaladas y pasta, y tambi\u00e9n es adecuado para platos fr\u00edos como fiambres y frutas.<\/p>\n<p><strong>Servicio de personalizaci\u00f3n flexible<\/strong>: Como fabricante profesional de vajillas de acero inoxidable, ofrecemos servicios de personalizaci\u00f3n OEM y ODM, y podemos personalizar el tipo de cuenco, el tratamiento de la superficie, el logotipo externo y el estilo de embalaje.<\/p>\n<p><a href=\"https:\/\/www.purecook.com\/es\/custom-solution\/\"><u>M\u00e1s informaci\u00f3n sobre el detalle de cubeta de acero inoxidable a medida<\/u><u>.<\/u><\/a><\/p>","protected":false},"featured_media":3135,"comment_status":"closed","ping_status":"closed","template":"","meta":{"_acf_changed":false},"product_brand":[],"product_cat":[51,54],"product_tag":[],"class_list":{"0":"post-3133","1":"product","2":"type-product","3":"status-publish","4":"has-post-thumbnail","6":"product_cat-dinnerware","7":"product_cat-stainless-steel-bowl","9":"first","10":"instock","11":"shipping-taxable","12":"product-type-simple"},"acf":[],"_links":{"self":[{"href":"https:\/\/www.purecook.com\/es\/wp-json\/wp\/v2\/product\/3133","targetHints":{"allow":["GET"]}}],"collection":[{"href":"https:\/\/www.purecook.com\/es\/wp-json\/wp\/v2\/product"}],"about":[{"href":"https:\/\/www.purecook.com\/es\/wp-json\/wp\/v2\/types\/product"}],"replies":[{"embeddable":true,"href":"https:\/\/www.purecook.com\/es\/wp-json\/wp\/v2\/comments?post=3133"}],"wp:featuredmedia":[{"embeddable":true,"href":"https:\/\/www.purecook.com\/es\/wp-json\/wp\/v2\/media\/3135"}],"wp:attachment":[{"href":"https:\/\/www.purecook.com\/es\/wp-json\/wp\/v2\/media?parent=3133"}],"wp:term":[{"taxonomy":"product_brand","embeddable":true,"href":"https:\/\/www.purecook.com\/es\/wp-json\/wp\/v2\/product_brand?post=3133"},{"taxonomy":"product_cat","embeddable":true,"href":"https:\/\/www.purecook.com\/es\/wp-json\/wp\/v2\/product_cat?post=3133"},{"taxonomy":"product_tag","embeddable":true,"href":"https:\/\/www.purecook.com\/es\/wp-json\/wp\/v2\/product_tag?post=3133"}],"curies":[{"name":"wp","href":"https:\/\/api.w.org\/{rel}","templated":true}]}}