{"id":3143,"date":"2024-10-12T13:44:53","date_gmt":"2024-10-12T05:41:31","guid":{"rendered":"https:\/\/www.purecook.com\/?post_type=product&#038;p=3143"},"modified":"2024-10-13T10:39:43","modified_gmt":"2024-10-13T02:39:43","slug":"wholesale-stainless-steel-cutting-board","status":"publish","type":"product","link":"https:\/\/www.purecook.com\/es\/product\/wholesale-stainless-steel-cutting-board\/","title":{"rendered":"Venta al por mayor de acero inoxidable tabla de cortar, profesional antimicrobiano tabla de cortar venta directa de f\u00e1brica"},"content":{"rendered":"<div class=\"wp-block-columns is-layout-flex wp-container-core-columns-is-layout-9d6595d7 wp-block-columns-is-layout-flex\">\n<div class=\"wp-block-column is-layout-flow wp-block-column-is-layout-flow\">\n<h3 class=\"wp-block-heading\"><strong>Par\u00e1metros de la tabla de cortar de acero inoxidable<\/strong><\/h3>\n\n\n\n<p><strong>N\u00famero de modelo<\/strong>: SL2-001<br><strong>Material<\/strong>: Acero inoxidable 304+PP<br><strong>Grosor normal<\/strong>: 1,6 cm<br><strong>Talla<\/strong>:40,5*28 cm<br><strong>Peso<\/strong>:2 kg<br><strong>MOQ<\/strong>\uff1a500 unidades<\/p>\n<\/div>\n\n\n\n<div class=\"wp-block-column is-layout-flow wp-block-column-is-layout-flow\">\n<h3 class=\"wp-block-heading\"><strong>Tabla de cortar personalizada<\/strong><strong style=\"color: revert; font-size: revert;\"> Opciones<\/strong><\/h3>\n\n\n\n<p><strong>Paquete<\/strong>Caja de color, etc.<br><strong>Patr\u00f3n facial PP<\/strong>: Acepta personalizaciones<br><br><a href=\"https:\/\/www.purecook.com\/es\/custom-solution\/\" target=\"_blank\" rel=\"noopener\"><u>Soluciones de tablas de corte personalizadas OEM y ODM<\/u><\/a><\/p>\n<\/div>\n<\/div>\n\n\n\n<div class=\"wp-block-columns is-layout-flex wp-container-core-columns-is-layout-9d6595d7 wp-block-columns-is-layout-flex\">\n<div class=\"wp-block-column is-layout-flow wp-block-column-is-layout-flow\">\n<figure class=\"wp-block-image size-full\"><img decoding=\"async\" width=\"800\" height=\"800\" src=\"https:\/\/www.purecook.com\/wp-content\/uploads\/2024\/10\/Dual-Sided-Antibacterial-Cutting-Board-4.webp\" alt=\"Tabla de cortar antibacteriana de doble cara\" class=\"wp-image-3147\" srcset=\"https:\/\/www.purecook.com\/wp-content\/uploads\/2024\/10\/Dual-Sided-Antibacterial-Cutting-Board-4.webp 800w, https:\/\/www.purecook.com\/wp-content\/uploads\/2024\/10\/Dual-Sided-Antibacterial-Cutting-Board-4-300x300.webp 300w, https:\/\/www.purecook.com\/wp-content\/uploads\/2024\/10\/Dual-Sided-Antibacterial-Cutting-Board-4-150x150.webp 150w, https:\/\/www.purecook.com\/wp-content\/uploads\/2024\/10\/Dual-Sided-Antibacterial-Cutting-Board-4-768x768.webp 768w, https:\/\/www.purecook.com\/wp-content\/uploads\/2024\/10\/Dual-Sided-Antibacterial-Cutting-Board-4-12x12.webp 12w, https:\/\/www.purecook.com\/wp-content\/uploads\/2024\/10\/Dual-Sided-Antibacterial-Cutting-Board-4-600x600.webp 600w, https:\/\/www.purecook.com\/wp-content\/uploads\/2024\/10\/Dual-Sided-Antibacterial-Cutting-Board-4-100x100.webp 100w\" sizes=\"(max-width: 800px) 100vw, 800px\" \/><figcaption class=\"wp-element-caption\">Tabla de cortar antibacteriana de doble cara<\/figcaption><\/figure>\n<\/div>\n\n\n\n<div class=\"wp-block-column is-layout-flow wp-block-column-is-layout-flow\">\n<figure class=\"wp-block-image size-full\"><img decoding=\"async\" width=\"800\" height=\"800\" src=\"https:\/\/www.purecook.com\/wp-content\/uploads\/2024\/10\/Dual-Sided-Antibacterial-Cutting-Board-1.webp\" alt=\"Tabla de cortar antibacteriana de doble cara\" class=\"wp-image-3144\" srcset=\"https:\/\/www.purecook.com\/wp-content\/uploads\/2024\/10\/Dual-Sided-Antibacterial-Cutting-Board-1.webp 800w, https:\/\/www.purecook.com\/wp-content\/uploads\/2024\/10\/Dual-Sided-Antibacterial-Cutting-Board-1-300x300.webp 300w, https:\/\/www.purecook.com\/wp-content\/uploads\/2024\/10\/Dual-Sided-Antibacterial-Cutting-Board-1-150x150.webp 150w, https:\/\/www.purecook.com\/wp-content\/uploads\/2024\/10\/Dual-Sided-Antibacterial-Cutting-Board-1-768x768.webp 768w, https:\/\/www.purecook.com\/wp-content\/uploads\/2024\/10\/Dual-Sided-Antibacterial-Cutting-Board-1-12x12.webp 12w, https:\/\/www.purecook.com\/wp-content\/uploads\/2024\/10\/Dual-Sided-Antibacterial-Cutting-Board-1-600x600.webp 600w, https:\/\/www.purecook.com\/wp-content\/uploads\/2024\/10\/Dual-Sided-Antibacterial-Cutting-Board-1-100x100.webp 100w\" sizes=\"(max-width: 800px) 100vw, 800px\" \/><figcaption class=\"wp-element-caption\">Tabla de cortar antibacteriana de doble cara<\/figcaption><\/figure>\n<\/div>\n<\/div>","protected":false},"excerpt":{"rendered":"<p>Esta tabla de cortar est\u00e1 fabricada con acero inoxidable 304 y materiales de PP, lo que garantiza una seguridad alimentaria de alta calidad. Su gran tama\u00f1o es perfecto para la manipulaci\u00f3n de diversos ingredientes, y la caracter\u00edstica colgable permite un f\u00e1cil almacenamiento. Esta tabla de cortar antibacteriana es muy adecuada para cocinas dom\u00e9sticas, hosteler\u00eda y otras ocasiones.Purecook, fabricante profesional de utensilios de cocina, ofrecemos servicios eficientes al por mayor para distribuidores, restaurantes y hogares. P\u00f3ngase en contacto con nosotros para soluciones al por mayor o personalizadas.<\/p>\n<h2><strong><b>Caracter\u00edsticas y ventajas de la tabla de corte<\/b><\/strong><\/h2>\n<p><strong>Dise\u00f1o de doble cara<\/strong>: Combina acero inoxidable 304 y material PP, con un lado para carnes y el otro para frutas y verduras, garantizando la higiene.<\/p>\n<p><strong>Material antibacteriano<\/strong>: La tabla de cortar est\u00e1 fabricada con materiales aptos para uso alimentario, que ofrecen excelentes propiedades antibacterianas para garantizar la seguridad del contacto con los alimentos.<\/p>\n<p><strong>Dise\u00f1o de gran tama\u00f1o<\/strong>: Proporciona un amplio espacio de corte, adecuado para manipular diversos ingredientes.<\/p>\n<p><strong>C\u00f3modo colgado<\/strong>: Equipado con un orificio para colgar que facilita el almacenamiento en la cocina y ahorra espacio.<\/p>\n<p><strong>Servicio de personalizaci\u00f3n<\/strong>: Ofrece servicios de personalizaci\u00f3n OEM y ODM para satisfacer las diversas necesidades de los clientes.<\/p>\n<p><a href=\"https:\/\/www.purecook.com\/es\/custom-solution\/\"><u>M\u00e1s informaci\u00f3n sobre la personalizaci\u00f3n<\/u><u> Detalle de la tabla de cortar<\/u><u>.<\/u><\/a><\/p>\n<p>&nbsp;<\/p>\n<p>&nbsp;<\/p>","protected":false},"featured_media":3146,"comment_status":"closed","ping_status":"closed","template":"","meta":{"_acf_changed":false},"product_brand":[],"product_cat":[67,52],"product_tag":[],"class_list":{"0":"post-3143","1":"product","2":"type-product","3":"status-publish","4":"has-post-thumbnail","6":"product_cat-cutting-board","7":"product_cat-kitchen-utensils","9":"first","10":"instock","11":"shipping-taxable","12":"product-type-simple"},"acf":[],"_links":{"self":[{"href":"https:\/\/www.purecook.com\/es\/wp-json\/wp\/v2\/product\/3143","targetHints":{"allow":["GET"]}}],"collection":[{"href":"https:\/\/www.purecook.com\/es\/wp-json\/wp\/v2\/product"}],"about":[{"href":"https:\/\/www.purecook.com\/es\/wp-json\/wp\/v2\/types\/product"}],"replies":[{"embeddable":true,"href":"https:\/\/www.purecook.com\/es\/wp-json\/wp\/v2\/comments?post=3143"}],"wp:featuredmedia":[{"embeddable":true,"href":"https:\/\/www.purecook.com\/es\/wp-json\/wp\/v2\/media\/3146"}],"wp:attachment":[{"href":"https:\/\/www.purecook.com\/es\/wp-json\/wp\/v2\/media?parent=3143"}],"wp:term":[{"taxonomy":"product_brand","embeddable":true,"href":"https:\/\/www.purecook.com\/es\/wp-json\/wp\/v2\/product_brand?post=3143"},{"taxonomy":"product_cat","embeddable":true,"href":"https:\/\/www.purecook.com\/es\/wp-json\/wp\/v2\/product_cat?post=3143"},{"taxonomy":"product_tag","embeddable":true,"href":"https:\/\/www.purecook.com\/es\/wp-json\/wp\/v2\/product_tag?post=3143"}],"curies":[{"name":"wp","href":"https:\/\/api.w.org\/{rel}","templated":true}]}}