{"id":3174,"date":"2024-10-26T14:17:18","date_gmt":"2024-10-26T05:46:35","guid":{"rendered":"https:\/\/www.purecook.com\/?post_type=product&#038;p=3174"},"modified":"2025-04-27T17:18:13","modified_gmt":"2025-04-27T09:18:13","slug":"wholesale-customizable-milk-pans-with-steamer","status":"publish","type":"product","link":"https:\/\/www.purecook.com\/es\/product\/wholesale-customizable-milk-pans-with-steamer\/","title":{"rendered":"Mayorista Personalizable Leche Sartenes Con Vapor, Tri Ply Material De Acero Inoxidable: Una variedad de accesorios para elegir"},"content":{"rendered":"<div class=\"wp-block-columns is-layout-flex wp-container-core-columns-is-layout-9d6595d7 wp-block-columns-is-layout-flex\">\n<div class=\"wp-block-column is-layout-flow wp-block-column-is-layout-flow\">\n<h3 class=\"wp-block-heading\"><strong>Par\u00e1metros de <\/strong><strong>Leche<\/strong><strong>&nbsp;Pan<\/strong><strong><\/strong><\/h3>\n\n\n\n<p><strong>N\u00famero de modelo:<\/strong> ML-006<br><strong>Material: <\/strong>Triple capa de acero inoxidable 304<br><strong>Grosor normal: <\/strong>2,0 mm<br><strong>Tama\u00f1o:<\/strong>16 cm<br><strong>Materiales del vaporizador:<\/strong> Acero inoxidable<br><strong>Capacidad:<\/strong>1.5L<br><strong>Logotipo:<\/strong> Grabado l\u00e1ser\/Sello en relieve<br><strong>MOQ:<\/strong> 400 unidades<\/p>\n<\/div>\n\n\n\n<div class=\"wp-block-column is-layout-flow wp-block-column-is-layout-flow\">\n<h3 class=\"wp-block-heading\"><strong>Personalizado <\/strong><strong>Leche<\/strong><strong>&nbsp;Opciones de bandeja<\/strong><strong><\/strong><\/h3>\n\n\n\n<p><strong>Logotipo: <\/strong>personalice el logotipo de su marca<br><strong>Material:<\/strong> Acero inoxidable de triple capa\uff08SUS304\/SUS316\uff09\uff1a<br><strong>Material de la tapa:<\/strong> Estilo\/Material<br><strong>Material del mango:<\/strong> Estilo\/Material<br><strong>Paquete:<\/strong> color caja\/cart\u00f3n ,etc<br><a href=\"https:\/\/www.purecook.com\/es\/custom-solution\/\" target=\"_blank\" rel=\"noopener\"><u>Soluciones OEM y ODM a medida para bandejas de leche<\/u><\/a><\/p>\n<\/div>\n<\/div>\n\n\n\n<div class=\"wp-block-columns is-layout-flex wp-container-core-columns-is-layout-9d6595d7 wp-block-columns-is-layout-flex\">\n<div class=\"wp-block-column is-layout-flow wp-block-column-is-layout-flow\">\n<figure class=\"wp-block-image size-full\"><img decoding=\"async\" width=\"800\" height=\"800\" src=\"https:\/\/www.purecook.com\/wp-content\/uploads\/2024\/10\/Customized-Triple-Layer-Steel-Milk-Pan-with-Steam-1.webp\" alt=\"Lechera de acero de triple capa personalizada con vaporizador\" class=\"wp-image-3175\" srcset=\"https:\/\/www.purecook.com\/wp-content\/uploads\/2024\/10\/Customized-Triple-Layer-Steel-Milk-Pan-with-Steam-1.webp 800w, https:\/\/www.purecook.com\/wp-content\/uploads\/2024\/10\/Customized-Triple-Layer-Steel-Milk-Pan-with-Steam-1-300x300.webp 300w, https:\/\/www.purecook.com\/wp-content\/uploads\/2024\/10\/Customized-Triple-Layer-Steel-Milk-Pan-with-Steam-1-150x150.webp 150w, https:\/\/www.purecook.com\/wp-content\/uploads\/2024\/10\/Customized-Triple-Layer-Steel-Milk-Pan-with-Steam-1-768x768.webp 768w, https:\/\/www.purecook.com\/wp-content\/uploads\/2024\/10\/Customized-Triple-Layer-Steel-Milk-Pan-with-Steam-1-12x12.webp 12w, https:\/\/www.purecook.com\/wp-content\/uploads\/2024\/10\/Customized-Triple-Layer-Steel-Milk-Pan-with-Steam-1-600x600.webp 600w, https:\/\/www.purecook.com\/wp-content\/uploads\/2024\/10\/Customized-Triple-Layer-Steel-Milk-Pan-with-Steam-1-100x100.webp 100w\" sizes=\"(max-width: 800px) 100vw, 800px\" \/><figcaption class=\"wp-element-caption\">Cazo de leche personalizable con vaporizador<\/figcaption><\/figure>\n<\/div>\n\n\n\n<div class=\"wp-block-column is-layout-flow wp-block-column-is-layout-flow\">\n<figure class=\"wp-block-image size-full\"><img decoding=\"async\" width=\"800\" height=\"800\" src=\"https:\/\/www.purecook.com\/wp-content\/uploads\/2024\/10\/Customized-Triple-Layer-Steel-Milk-Pan-with-Steam-2.webp\" alt=\"Lechera de acero de triple capa personalizada con vaporizador\" class=\"wp-image-3176\" srcset=\"https:\/\/www.purecook.com\/wp-content\/uploads\/2024\/10\/Customized-Triple-Layer-Steel-Milk-Pan-with-Steam-2.webp 800w, https:\/\/www.purecook.com\/wp-content\/uploads\/2024\/10\/Customized-Triple-Layer-Steel-Milk-Pan-with-Steam-2-300x300.webp 300w, https:\/\/www.purecook.com\/wp-content\/uploads\/2024\/10\/Customized-Triple-Layer-Steel-Milk-Pan-with-Steam-2-150x150.webp 150w, https:\/\/www.purecook.com\/wp-content\/uploads\/2024\/10\/Customized-Triple-Layer-Steel-Milk-Pan-with-Steam-2-768x768.webp 768w, https:\/\/www.purecook.com\/wp-content\/uploads\/2024\/10\/Customized-Triple-Layer-Steel-Milk-Pan-with-Steam-2-12x12.webp 12w, https:\/\/www.purecook.com\/wp-content\/uploads\/2024\/10\/Customized-Triple-Layer-Steel-Milk-Pan-with-Steam-2-600x600.webp 600w, https:\/\/www.purecook.com\/wp-content\/uploads\/2024\/10\/Customized-Triple-Layer-Steel-Milk-Pan-with-Steam-2-100x100.webp 100w\" sizes=\"(max-width: 800px) 100vw, 800px\" \/><figcaption class=\"wp-element-caption\">Cazo de leche personalizable con vaporizador<\/figcaption><\/figure>\n<\/div>\n<\/div>\n\n\n\n<p><\/p>","protected":false},"excerpt":{"rendered":"<p>Sartenes de leche espesada personalizables al por mayor, hechas de acero inoxidable de tres capas de alta calidad, la capa de contacto con los alimentos puede elegir acero inoxidable sus304\/sus316, protecci\u00f3n del medio ambiente y sin revestimiento, el mango est\u00e1 hecho de hueco especial molesto caliente, agarre c\u00f3modo, aislamiento t\u00e9rmico eficaz, se puede emparejar con compartimentos especiales para cocinar al vapor. Como fabricante profesional de utensilios de cocina de acero inoxidable, purecook ofrece un eficiente servicio de venta al por mayor de utensilios de cocina personalizados para distribuidores, escuelas y empresas. Si necesita soluciones al por mayor o personalizadas, p\u00f3ngase en contacto con nosotros.<\/p>\n<h2><strong><b>Caracter\u00edsticas y ventajas de <\/b><\/strong><strong><b>Leche<\/b><\/strong><strong><b>\u00a0Pan<\/b><\/strong><\/h2>\n<p><strong>Materiales de calidad:<\/strong> La capa interior del cazo para leche espesada es de acero inoxidable 304 apto para uso alimentario con una superficie pulida sin recubrimiento para garantizar la seguridad del contacto con los alimentos. Las asas huecas remachadas garantizan la durabilidad y estabilidad general de la cacerola de leche.<\/p>\n<p><strong>Dise\u00f1o alargado:<\/strong> La abertura de la cacerola de leche mide 160 mm, adecuada para calentar leche, hacer salsas y otras necesidades de cocina de peque\u00f1a capacidad.<\/p>\n<p><strong>Aplicable a todo tipo de estufas:<\/strong> El material principal de la cacerola de leche es de acero de triple capa (material compuesto de tres capas: Sus410 capa conductora del magnetismo + capa conductora del calor de aluminio + capa de contacto con los alimentos sus304), que es capaz de adaptarse a diferentes m\u00e9todos de calentamiento, como la llama abierta, la placa de inducci\u00f3n, la placa vitrocer\u00e1mica el\u00e9ctrica, etc.<\/p>\n<p><strong>Abundantes opciones de personalizaci\u00f3n:<\/strong>Proporcionamos un servicio de tarro de leche personalizado, el estilo del cuerpo del tarro de leche, el material del cuerpo, el material del asa, el logotipo externo y el estilo del envase se pueden personalizar.<\/p>\n<p><a href=\"https:\/\/www.purecook.com\/es\/custom-solution\/\"><u>Purecook ofrece OEM y ODM personalizados <\/u><u>leche<\/u><u>\u00a0pan solution.<\/u><\/a><\/p>","protected":false},"featured_media":3178,"comment_status":"closed","ping_status":"closed","template":"","meta":{"_acf_changed":false},"product_brand":[],"product_cat":[70,24,80],"product_tag":[98],"class_list":{"0":"post-3174","1":"product","2":"type-product","3":"status-publish","4":"has-post-thumbnail","6":"product_cat-soup-and-stock-pots","7":"product_cat-cookware","8":"product_cat-milk-pot","9":"product_tag-wholesale-home-cookware","11":"first","12":"instock","13":"shipping-taxable","14":"product-type-simple"},"acf":[],"_links":{"self":[{"href":"https:\/\/www.purecook.com\/es\/wp-json\/wp\/v2\/product\/3174","targetHints":{"allow":["GET"]}}],"collection":[{"href":"https:\/\/www.purecook.com\/es\/wp-json\/wp\/v2\/product"}],"about":[{"href":"https:\/\/www.purecook.com\/es\/wp-json\/wp\/v2\/types\/product"}],"replies":[{"embeddable":true,"href":"https:\/\/www.purecook.com\/es\/wp-json\/wp\/v2\/comments?post=3174"}],"wp:featuredmedia":[{"embeddable":true,"href":"https:\/\/www.purecook.com\/es\/wp-json\/wp\/v2\/media\/3178"}],"wp:attachment":[{"href":"https:\/\/www.purecook.com\/es\/wp-json\/wp\/v2\/media?parent=3174"}],"wp:term":[{"taxonomy":"product_brand","embeddable":true,"href":"https:\/\/www.purecook.com\/es\/wp-json\/wp\/v2\/product_brand?post=3174"},{"taxonomy":"product_cat","embeddable":true,"href":"https:\/\/www.purecook.com\/es\/wp-json\/wp\/v2\/product_cat?post=3174"},{"taxonomy":"product_tag","embeddable":true,"href":"https:\/\/www.purecook.com\/es\/wp-json\/wp\/v2\/product_tag?post=3174"}],"curies":[{"name":"wp","href":"https:\/\/api.w.org\/{rel}","templated":true}]}}