{"id":3338,"date":"2025-07-26T18:39:05","date_gmt":"2024-12-11T07:25:45","guid":{"rendered":"https:\/\/www.purecook.com\/?post_type=product&#038;p=3338"},"modified":"2025-07-26T18:49:52","modified_gmt":"2025-07-26T10:49:52","slug":"wholesale-stainless-steel-kitchen-oil-filter-kettle","status":"publish","type":"product","link":"https:\/\/www.purecook.com\/es\/product\/wholesale-stainless-steel-kitchen-oil-filter-kettle\/","title":{"rendered":"Venta al por mayor de acero inoxidable olla de filtro de aceite de cocina: Apariencia colorida: Serie exclusiva caliente"},"content":{"rendered":"<div class=\"wp-block-columns is-layout-flex wp-container-core-columns-is-layout-9d6595d7 wp-block-columns-is-layout-flex\">\n<div class=\"wp-block-column is-layout-flow wp-block-column-is-layout-flow\">\n<h3 class=\"wp-block-heading\"><strong>Par\u00e1metros del filtro de aceite de cocina<\/strong> <strong>Olla<\/strong><\/h3>\n\n\n\n<p>N\u00famero de modelo: HH-028<br>Material: Acero inoxidable 304<br>Grosor normal: 0,5 mm<br>capacidad: 1,5L\/2,0L<br>Peso: 800 g<br>Logotipo: Grabado l\u00e1ser\/Sello en relieve<br>MOQ: 1000 piezas<\/p>\n<\/div>\n\n\n\n<div class=\"wp-block-column is-layout-flow wp-block-column-is-layout-flow\">\n<h3 class=\"wp-block-heading\"><strong>Opciones de bater\u00eda de cocina a medida<\/strong><\/h3>\n\n\n\n<p><strong>Logotipo:<\/strong> Personalizable con el logotipo de su marca<br><strong>Material:<\/strong> SUS304<br><strong>Color:<\/strong> Personalizable<br><strong>Dise\u00f1o del fondo:<\/strong> Capa \u00fanica\/Fondo compuesto<br><strong>Tapa: <\/strong>Estilo\/Material<br><strong>Asa:<\/strong> Estilo \/ Material<br><strong>Tratamiento de la superficie de contacto:<\/strong> Recubrimiento sin revestimiento\/no adherente<br><strong>Embalaje:<\/strong> color caja\/cart\u00f3n, etc<br><a href=\"https:\/\/www.purecook.com\/es\/custom-solution\/\" target=\"_blank\" rel=\"noopener\"><u>Soluciones OEM y ODM a medida para utensilios de cocina<\/u><\/a><\/p>\n<\/div>\n<\/div>\n\n\n\n<div class=\"wp-block-columns is-layout-flex wp-container-core-columns-is-layout-9d6595d7 wp-block-columns-is-layout-flex\">\n<div class=\"wp-block-column is-layout-flow wp-block-column-is-layout-flow\">\n<figure class=\"wp-block-image size-full\"><img decoding=\"async\" width=\"800\" height=\"800\" src=\"https:\/\/www.purecook.com\/wp-content\/uploads\/2025\/07\/wholesale-oil-filter-pots-2.webp\" alt=\"venta al por mayor ollas filtro de aceite (2)\" class=\"wp-image-4221\" srcset=\"https:\/\/www.purecook.com\/wp-content\/uploads\/2025\/07\/wholesale-oil-filter-pots-2.webp 800w, https:\/\/www.purecook.com\/wp-content\/uploads\/2025\/07\/wholesale-oil-filter-pots-2-300x300.webp 300w, https:\/\/www.purecook.com\/wp-content\/uploads\/2025\/07\/wholesale-oil-filter-pots-2-150x150.webp 150w, https:\/\/www.purecook.com\/wp-content\/uploads\/2025\/07\/wholesale-oil-filter-pots-2-768x768.webp 768w, https:\/\/www.purecook.com\/wp-content\/uploads\/2025\/07\/wholesale-oil-filter-pots-2-12x12.webp 12w, https:\/\/www.purecook.com\/wp-content\/uploads\/2025\/07\/wholesale-oil-filter-pots-2-600x600.webp 600w, https:\/\/www.purecook.com\/wp-content\/uploads\/2025\/07\/wholesale-oil-filter-pots-2-100x100.webp 100w\" sizes=\"(max-width: 800px) 100vw, 800px\" \/><\/figure>\n<\/div>\n\n\n\n<div class=\"wp-block-column is-layout-flow wp-block-column-is-layout-flow\">\n<figure class=\"wp-block-image size-full\"><img decoding=\"async\" width=\"800\" height=\"800\" src=\"https:\/\/www.purecook.com\/wp-content\/uploads\/2025\/07\/wholesale-oil-filter-pots-5.webp\" alt=\"venta al por mayor ollas filtro de aceite (5)\" class=\"wp-image-4224\" srcset=\"https:\/\/www.purecook.com\/wp-content\/uploads\/2025\/07\/wholesale-oil-filter-pots-5.webp 800w, https:\/\/www.purecook.com\/wp-content\/uploads\/2025\/07\/wholesale-oil-filter-pots-5-300x300.webp 300w, https:\/\/www.purecook.com\/wp-content\/uploads\/2025\/07\/wholesale-oil-filter-pots-5-150x150.webp 150w, https:\/\/www.purecook.com\/wp-content\/uploads\/2025\/07\/wholesale-oil-filter-pots-5-768x768.webp 768w, https:\/\/www.purecook.com\/wp-content\/uploads\/2025\/07\/wholesale-oil-filter-pots-5-12x12.webp 12w, https:\/\/www.purecook.com\/wp-content\/uploads\/2025\/07\/wholesale-oil-filter-pots-5-600x600.webp 600w, https:\/\/www.purecook.com\/wp-content\/uploads\/2025\/07\/wholesale-oil-filter-pots-5-100x100.webp 100w\" sizes=\"(max-width: 800px) 100vw, 800px\" \/><\/figure>\n<\/div>\n<\/div>","protected":false},"excerpt":{"rendered":"<p>Venta al por mayor de ollas con filtro de aceite de cocina de acero inoxidable de alta calidad. Este filtro de aceite de cocina est\u00e1 hecho de acero inoxidable 304 de alta calidad, y el dise\u00f1o de una sola pieza garantiza su durabilidad y seguridad. Se puede utilizar para filtrar residuos de aceite, cocinar deliciosos oden y frituras, etc. Tiene m\u00faltiples funciones y es muy pr\u00e1ctico. Los fabricantes de utensilios de cocina Purecook ofrecen soluciones eficientes al por mayor y precios competitivos. P\u00f3ngase en contacto con nosotros ahora para explorar sus opciones.<\/p>\n<h2><strong><b>Caracter\u00edsticas y ventajas de <\/b><\/strong><strong><b>Filtro de aceite<\/b><\/strong><\/h2>\n<p><strong>Materiales de alta calidad:<\/strong> Esta olla filtradora de aceite de cocina est\u00e1 fabricada en acero inoxidable 304 de calidad alimentaria con una superficie pulida y sin revestimiento para garantizar la seguridad del contacto con los alimentos.<\/p>\n<p><strong>Mango duradero y c\u00f3modo:<\/strong> Este filtro de aceite para cocina tiene un mango soldado con l\u00e1ser que resulta c\u00f3modo de sujetar y garantiza la durabilidad general del filtro de aceite.<\/p>\n<p><strong>M\u00faltiples tama\u00f1os:<\/strong> El filtro de aceite de cocina viene en una variedad de tama\u00f1os, incluyendo 1,0L\/1,5L\/2,0L, adecuado para todo tipo de cocinas, y se puede utilizar para fre\u00edr, cocinar y filtrar el aceite y el almacenamiento de diversos alimentos.<\/p>\n<p><strong>Apto para varias estufas:<\/strong> Nuestro filtro de aceite para cocinas tiene en cuenta la diversidad de las cocinas modernas y puede adaptarse a distintos m\u00e9todos de calentamiento, como llamas abiertas, cocinas de inducci\u00f3n, cocinas vitrocer\u00e1micas el\u00e9ctricas, etc.<\/p>\n<p><strong>Amplias opciones de personalizaci\u00f3n:<\/strong> Ofrecemos servicios personalizados, y el estilo, material, material de mango, logotipo, y el estilo de embalaje pueden ser personalizados. .<\/p>\n<p><a href=\"https:\/\/www.purecook.com\/es\/categoria-de-productos\/cookware\/\" target=\"_blank\" rel=\"noopener\"><strong>Obtenga m\u00e1s informaci\u00f3n sobre la venta al por mayor de utensilios de cocina, del fabricante profesional de utensilios de cocina: Purecook<\/strong><\/a><\/p>","protected":false},"featured_media":4220,"comment_status":"closed","ping_status":"closed","template":"","meta":{"_acf_changed":false},"product_brand":[],"product_cat":[64,52],"product_tag":[],"class_list":{"0":"post-3338","1":"product","2":"type-product","3":"status-publish","4":"has-post-thumbnail","6":"product_cat-oil-pot","7":"product_cat-kitchen-utensils","9":"first","10":"instock","11":"shipping-taxable","12":"product-type-simple"},"acf":[],"_links":{"self":[{"href":"https:\/\/www.purecook.com\/es\/wp-json\/wp\/v2\/product\/3338","targetHints":{"allow":["GET"]}}],"collection":[{"href":"https:\/\/www.purecook.com\/es\/wp-json\/wp\/v2\/product"}],"about":[{"href":"https:\/\/www.purecook.com\/es\/wp-json\/wp\/v2\/types\/product"}],"replies":[{"embeddable":true,"href":"https:\/\/www.purecook.com\/es\/wp-json\/wp\/v2\/comments?post=3338"}],"wp:featuredmedia":[{"embeddable":true,"href":"https:\/\/www.purecook.com\/es\/wp-json\/wp\/v2\/media\/4220"}],"wp:attachment":[{"href":"https:\/\/www.purecook.com\/es\/wp-json\/wp\/v2\/media?parent=3338"}],"wp:term":[{"taxonomy":"product_brand","embeddable":true,"href":"https:\/\/www.purecook.com\/es\/wp-json\/wp\/v2\/product_brand?post=3338"},{"taxonomy":"product_cat","embeddable":true,"href":"https:\/\/www.purecook.com\/es\/wp-json\/wp\/v2\/product_cat?post=3338"},{"taxonomy":"product_tag","embeddable":true,"href":"https:\/\/www.purecook.com\/es\/wp-json\/wp\/v2\/product_tag?post=3338"}],"curies":[{"name":"wp","href":"https:\/\/api.w.org\/{rel}","templated":true}]}}