{"id":3419,"date":"2024-12-28T15:21:03","date_gmt":"2024-12-27T09:18:25","guid":{"rendered":"https:\/\/www.purecook.com\/?post_type=product&#038;p=3419"},"modified":"2025-04-25T18:51:07","modified_gmt":"2025-04-25T10:51:07","slug":"wholesale-tri-ply-stainless-steel-pot-with-steamer","status":"publish","type":"product","link":"https:\/\/www.purecook.com\/es\/product\/wholesale-tri-ply-stainless-steel-pot-with-steamer\/","title":{"rendered":"Mayorista Tri Ply Olla De Acero Inoxidable Con Vaporizador: Espesado 316l Material de acero inoxidable, soporte de personalizaci\u00f3n"},"content":{"rendered":"<div class=\"wp-block-columns is-layout-flex wp-container-core-columns-is-layout-9d6595d7 wp-block-columns-is-layout-flex\">\n<div class=\"wp-block-column is-layout-flow wp-block-column-is-layout-flow\">\n<h3 class=\"wp-block-heading\"><strong>Par\u00e1metros de la olla de acero inoxidable con vaporera<\/strong><\/h3>\n\n\n\n<p><strong>N\u00famero de modelo:<\/strong> RJJ-029<br><strong>Material:<\/strong> Acero inoxidable de triple capa 316\/304<br><strong>Grosor normal:<\/strong> 2,0 mm<br><strong>Tama\u00f1o:<\/strong> 20\/22\/24\/26\/28 cm<br><strong>Logotipo:<\/strong> Grabado l\u00e1ser\/Sello en relieve<br><strong>MOQ\uff1a<\/strong>500 unidades<\/p>\n<\/div>\n\n\n\n<div class=\"wp-block-column is-layout-flow wp-block-column-is-layout-flow\">\n<h3 class=\"wp-block-heading\"><strong>Personalizado <\/strong><strong>Vaporera<\/strong><strong>&nbsp;P<\/strong><strong>o<\/strong><strong>&nbsp;Opciones<\/strong><strong><\/strong><\/h3>\n\n\n\n<p><strong>Logotipo:<\/strong> personalice el logotipo de su marca<br><strong>Material:<\/strong> SUS304\/SUS316 Acero inoxidable de triple capa<br><strong>Grosor del material: <\/strong>2,0 mm<br><strong>Material de la tapa:<\/strong> Estilo\/Material<br><strong>Material del mango:<\/strong> Estilo\/Material<br><strong>Embalaje:<\/strong> color caja\/cart\u00f3n ,etc<br><a href=\"https:\/\/www.purecook.com\/es\/custom-solution\/\" target=\"_blank\" rel=\"noopener\"><u>Bater\u00eda de cocina personalizada OEM y ODM<\/u><\/a> <a href=\"https:\/\/www.purecook.com\/es\/custom-solution\/\" target=\"_blank\" rel=\"noopener\"><u>Soluciones<\/u><\/a><\/p>\n<\/div>\n<\/div>\n\n\n\n<div class=\"wp-block-columns is-layout-flex wp-container-core-columns-is-layout-9d6595d7 wp-block-columns-is-layout-flex\">\n<div class=\"wp-block-column is-layout-flow wp-block-column-is-layout-flow\">\n<figure class=\"wp-block-image size-full\"><img decoding=\"async\" width=\"800\" height=\"800\" src=\"https:\/\/www.purecook.com\/wp-content\/uploads\/2024\/12\/Wholesale-Tri-Ply-Stainless-Steel-Pot-With-Steamer-2.webp\" alt=\"Mayorista Tri Ply Olla De Acero Inoxidable Con Vaporera (2)\" class=\"wp-image-3433\" srcset=\"https:\/\/www.purecook.com\/wp-content\/uploads\/2024\/12\/Wholesale-Tri-Ply-Stainless-Steel-Pot-With-Steamer-2.webp 800w, https:\/\/www.purecook.com\/wp-content\/uploads\/2024\/12\/Wholesale-Tri-Ply-Stainless-Steel-Pot-With-Steamer-2-300x300.webp 300w, https:\/\/www.purecook.com\/wp-content\/uploads\/2024\/12\/Wholesale-Tri-Ply-Stainless-Steel-Pot-With-Steamer-2-150x150.webp 150w, https:\/\/www.purecook.com\/wp-content\/uploads\/2024\/12\/Wholesale-Tri-Ply-Stainless-Steel-Pot-With-Steamer-2-768x768.webp 768w, https:\/\/www.purecook.com\/wp-content\/uploads\/2024\/12\/Wholesale-Tri-Ply-Stainless-Steel-Pot-With-Steamer-2-12x12.webp 12w, https:\/\/www.purecook.com\/wp-content\/uploads\/2024\/12\/Wholesale-Tri-Ply-Stainless-Steel-Pot-With-Steamer-2-600x600.webp 600w, https:\/\/www.purecook.com\/wp-content\/uploads\/2024\/12\/Wholesale-Tri-Ply-Stainless-Steel-Pot-With-Steamer-2-100x100.webp 100w\" sizes=\"(max-width: 800px) 100vw, 800px\" \/><\/figure>\n<\/div>\n\n\n\n<div class=\"wp-block-column is-layout-flow wp-block-column-is-layout-flow\">\n<figure class=\"wp-block-image size-full\"><img decoding=\"async\" width=\"800\" height=\"800\" src=\"https:\/\/www.purecook.com\/wp-content\/uploads\/2024\/12\/Wholesale-Tri-Ply-Stainless-Steel-Pot-With-Steamer-3.webp\" alt=\"Mayorista Tri Ply Olla De Acero Inoxidable Con Vaporera (3)\" class=\"wp-image-3434\" srcset=\"https:\/\/www.purecook.com\/wp-content\/uploads\/2024\/12\/Wholesale-Tri-Ply-Stainless-Steel-Pot-With-Steamer-3.webp 800w, https:\/\/www.purecook.com\/wp-content\/uploads\/2024\/12\/Wholesale-Tri-Ply-Stainless-Steel-Pot-With-Steamer-3-300x300.webp 300w, https:\/\/www.purecook.com\/wp-content\/uploads\/2024\/12\/Wholesale-Tri-Ply-Stainless-Steel-Pot-With-Steamer-3-150x150.webp 150w, https:\/\/www.purecook.com\/wp-content\/uploads\/2024\/12\/Wholesale-Tri-Ply-Stainless-Steel-Pot-With-Steamer-3-768x768.webp 768w, https:\/\/www.purecook.com\/wp-content\/uploads\/2024\/12\/Wholesale-Tri-Ply-Stainless-Steel-Pot-With-Steamer-3-12x12.webp 12w, https:\/\/www.purecook.com\/wp-content\/uploads\/2024\/12\/Wholesale-Tri-Ply-Stainless-Steel-Pot-With-Steamer-3-600x600.webp 600w, https:\/\/www.purecook.com\/wp-content\/uploads\/2024\/12\/Wholesale-Tri-Ply-Stainless-Steel-Pot-With-Steamer-3-100x100.webp 100w\" sizes=\"(max-width: 800px) 100vw, 800px\" \/><\/figure>\n<\/div>\n<\/div>","protected":false},"excerpt":{"rendered":"<p>Mayorista Olla grande de acero inoxidable engrosada con vaporera, fabricada en acero inoxidable 316l de triple capa, tiene buena conductividad t\u00e9rmica y durabilidad, adecuada para uso frecuente, y es una opci\u00f3n ideal para cocinas comerciales. El mango es de material de baquelita para un agarre c\u00f3modo. <strong>Ofrecemos servicios integrales al por mayor y personalizados, p\u00f3ngase en contacto con nosotros.<\/strong><\/p>\n<h2><strong><b>Caracter\u00edsticas de la olla gruesa de acero inoxidable con vaporera<\/b><\/strong><\/h2>\n<p><strong>Materiales de alta calidad:<\/strong> La capa en contacto con los alimentos de esta olla de acero inoxidable con vaporera est\u00e1 fabricada en acero inoxidable 316L de grado m\u00e9dico con una superficie lisa y sin revestimiento. No solo es segura y respetuosa con el medio ambiente, sino que tambi\u00e9n mantiene el sabor original de los alimentos.<\/p>\n<p><strong>Buena durabilidad:<\/strong> El cuerpo principal de la olla de acero inoxidable es de acero inoxidable tricapa engrosado, y el mango remachado garantiza que la olla de acero inoxidable sea estable y fiable, adecuada para un uso frecuente en cocinas comerciales.<\/p>\n<p><strong>M\u00faltiples tama\u00f1os disponibles:<\/strong> Esta olla de acero inoxidable con vaporera est\u00e1 disponible en varios tama\u00f1os, como 20\/22\/24\/26\/28 cm, que pueden combinarse con rejillas de cocci\u00f3n al vapor de varias capas para satisfacer diversas necesidades.<\/p>\n<p><strong>Apto para varias estufas:<\/strong> El material principal de la olla de acero inoxidable con vaporera es acero inoxidable triple, que puede soportar altas temperaturas y adaptarse a diferentes m\u00e9todos de calentamiento, como llamas abiertas, cocinas de inducci\u00f3n, estufas el\u00e9ctricas de cer\u00e1mica, etc.<\/p>\n<p><strong>Amplias opciones de personalizaci\u00f3n:<\/strong> Ofrecemos servicios de utensilios de cocina personalizados, como el estilo del cuerpo de la vaporera, el material del cuerpo, el material del asa, el logotipo externo y el estilo del envase, que se pueden personalizar.<\/p>\n<p><a href=\"https:\/\/www.purecook.com\/es\/custom-solution\/\"><u>Purecook ofrece soluciones de ollas de acero inoxidable personalizadas OEM y ODM.<\/u><\/a><\/p>","protected":false},"featured_media":3432,"comment_status":"closed","ping_status":"closed","template":"","meta":{"_acf_changed":false},"product_brand":[],"product_cat":[79,24],"product_tag":[97],"class_list":{"0":"post-3419","1":"product","2":"type-product","3":"status-publish","4":"has-post-thumbnail","6":"product_cat-steamer-pot","7":"product_cat-cookware","8":"product_tag-wholesale-commercial-cookware","10":"first","11":"instock","12":"shipping-taxable","13":"product-type-simple"},"acf":[],"_links":{"self":[{"href":"https:\/\/www.purecook.com\/es\/wp-json\/wp\/v2\/product\/3419","targetHints":{"allow":["GET"]}}],"collection":[{"href":"https:\/\/www.purecook.com\/es\/wp-json\/wp\/v2\/product"}],"about":[{"href":"https:\/\/www.purecook.com\/es\/wp-json\/wp\/v2\/types\/product"}],"replies":[{"embeddable":true,"href":"https:\/\/www.purecook.com\/es\/wp-json\/wp\/v2\/comments?post=3419"}],"wp:featuredmedia":[{"embeddable":true,"href":"https:\/\/www.purecook.com\/es\/wp-json\/wp\/v2\/media\/3432"}],"wp:attachment":[{"href":"https:\/\/www.purecook.com\/es\/wp-json\/wp\/v2\/media?parent=3419"}],"wp:term":[{"taxonomy":"product_brand","embeddable":true,"href":"https:\/\/www.purecook.com\/es\/wp-json\/wp\/v2\/product_brand?post=3419"},{"taxonomy":"product_cat","embeddable":true,"href":"https:\/\/www.purecook.com\/es\/wp-json\/wp\/v2\/product_cat?post=3419"},{"taxonomy":"product_tag","embeddable":true,"href":"https:\/\/www.purecook.com\/es\/wp-json\/wp\/v2\/product_tag?post=3419"}],"curies":[{"name":"wp","href":"https:\/\/api.w.org\/{rel}","templated":true}]}}