{"id":3438,"date":"2025-01-02T18:24:11","date_gmt":"2024-12-31T07:10:41","guid":{"rendered":"https:\/\/www.purecook.com\/?post_type=product&#038;p=3438"},"modified":"2025-04-27T17:07:15","modified_gmt":"2025-04-27T09:07:15","slug":"wholesale-cookware-sets-with-removable-handles","status":"publish","type":"product","link":"https:\/\/www.purecook.com\/es\/product\/wholesale-cookware-sets-with-removable-handles\/","title":{"rendered":"Venta al por mayor Tri Ply utensilios de cocina de acero con asas desmontables: Pintura de cer\u00e1mica de alta temperatura en la superficie, apoyo a la personalizaci\u00f3n"},"content":{"rendered":"<div class=\"wp-block-columns is-layout-flex wp-container-core-columns-is-layout-9d6595d7 wp-block-columns-is-layout-flex\">\n<div class=\"wp-block-column is-layout-flow wp-block-column-is-layout-flow\">\n<h3 class=\"wp-block-heading\"><strong>Par\u00e1metros de las bater\u00edas de cocina con asas extra\u00edbles<\/strong><\/h3>\n\n\n\n<p><strong>N\u00famero de modelo: <\/strong>HH-065<br><strong>Material:<\/strong> Acero 304 Tri-Ply<br><strong>Grosor normal:<\/strong> 2,0 mm<br><strong>Tama\u00f1o:<\/strong> 20\/24\/28 cm<br><strong>Peso:<\/strong> 4,5 kg<br><strong>Logotipo:<\/strong> Grabado l\u00e1ser\/Sello en relieve<br><strong>MOQ: <\/strong>1000 unidades<\/p>\n<\/div>\n\n\n\n<div class=\"wp-block-column is-layout-flow wp-block-column-is-layout-flow\">\n<h3 class=\"wp-block-heading\"><strong>Personalizado <\/strong><strong>Bater\u00eda de cocina<\/strong><strong>&nbsp;Opciones<\/strong><strong><\/strong><\/h3>\n\n\n\n<p><strong>Logotipo:<\/strong> personalice el logotipo de su marca<br><strong>Material<\/strong>: SUS304\/SUS316 Acero inoxidable de triple capa<br><strong>Grosor del material:<\/strong> 2,0 mm\/2,3 mm<br><strong>Tapa:<\/strong> Estilo\/Material<br><strong>Asa:<\/strong> Estilo\/Material<br><strong>Tratamiento de la superficie de contacto:<\/strong> Recubrimiento sin revestimiento\/no adherente<br><strong>Embalaje<\/strong>Caja de color, etc.<br><a href=\"https:\/\/www.purecook.com\/es\/custom-solution\/\" target=\"_blank\" rel=\"noopener\"><u>Soluciones OEM y ODM a medida para bater\u00edas de cocina<\/u><\/a><\/p>\n<\/div>\n<\/div>\n\n\n\n<div class=\"wp-block-columns is-layout-flex wp-container-core-columns-is-layout-9d6595d7 wp-block-columns-is-layout-flex\">\n<div class=\"wp-block-column is-layout-flow wp-block-column-is-layout-flow\">\n<figure class=\"wp-block-image size-full\"><img decoding=\"async\" src=\"https:\/\/www.purecook.com\/wp-content\/uploads\/2025\/01\/Stainless-Steel-Cookware-Sets-With-Removable-Handles-2.webp\" alt=\"Bater\u00eda de cocina de acero inoxidable con asas extra\u00edbles (2)\" class=\"wp-image-3460\"\/><\/figure>\n<\/div>\n\n\n\n<div class=\"wp-block-column is-layout-flow wp-block-column-is-layout-flow\">\n<figure class=\"wp-block-image size-full\"><img decoding=\"async\" width=\"800\" height=\"800\" src=\"https:\/\/www.purecook.com\/wp-content\/uploads\/2025\/01\/Stainless-Steel-Cookware-Sets-With-Removable-Handles-5.webp\" alt=\"Bater\u00eda de cocina de acero inoxidable con asas extra\u00edbles (5)\" class=\"wp-image-3463\" srcset=\"https:\/\/www.purecook.com\/wp-content\/uploads\/2025\/01\/Stainless-Steel-Cookware-Sets-With-Removable-Handles-5.webp 800w, https:\/\/www.purecook.com\/wp-content\/uploads\/2025\/01\/Stainless-Steel-Cookware-Sets-With-Removable-Handles-5-300x300.webp 300w, https:\/\/www.purecook.com\/wp-content\/uploads\/2025\/01\/Stainless-Steel-Cookware-Sets-With-Removable-Handles-5-150x150.webp 150w, https:\/\/www.purecook.com\/wp-content\/uploads\/2025\/01\/Stainless-Steel-Cookware-Sets-With-Removable-Handles-5-768x768.webp 768w, https:\/\/www.purecook.com\/wp-content\/uploads\/2025\/01\/Stainless-Steel-Cookware-Sets-With-Removable-Handles-5-12x12.webp 12w, https:\/\/www.purecook.com\/wp-content\/uploads\/2025\/01\/Stainless-Steel-Cookware-Sets-With-Removable-Handles-5-600x600.webp 600w, https:\/\/www.purecook.com\/wp-content\/uploads\/2025\/01\/Stainless-Steel-Cookware-Sets-With-Removable-Handles-5-100x100.webp 100w\" sizes=\"(max-width: 800px) 100vw, 800px\" \/><\/figure>\n<\/div>\n<\/div>\n\n\n\n<div class=\"wp-block-columns is-layout-flex wp-container-core-columns-is-layout-9d6595d7 wp-block-columns-is-layout-flex\">\n<div class=\"wp-block-column is-layout-flow wp-block-column-is-layout-flow\"><\/div>\n\n\n\n<div class=\"wp-block-column is-layout-flow wp-block-column-is-layout-flow\"><\/div>\n<\/div>","protected":false},"excerpt":{"rendered":"<p>Mayorista Bater\u00eda de cocina personalizable con asas extra\u00edbles, la bater\u00eda de cocina est\u00e1 hecha de material de acero inoxidable de alta calidad de tres capas con recubrimiento de pintura de cer\u00e1mica de alta temperatura. Bienvenido mayoristas en contacto con nosotros.<\/p>\n<h2><strong><b>Caracter\u00edstica de <\/b><\/strong><strong><b>Bater\u00eda de cocina<\/b><\/strong><\/h2>\n<p><strong>Materiales de alta calidad:<\/strong> Esta bater\u00eda de cocina est\u00e1 fabricada en acero inoxidable 304 triple engrosado y recubierta con pintura cer\u00e1mica de alta calidad en la superficie exterior, que tiene una excelente conductividad t\u00e9rmica y durabilidad.<\/p>\n<p><strong>Asa desmontable:<\/strong> Este juego de utensilios de cocina adopta un dise\u00f1o de mango extra\u00edble, que es conveniente para el almacenamiento y la limpieza, y el mango es f\u00e1cil de quitar y poner.<\/p>\n<p><strong>Juego de 3 piezas:<\/strong> Esta bater\u00eda de cocina de 3 piezas incluye una sart\u00e9n, una olla sopera y una lechera, que satisface las necesidades de la mayor\u00eda de las familias y puede combinarse libremente con otras ollas de Pureccok.<\/p>\n<p><strong>Apto para varias estufas:<\/strong> Gracias al uso de acero inoxidable triple, esta bater\u00eda de cocina puede adaptarse a diferentes m\u00e9todos de calentamiento, como llamas abiertas, cocinas de inducci\u00f3n, cocinas vitrocer\u00e1micas el\u00e9ctricas, etc.<\/p>\n<p><strong>Diversas opciones de personalizaci\u00f3n:<\/strong> Purecook ofrece servicios OEM y ODM de utensilios de cocina personalizados, y el estilo, el material del cuerpo, el material del mango, el logotipo externo y el estilo de embalaje de los utensilios de cocina se pueden personalizar.<\/p>\n<p><a href=\"https:\/\/www.purecook.com\/es\/custom-solution\/\"><u>M\u00e1s informaci\u00f3n sobre nuestros productos OEM y ODM personalizados <\/u><u>utensilios de cocina <\/u><u>soluci\u00f3n.<\/u><\/a><\/p>","protected":false},"featured_media":3471,"comment_status":"closed","ping_status":"closed","template":"","meta":{"_acf_changed":false},"product_brand":[],"product_cat":[24,69],"product_tag":[98],"class_list":{"0":"post-3438","1":"product","2":"type-product","3":"status-publish","4":"has-post-thumbnail","6":"product_cat-cookware","7":"product_cat-cookware-sets","8":"product_tag-wholesale-home-cookware","10":"first","11":"instock","12":"shipping-taxable","13":"product-type-simple"},"acf":[],"_links":{"self":[{"href":"https:\/\/www.purecook.com\/es\/wp-json\/wp\/v2\/product\/3438","targetHints":{"allow":["GET"]}}],"collection":[{"href":"https:\/\/www.purecook.com\/es\/wp-json\/wp\/v2\/product"}],"about":[{"href":"https:\/\/www.purecook.com\/es\/wp-json\/wp\/v2\/types\/product"}],"replies":[{"embeddable":true,"href":"https:\/\/www.purecook.com\/es\/wp-json\/wp\/v2\/comments?post=3438"}],"wp:featuredmedia":[{"embeddable":true,"href":"https:\/\/www.purecook.com\/es\/wp-json\/wp\/v2\/media\/3471"}],"wp:attachment":[{"href":"https:\/\/www.purecook.com\/es\/wp-json\/wp\/v2\/media?parent=3438"}],"wp:term":[{"taxonomy":"product_brand","embeddable":true,"href":"https:\/\/www.purecook.com\/es\/wp-json\/wp\/v2\/product_brand?post=3438"},{"taxonomy":"product_cat","embeddable":true,"href":"https:\/\/www.purecook.com\/es\/wp-json\/wp\/v2\/product_cat?post=3438"},{"taxonomy":"product_tag","embeddable":true,"href":"https:\/\/www.purecook.com\/es\/wp-json\/wp\/v2\/product_tag?post=3438"}],"curies":[{"name":"wp","href":"https:\/\/api.w.org\/{rel}","templated":true}]}}