{"id":3505,"date":"2025-01-08T11:14:02","date_gmt":"2025-01-07T08:03:40","guid":{"rendered":"https:\/\/www.purecook.com\/?post_type=product&#038;p=3505"},"modified":"2025-04-25T18:50:15","modified_gmt":"2025-04-25T10:50:15","slug":"wholesale-deluxe-316-triple-stainless-steel-cookware-set","status":"publish","type":"product","link":"https:\/\/www.purecook.com\/es\/product\/wholesale-deluxe-316-triple-stainless-steel-cookware-set\/","title":{"rendered":"Mayorista Juego de Bater\u00eda de Cocina de Acero Inoxidable 316 Triple: Bater\u00eda de Cocina Natural Sin Pfoa"},"content":{"rendered":"<div class=\"wp-block-columns is-layout-flex wp-container-core-columns-is-layout-9d6595d7 wp-block-columns-is-layout-flex\">\n<div class=\"wp-block-column is-layout-flow wp-block-column-is-layout-flow\">\n<h3 class=\"wp-block-heading\"><strong>Par\u00e1metros de la bater\u00eda de cocina de acero inoxidable<\/strong><\/h3>\n\n\n\n<p><strong>N\u00famero de modelo:<\/strong> HH-066<br><strong>Material: <\/strong>Acero inoxidable triple 316<br><strong>Grosor normal:<\/strong> 2,3 mm<br><strong>Tama\u00f1o: <\/strong>olla de leche 18cm+ olla vaporera 24cm+ sart\u00e9n 26cm+ olla wok 32cm<br><strong>Peso: <\/strong>9,6 kg<br><strong>Logotipo:<\/strong> Grabado l\u00e1ser\/Sello en relieve<br><strong>MOQ: <\/strong>500 juegos<\/p>\n<\/div>\n\n\n\n<div class=\"wp-block-column is-layout-flow wp-block-column-is-layout-flow\">\n<h3 class=\"wp-block-heading\"><strong>Personalizado <\/strong><strong>Bater\u00eda de cocina<\/strong><strong>&nbsp;Opciones<\/strong><strong><\/strong><\/h3>\n\n\n\n<p>L<strong>ogo:<\/strong> personalice el logotipo de su marca<br><strong>Material: <\/strong>SUS304\/SUS316\/Acero inoxidable de triple capa<br><strong>Tapa:<\/strong> Estilo\/Material<br><strong>Asa:<\/strong> Estilo\/Material<br><strong>Tratamiento de la superficie de contacto:<\/strong> Recubrimiento sin revestimiento\/no adherente<br><strong>Embalaje:<\/strong> color caja\/cart\u00f3n ,etc<br><a href=\"https:\/\/www.purecook.com\/es\/custom-solution\/\" target=\"_blank\" rel=\"noopener\"><u>Soluciones OEM y ODM a medida para bater\u00edas de cocina<\/u><\/a><\/p>\n<\/div>\n<\/div>\n\n\n\n<div class=\"wp-block-columns is-layout-flex wp-container-core-columns-is-layout-9d6595d7 wp-block-columns-is-layout-flex\">\n<div class=\"wp-block-column is-layout-flow wp-block-column-is-layout-flow\">\n<figure class=\"wp-block-image size-full\"><img decoding=\"async\" width=\"1000\" height=\"1000\" src=\"https:\/\/www.purecook.com\/wp-content\/uploads\/2025\/01\/Deluxe-316-Triple-Stainless-Steel-Cookware-Set-3.webp\" alt=\"Set de Cocina Deluxe de Acero Inoxidable 316 Triple\" class=\"wp-image-3508\" srcset=\"https:\/\/www.purecook.com\/wp-content\/uploads\/2025\/01\/Deluxe-316-Triple-Stainless-Steel-Cookware-Set-3.webp 1000w, https:\/\/www.purecook.com\/wp-content\/uploads\/2025\/01\/Deluxe-316-Triple-Stainless-Steel-Cookware-Set-3-300x300.webp 300w, https:\/\/www.purecook.com\/wp-content\/uploads\/2025\/01\/Deluxe-316-Triple-Stainless-Steel-Cookware-Set-3-150x150.webp 150w, https:\/\/www.purecook.com\/wp-content\/uploads\/2025\/01\/Deluxe-316-Triple-Stainless-Steel-Cookware-Set-3-768x768.webp 768w, https:\/\/www.purecook.com\/wp-content\/uploads\/2025\/01\/Deluxe-316-Triple-Stainless-Steel-Cookware-Set-3-12x12.webp 12w, https:\/\/www.purecook.com\/wp-content\/uploads\/2025\/01\/Deluxe-316-Triple-Stainless-Steel-Cookware-Set-3-600x600.webp 600w, https:\/\/www.purecook.com\/wp-content\/uploads\/2025\/01\/Deluxe-316-Triple-Stainless-Steel-Cookware-Set-3-100x100.webp 100w\" sizes=\"(max-width: 1000px) 100vw, 1000px\" \/><figcaption class=\"wp-element-caption\">Set de Cocina Deluxe de Acero Inoxidable 316 Triple<\/figcaption><\/figure>\n<\/div>\n\n\n\n<div class=\"wp-block-column is-layout-flow wp-block-column-is-layout-flow\">\n<figure class=\"wp-block-image size-full\"><img decoding=\"async\" width=\"1000\" height=\"1000\" src=\"https:\/\/www.purecook.com\/wp-content\/uploads\/2025\/01\/Deluxe-316-Triple-Stainless-Steel-Cookware-Set-4.webp\" alt=\"Set de Cocina Deluxe de Acero Inoxidable 316 Triple\" class=\"wp-image-3509\" srcset=\"https:\/\/www.purecook.com\/wp-content\/uploads\/2025\/01\/Deluxe-316-Triple-Stainless-Steel-Cookware-Set-4.webp 1000w, https:\/\/www.purecook.com\/wp-content\/uploads\/2025\/01\/Deluxe-316-Triple-Stainless-Steel-Cookware-Set-4-300x300.webp 300w, https:\/\/www.purecook.com\/wp-content\/uploads\/2025\/01\/Deluxe-316-Triple-Stainless-Steel-Cookware-Set-4-150x150.webp 150w, https:\/\/www.purecook.com\/wp-content\/uploads\/2025\/01\/Deluxe-316-Triple-Stainless-Steel-Cookware-Set-4-768x768.webp 768w, https:\/\/www.purecook.com\/wp-content\/uploads\/2025\/01\/Deluxe-316-Triple-Stainless-Steel-Cookware-Set-4-12x12.webp 12w, https:\/\/www.purecook.com\/wp-content\/uploads\/2025\/01\/Deluxe-316-Triple-Stainless-Steel-Cookware-Set-4-600x600.webp 600w, https:\/\/www.purecook.com\/wp-content\/uploads\/2025\/01\/Deluxe-316-Triple-Stainless-Steel-Cookware-Set-4-100x100.webp 100w\" sizes=\"(max-width: 1000px) 100vw, 1000px\" \/><figcaption class=\"wp-element-caption\">Set de Cocina Deluxe de Acero Inoxidable 316 Triple<\/figcaption><\/figure>\n<\/div>\n<\/div>","protected":false},"excerpt":{"rendered":"<p>Venta al por mayor de utensilios de cocina de tres capas de alta calidad, perteneciente a la serie de acero inoxidable de tres capas, sin recubrimiento, con una excelente conductividad t\u00e9rmica, asas pulidas de precisi\u00f3n de alto grado engrosadas, agarre c\u00f3modo, libre de PFOA, y cumple con las nuevas regulaciones de la UE. Ofrecemos soluciones de utensilios de cocina personalizados OEM&amp;ODM y servicios de utensilios de cocina al por mayor, p\u00f3ngase en contacto con nosotros.<\/p>\n<h2><strong><b>Caracter\u00edsticas y ventajas de <\/b><\/strong><strong><b>Bater\u00eda de cocina<\/b><\/strong><\/h2>\n<p><strong>Materiales y artesan\u00eda de alta calidad:<\/strong> La pared interior de esta bater\u00eda de cocina triple de acero inoxidable est\u00e1 fabricada en acero inoxidable de grado m\u00e9dico de alta calidad, pulido con precisi\u00f3n y con una superficie lisa para una mayor resistencia a la corrosi\u00f3n.<\/p>\n<p><strong>Salud y seguridad:<\/strong> Esta bater\u00eda de cocina triple de acero inoxidable no est\u00e1 recubierta, no contiene PFOA y es segura para el contacto con alimentos.<\/p>\n<p><strong>Juego completo de dise\u00f1o combinado<\/strong>: Este juego de utensilios de cocina incluye una sart\u00e9n, una vaporera y una lechera. Un solo juego puede satisfacer todas las necesidades culinarias de una familia normal, lo que satisface las necesidades de consumo del mercado. Adecuado para compradores de gama B<\/p>\n<p><strong>Adecuado para diversos utensilios de cocina:<\/strong> La bater\u00eda de cocina est\u00e1 fabricada en triple acero inoxidable y puede adaptarse a diferentes m\u00e9todos de calentamiento, como llamas abiertas, cocinas de inducci\u00f3n, cocinas vitrocer\u00e1micas el\u00e9ctricas, etc.<\/p>\n<p><strong>Soluciones de utensilios de cocina personalizadas OEM&amp;ODM:<\/strong> Como fabricante profesional de utensilios de cocina, Purecook ofrece una gran cantidad de opciones de utensilios de cocina personalizados, incluyendo el estilo del cuerpo, el material del cuerpo, el material del mango, el logotipo externo y el estilo de embalaje de la olla se pueden personalizar.<\/p>\n<p><a href=\"https:\/\/www.purecook.com\/es\/custom-solution\/\"><u>Purecook Ofrece OEM y ODM personalizados <\/u><u>juego de cocina<\/u><u>\u00a0soluci\u00f3n.<\/u><\/a><\/p>","protected":false},"featured_media":3506,"comment_status":"closed","ping_status":"closed","template":"","meta":{"_acf_changed":false},"product_brand":[],"product_cat":[69,24],"product_tag":[97],"class_list":{"0":"post-3505","1":"product","2":"type-product","3":"status-publish","4":"has-post-thumbnail","6":"product_cat-cookware-sets","7":"product_cat-cookware","8":"product_tag-wholesale-commercial-cookware","10":"first","11":"instock","12":"shipping-taxable","13":"product-type-simple"},"acf":[],"_links":{"self":[{"href":"https:\/\/www.purecook.com\/es\/wp-json\/wp\/v2\/product\/3505","targetHints":{"allow":["GET"]}}],"collection":[{"href":"https:\/\/www.purecook.com\/es\/wp-json\/wp\/v2\/product"}],"about":[{"href":"https:\/\/www.purecook.com\/es\/wp-json\/wp\/v2\/types\/product"}],"replies":[{"embeddable":true,"href":"https:\/\/www.purecook.com\/es\/wp-json\/wp\/v2\/comments?post=3505"}],"wp:featuredmedia":[{"embeddable":true,"href":"https:\/\/www.purecook.com\/es\/wp-json\/wp\/v2\/media\/3506"}],"wp:attachment":[{"href":"https:\/\/www.purecook.com\/es\/wp-json\/wp\/v2\/media?parent=3505"}],"wp:term":[{"taxonomy":"product_brand","embeddable":true,"href":"https:\/\/www.purecook.com\/es\/wp-json\/wp\/v2\/product_brand?post=3505"},{"taxonomy":"product_cat","embeddable":true,"href":"https:\/\/www.purecook.com\/es\/wp-json\/wp\/v2\/product_cat?post=3505"},{"taxonomy":"product_tag","embeddable":true,"href":"https:\/\/www.purecook.com\/es\/wp-json\/wp\/v2\/product_tag?post=3505"}],"curies":[{"name":"wp","href":"https:\/\/api.w.org\/{rel}","templated":true}]}}