{"id":3511,"date":"2025-01-09T17:21:19","date_gmt":"2025-01-09T09:17:51","guid":{"rendered":"https:\/\/www.purecook.com\/?post_type=product&#038;p=3511"},"modified":"2025-04-27T17:05:13","modified_gmt":"2025-04-27T09:05:13","slug":"wholesale-custom-frying-pans","status":"publish","type":"product","link":"https:\/\/www.purecook.com\/es\/product\/wholesale-custom-frying-pans\/","title":{"rendered":"Sartenes Personalizadas, Sartenes de Acero Inoxidable 304 Tri-Ply al por mayor: M\u00faltiples estilos disponibles para OEM y ODM personalizaci\u00f3n"},"content":{"rendered":"<div class=\"wp-block-columns is-layout-flex wp-container-core-columns-is-layout-9d6595d7 wp-block-columns-is-layout-flex\">\n<div class=\"wp-block-column is-layout-flow wp-block-column-is-layout-flow\">\n<h3 class=\"wp-block-heading\"><strong>Par\u00e1metros de la sart\u00e9n a medida<\/strong><\/h3>\n\n\n\n<p><strong>N\u00famero de modelo:<\/strong> MC-016<br><strong>Material:<\/strong> Acero inoxidable 304 Tri-Ply<br><strong>Grosor normal:<\/strong> 2,0 mm<br><strong>Tama\u00f1o:<\/strong> 20\/22\/24\/26 cm<br><strong>Peso: <\/strong>0,9-1,8 kg<br><strong>Logotipo:<\/strong> Grabado l\u00e1ser\/Sello en relieve<br><strong>MOQ: <\/strong>500 unidades<\/p>\n<\/div>\n\n\n\n<div class=\"wp-block-column is-layout-flow wp-block-column-is-layout-flow\">\n<h3 class=\"wp-block-heading\"><strong>Opciones de sartenes personalizadas<\/strong><\/h3>\n\n\n\n<p><strong>Logotipo:<\/strong> personalice el logotipo de su marca<br><strong>Material:<\/strong> SUS304\/SUS316\/Acero inoxidable de triple capa<br><strong>Tapa:<\/strong> Estilo\/Material<br><strong>Asa:<\/strong> Estilo\/Material<br><strong>Tratamiento de la superficie de contacto<\/strong>: Sin revestimiento\/revestimiento antiadherente<br><strong>Embalaje:<\/strong> color caja\/cart\u00f3n ,etc<br><a href=\"https:\/\/www.purecook.com\/es\/custom-solution\/\" target=\"_blank\" rel=\"noopener\"><u>Soluciones de sartenes personalizadas OEM y ODM<\/u><\/a><\/p>\n<\/div>\n<\/div>\n\n\n\n<div class=\"wp-block-columns is-layout-flex wp-container-core-columns-is-layout-9d6595d7 wp-block-columns-is-layout-flex\">\n<div class=\"wp-block-column is-layout-flow wp-block-column-is-layout-flow\">\n<figure class=\"wp-block-image size-full\"><img decoding=\"async\" width=\"800\" height=\"800\" src=\"https:\/\/www.purecook.com\/wp-content\/uploads\/2025\/01\/304-Tri-Ply-Stainless-Steel-Single-Handle-Frying-Pan-2.webp\" alt=\"Sart\u00e9n con un mango de acero inoxidable 304 tricapa\" class=\"wp-image-3513\" srcset=\"https:\/\/www.purecook.com\/wp-content\/uploads\/2025\/01\/304-Tri-Ply-Stainless-Steel-Single-Handle-Frying-Pan-2.webp 800w, https:\/\/www.purecook.com\/wp-content\/uploads\/2025\/01\/304-Tri-Ply-Stainless-Steel-Single-Handle-Frying-Pan-2-300x300.webp 300w, https:\/\/www.purecook.com\/wp-content\/uploads\/2025\/01\/304-Tri-Ply-Stainless-Steel-Single-Handle-Frying-Pan-2-150x150.webp 150w, https:\/\/www.purecook.com\/wp-content\/uploads\/2025\/01\/304-Tri-Ply-Stainless-Steel-Single-Handle-Frying-Pan-2-768x768.webp 768w, https:\/\/www.purecook.com\/wp-content\/uploads\/2025\/01\/304-Tri-Ply-Stainless-Steel-Single-Handle-Frying-Pan-2-12x12.webp 12w, https:\/\/www.purecook.com\/wp-content\/uploads\/2025\/01\/304-Tri-Ply-Stainless-Steel-Single-Handle-Frying-Pan-2-600x600.webp 600w, https:\/\/www.purecook.com\/wp-content\/uploads\/2025\/01\/304-Tri-Ply-Stainless-Steel-Single-Handle-Frying-Pan-2-100x100.webp 100w\" sizes=\"(max-width: 800px) 100vw, 800px\" \/><figcaption class=\"wp-element-caption\">Sart\u00e9n con un mango de acero inoxidable 304 tricapa<\/figcaption><\/figure>\n<\/div>\n\n\n\n<div class=\"wp-block-column is-layout-flow wp-block-column-is-layout-flow\">\n<figure class=\"wp-block-image size-full\"><img decoding=\"async\" width=\"800\" height=\"800\" src=\"https:\/\/www.purecook.com\/wp-content\/uploads\/2025\/01\/304-Tri-Ply-Stainless-Steel-Single-Handle-Frying-Pan-4.webp\" alt=\"Sart\u00e9n con un mango de acero inoxidable 304 tricapa\" class=\"wp-image-3515\" srcset=\"https:\/\/www.purecook.com\/wp-content\/uploads\/2025\/01\/304-Tri-Ply-Stainless-Steel-Single-Handle-Frying-Pan-4.webp 800w, https:\/\/www.purecook.com\/wp-content\/uploads\/2025\/01\/304-Tri-Ply-Stainless-Steel-Single-Handle-Frying-Pan-4-300x300.webp 300w, https:\/\/www.purecook.com\/wp-content\/uploads\/2025\/01\/304-Tri-Ply-Stainless-Steel-Single-Handle-Frying-Pan-4-150x150.webp 150w, https:\/\/www.purecook.com\/wp-content\/uploads\/2025\/01\/304-Tri-Ply-Stainless-Steel-Single-Handle-Frying-Pan-4-768x768.webp 768w, https:\/\/www.purecook.com\/wp-content\/uploads\/2025\/01\/304-Tri-Ply-Stainless-Steel-Single-Handle-Frying-Pan-4-12x12.webp 12w, https:\/\/www.purecook.com\/wp-content\/uploads\/2025\/01\/304-Tri-Ply-Stainless-Steel-Single-Handle-Frying-Pan-4-600x600.webp 600w, https:\/\/www.purecook.com\/wp-content\/uploads\/2025\/01\/304-Tri-Ply-Stainless-Steel-Single-Handle-Frying-Pan-4-100x100.webp 100w\" sizes=\"(max-width: 800px) 100vw, 800px\" \/><figcaption class=\"wp-element-caption\">Sart\u00e9n con un mango de acero inoxidable 304 tricapa<\/figcaption><\/figure>\n<\/div>\n<\/div>","protected":false},"excerpt":{"rendered":"<p>Sart\u00e9n de acero inoxidable personalizable al por mayor, dise\u00f1o cl\u00e1sico, sin revestimiento, sin PFOA. Hecho de acero inoxidable triple, tiene una mejor conductividad t\u00e9rmica y durabilidad, y el mango es hueco para una operaci\u00f3n m\u00e1s f\u00e1cil. Purecook ofrece servicios profesionales de sartenes personalizadas, p\u00f3ngase en contacto con nosotros.<\/p>\n<h2><strong><b>Caracter\u00edsticas y ventajas de la sart\u00e9n<\/b><\/strong><\/h2>\n<p><strong>Materiales de alta calidad:<\/strong> Fabricada en acero inoxidable 304 tricapa engrosado, no est\u00e1 recubierta y no contiene PFOA para garantizar la seguridad del contacto con los alimentos. El mango est\u00e1 soldado para garantizar la durabilidad general de la sart\u00e9n.<\/p>\n<p><strong>Conductividad t\u00e9rmica uniforme:<\/strong> El fondo de esta sart\u00e9n adopta un dise\u00f1o compuesto de varias capas, que puede transferir el calor de forma r\u00e1pida y uniforme y evitar el sobrecalentamiento local o que se peguen los ingredientes, adecuado para varios m\u00e9todos de cocci\u00f3n.<\/p>\n<p><strong>M\u00faltiples especificaciones:<\/strong> Ofrecemos una gran variedad de tama\u00f1os, desde 20 cm hasta 30 cm, y podemos satisfacer las necesidades de personalizaci\u00f3n de diversas especificaciones.<\/p>\n<p><strong>Apto para varias cocinas:<\/strong> El material del cuerpo principal de la sart\u00e9n es resistente a altas temperaturas y es apto para diversas fuentes de calor, como cocinas de gas, de inducci\u00f3n, vitrocer\u00e1micas, etc., apto para el uso familiar diario.<\/p>\n<p><strong>Servicio OEM y ODM:<\/strong> Ofrecemos soluciones integrales de sartenes personalizadas, y podemos personalizar el estilo de la sart\u00e9n, el material del cuerpo, el material del mango, el logotipo externo y el estilo del envase.<\/p>\n<p><a href=\"https:\/\/www.purecook.com\/es\/custom-solution\/\"><u>Purecook Ofrece soluciones de sartenes personalizadas OEM y ODM.<\/u><\/a><\/p>","protected":false},"featured_media":3516,"comment_status":"closed","ping_status":"closed","template":"","meta":{"_acf_changed":false},"product_brand":[],"product_cat":[71,24],"product_tag":[98],"class_list":{"0":"post-3511","1":"product","2":"type-product","3":"status-publish","4":"has-post-thumbnail","6":"product_cat-frying-pan","7":"product_cat-cookware","8":"product_tag-wholesale-home-cookware","10":"first","11":"instock","12":"shipping-taxable","13":"product-type-simple"},"acf":[],"_links":{"self":[{"href":"https:\/\/www.purecook.com\/es\/wp-json\/wp\/v2\/product\/3511","targetHints":{"allow":["GET"]}}],"collection":[{"href":"https:\/\/www.purecook.com\/es\/wp-json\/wp\/v2\/product"}],"about":[{"href":"https:\/\/www.purecook.com\/es\/wp-json\/wp\/v2\/types\/product"}],"replies":[{"embeddable":true,"href":"https:\/\/www.purecook.com\/es\/wp-json\/wp\/v2\/comments?post=3511"}],"wp:featuredmedia":[{"embeddable":true,"href":"https:\/\/www.purecook.com\/es\/wp-json\/wp\/v2\/media\/3516"}],"wp:attachment":[{"href":"https:\/\/www.purecook.com\/es\/wp-json\/wp\/v2\/media?parent=3511"}],"wp:term":[{"taxonomy":"product_brand","embeddable":true,"href":"https:\/\/www.purecook.com\/es\/wp-json\/wp\/v2\/product_brand?post=3511"},{"taxonomy":"product_cat","embeddable":true,"href":"https:\/\/www.purecook.com\/es\/wp-json\/wp\/v2\/product_cat?post=3511"},{"taxonomy":"product_tag","embeddable":true,"href":"https:\/\/www.purecook.com\/es\/wp-json\/wp\/v2\/product_tag?post=3511"}],"curies":[{"name":"wp","href":"https:\/\/api.w.org\/{rel}","templated":true}]}}