{"id":3543,"date":"2025-07-05T16:18:14","date_gmt":"2025-07-05T08:18:14","guid":{"rendered":"https:\/\/www.purecook.com\/?post_type=product&#038;p=3543"},"modified":"2025-07-26T14:33:17","modified_gmt":"2025-07-26T06:33:17","slug":"wholesale-304-stainless-steel-oil-filter-kettle-set","status":"publish","type":"product","link":"https:\/\/www.purecook.com\/es\/product\/wholesale-304-stainless-steel-oil-filter-kettle-set\/","title":{"rendered":"Mayorista 304 Acero Inoxidable Filtro de Aceite Hervidor Set con Compuesto Espesado Fondo, Apoyo OEM y ODM"},"content":{"rendered":"<div class=\"wp-block-columns is-layout-flex wp-container-core-columns-is-layout-9d6595d7 wp-block-columns-is-layout-flex\">\n<div class=\"wp-block-column is-layout-flow wp-block-column-is-layout-flow\">\n<h3 class=\"wp-block-heading\"><strong>Par\u00e1metros de <\/strong><strong>Juego de filtro de aceite<\/strong><strong><\/strong><\/h3>\n\n\n\n<p><strong>N\u00famero de modelo: <\/strong>HH-028<br><strong>Material: <\/strong>Acero inoxidable 304<br><strong>Grosor normal:<\/strong> 0,5 mm<br><strong>Capacidad: <\/strong>1.0L\/1.5L\/2.0L<br><strong>Logotipo:<\/strong> Grabado l\u00e1ser\/Sello en relieve<br><strong>MOQ: <\/strong>500 juegos<\/p>\n<\/div>\n\n\n\n<div class=\"wp-block-column is-layout-flow wp-block-column-is-layout-flow\">\n<h3 class=\"wp-block-heading\"><strong>Personalizado <\/strong><strong>Juego de filtro de aceite<\/strong><strong>&nbsp;Opciones<\/strong><strong><\/strong><\/h3>\n\n\n\n<p><strong>Logotipo: <\/strong>personalice el logotipo de su marca<br><strong>Material:<\/strong> SUS304<br><strong>Tapa: <\/strong>Estilo\/Material<br><strong>Asa: <\/strong>Estilo\/Material<br><strong>Tratamiento de la superficie de contacto:<\/strong> Recubrimiento sin revestimiento\/no adherente<br><strong>Embalaje:<\/strong> color caja\/cart\u00f3n ,etc<br><a href=\"https:\/\/www.purecook.com\/es\/custom-solution\/\" target=\"_blank\" rel=\"noopener\"><u>Soluciones OEM y ODM a medida para juegos de filtros de aceite<\/u><\/a><\/p>\n<\/div>\n<\/div>\n\n\n\n<div class=\"wp-block-columns is-layout-flex wp-container-core-columns-is-layout-9d6595d7 wp-block-columns-is-layout-flex\">\n<div class=\"wp-block-column is-layout-flow wp-block-column-is-layout-flow\">\n<figure class=\"wp-block-image size-full\"><img decoding=\"async\" width=\"600\" height=\"600\" src=\"https:\/\/www.purecook.com\/wp-content\/uploads\/2025\/01\/wholesale-304-stainless-steel-oil-filter-pot-3.webp\" alt=\"venta al por mayor 304 olla filtro de aceite de acero inoxidable (3)\" class=\"wp-image-3559\" srcset=\"https:\/\/www.purecook.com\/wp-content\/uploads\/2025\/01\/wholesale-304-stainless-steel-oil-filter-pot-3.webp 600w, https:\/\/www.purecook.com\/wp-content\/uploads\/2025\/01\/wholesale-304-stainless-steel-oil-filter-pot-3-300x300.webp 300w, https:\/\/www.purecook.com\/wp-content\/uploads\/2025\/01\/wholesale-304-stainless-steel-oil-filter-pot-3-150x150.webp 150w, https:\/\/www.purecook.com\/wp-content\/uploads\/2025\/01\/wholesale-304-stainless-steel-oil-filter-pot-3-12x12.webp 12w, https:\/\/www.purecook.com\/wp-content\/uploads\/2025\/01\/wholesale-304-stainless-steel-oil-filter-pot-3-100x100.webp 100w\" sizes=\"(max-width: 600px) 100vw, 600px\" \/><\/figure>\n<\/div>\n\n\n\n<div class=\"wp-block-column is-layout-flow wp-block-column-is-layout-flow\">\n<figure class=\"wp-block-image size-full\"><img decoding=\"async\" width=\"600\" height=\"600\" src=\"https:\/\/www.purecook.com\/wp-content\/uploads\/2025\/01\/wholesale-304-stainless-steel-oil-filter-pot-4.webp\" alt=\"venta al por mayor 304 olla filtro de aceite de acero inoxidable (4)\" class=\"wp-image-3560\" srcset=\"https:\/\/www.purecook.com\/wp-content\/uploads\/2025\/01\/wholesale-304-stainless-steel-oil-filter-pot-4.webp 600w, https:\/\/www.purecook.com\/wp-content\/uploads\/2025\/01\/wholesale-304-stainless-steel-oil-filter-pot-4-300x300.webp 300w, https:\/\/www.purecook.com\/wp-content\/uploads\/2025\/01\/wholesale-304-stainless-steel-oil-filter-pot-4-150x150.webp 150w, https:\/\/www.purecook.com\/wp-content\/uploads\/2025\/01\/wholesale-304-stainless-steel-oil-filter-pot-4-12x12.webp 12w, https:\/\/www.purecook.com\/wp-content\/uploads\/2025\/01\/wholesale-304-stainless-steel-oil-filter-pot-4-100x100.webp 100w\" sizes=\"(max-width: 600px) 100vw, 600px\" \/><\/figure>\n<\/div>\n<\/div>","protected":false},"excerpt":{"rendered":"<p>Olla filtrante de aceite de acero inoxidable 304 al por mayor, que puede utilizarse para filtrar la grasa y facilitar el uso m\u00faltiple del aceite. Esta olla de filtro de aceite se puede utilizar como una olla de cocina. El fondo est\u00e1 dise\u00f1ado con triple fondo de acero inoxidable, que es compatible con una variedad de estufas. Ofrecemos productos de acero inoxidable al por mayor a precios de f\u00e1brica y apoyamos OEM y ODM. P\u00f3ngase en contacto con nosotros para solicitar un presupuesto.<\/p>\n<h2><strong><b>Caracter\u00edsticas y ventajas de <\/b><\/strong><strong><b>Juego de filtro de aceite<\/b><\/strong><\/h2>\n<p><strong>Filtrado eficaz del aceite:<\/strong> Esta olla con filtro de aceite tiene un filtro de malla en el interior que puede filtrar eficazmente el aceite de cocina usado, eliminar las part\u00edculas de alimentos y las impurezas, garantizar que el aceite est\u00e9 limpio y se pueda reutilizar.<\/p>\n<p><strong>Uso multifuncional:<\/strong> Esta olla filtrante de aceite de acero inoxidable 304 no s\u00f3lo es adecuada para filtrar grasa, sino tambi\u00e9n para calentar o cocinar l\u00edquidos, proporcionando m\u00e1s funciones de cocina.<\/p>\n<p><strong>Apto para varias estufas:<\/strong> El fondo de la olla con filtro de aceite adopta un dise\u00f1o compuesto de tres capas de acero inoxidable, que puede adaptarse a diferentes m\u00e9todos de calentamiento, como llamas abiertas, cocinas de inducci\u00f3n, estufas el\u00e9ctricas de cer\u00e1mica, etc.<\/p>\n<p><strong>M\u00faltiples opciones de capacidad:<\/strong> Ofrecemos 3 tama\u00f1os de olla de filtro de aceite, incluyendo 1.0L \/ 1.5L \/ 2.0L, que pueden adaptarse f\u00e1cilmente a diversas necesidades de cocci\u00f3n de alimentos.<\/p>\n<p><strong>Servicio personalizado OEM y ODM:<\/strong> Purecook le ofrece un servicio integral de utensilios de cocina personalizados, que incluye tama\u00f1o, material, forma y mucho m\u00e1s.<\/p>\n<p><a href=\"https:\/\/www.purecook.com\/es\/custom-solution\/\"><u>M\u00e1s informaci\u00f3n<\/u><u>\u00a0<\/u><u>Juego de filtro de aceite<\/u><u>\u00a0soluci\u00f3n<\/u><u>ci\u00f3n.<\/u><\/a><\/p>","protected":false},"featured_media":3557,"comment_status":"closed","ping_status":"closed","template":"","meta":{"_acf_changed":false},"product_brand":[],"product_cat":[52],"product_tag":[98],"class_list":{"0":"post-3543","1":"product","2":"type-product","3":"status-publish","4":"has-post-thumbnail","6":"product_cat-kitchen-utensils","7":"product_tag-wholesale-home-cookware","9":"first","10":"instock","11":"shipping-taxable","12":"product-type-simple"},"acf":[],"_links":{"self":[{"href":"https:\/\/www.purecook.com\/es\/wp-json\/wp\/v2\/product\/3543","targetHints":{"allow":["GET"]}}],"collection":[{"href":"https:\/\/www.purecook.com\/es\/wp-json\/wp\/v2\/product"}],"about":[{"href":"https:\/\/www.purecook.com\/es\/wp-json\/wp\/v2\/types\/product"}],"replies":[{"embeddable":true,"href":"https:\/\/www.purecook.com\/es\/wp-json\/wp\/v2\/comments?post=3543"}],"wp:featuredmedia":[{"embeddable":true,"href":"https:\/\/www.purecook.com\/es\/wp-json\/wp\/v2\/media\/3557"}],"wp:attachment":[{"href":"https:\/\/www.purecook.com\/es\/wp-json\/wp\/v2\/media?parent=3543"}],"wp:term":[{"taxonomy":"product_brand","embeddable":true,"href":"https:\/\/www.purecook.com\/es\/wp-json\/wp\/v2\/product_brand?post=3543"},{"taxonomy":"product_cat","embeddable":true,"href":"https:\/\/www.purecook.com\/es\/wp-json\/wp\/v2\/product_cat?post=3543"},{"taxonomy":"product_tag","embeddable":true,"href":"https:\/\/www.purecook.com\/es\/wp-json\/wp\/v2\/product_tag?post=3543"}],"curies":[{"name":"wp","href":"https:\/\/api.w.org\/{rel}","templated":true}]}}