{"id":3731,"date":"2025-03-07T16:08:54","date_gmt":"2025-03-07T07:18:13","guid":{"rendered":"https:\/\/www.purecook.com\/?post_type=product&#038;p=3731"},"modified":"2025-03-07T17:04:34","modified_gmt":"2025-03-07T09:04:34","slug":"wholesale-304-stainless-steel-chocolate-melting-pot","status":"publish","type":"product","link":"https:\/\/www.purecook.com\/es\/product\/wholesale-304-stainless-steel-chocolate-melting-pot\/","title":{"rendered":"Mayorista 304 Acero Inoxidable Fundidor de Chocolate | NSF-Certified Calentador de Salsas de Doble Capa con Control de Temperatura, Revestimiento Antiadherente para Panader\u00edas y Cafeter\u00edas"},"content":{"rendered":"<div class=\"wp-block-columns is-layout-flex wp-container-core-columns-is-layout-9d6595d7 wp-block-columns-is-layout-flex\">\n<div class=\"wp-block-column is-layout-flow wp-block-column-is-layout-flow\">\n<h3 class=\"wp-block-heading\"><strong>Par\u00e1metros de <\/strong><strong>Fundidor de chocolate<\/strong><strong><\/strong><\/h3>\n\n\n\n<p><strong>Material: <\/strong>Acero inoxidable 304\/201<br><strong>Grosor normal:<\/strong> 0,5 mm<br><strong>Capacidad: <\/strong>especificaciones m\u00faltiples<br><strong>Peso: <\/strong>0,6 kg<br><strong>Logotipo: <\/strong>Grabado l\u00e1ser\/Sello en relieve<br><strong>MOQ: <\/strong>500 unidades<\/p>\n<\/div>\n\n\n\n<div class=\"wp-block-column is-layout-flow wp-block-column-is-layout-flow\">\n<h3 class=\"wp-block-heading\"><strong>Personalizado<\/strong><strong>&nbsp;Fundidor de chocolate<\/strong><strong>&nbsp;Opciones<\/strong><strong><\/strong><\/h3>\n\n\n\n<p><strong>Logotipo:<\/strong> personalice el logotipo de su marca<br><strong>Material: <\/strong>Acero inoxidable SUS304\/SUS201<br><strong>Grosor del material:<\/strong> 0,45\/0,55 mm<br><strong>Material del mango:<\/strong> Estilo\/Material<br><strong>Tratamiento de la superficie de contacto: <\/strong>Recubrimiento sin revestimiento\/no adherente<br><strong>Embalaje:<\/strong> color caja\/cart\u00f3n ,etc<br><a href=\"https:\/\/www.purecook.com\/es\/custom-solution\/\" target=\"_blank\" rel=\"noopener\"><u>Soluciones de crisol de chocolate personalizadas OEM y ODM<\/u><\/a><\/p>\n<\/div>\n<\/div>\n\n\n\n<div class=\"wp-block-columns is-layout-flex wp-container-core-columns-is-layout-9d6595d7 wp-block-columns-is-layout-flex\">\n<div class=\"wp-block-column is-layout-flow wp-block-column-is-layout-flow\">\n<figure class=\"wp-block-image size-full\"><img decoding=\"async\" width=\"1600\" height=\"1600\" src=\"https:\/\/www.purecook.com\/wp-content\/uploads\/2025\/03\/Chocolate-Melting-Pot-6.webp\" alt=\"Fundidor de chocolate\" class=\"wp-image-3737\" srcset=\"https:\/\/www.purecook.com\/wp-content\/uploads\/2025\/03\/Chocolate-Melting-Pot-6.webp 1600w, https:\/\/www.purecook.com\/wp-content\/uploads\/2025\/03\/Chocolate-Melting-Pot-6-300x300.webp 300w, https:\/\/www.purecook.com\/wp-content\/uploads\/2025\/03\/Chocolate-Melting-Pot-6-150x150.webp 150w, https:\/\/www.purecook.com\/wp-content\/uploads\/2025\/03\/Chocolate-Melting-Pot-6-768x768.webp 768w, https:\/\/www.purecook.com\/wp-content\/uploads\/2025\/03\/Chocolate-Melting-Pot-6-12x12.webp 12w, https:\/\/www.purecook.com\/wp-content\/uploads\/2025\/03\/Chocolate-Melting-Pot-6-600x600.webp 600w, https:\/\/www.purecook.com\/wp-content\/uploads\/2025\/03\/Chocolate-Melting-Pot-6-100x100.webp 100w\" sizes=\"(max-width: 1600px) 100vw, 1600px\" \/><figcaption class=\"wp-element-caption\">Fundidor de chocolate<\/figcaption><\/figure>\n<\/div>\n\n\n\n<div class=\"wp-block-column is-layout-flow wp-block-column-is-layout-flow\">\n<figure class=\"wp-block-image size-full\"><img decoding=\"async\" width=\"2400\" height=\"2400\" src=\"https:\/\/www.purecook.com\/wp-content\/uploads\/2025\/03\/Chocolate-Melting-Pot-5.webp\" alt=\"Fundidor de chocolate\" class=\"wp-image-3736\" srcset=\"https:\/\/www.purecook.com\/wp-content\/uploads\/2025\/03\/Chocolate-Melting-Pot-5.webp 2400w, https:\/\/www.purecook.com\/wp-content\/uploads\/2025\/03\/Chocolate-Melting-Pot-5-300x300.webp 300w, https:\/\/www.purecook.com\/wp-content\/uploads\/2025\/03\/Chocolate-Melting-Pot-5-150x150.webp 150w, https:\/\/www.purecook.com\/wp-content\/uploads\/2025\/03\/Chocolate-Melting-Pot-5-768x768.webp 768w, https:\/\/www.purecook.com\/wp-content\/uploads\/2025\/03\/Chocolate-Melting-Pot-5-12x12.webp 12w, https:\/\/www.purecook.com\/wp-content\/uploads\/2025\/03\/Chocolate-Melting-Pot-5-600x600.webp 600w, https:\/\/www.purecook.com\/wp-content\/uploads\/2025\/03\/Chocolate-Melting-Pot-5-100x100.webp 100w\" sizes=\"(max-width: 2400px) 100vw, 2400px\" \/><figcaption class=\"wp-element-caption\">Fundidor de chocolate<\/figcaption><\/figure>\n<\/div>\n<\/div>","protected":false},"excerpt":{"rendered":"<p>Purecook ofrece un crisol de chocolate comercial con certificaci\u00f3n NSF fabricado en acero inoxidable 304, dise\u00f1ado para negocios de panader\u00eda. Cumple la normativa de la fda y es adecuado para f\u00e1bricas de chocolate, cadenas de panader\u00edas y procesadores de alimentos. P\u00f3ngase en contacto con nosotros para solicitar un presupuesto.<\/p>\n<h2><strong><b>Caracter\u00edsticas y ventajas de <\/b><\/strong><strong><b>Fundidor de chocolate<\/b><\/strong><\/h2>\n<p><strong>Material apto para alimentos:<\/strong> El crisol de chocolate est\u00e1 fabricado en acero inoxidable 304 de 0,5 mm de grosor, cuenta con la certificaci\u00f3n nsf y cumple las normas de seguridad alimentaria fda 21 cfr 175.300.<\/p>\n<p><strong>Control preciso:<\/strong> El crisol para fundir chocolate tiene una boquilla vertedora ergon\u00f3mica que proporciona una precisi\u00f3n milim\u00e9trica, perfecta para una cobertura de chocolate delicada.<\/p>\n<p><strong>Contenedor vers\u00e1til:<\/strong> El crisol de chocolate no s\u00f3lo sirve para fundir chocolate. Tambi\u00e9n es ideal para calentar fondue de queso, caramelo o preparar salsas, algo imprescindible para l\u00edneas de producci\u00f3n de pasteler\u00eda, estaciones de postres en banquetes de hoteles y procesos de recubrimiento de caramelos.<\/p>\n<p><strong>Servicio de moq bajo:<\/strong> Ofrecemos una cantidad m\u00ednima de pedido flexible de s\u00f3lo 300 piezas, lo que le permite personalizar su pedido con grabados a medida (como su logotipo).<\/p>\n<p><a href=\"https:\/\/www.purecook.com\/es\/custom-solution\/\"><u>Purecook Ofrece Custo OEM y ODM<\/u><u>mizado <\/u><u>Fundidor de chocolate<\/u><u>\u00a0soluti<\/u><u>en.<\/u><\/a><\/p>","protected":false},"featured_media":3732,"comment_status":"closed","ping_status":"closed","template":"","meta":{"_acf_changed":false},"product_brand":[],"product_cat":[24,52,76],"product_tag":[],"class_list":{"0":"post-3731","1":"product","2":"type-product","3":"status-publish","4":"has-post-thumbnail","6":"product_cat-cookware","7":"product_cat-kitchen-utensils","8":"product_cat-sauce-pan","10":"first","11":"instock","12":"shipping-taxable","13":"product-type-simple"},"acf":[],"_links":{"self":[{"href":"https:\/\/www.purecook.com\/es\/wp-json\/wp\/v2\/product\/3731","targetHints":{"allow":["GET"]}}],"collection":[{"href":"https:\/\/www.purecook.com\/es\/wp-json\/wp\/v2\/product"}],"about":[{"href":"https:\/\/www.purecook.com\/es\/wp-json\/wp\/v2\/types\/product"}],"replies":[{"embeddable":true,"href":"https:\/\/www.purecook.com\/es\/wp-json\/wp\/v2\/comments?post=3731"}],"wp:featuredmedia":[{"embeddable":true,"href":"https:\/\/www.purecook.com\/es\/wp-json\/wp\/v2\/media\/3732"}],"wp:attachment":[{"href":"https:\/\/www.purecook.com\/es\/wp-json\/wp\/v2\/media?parent=3731"}],"wp:term":[{"taxonomy":"product_brand","embeddable":true,"href":"https:\/\/www.purecook.com\/es\/wp-json\/wp\/v2\/product_brand?post=3731"},{"taxonomy":"product_cat","embeddable":true,"href":"https:\/\/www.purecook.com\/es\/wp-json\/wp\/v2\/product_cat?post=3731"},{"taxonomy":"product_tag","embeddable":true,"href":"https:\/\/www.purecook.com\/es\/wp-json\/wp\/v2\/product_tag?post=3731"}],"curies":[{"name":"wp","href":"https:\/\/api.w.org\/{rel}","templated":true}]}}