{"id":4031,"date":"2025-07-09T09:26:56","date_gmt":"2025-07-07T05:52:18","guid":{"rendered":"https:\/\/www.purecook.com\/?post_type=product&#038;p=4031"},"modified":"2025-07-09T10:01:48","modified_gmt":"2025-07-09T02:01:48","slug":"wholesale-4-piece-outdoor-cookware-set","status":"publish","type":"product","link":"https:\/\/www.purecook.com\/es\/product\/wholesale-4-piece-outdoor-cookware-set\/","title":{"rendered":"Mayorista Bater\u00eda de Cocina de Acero Inoxidable 304 para Exteriores (4 Piezas Apilables)"},"content":{"rendered":"<div class=\"wp-block-columns is-layout-flex wp-container-core-columns-is-layout-9d6595d7 wp-block-columns-is-layout-flex\">\n<div class=\"wp-block-column is-layout-flow wp-block-column-is-layout-flow\">\n<h3 class=\"wp-block-heading\">Par\u00e1metros de la bater\u00eda de cocina<\/h3>\n\n\n\n<p><strong>Material:<\/strong> Acero inoxidable 304<br><strong>Grosor normal:<\/strong> 0,5 mm<br><strong>Tama\u00f1o:<\/strong> Juego de 4 piezas<br><strong>capacidad: <\/strong>\/<br><strong>Peso: <\/strong>&gt;2.0kg<br><strong>Logotipo:<\/strong> Grabado l\u00e1ser\/Sello en relieve<br><strong>MOQ: <\/strong>500 unidades<\/p>\n<\/div>\n\n\n\n<div class=\"wp-block-column is-layout-flow wp-block-column-is-layout-flow\">\n<h3 class=\"wp-block-heading\">Opciones de bater\u00eda de cocina personalizada<\/h3>\n\n\n\n<p>Logotipo: personalice el logotipo de su marca<br>Material: Acero inoxidable SUS304\/SUS201<br>Grosor del material\uff1a0,45\/0,55\/0,6 mm<br>Material de la tapa:Estilo\/Material<br>Material del asa: Estilo\/Material<br>Tratamiento de la superficie de contacto:Sin recubrimiento\/recubrimiento antiadherente<br>Embalaje: caja de color\/cart\u00f3n, etc.<br><a href=\"https:\/\/www.purecook.com\/es\/custom-solution\/\" target=\"_blank\" rel=\"noopener\"><u>Soluciones OEM y ODM a medida para bater\u00edas de cocina<\/u><\/a><\/p>\n<\/div>\n<\/div>\n\n\n\n<div class=\"wp-block-columns is-layout-flex wp-container-core-columns-is-layout-9d6595d7 wp-block-columns-is-layout-flex\">\n<div class=\"wp-block-column is-layout-flow wp-block-column-is-layout-flow\">\n<figure class=\"wp-block-image size-full\"><img decoding=\"async\" width=\"800\" height=\"800\" src=\"https:\/\/www.purecook.com\/wp-content\/uploads\/2025\/07\/Outdoor-304-Stainless-Steel-Cookware-Set-4.webp\" alt=\"Bater\u00eda de cocina de acero inoxidable 304 para exteriores\" class=\"wp-image-4035\" srcset=\"https:\/\/www.purecook.com\/wp-content\/uploads\/2025\/07\/Outdoor-304-Stainless-Steel-Cookware-Set-4.webp 800w, https:\/\/www.purecook.com\/wp-content\/uploads\/2025\/07\/Outdoor-304-Stainless-Steel-Cookware-Set-4-300x300.webp 300w, https:\/\/www.purecook.com\/wp-content\/uploads\/2025\/07\/Outdoor-304-Stainless-Steel-Cookware-Set-4-150x150.webp 150w, https:\/\/www.purecook.com\/wp-content\/uploads\/2025\/07\/Outdoor-304-Stainless-Steel-Cookware-Set-4-768x768.webp 768w, https:\/\/www.purecook.com\/wp-content\/uploads\/2025\/07\/Outdoor-304-Stainless-Steel-Cookware-Set-4-12x12.webp 12w, https:\/\/www.purecook.com\/wp-content\/uploads\/2025\/07\/Outdoor-304-Stainless-Steel-Cookware-Set-4-600x600.webp 600w, https:\/\/www.purecook.com\/wp-content\/uploads\/2025\/07\/Outdoor-304-Stainless-Steel-Cookware-Set-4-100x100.webp 100w\" sizes=\"(max-width: 800px) 100vw, 800px\" \/><figcaption class=\"wp-element-caption\">Bater\u00eda de cocina de acero inoxidable 304 para exteriores<\/figcaption><\/figure>\n<\/div>\n\n\n\n<div class=\"wp-block-column is-layout-flow wp-block-column-is-layout-flow\">\n<figure class=\"wp-block-image size-full\"><img decoding=\"async\" width=\"800\" height=\"800\" src=\"https:\/\/www.purecook.com\/wp-content\/uploads\/2025\/07\/Outdoor-304-Stainless-Steel-Cookware-Set-3.webp\" alt=\"Bater\u00eda de cocina de acero inoxidable 304 para exteriores\" class=\"wp-image-4034\" srcset=\"https:\/\/www.purecook.com\/wp-content\/uploads\/2025\/07\/Outdoor-304-Stainless-Steel-Cookware-Set-3.webp 800w, https:\/\/www.purecook.com\/wp-content\/uploads\/2025\/07\/Outdoor-304-Stainless-Steel-Cookware-Set-3-300x300.webp 300w, https:\/\/www.purecook.com\/wp-content\/uploads\/2025\/07\/Outdoor-304-Stainless-Steel-Cookware-Set-3-150x150.webp 150w, https:\/\/www.purecook.com\/wp-content\/uploads\/2025\/07\/Outdoor-304-Stainless-Steel-Cookware-Set-3-768x768.webp 768w, https:\/\/www.purecook.com\/wp-content\/uploads\/2025\/07\/Outdoor-304-Stainless-Steel-Cookware-Set-3-12x12.webp 12w, https:\/\/www.purecook.com\/wp-content\/uploads\/2025\/07\/Outdoor-304-Stainless-Steel-Cookware-Set-3-600x600.webp 600w, https:\/\/www.purecook.com\/wp-content\/uploads\/2025\/07\/Outdoor-304-Stainless-Steel-Cookware-Set-3-100x100.webp 100w\" sizes=\"(max-width: 800px) 100vw, 800px\" \/><figcaption class=\"wp-element-caption\">Bater\u00eda de cocina de acero inoxidable 304 para exteriores<\/figcaption><\/figure>\n<\/div>\n<\/div>","protected":false},"excerpt":{"rendered":"<p class=\"p1\">Este juego de utensilios de cocina para exteriores de cuatro piezas al por mayor incluye una olla sopera, una olla de transporte, una sart\u00e9n y un hervidor. Est\u00e1 fabricado en acero inoxidable 304 de calidad alimentaria con superficie pulida, apilable, duradero y compatible con llamas abiertas, cocinas vitrocer\u00e1micas y cocinas de inducci\u00f3n. <strong>P\u00f3ngase en contacto con nosotros para solicitar presupuestos al por mayor.<\/strong><\/p>\n<h2><strong><b>Caracter\u00edsticas de la bater\u00eda de cocina para exteriores<\/b><\/strong><\/h2>\n<p><strong>Acero inoxidable 304 de alta calidad:<\/strong> La bater\u00eda de cocina est\u00e1 fabricada en acero inoxidable 304 de alta calidad apto para uso alimentario con superficie pulida, que es seguro para el contacto con alimentos, tiene una excelente resistencia a la oxidaci\u00f3n y durabilidad a largo plazo, y es adecuado para su uso al aire libre.<\/p>\n<p><strong>Juego completo de 4 piezas:<\/strong> La bater\u00eda de cocina de cuatro piezas incluye una olla sopera, una olla port\u00e1til, una sart\u00e9n y un hervidor para satisfacer diversas necesidades culinarias al aire libre, y es competente para tareas como hervir, fre\u00edr, calentar y servir.<\/p>\n<p><strong>Dise\u00f1o apilable y port\u00e1til:<\/strong> El dise\u00f1o apilable ahorra espacio de almacenamiento y es f\u00e1cil de transportar, por lo que es ideal para mochilas compactas para actividades al aire libre.<\/p>\n<p><strong>Compatible con m\u00faltiples fuentes de calor:<\/strong> El fondo de la bater\u00eda de cocina est\u00e1 dise\u00f1ado para resistir altas temperaturas y es compatible con fogones como los de llama abierta, cocinas de inducci\u00f3n y cocinas vitrocer\u00e1micas el\u00e9ctricas, lo que la convierte en una opci\u00f3n ideal para la cocina moderna o tradicional al aire libre.<\/p>\n<p><strong>Totalmente personalizable para compradores B2B:<\/strong> Las opciones de personalizaci\u00f3n leve incluyen logotipos de marca y estilos de envasado personalizados; la personalizaci\u00f3n profunda abarca formas de olla personalizadas, materiales del cuerpo de la olla, tipos de asas, tratamientos superficiales, etc.<\/p>\n<p><a href=\"https:\/\/www.purecook.com\/es\/custom-solution\/\" target=\"_blank\" rel=\"noopener\"><u>Purecook ofrece OEM y ODM a medida<\/u><u>\u00a0c<\/u><u>ookware set<\/u><u>\u00a0soluci\u00f3n<\/u><u>tiones.<\/u><\/a><\/p>","protected":false},"featured_media":4036,"comment_status":"closed","ping_status":"closed","template":"","meta":{"_acf_changed":false},"product_brand":[],"product_cat":[69,24],"product_tag":[96],"class_list":{"0":"post-4031","1":"product","2":"type-product","3":"status-publish","4":"has-post-thumbnail","6":"product_cat-cookware-sets","7":"product_cat-cookware","8":"product_tag-wholesale-outdoor-cookware","10":"first","11":"instock","12":"shipping-taxable","13":"product-type-simple"},"acf":[],"_links":{"self":[{"href":"https:\/\/www.purecook.com\/es\/wp-json\/wp\/v2\/product\/4031","targetHints":{"allow":["GET"]}}],"collection":[{"href":"https:\/\/www.purecook.com\/es\/wp-json\/wp\/v2\/product"}],"about":[{"href":"https:\/\/www.purecook.com\/es\/wp-json\/wp\/v2\/types\/product"}],"replies":[{"embeddable":true,"href":"https:\/\/www.purecook.com\/es\/wp-json\/wp\/v2\/comments?post=4031"}],"wp:featuredmedia":[{"embeddable":true,"href":"https:\/\/www.purecook.com\/es\/wp-json\/wp\/v2\/media\/4036"}],"wp:attachment":[{"href":"https:\/\/www.purecook.com\/es\/wp-json\/wp\/v2\/media?parent=4031"}],"wp:term":[{"taxonomy":"product_brand","embeddable":true,"href":"https:\/\/www.purecook.com\/es\/wp-json\/wp\/v2\/product_brand?post=4031"},{"taxonomy":"product_cat","embeddable":true,"href":"https:\/\/www.purecook.com\/es\/wp-json\/wp\/v2\/product_cat?post=4031"},{"taxonomy":"product_tag","embeddable":true,"href":"https:\/\/www.purecook.com\/es\/wp-json\/wp\/v2\/product_tag?post=4031"}],"curies":[{"name":"wp","href":"https:\/\/api.w.org\/{rel}","templated":true}]}}