{"id":4044,"date":"2025-02-26T10:54:00","date_gmt":"2025-02-26T02:54:00","guid":{"rendered":"https:\/\/www.purecook.com\/?post_type=product&#038;p=4044"},"modified":"2025-07-23T18:33:16","modified_gmt":"2025-07-23T10:33:16","slug":"wholesale-3-tier-stainless-steel-steamer-pots","status":"publish","type":"product","link":"https:\/\/www.purecook.com\/es\/product\/wholesale-3-tier-stainless-steel-steamer-pots\/","title":{"rendered":"Mayorista 3 Tier Steamer Pots - Food-Grade SUS304 Material"},"content":{"rendered":"<div class=\"wp-block-columns is-layout-flex wp-container-core-columns-is-layout-9d6595d7 wp-block-columns-is-layout-flex\">\n<div class=\"wp-block-column is-layout-flow wp-block-column-is-layout-flow\">\n<h3 class=\"wp-block-heading\">Par\u00e1metros de la olla de vapor de 3 niveles<\/h3>\n\n\n\n<p><strong>Material:<\/strong> Acero inoxidable 304<br><strong>Grosor normal:<\/strong> 2,2 mm<br><strong>Tama\u00f1o:<\/strong> 32 cm<br><strong>capacidad: <\/strong>\/<br><strong>Peso:<\/strong> &gt;1.50kg<br><strong>Logotipo:<\/strong> Grabado l\u00e1ser\/Sello en relieve<br><strong>MOQ: <\/strong>500 unidades<\/p>\n<\/div>\n\n\n\n<div class=\"wp-block-column is-layout-flow wp-block-column-is-layout-flow\">\n<h3 class=\"wp-block-heading\">Opciones personalizadas de ollas de vapor<\/h3>\n\n\n\n<p><strong>Logotipo: <\/strong>Personalice el logotipo de su marca<br><strong>Material: <\/strong>Acero inoxidable triple \/ SUS304 \/ SUS201 \/ SUS316<br><strong>Grosor del material: <\/strong>2,0\/2,3\/2,5\/2,8 mm<br><strong>Material de la tapa: <\/strong> Estilo \/ Material<br><strong>Material del mango:<\/strong> Estilo \/ Material<br><strong>Tratamiento de la superficie de contacto:<\/strong> Recubrimiento sin revestimiento\/no adherente<br><strong>Embalaje:<\/strong> color caja\/cart\u00f3n, etc<br><a href=\"https:\/\/www.purecook.com\/es\/custom-solution\/\" target=\"_blank\" rel=\"noopener\"><u>Soluciones de ollas de vapor personalizadas OEM y ODM<\/u><\/a><\/p>\n<\/div>\n<\/div>\n\n\n\n<div class=\"wp-block-columns is-layout-flex wp-container-core-columns-is-layout-9d6595d7 wp-block-columns-is-layout-flex\">\n<div class=\"wp-block-column is-layout-flow wp-block-column-is-layout-flow\"><div class=\"wp-block-image\">\n<figure class=\"aligncenter size-full\"><img decoding=\"async\" width=\"800\" height=\"800\" src=\"https:\/\/www.purecook.com\/wp-content\/uploads\/2025\/07\/304-triple-stainless-steel-steamer-pot-5.webp\" alt=\"Olla de vapor triple de acero inoxidable 304\" class=\"wp-image-4043\" srcset=\"https:\/\/www.purecook.com\/wp-content\/uploads\/2025\/07\/304-triple-stainless-steel-steamer-pot-5.webp 800w, https:\/\/www.purecook.com\/wp-content\/uploads\/2025\/07\/304-triple-stainless-steel-steamer-pot-5-300x300.webp 300w, https:\/\/www.purecook.com\/wp-content\/uploads\/2025\/07\/304-triple-stainless-steel-steamer-pot-5-150x150.webp 150w, https:\/\/www.purecook.com\/wp-content\/uploads\/2025\/07\/304-triple-stainless-steel-steamer-pot-5-768x768.webp 768w, https:\/\/www.purecook.com\/wp-content\/uploads\/2025\/07\/304-triple-stainless-steel-steamer-pot-5-12x12.webp 12w, https:\/\/www.purecook.com\/wp-content\/uploads\/2025\/07\/304-triple-stainless-steel-steamer-pot-5-600x600.webp 600w, https:\/\/www.purecook.com\/wp-content\/uploads\/2025\/07\/304-triple-stainless-steel-steamer-pot-5-100x100.webp 100w\" sizes=\"(max-width: 800px) 100vw, 800px\" \/><figcaption class=\"wp-element-caption\">Olla de vapor triple de acero inoxidable 304<\/figcaption><\/figure>\n<\/div><\/div>\n\n\n\n<div class=\"wp-block-column is-layout-flow wp-block-column-is-layout-flow\"><div class=\"wp-block-image\">\n<figure class=\"aligncenter size-full\"><img decoding=\"async\" width=\"1600\" height=\"1600\" src=\"https:\/\/www.purecook.com\/wp-content\/uploads\/2025\/07\/304-triple-stainless-steel-steamer-pot-4.webp\" alt=\"Olla de vapor triple de acero inoxidable 304\" class=\"wp-image-4042\" srcset=\"https:\/\/www.purecook.com\/wp-content\/uploads\/2025\/07\/304-triple-stainless-steel-steamer-pot-4.webp 1600w, https:\/\/www.purecook.com\/wp-content\/uploads\/2025\/07\/304-triple-stainless-steel-steamer-pot-4-300x300.webp 300w, https:\/\/www.purecook.com\/wp-content\/uploads\/2025\/07\/304-triple-stainless-steel-steamer-pot-4-150x150.webp 150w, https:\/\/www.purecook.com\/wp-content\/uploads\/2025\/07\/304-triple-stainless-steel-steamer-pot-4-768x768.webp 768w, https:\/\/www.purecook.com\/wp-content\/uploads\/2025\/07\/304-triple-stainless-steel-steamer-pot-4-12x12.webp 12w, https:\/\/www.purecook.com\/wp-content\/uploads\/2025\/07\/304-triple-stainless-steel-steamer-pot-4-600x600.webp 600w, https:\/\/www.purecook.com\/wp-content\/uploads\/2025\/07\/304-triple-stainless-steel-steamer-pot-4-100x100.webp 100w\" sizes=\"(max-width: 1600px) 100vw, 1600px\" \/><figcaption class=\"wp-element-caption\">Olla de vapor triple de acero inoxidable 304<\/figcaption><\/figure>\n<\/div><\/div>\n<\/div>","protected":false},"excerpt":{"rendered":"<p>Venta al por mayor de ollas de vapor de acero inoxidable de 3 pisos. Fabricadas en acero inoxidable 304 de calidad alimentaria, con tapa de arco alto patentada y asas ergon\u00f3micas. Permite una cocci\u00f3n eficiente en varios niveles. P\u00f3ngase en contacto con nosotros para solicitar un presupuesto.<\/p>\n<h2><strong><b>Caracter\u00edsticas de la olla de vapor de 3 niveles<\/b><\/strong><\/h2>\n<p><strong>Sistema de vaporizaci\u00f3n modular de tres niveles:<\/strong> La olla de cocci\u00f3n al vapor est\u00e1 fabricada en acero inoxidable SUS304 de calidad alimentaria y contiene tres rejillas de cocci\u00f3n al vapor extra\u00edbles que se pueden apilar para obtener la m\u00e1xima capacidad de cocci\u00f3n al vapor.<\/p>\n<p><strong>Tapa de arco alto:<\/strong> La olla de vapor tiene 20% m\u00e1s espacio que una olla de vapor est\u00e1ndar, lo que permite cocinar al vapor alimentos grandes o altos.<\/p>\n<p><strong>Mango ergon\u00f3mico:<\/strong> Con un dise\u00f1o de empu\u00f1adura curvada en forma de \"oreja\", es ergon\u00f3mica, permite ahorrar mano de obra y aumenta la seguridad.<\/p>\n<p><strong>Servicio de venta al por mayor de utensilios de cocina:<\/strong> Le ofrecemos soluciones de utensilios de cocina al por mayor a precios de f\u00e1brica para ayudarle a obtener m\u00e1s beneficios, adecuadas para distribuidores, minoristas y mayoristas.<\/p>\n<p><a href=\"https:\/\/www.purecook.com\/es\/custom-solution\/\"><u>Purecook ofrece OEM y ODM a medida<\/u><u> utensilios de cocina<\/u><u>\u00a0soluci\u00f3n<\/u><u>tiones.<\/u><\/a><\/p>","protected":false},"featured_media":4040,"comment_status":"closed","ping_status":"closed","template":"","meta":{"_acf_changed":false},"product_brand":[],"product_cat":[24,70,79],"product_tag":[98],"class_list":{"0":"post-4044","1":"product","2":"type-product","3":"status-publish","4":"has-post-thumbnail","6":"product_cat-cookware","7":"product_cat-soup-and-stock-pots","8":"product_cat-steamer-pot","9":"product_tag-wholesale-home-cookware","11":"first","12":"instock","13":"shipping-taxable","14":"product-type-simple"},"acf":[],"_links":{"self":[{"href":"https:\/\/www.purecook.com\/es\/wp-json\/wp\/v2\/product\/4044","targetHints":{"allow":["GET"]}}],"collection":[{"href":"https:\/\/www.purecook.com\/es\/wp-json\/wp\/v2\/product"}],"about":[{"href":"https:\/\/www.purecook.com\/es\/wp-json\/wp\/v2\/types\/product"}],"replies":[{"embeddable":true,"href":"https:\/\/www.purecook.com\/es\/wp-json\/wp\/v2\/comments?post=4044"}],"wp:featuredmedia":[{"embeddable":true,"href":"https:\/\/www.purecook.com\/es\/wp-json\/wp\/v2\/media\/4040"}],"wp:attachment":[{"href":"https:\/\/www.purecook.com\/es\/wp-json\/wp\/v2\/media?parent=4044"}],"wp:term":[{"taxonomy":"product_brand","embeddable":true,"href":"https:\/\/www.purecook.com\/es\/wp-json\/wp\/v2\/product_brand?post=4044"},{"taxonomy":"product_cat","embeddable":true,"href":"https:\/\/www.purecook.com\/es\/wp-json\/wp\/v2\/product_cat?post=4044"},{"taxonomy":"product_tag","embeddable":true,"href":"https:\/\/www.purecook.com\/es\/wp-json\/wp\/v2\/product_tag?post=4044"}],"curies":[{"name":"wp","href":"https:\/\/api.w.org\/{rel}","templated":true}]}}