{"id":4074,"date":"2025-07-09T16:55:07","date_gmt":"2025-07-07T08:31:04","guid":{"rendered":"https:\/\/www.purecook.com\/?post_type=product&#038;p=4074"},"modified":"2025-07-09T17:28:06","modified_gmt":"2025-07-09T09:28:06","slug":"wholesale-stainless-steel-kneading-boards","status":"publish","type":"product","link":"https:\/\/www.purecook.com\/es\/product\/wholesale-stainless-steel-kneading-boards\/","title":{"rendered":"Venta al mayor de Tablas de amasar de acero inoxidable 304"},"content":{"rendered":"<div class=\"wp-block-columns is-layout-flex wp-container-core-columns-is-layout-9d6595d7 wp-block-columns-is-layout-flex\">\n<div class=\"wp-block-column is-layout-flow wp-block-column-is-layout-flow\">\n<h3 class=\"wp-block-heading\">Par\u00e1metros de la tabla de amasar de acero inoxidable<\/h3>\n\n\n\n<p><strong>Material:<\/strong> Acero inoxidable 304<br><strong>Grosor normal:<\/strong> 0,5 mm<br><strong>Tama\u00f1o: <\/strong>50cm X40cm\/70cm X40cm<br><strong>capacidad:<\/strong> \/<br><strong>Peso:<\/strong> &gt;1.50kg<br><strong>Logotipo: <\/strong>Grabado l\u00e1ser\/Sello en relieve<br><strong>MOQ:<\/strong> 500 unidades<\/p>\n<\/div>\n\n\n\n<div class=\"wp-block-column is-layout-flow wp-block-column-is-layout-flow\">\n<h3 class=\"wp-block-heading\">Tabla de amasar de acero a medida Opciones<\/h3>\n\n\n\n<p><strong>Logotipo:<\/strong> Personalice el logotipo de su marca<br><strong>Material:<\/strong> Acero inoxidable SUS304\/SUS201\/SUS\/316<br><strong>Grosor del material:<\/strong> 0,5 mm<br><strong>Material de la tapa:<\/strong> Estilo\/Material<br><strong>Material del mango: <\/strong>Estilo\/Material<br><strong>Tratamiento de la superficie de contacto:<\/strong> Sin recubrimiento\/Recubrimiento antiadherente<br><strong>Paquete:<\/strong> color caja\/cart\u00f3n, etc<br><a href=\"https:\/\/www.purecook.com\/es\/custom-solution\/\" target=\"_blank\" rel=\"noopener\"><u>Soluciones OEM y ODM a medida para tableros de acero para amasar<\/u><\/a><\/p>\n<\/div>\n<\/div>\n\n\n\n<div class=\"wp-block-columns is-layout-flex wp-container-core-columns-is-layout-9d6595d7 wp-block-columns-is-layout-flex\">\n<div class=\"wp-block-column is-layout-flow wp-block-column-is-layout-flow\">\n<figure class=\"wp-block-image size-full\"><img decoding=\"async\" width=\"800\" height=\"800\" src=\"https:\/\/www.purecook.com\/wp-content\/uploads\/2025\/07\/304-stainless-steel-kneading-board-2.webp\" alt=\"\" class=\"wp-image-4075\" srcset=\"https:\/\/www.purecook.com\/wp-content\/uploads\/2025\/07\/304-stainless-steel-kneading-board-2.webp 800w, https:\/\/www.purecook.com\/wp-content\/uploads\/2025\/07\/304-stainless-steel-kneading-board-2-300x300.webp 300w, https:\/\/www.purecook.com\/wp-content\/uploads\/2025\/07\/304-stainless-steel-kneading-board-2-150x150.webp 150w, https:\/\/www.purecook.com\/wp-content\/uploads\/2025\/07\/304-stainless-steel-kneading-board-2-768x768.webp 768w, https:\/\/www.purecook.com\/wp-content\/uploads\/2025\/07\/304-stainless-steel-kneading-board-2-12x12.webp 12w, https:\/\/www.purecook.com\/wp-content\/uploads\/2025\/07\/304-stainless-steel-kneading-board-2-600x600.webp 600w, https:\/\/www.purecook.com\/wp-content\/uploads\/2025\/07\/304-stainless-steel-kneading-board-2-100x100.webp 100w\" sizes=\"(max-width: 800px) 100vw, 800px\" \/><figcaption class=\"wp-element-caption\">Tabla de amasar de acero inoxidable 304<\/figcaption><\/figure>\n<\/div>\n\n\n\n<div class=\"wp-block-column is-layout-flow wp-block-column-is-layout-flow\">\n<figure class=\"wp-block-image size-full\"><img decoding=\"async\" width=\"800\" height=\"800\" src=\"https:\/\/www.purecook.com\/wp-content\/uploads\/2025\/07\/304-stainless-steel-kneading-board-5.webp\" alt=\"\" class=\"wp-image-4076\" srcset=\"https:\/\/www.purecook.com\/wp-content\/uploads\/2025\/07\/304-stainless-steel-kneading-board-5.webp 800w, https:\/\/www.purecook.com\/wp-content\/uploads\/2025\/07\/304-stainless-steel-kneading-board-5-300x300.webp 300w, https:\/\/www.purecook.com\/wp-content\/uploads\/2025\/07\/304-stainless-steel-kneading-board-5-150x150.webp 150w, https:\/\/www.purecook.com\/wp-content\/uploads\/2025\/07\/304-stainless-steel-kneading-board-5-768x768.webp 768w, https:\/\/www.purecook.com\/wp-content\/uploads\/2025\/07\/304-stainless-steel-kneading-board-5-12x12.webp 12w, https:\/\/www.purecook.com\/wp-content\/uploads\/2025\/07\/304-stainless-steel-kneading-board-5-600x600.webp 600w, https:\/\/www.purecook.com\/wp-content\/uploads\/2025\/07\/304-stainless-steel-kneading-board-5-100x100.webp 100w\" sizes=\"(max-width: 800px) 100vw, 800px\" \/><figcaption class=\"wp-element-caption\">Tabla de amasar de acero inoxidable 304<\/figcaption><\/figure>\n<\/div>\n<\/div>","protected":false},"excerpt":{"rendered":"<p>Las tablas para amasar de acero inoxidable 304 al por mayor combinan funcionalidad y diversi\u00f3n, con simp\u00e1ticos dibujos de caras de osos, material seguro para beb\u00e9s, bordes antideslizantes y marcas de escala precisas. La tabla de amasar de acero inoxidable 304 es una herramienta imprescindible duradera y vers\u00e1til para hornear, amasar o cortar, adecuada para cocinas modernas y cocinas infantiles.<\/p>\n<h2>Caracter\u00edsticas de la tabla de amasar de acero inoxidable<\/h2>\n<p><strong>Material de calidad alimentaria:<\/strong> El tablero de acero inoxidable est\u00e1 hecho de acero inoxidable 304 de alta calidad, que tiene buena resistencia a la corrosi\u00f3n y a la oxidaci\u00f3n, y es seguro para el contacto diario con alimentos.<\/p>\n<p><strong>Dise\u00f1o \u00fanico y divertido:<\/strong> La tabla de acero inoxidable tiene un simp\u00e1tico contorno de cara de oso, que realza la diversi\u00f3n de la cocina, inspira la creatividad y a\u00f1ade calidez a su experiencia de cocinar y hornear, especialmente adecuada para familias con ni\u00f1os.<\/p>\n<p><strong>Medici\u00f3n de precisi\u00f3n:<\/strong> La tabla de acero inoxidable tiene un buen sistema de escala, y el anillo de medici\u00f3n circular integrado ayuda a dar forma y tama\u00f1o a la masa con precisi\u00f3n; la regla de medici\u00f3n recta incorporada debajo es perfecta para medir la longitud de rebanadas o pasteles.<\/p>\n<p><strong>F\u00e1cil mantenimiento:<\/strong> El rendimiento antiadherente facilita la manipulaci\u00f3n de la masa y la limpieza, y basta con enjuagar o pasar un pa\u00f1o despu\u00e9s de su uso, por lo que la limpieza se realiza sin esfuerzo.<\/p>\n<p><strong>Amplia gama de usos en la cocina:<\/strong> La tabla de acero inoxidable es perfecta para amasar, preparar pasteles, dar forma a la masa, picar, etc.<\/p>\n<p><a href=\"https:\/\/www.purecook.com\/es\/custom-solution\/\"><u>Purecook ofrece OEM y ODM a medida<\/u><u> tabla de amasar <\/u><u>soluci\u00f3n<\/u><u>tiones.<\/u><\/a><\/p>","protected":false},"featured_media":4082,"comment_status":"closed","ping_status":"closed","template":"","meta":{"_acf_changed":false},"product_brand":[],"product_cat":[52,67],"product_tag":[98],"class_list":{"0":"post-4074","1":"product","2":"type-product","3":"status-publish","4":"has-post-thumbnail","6":"product_cat-kitchen-utensils","7":"product_cat-cutting-board","8":"product_tag-wholesale-home-cookware","10":"first","11":"instock","12":"shipping-taxable","13":"product-type-simple"},"acf":[],"_links":{"self":[{"href":"https:\/\/www.purecook.com\/es\/wp-json\/wp\/v2\/product\/4074","targetHints":{"allow":["GET"]}}],"collection":[{"href":"https:\/\/www.purecook.com\/es\/wp-json\/wp\/v2\/product"}],"about":[{"href":"https:\/\/www.purecook.com\/es\/wp-json\/wp\/v2\/types\/product"}],"replies":[{"embeddable":true,"href":"https:\/\/www.purecook.com\/es\/wp-json\/wp\/v2\/comments?post=4074"}],"wp:featuredmedia":[{"embeddable":true,"href":"https:\/\/www.purecook.com\/es\/wp-json\/wp\/v2\/media\/4082"}],"wp:attachment":[{"href":"https:\/\/www.purecook.com\/es\/wp-json\/wp\/v2\/media?parent=4074"}],"wp:term":[{"taxonomy":"product_brand","embeddable":true,"href":"https:\/\/www.purecook.com\/es\/wp-json\/wp\/v2\/product_brand?post=4074"},{"taxonomy":"product_cat","embeddable":true,"href":"https:\/\/www.purecook.com\/es\/wp-json\/wp\/v2\/product_cat?post=4074"},{"taxonomy":"product_tag","embeddable":true,"href":"https:\/\/www.purecook.com\/es\/wp-json\/wp\/v2\/product_tag?post=4074"}],"curies":[{"name":"wp","href":"https:\/\/api.w.org\/{rel}","templated":true}]}}