{"id":4083,"date":"2025-07-09T10:06:21","date_gmt":"2025-07-07T09:29:21","guid":{"rendered":"https:\/\/www.purecook.com\/?post_type=product&#038;p=4083"},"modified":"2025-07-09T10:49:02","modified_gmt":"2025-07-09T02:49:02","slug":"wholesale-stainless-steel-cold-water-kettle","status":"publish","type":"product","link":"https:\/\/www.purecook.com\/es\/product\/wholesale-stainless-steel-cold-water-kettle\/","title":{"rendered":"Hervidor de agua fr\u00eda de acero inoxidable 201 al por mayor"},"content":{"rendered":"<div class=\"wp-block-columns is-layout-flex wp-container-core-columns-is-layout-9d6595d7 wp-block-columns-is-layout-flex\">\n<div class=\"wp-block-column is-layout-flow wp-block-column-is-layout-flow\">\n<h3 class=\"wp-block-heading\">Par\u00e1metros del hervidor de agua fr\u00eda de acero<\/h3>\n\n\n\n<p><strong>Material: <\/strong>Acero inoxidable 201<br><strong>Grosor normal: <\/strong>0,5 mm<br><strong>Tama\u00f1o:<\/strong> 1.6L<br><strong>capacidad:<\/strong> \/<br><strong>Peso:<\/strong> &gt;1.50kg<br><strong>Logotipo:<\/strong> Grabado l\u00e1ser\/Sello en relieve<br><strong>MOQ:<\/strong> 500 unidades<\/p>\n<\/div>\n\n\n\n<div class=\"wp-block-column is-layout-flow wp-block-column-is-layout-flow\">\n<h3 class=\"wp-block-heading\">Hervidor de agua fr\u00eda de acero a medida<\/h3>\n\n\n\n<p><strong>Logotipo:<\/strong> personalice el logotipo de su marca<br><strong>Material:<\/strong> Acero inoxidable SUS201<br><strong>Grosor del material:<\/strong> 0,5 mm<br><strong>Material de la tapa:<\/strong> Estilo\/Material<br><strong>Material del mango:<\/strong> Estilo\/Material<br><strong>Tratamiento de la superficie de contacto:<\/strong> Recubrimiento sin revestimiento\/no adherente<br><strong>Embalaje:<\/strong> color caja\/cart\u00f3n, etc<br><a href=\"https:\/\/www.purecook.com\/es\/custom-solution\/\" target=\"_blank\" rel=\"noopener\"><u>Soluciones de hervidores de agua fr\u00eda de acero inoxidable personalizados OEM y ODM<\/u><\/a><\/p>\n<\/div>\n<\/div>\n\n\n\n<div class=\"wp-block-columns is-layout-flex wp-container-core-columns-is-layout-9d6595d7 wp-block-columns-is-layout-flex\">\n<div class=\"wp-block-column is-layout-flow wp-block-column-is-layout-flow\">\n<figure class=\"wp-block-image size-full\"><img decoding=\"async\" width=\"2643\" height=\"2643\" src=\"https:\/\/www.purecook.com\/wp-content\/uploads\/2025\/07\/201-Stainless-Steel-Cold-Water-Kettle-2.webp\" alt=\"\" class=\"wp-image-4084\" srcset=\"https:\/\/www.purecook.com\/wp-content\/uploads\/2025\/07\/201-Stainless-Steel-Cold-Water-Kettle-2.webp 2643w, https:\/\/www.purecook.com\/wp-content\/uploads\/2025\/07\/201-Stainless-Steel-Cold-Water-Kettle-2-300x300.webp 300w, https:\/\/www.purecook.com\/wp-content\/uploads\/2025\/07\/201-Stainless-Steel-Cold-Water-Kettle-2-150x150.webp 150w, https:\/\/www.purecook.com\/wp-content\/uploads\/2025\/07\/201-Stainless-Steel-Cold-Water-Kettle-2-768x768.webp 768w, https:\/\/www.purecook.com\/wp-content\/uploads\/2025\/07\/201-Stainless-Steel-Cold-Water-Kettle-2-12x12.webp 12w, https:\/\/www.purecook.com\/wp-content\/uploads\/2025\/07\/201-Stainless-Steel-Cold-Water-Kettle-2-600x600.webp 600w, https:\/\/www.purecook.com\/wp-content\/uploads\/2025\/07\/201-Stainless-Steel-Cold-Water-Kettle-2-100x100.webp 100w\" sizes=\"(max-width: 2643px) 100vw, 2643px\" \/><figcaption class=\"wp-element-caption\">Hervidor de agua fr\u00eda de acero inoxidable 304<\/figcaption><\/figure>\n<\/div>\n\n\n\n<div class=\"wp-block-column is-layout-flow wp-block-column-is-layout-flow\">\n<figure class=\"wp-block-image size-full\"><img decoding=\"async\" width=\"3060\" height=\"3060\" src=\"https:\/\/www.purecook.com\/wp-content\/uploads\/2025\/07\/201-Stainless-Steel-Cold-Water-Kettle-1.webp\" alt=\"\" class=\"wp-image-4085\" srcset=\"https:\/\/www.purecook.com\/wp-content\/uploads\/2025\/07\/201-Stainless-Steel-Cold-Water-Kettle-1.webp 3060w, https:\/\/www.purecook.com\/wp-content\/uploads\/2025\/07\/201-Stainless-Steel-Cold-Water-Kettle-1-300x300.webp 300w, https:\/\/www.purecook.com\/wp-content\/uploads\/2025\/07\/201-Stainless-Steel-Cold-Water-Kettle-1-150x150.webp 150w, https:\/\/www.purecook.com\/wp-content\/uploads\/2025\/07\/201-Stainless-Steel-Cold-Water-Kettle-1-768x768.webp 768w, https:\/\/www.purecook.com\/wp-content\/uploads\/2025\/07\/201-Stainless-Steel-Cold-Water-Kettle-1-12x12.webp 12w, https:\/\/www.purecook.com\/wp-content\/uploads\/2025\/07\/201-Stainless-Steel-Cold-Water-Kettle-1-600x600.webp 600w, https:\/\/www.purecook.com\/wp-content\/uploads\/2025\/07\/201-Stainless-Steel-Cold-Water-Kettle-1-100x100.webp 100w\" sizes=\"(max-width: 3060px) 100vw, 3060px\" \/><figcaption class=\"wp-element-caption\">Hervidor de agua fr\u00eda de acero inoxidable 304<\/figcaption><\/figure>\n<\/div>\n<\/div>","protected":false},"excerpt":{"rendered":"<p>Esta botella de agua fr\u00eda al por mayor de 1,6 litros est\u00e1 fabricada en acero inoxidable 201, con un asa de f\u00e1cil agarre, una tapa de un solo toque f\u00e1cil de abrir y un cierre de silicona para evitar derrames. Puede utilizarse para almacenar agua, t\u00e9, caf\u00e9, etc. P\u00f3ngase en contacto con nosotros para obtener un presupuesto al por mayor de f\u00e1brica.<\/p>\n<h2>Caracter\u00edsticas del hervidor de agua fr\u00eda<\/h2>\n<p><strong>Construcci\u00f3n duradera de acero inoxidable 201:<\/strong> El hervidor de agua fr\u00eda est\u00e1 fabricado en acero inoxidable SUS201 de calidad alimentaria, resistente a la corrosi\u00f3n y fuerte a un precio muy competitivo.<\/p>\n<p><strong>Gran capacidad:<\/strong> El hervidor de agua fr\u00eda tiene suficiente capacidad y una estructura robusta para el agua fr\u00eda diaria o para almacenar bebidas fr\u00edas y calientes.<\/p>\n<p><strong>Marca personalizable:<\/strong> Admite logotipos grabados con l\u00e1ser o en relieve, lo que resulta perfecto para establecer su propia identidad de marca en el producto.<\/p>\n<p><strong>Suministro al por mayor y a granel:<\/strong> Con un pedido m\u00ednimo de 500 unidades, es ideal para distribuidores de utensilios de cocina, minoristas y proveedores de productos promocionales que buscan una fabricaci\u00f3n B2B fiable.<\/p>\n<p><a href=\"https:\/\/www.purecook.com\/es\/custom-solution\/\"><u>Purecook ofrece OEM y ODM a medida<\/u><u>\u00a0hervidor de agua fr\u00eda <\/u><u>soluci\u00f3n<\/u><u>tiones.<\/u><\/a><\/p>","protected":false},"featured_media":4086,"comment_status":"closed","ping_status":"closed","template":"","meta":{"_acf_changed":false},"product_brand":[],"product_cat":[26,52],"product_tag":[98],"class_list":{"0":"post-4083","1":"product","2":"type-product","3":"status-publish","4":"has-post-thumbnail","6":"product_cat-kettle","7":"product_cat-kitchen-utensils","8":"product_tag-wholesale-home-cookware","10":"first","11":"instock","12":"shipping-taxable","13":"product-type-simple"},"acf":[],"_links":{"self":[{"href":"https:\/\/www.purecook.com\/es\/wp-json\/wp\/v2\/product\/4083","targetHints":{"allow":["GET"]}}],"collection":[{"href":"https:\/\/www.purecook.com\/es\/wp-json\/wp\/v2\/product"}],"about":[{"href":"https:\/\/www.purecook.com\/es\/wp-json\/wp\/v2\/types\/product"}],"replies":[{"embeddable":true,"href":"https:\/\/www.purecook.com\/es\/wp-json\/wp\/v2\/comments?post=4083"}],"wp:featuredmedia":[{"embeddable":true,"href":"https:\/\/www.purecook.com\/es\/wp-json\/wp\/v2\/media\/4086"}],"wp:attachment":[{"href":"https:\/\/www.purecook.com\/es\/wp-json\/wp\/v2\/media?parent=4083"}],"wp:term":[{"taxonomy":"product_brand","embeddable":true,"href":"https:\/\/www.purecook.com\/es\/wp-json\/wp\/v2\/product_brand?post=4083"},{"taxonomy":"product_cat","embeddable":true,"href":"https:\/\/www.purecook.com\/es\/wp-json\/wp\/v2\/product_cat?post=4083"},{"taxonomy":"product_tag","embeddable":true,"href":"https:\/\/www.purecook.com\/es\/wp-json\/wp\/v2\/product_tag?post=4083"}],"curies":[{"name":"wp","href":"https:\/\/api.w.org\/{rel}","templated":true}]}}