{"id":4165,"date":"2025-07-22T14:14:26","date_gmt":"2025-07-22T06:14:26","guid":{"rendered":"https:\/\/www.purecook.com\/?post_type=product&#038;p=4165"},"modified":"2025-07-22T14:53:20","modified_gmt":"2025-07-22T06:53:20","slug":"wholesale-304-stainless-steel-salad-bowls","status":"publish","type":"product","link":"https:\/\/www.purecook.com\/es\/product\/wholesale-304-stainless-steel-salad-bowls\/","title":{"rendered":"Mayorista Ensaladeras de Acero Inoxidable, 4 Tama\u00f1os Disponibles"},"content":{"rendered":"<div class=\"wp-block-columns is-layout-flex wp-container-core-columns-is-layout-9d6595d7 wp-block-columns-is-layout-flex\">\n<div class=\"wp-block-column is-layout-flow wp-block-column-is-layout-flow\">\n<h3 class=\"wp-block-heading\">Par\u00e1metros de las ensaladeras de acero inoxidable<\/h3>\n\n\n\n<p><strong>Material:<\/strong> Acero inoxidable 304<br><strong>Grosor normal:<\/strong> 0,6 mm<br><strong>Tama\u00f1o:<\/strong> 19\/22\/24\/26 cm<br><strong>Forma:<\/strong> Redondo<br><strong>MOQ:<\/strong> 1000 unidades<br><strong>Peso bruto: <\/strong>Menos de 1 kg\/unidad<\/p>\n<\/div>\n\n\n\n<div class=\"wp-block-column is-layout-flow wp-block-column-is-layout-flow\">\n<h3 class=\"wp-block-heading\">Opciones de escurreplatos personalizados<\/h3>\n\n\n\n<p><strong>Material:<\/strong> Acero inoxidable<br><strong>Logotipo:<\/strong> Personalizable con el logotipo de su marca<br><strong>Paquete:<\/strong> Caja de color, cart\u00f3n u otras opciones<br><strong>MOQ:<\/strong> 1000 unidades<br><a href=\"https:\/\/www.purecook.com\/es\/custom-solution\/\" target=\"_blank\" rel=\"noopener\"><u>OEM y ODM Soluciones personalizadas de menaje de cocina<\/u><\/a><\/p>\n<\/div>\n<\/div>\n\n\n\n<div class=\"wp-block-columns is-layout-flex wp-container-core-columns-is-layout-9d6595d7 wp-block-columns-is-layout-flex\">\n<div class=\"wp-block-column is-layout-flow wp-block-column-is-layout-flow\">\n<figure class=\"wp-block-image size-full\"><img decoding=\"async\" width=\"800\" height=\"800\" src=\"https:\/\/www.purecook.com\/wp-content\/uploads\/2025\/07\/wholesale-stainless-steel-salad-bowls-6.webp\" alt=\"venta al por mayor ensaladeras de acero inoxidable (6)\" class=\"wp-image-4171\" srcset=\"https:\/\/www.purecook.com\/wp-content\/uploads\/2025\/07\/wholesale-stainless-steel-salad-bowls-6.webp 800w, https:\/\/www.purecook.com\/wp-content\/uploads\/2025\/07\/wholesale-stainless-steel-salad-bowls-6-300x300.webp 300w, https:\/\/www.purecook.com\/wp-content\/uploads\/2025\/07\/wholesale-stainless-steel-salad-bowls-6-150x150.webp 150w, https:\/\/www.purecook.com\/wp-content\/uploads\/2025\/07\/wholesale-stainless-steel-salad-bowls-6-768x768.webp 768w, https:\/\/www.purecook.com\/wp-content\/uploads\/2025\/07\/wholesale-stainless-steel-salad-bowls-6-12x12.webp 12w, https:\/\/www.purecook.com\/wp-content\/uploads\/2025\/07\/wholesale-stainless-steel-salad-bowls-6-600x600.webp 600w, https:\/\/www.purecook.com\/wp-content\/uploads\/2025\/07\/wholesale-stainless-steel-salad-bowls-6-100x100.webp 100w\" sizes=\"(max-width: 800px) 100vw, 800px\" \/><\/figure>\n<\/div>\n\n\n\n<div class=\"wp-block-column is-layout-flow wp-block-column-is-layout-flow\">\n<figure class=\"wp-block-image size-full\"><img decoding=\"async\" width=\"800\" height=\"800\" src=\"https:\/\/www.purecook.com\/wp-content\/uploads\/2025\/07\/wholesale-stainless-steel-salad-bowls-7.webp\" alt=\"venta al por mayor ensaladeras de acero inoxidable (7)\" class=\"wp-image-4172\" srcset=\"https:\/\/www.purecook.com\/wp-content\/uploads\/2025\/07\/wholesale-stainless-steel-salad-bowls-7.webp 800w, https:\/\/www.purecook.com\/wp-content\/uploads\/2025\/07\/wholesale-stainless-steel-salad-bowls-7-300x300.webp 300w, https:\/\/www.purecook.com\/wp-content\/uploads\/2025\/07\/wholesale-stainless-steel-salad-bowls-7-150x150.webp 150w, https:\/\/www.purecook.com\/wp-content\/uploads\/2025\/07\/wholesale-stainless-steel-salad-bowls-7-768x768.webp 768w, https:\/\/www.purecook.com\/wp-content\/uploads\/2025\/07\/wholesale-stainless-steel-salad-bowls-7-12x12.webp 12w, https:\/\/www.purecook.com\/wp-content\/uploads\/2025\/07\/wholesale-stainless-steel-salad-bowls-7-600x600.webp 600w, https:\/\/www.purecook.com\/wp-content\/uploads\/2025\/07\/wholesale-stainless-steel-salad-bowls-7-100x100.webp 100w\" sizes=\"(max-width: 800px) 100vw, 800px\" \/><\/figure>\n<\/div>\n<\/div>","protected":false},"excerpt":{"rendered":"<p>Venta al por mayor de ensaladeras. Fabricadas en acero inoxidable 304 de calidad alimentaria, estas ensaladeras son duraderas y seguras, con una base de silicona antideslizante para una gran variedad de tareas de cocina, desde mezclar hasta servir. Disponibles en cuatro tama\u00f1os, el pedido m\u00ednimo al por mayor es de 1.000 unidades. P\u00f3ngase en contacto con Purecook para obtener el mejor presupuesto del fabricante profesional de utensilios de cocina.<\/p>\n<h2><strong><b>Caracter\u00edsticas de las ensaladeras de acero inoxidable<\/b><\/strong><\/h2>\n<p><strong>Materiales seguros y de alta calidad:<\/strong> Estas ensaladeras est\u00e1n fabricadas en acero inoxidable 304 apto para uso alimentario, que cumple las estrictas normas de higiene de los utensilios de cocina, es resistente a la corrosi\u00f3n y al calor y no contiene sustancias nocivas.<\/p>\n<p><strong>M\u00faltiples opciones de tama\u00f1o:<\/strong> Este bol est\u00e1 disponible en cuatro tama\u00f1os (19 cm, 22 cm, 24 cm y 26 cm), con los que se pueden realizar diversas tareas de cocina, como preparar ingredientes, mezclar masas, servir ensalada, etc.<\/p>\n<p><strong>Dise\u00f1o pr\u00e1ctico y f\u00e1cil de usar:<\/strong> Estas ensaladeras tienen una superficie interior lisa y pueden limpiarse f\u00e1cilmente despu\u00e9s de cada uso; el dise\u00f1o redondo es pr\u00e1ctico para remover y mezclar, y la base de silicona antideslizante proporciona estabilidad para evitar deslizamientos accidentales durante el uso.<\/p>\n<p><strong>Suministro al por mayor de ensaladeras:<\/strong> Esta ensaladera de acero inoxidable tiene un pedido m\u00ednimo de 1.000 unidades y ofrece precios de f\u00e1brica, por lo que es ideal para pedidos al por mayor, negocios mayoristas y marcas personalizadas.<\/p>\n<p><a href=\"https:\/\/www.purecook.com\/es\/custom-solution\/\"><u>Purecook ofrece utensilios de cocina personalizados OEM y ODM <\/u><u>soluciones<\/u><u>.<\/u><\/a><\/p>","protected":false},"featured_media":4166,"comment_status":"closed","ping_status":"closed","template":"","meta":{"_acf_changed":false},"product_brand":[],"product_cat":[52,90],"product_tag":[],"class_list":{"0":"post-4165","1":"product","2":"type-product","3":"status-publish","4":"has-post-thumbnail","6":"product_cat-kitchen-utensils","7":"product_cat-mixing-bowl","9":"first","10":"instock","11":"shipping-taxable","12":"product-type-simple"},"acf":[],"_links":{"self":[{"href":"https:\/\/www.purecook.com\/es\/wp-json\/wp\/v2\/product\/4165","targetHints":{"allow":["GET"]}}],"collection":[{"href":"https:\/\/www.purecook.com\/es\/wp-json\/wp\/v2\/product"}],"about":[{"href":"https:\/\/www.purecook.com\/es\/wp-json\/wp\/v2\/types\/product"}],"replies":[{"embeddable":true,"href":"https:\/\/www.purecook.com\/es\/wp-json\/wp\/v2\/comments?post=4165"}],"wp:featuredmedia":[{"embeddable":true,"href":"https:\/\/www.purecook.com\/es\/wp-json\/wp\/v2\/media\/4166"}],"wp:attachment":[{"href":"https:\/\/www.purecook.com\/es\/wp-json\/wp\/v2\/media?parent=4165"}],"wp:term":[{"taxonomy":"product_brand","embeddable":true,"href":"https:\/\/www.purecook.com\/es\/wp-json\/wp\/v2\/product_brand?post=4165"},{"taxonomy":"product_cat","embeddable":true,"href":"https:\/\/www.purecook.com\/es\/wp-json\/wp\/v2\/product_cat?post=4165"},{"taxonomy":"product_tag","embeddable":true,"href":"https:\/\/www.purecook.com\/es\/wp-json\/wp\/v2\/product_tag?post=4165"}],"curies":[{"name":"wp","href":"https:\/\/api.w.org\/{rel}","templated":true}]}}