{"id":4275,"date":"2025-08-02T12:17:40","date_gmt":"2025-08-02T04:17:40","guid":{"rendered":"https:\/\/www.purecook.com\/?post_type=product&#038;p=4275"},"modified":"2025-08-14T16:53:53","modified_gmt":"2025-08-14T08:53:53","slug":"wholesale-3-compartment-lunch-boxes","status":"publish","type":"product","link":"https:\/\/www.purecook.com\/es\/product\/wholesale-3-compartment-lunch-boxes\/","title":{"rendered":"Mayorista Fiambreras de Acero Inoxidable - Fiambrera de 3 compartimentos, Fiambrera para ni\u00f1os bonita"},"content":{"rendered":"<div class=\"wp-block-columns is-layout-flex wp-container-core-columns-is-layout-9d6595d7 wp-block-columns-is-layout-flex\">\n<div class=\"wp-block-column is-layout-flow wp-block-column-is-layout-flow\">\n<h3 class=\"wp-block-heading\">Par\u00e1metros de las fiambreras de acero inoxidable<\/h3>\n\n\n\n<p><strong>Material: <\/strong>SS304+PP<br><strong>Color:<\/strong> Verde\/Rosa<br><strong>Forma: <\/strong>Rectangular<br><strong>Capacidad: <\/strong>960 ml<br><strong>Peso bruto: <\/strong>Menos de 1 kg por pieza<br><br><\/p>\n<\/div>\n\n\n\n<div class=\"wp-block-column is-layout-flow wp-block-column-is-layout-flow\">\n<h3 class=\"wp-block-heading\">Opciones de fiambreras personalizadas<\/h3>\n\n\n\n<p><strong>Logotipo:<\/strong> Personalizable con el logotipo de su marca<br><strong>Color:<\/strong> Personalizable<br><strong>Embalaje:<\/strong>\u00a0Caja de color\/Cart\u00f3n, etc<\/p>\n<\/div>\n<\/div>\n\n\n\n<div class=\"wp-block-columns is-layout-flex wp-container-core-columns-is-layout-9d6595d7 wp-block-columns-is-layout-flex\">\n<div class=\"wp-block-column is-layout-flow wp-block-column-is-layout-flow\">\n<figure class=\"wp-block-image size-full\"><img decoding=\"async\" width=\"800\" height=\"800\" src=\"https:\/\/www.purecook.com\/wp-content\/uploads\/2025\/08\/wholesale-stainless-steel-lunch-boxes-4.webp\" alt=\"venta al por mayor fiambreras de acero inoxidable (4)\" class=\"wp-image-4279\" srcset=\"https:\/\/www.purecook.com\/wp-content\/uploads\/2025\/08\/wholesale-stainless-steel-lunch-boxes-4.webp 800w, https:\/\/www.purecook.com\/wp-content\/uploads\/2025\/08\/wholesale-stainless-steel-lunch-boxes-4-300x300.webp 300w, https:\/\/www.purecook.com\/wp-content\/uploads\/2025\/08\/wholesale-stainless-steel-lunch-boxes-4-150x150.webp 150w, https:\/\/www.purecook.com\/wp-content\/uploads\/2025\/08\/wholesale-stainless-steel-lunch-boxes-4-768x768.webp 768w, https:\/\/www.purecook.com\/wp-content\/uploads\/2025\/08\/wholesale-stainless-steel-lunch-boxes-4-12x12.webp 12w, https:\/\/www.purecook.com\/wp-content\/uploads\/2025\/08\/wholesale-stainless-steel-lunch-boxes-4-600x600.webp 600w, https:\/\/www.purecook.com\/wp-content\/uploads\/2025\/08\/wholesale-stainless-steel-lunch-boxes-4-100x100.webp 100w\" sizes=\"(max-width: 800px) 100vw, 800px\" \/><\/figure>\n<\/div>\n\n\n\n<div class=\"wp-block-column is-layout-flow wp-block-column-is-layout-flow\">\n<figure class=\"wp-block-image size-full\"><img decoding=\"async\" width=\"800\" height=\"800\" src=\"https:\/\/www.purecook.com\/wp-content\/uploads\/2025\/08\/wholesale-stainless-steel-lunch-boxes-6.webp\" alt=\"venta al por mayor fiambreras de acero inoxidable (6)\" class=\"wp-image-4281\" srcset=\"https:\/\/www.purecook.com\/wp-content\/uploads\/2025\/08\/wholesale-stainless-steel-lunch-boxes-6.webp 800w, https:\/\/www.purecook.com\/wp-content\/uploads\/2025\/08\/wholesale-stainless-steel-lunch-boxes-6-300x300.webp 300w, https:\/\/www.purecook.com\/wp-content\/uploads\/2025\/08\/wholesale-stainless-steel-lunch-boxes-6-150x150.webp 150w, https:\/\/www.purecook.com\/wp-content\/uploads\/2025\/08\/wholesale-stainless-steel-lunch-boxes-6-768x768.webp 768w, https:\/\/www.purecook.com\/wp-content\/uploads\/2025\/08\/wholesale-stainless-steel-lunch-boxes-6-12x12.webp 12w, https:\/\/www.purecook.com\/wp-content\/uploads\/2025\/08\/wholesale-stainless-steel-lunch-boxes-6-600x600.webp 600w, https:\/\/www.purecook.com\/wp-content\/uploads\/2025\/08\/wholesale-stainless-steel-lunch-boxes-6-100x100.webp 100w\" sizes=\"(max-width: 800px) 100vw, 800px\" \/><\/figure>\n<\/div>\n<\/div>\n\n\n\n<div class=\"wp-block-columns is-layout-flex wp-container-core-columns-is-layout-9d6595d7 wp-block-columns-is-layout-flex\">\n<div class=\"wp-block-column is-layout-flow wp-block-column-is-layout-flow\"><\/div>\n\n\n\n<div class=\"wp-block-column is-layout-flow wp-block-column-is-layout-flow\"><\/div>\n<\/div>","protected":false},"excerpt":{"rendered":"<p>Fiambreras de acero inoxidable al por mayor. Estas fiambreras est\u00e1n fabricadas en acero inoxidable apto para uso alimentario, lo que garantiza su seguridad a diario. Sus simp\u00e1ticos dibujos animados a\u00f1aden un toque de diversi\u00f3n y alegr\u00eda a la hora de comer. Purecook ofrece precios de f\u00e1brica y personalizaci\u00f3n OEM. P\u00f3ngase en contacto con nosotros para obtener el mejor presupuesto de un fabricante de fiambreras de confianza.<\/p>\n<h2>Caracter\u00edsticas y ventajas de las fiambreras de acero inoxidable<\/h2>\n<p><strong>Dise\u00f1o l\u00fadico para estimular el apetito:<\/strong> Esta divertida fiambrera presenta un simp\u00e1tico estampado de dinosaurios que cautiva a los ni\u00f1os y a\u00f1ade un toque de alegr\u00eda a la hora de comer.<\/p>\n<p><strong>Dos opciones:<\/strong> La fiambrera de acero inoxidable est\u00e1 disponible en dos dise\u00f1os: uno verde, con un alegre dinosaurio jugando en el agua, y otro rosa, con una conmovedora escena de dinosaurios, para satisfacer las distintas preferencias de los ni\u00f1os.<\/p>\n<p><strong>Dise\u00f1o de tres compartimentos:<\/strong> Los compartimentos dise\u00f1ados cient\u00edficamente evitan que se mezclen alimentos diferentes; el amplio espacio permite acomodar distintos tipos de alimentos, favoreciendo una nutrici\u00f3n equilibrada.<\/p>\n<p><strong>Port\u00e1til, seguro y reflexivo:<\/strong> Esta fiambrera est\u00e1 fabricada en pl\u00e1stico ligero con bordes redondeados para facilitar el agarre y una manipulaci\u00f3n segura, reduciendo el riesgo de cortes o molestias durante su uso.<\/p>\n<p><strong>F\u00e1cil de limpiar:<\/strong> El compartimento interior de acero inoxidable es extra\u00edble para facilitar su limpieza. El material duradero garantiza que la fiambrera sea resistente a manchas y olores, manteniendo su aspecto limpio incluso tras un uso prolongado.<\/p>\n<p><strong>Servicio de fiambreras al por mayor:<\/strong> Como fabricante de fiambreras de acero inoxidable, ofrecemos servicios de venta al por mayor de fiambreras de acero inoxidable a precios de f\u00e1brica, apoyamos los servicios OEM y ODM, y proporcionamos ricas opciones de personalizaci\u00f3n para adaptarnos a sus preferencias de marca y mercado.<\/p>","protected":false},"featured_media":4276,"comment_status":"closed","ping_status":"closed","template":"","meta":{"_acf_changed":false},"product_brand":[],"product_cat":[102],"product_tag":[],"class_list":{"0":"post-4275","1":"product","2":"type-product","3":"status-publish","4":"has-post-thumbnail","6":"product_cat-lunch-boxes","8":"first","9":"instock","10":"shipping-taxable","11":"product-type-simple"},"acf":[],"_links":{"self":[{"href":"https:\/\/www.purecook.com\/es\/wp-json\/wp\/v2\/product\/4275","targetHints":{"allow":["GET"]}}],"collection":[{"href":"https:\/\/www.purecook.com\/es\/wp-json\/wp\/v2\/product"}],"about":[{"href":"https:\/\/www.purecook.com\/es\/wp-json\/wp\/v2\/types\/product"}],"replies":[{"embeddable":true,"href":"https:\/\/www.purecook.com\/es\/wp-json\/wp\/v2\/comments?post=4275"}],"wp:featuredmedia":[{"embeddable":true,"href":"https:\/\/www.purecook.com\/es\/wp-json\/wp\/v2\/media\/4276"}],"wp:attachment":[{"href":"https:\/\/www.purecook.com\/es\/wp-json\/wp\/v2\/media?parent=4275"}],"wp:term":[{"taxonomy":"product_brand","embeddable":true,"href":"https:\/\/www.purecook.com\/es\/wp-json\/wp\/v2\/product_brand?post=4275"},{"taxonomy":"product_cat","embeddable":true,"href":"https:\/\/www.purecook.com\/es\/wp-json\/wp\/v2\/product_cat?post=4275"},{"taxonomy":"product_tag","embeddable":true,"href":"https:\/\/www.purecook.com\/es\/wp-json\/wp\/v2\/product_tag?post=4275"}],"curies":[{"name":"wp","href":"https:\/\/api.w.org\/{rel}","templated":true}]}}