{"id":4302,"date":"2025-08-04T12:31:39","date_gmt":"2025-08-04T04:31:39","guid":{"rendered":"https:\/\/www.purecook.com\/?post_type=product&#038;p=4302"},"modified":"2025-08-04T12:34:00","modified_gmt":"2025-08-04T04:34:00","slug":"wholesale-food-grade-pp-cutting-boards","status":"publish","type":"product","link":"https:\/\/www.purecook.com\/es\/product\/wholesale-food-grade-pp-cutting-boards\/","title":{"rendered":"Mayorista Tablas de Cortar de PP de Calidad Alimentaria - Agujero para colgar, Opciones Multicolor y F\u00e1cil Almacenaje"},"content":{"rendered":"<div class=\"wp-block-columns is-layout-flex wp-container-core-columns-is-layout-9d6595d7 wp-block-columns-is-layout-flex\">\n<div class=\"wp-block-column is-layout-flow wp-block-column-is-layout-flow\">\n<h3 class=\"wp-block-heading\">Par\u00e1metros de la tabla de cortar de PP de calidad alimentaria<\/h3>\n\n\n\n<p><strong>Material: <\/strong>PP<br><strong>Color:<\/strong> Azul claro \/ Amarillo \/ Rosa \/ Crema \/ Azul cielo \/ Amarillo lim\u00f3n<br><strong>Forma: <\/strong>Rectangular<br><strong>Tama\u00f1o:<\/strong> <em>20\u00d730\u00d71.2cm\/34\u00d724\u00d71.5cm\/<br>38\u00d726\u00d71.5cm\/42\u00d730\u00d71.8cm<\/em><br><strong>Peso bruto: <\/strong>Menos de 1 kg por pieza<br><br><\/p>\n<\/div>\n\n\n\n<div class=\"wp-block-column is-layout-flow wp-block-column-is-layout-flow\">\n<h3 class=\"wp-block-heading\">Opciones de tablas de cortar personalizadas<\/h3>\n\n\n\n<p><strong>Logotipo:<\/strong> Personalizable con el logotipo de su marca<br><strong>Color:<\/strong> Personalizable<br><strong>Embalaje:<\/strong>\u00a0Caja de color\/Cart\u00f3n, etc<\/p>\n\n\n\n<p><strong><a href=\"https:\/\/www.purecook.com\/es\/custom-solution\/\" target=\"_blank\" rel=\"noreferrer noopener\">Soluciones de menaje a medida OEM y ODM<\/a><\/strong><\/p>\n<\/div>\n<\/div>\n\n\n\n<div class=\"wp-block-columns is-layout-flex wp-container-core-columns-is-layout-9d6595d7 wp-block-columns-is-layout-flex\">\n<div class=\"wp-block-column is-layout-flow wp-block-column-is-layout-flow\">\n<figure class=\"wp-block-image size-full\"><img decoding=\"async\" width=\"800\" height=\"800\" src=\"https:\/\/www.purecook.com\/wp-content\/uploads\/2025\/08\/wholesale-cutting-board-6.webp\" alt=\"tabla de cortar al por mayor (6)\" class=\"wp-image-4307\" srcset=\"https:\/\/www.purecook.com\/wp-content\/uploads\/2025\/08\/wholesale-cutting-board-6.webp 800w, https:\/\/www.purecook.com\/wp-content\/uploads\/2025\/08\/wholesale-cutting-board-6-300x300.webp 300w, https:\/\/www.purecook.com\/wp-content\/uploads\/2025\/08\/wholesale-cutting-board-6-150x150.webp 150w, https:\/\/www.purecook.com\/wp-content\/uploads\/2025\/08\/wholesale-cutting-board-6-768x768.webp 768w, https:\/\/www.purecook.com\/wp-content\/uploads\/2025\/08\/wholesale-cutting-board-6-12x12.webp 12w, https:\/\/www.purecook.com\/wp-content\/uploads\/2025\/08\/wholesale-cutting-board-6-600x600.webp 600w, https:\/\/www.purecook.com\/wp-content\/uploads\/2025\/08\/wholesale-cutting-board-6-100x100.webp 100w\" sizes=\"(max-width: 800px) 100vw, 800px\" \/><\/figure>\n<\/div>\n\n\n\n<div class=\"wp-block-column is-layout-flow wp-block-column-is-layout-flow\">\n<figure class=\"wp-block-image size-full\"><img decoding=\"async\" width=\"800\" height=\"800\" src=\"https:\/\/www.purecook.com\/wp-content\/uploads\/2025\/08\/wholesale-cutting-board-4.webp\" alt=\"tabla de cortar al por mayor (4)\" class=\"wp-image-4305\" srcset=\"https:\/\/www.purecook.com\/wp-content\/uploads\/2025\/08\/wholesale-cutting-board-4.webp 800w, https:\/\/www.purecook.com\/wp-content\/uploads\/2025\/08\/wholesale-cutting-board-4-300x300.webp 300w, https:\/\/www.purecook.com\/wp-content\/uploads\/2025\/08\/wholesale-cutting-board-4-150x150.webp 150w, https:\/\/www.purecook.com\/wp-content\/uploads\/2025\/08\/wholesale-cutting-board-4-768x768.webp 768w, https:\/\/www.purecook.com\/wp-content\/uploads\/2025\/08\/wholesale-cutting-board-4-12x12.webp 12w, https:\/\/www.purecook.com\/wp-content\/uploads\/2025\/08\/wholesale-cutting-board-4-600x600.webp 600w, https:\/\/www.purecook.com\/wp-content\/uploads\/2025\/08\/wholesale-cutting-board-4-100x100.webp 100w\" sizes=\"(max-width: 800px) 100vw, 800px\" \/><\/figure>\n<\/div>\n<\/div>\n\n\n\n<div class=\"wp-block-columns is-layout-flex wp-container-core-columns-is-layout-9d6595d7 wp-block-columns-is-layout-flex\">\n<div class=\"wp-block-column is-layout-flow wp-block-column-is-layout-flow\"><\/div>\n\n\n\n<div class=\"wp-block-column is-layout-flow wp-block-column-is-layout-flow\"><\/div>\n<\/div>","protected":false},"excerpt":{"rendered":"<p>Tablas de cortar al por mayor. 4 tama\u00f1os disponibles. La tabla de cortar de PP de calidad alimentaria est\u00e1 dise\u00f1ada para mayor seguridad y comodidad. Hay varios colores disponibles. Son suaves y duraderas, lo que hace que cortar sea una experiencia agradable. Adem\u00e1s, el agujero para colgar facilita su colocaci\u00f3n y almacenamiento. Su amplia gama de colores hace que se adapte a casi todos los estilos de decoraci\u00f3n de cocina.<\/p>\n<p>Purecook ofrece precios de f\u00e1brica y personalizaci\u00f3n OEM. P\u00f3ngase en contacto con nosotros para obtener el mejor presupuesto de un <a href=\"https:\/\/www.purecook.com\/es\/\" target=\"_blank\" rel=\"noopener\"><strong>fabricante de utensilios de cocina<\/strong><\/a>.<\/p>\n<h2>Caracter\u00edsticas y ventajas de la tabla de cortar de PP de calidad alimentaria<\/h2>\n<p data-pm-slice=\"1 1 []\"><strong>Material duradero y apto para alimentos:<\/strong> Esta tabla de cortar al por mayor est\u00e1 hecha de material PP de calidad alimentaria, no t\u00f3xico, inodoro, y cumple con las normas alimentarias. no importa lo que es los ingredientes, es seguro para que usted trabaje en su comida en eso.<\/p>\n<p><strong>Colores vers\u00e1tiles:<\/strong> estos colores nacen para realzar la popularidad de esta tabla de cortar al encajar en casi todos los estilos de decoraci\u00f3n de cocina.<\/p>\n<p><strong>Durabilidad:<\/strong> El material PP es resistente al envejecimiento; no importa si se trata de cortar frutas, verduras o carne, es su elecci\u00f3n duradera. Gracias a su superficie lisa, el agua no puede penetrar en su interior.<\/p>\n<p><strong>F\u00e1cil de limpiar:<\/strong> El material duradero garantiza que la tabla de cortar sea resistente a manchas y olores, manteniendo su aspecto limpio incluso tras un uso prolongado.<\/p>\n<p><strong>Servicio de fiambreras al por mayor:<\/strong> Como fabricante de utensilios de cocina, ofrecemos muchos tipos de utensilios de cocina al por mayor a precios de f\u00e1brica, apoyamos los servicios OEM y ODM, y proporcionamos ricas opciones de personalizaci\u00f3n para adaptarnos a sus preferencias de marca y mercado.<\/p>","protected":false},"featured_media":4308,"comment_status":"closed","ping_status":"closed","template":"","meta":{"_acf_changed":false},"product_brand":[],"product_cat":[67],"product_tag":[],"class_list":{"0":"post-4302","1":"product","2":"type-product","3":"status-publish","4":"has-post-thumbnail","6":"product_cat-cutting-board","8":"first","9":"instock","10":"shipping-taxable","11":"product-type-simple"},"acf":[],"_links":{"self":[{"href":"https:\/\/www.purecook.com\/es\/wp-json\/wp\/v2\/product\/4302","targetHints":{"allow":["GET"]}}],"collection":[{"href":"https:\/\/www.purecook.com\/es\/wp-json\/wp\/v2\/product"}],"about":[{"href":"https:\/\/www.purecook.com\/es\/wp-json\/wp\/v2\/types\/product"}],"replies":[{"embeddable":true,"href":"https:\/\/www.purecook.com\/es\/wp-json\/wp\/v2\/comments?post=4302"}],"wp:featuredmedia":[{"embeddable":true,"href":"https:\/\/www.purecook.com\/es\/wp-json\/wp\/v2\/media\/4308"}],"wp:attachment":[{"href":"https:\/\/www.purecook.com\/es\/wp-json\/wp\/v2\/media?parent=4302"}],"wp:term":[{"taxonomy":"product_brand","embeddable":true,"href":"https:\/\/www.purecook.com\/es\/wp-json\/wp\/v2\/product_brand?post=4302"},{"taxonomy":"product_cat","embeddable":true,"href":"https:\/\/www.purecook.com\/es\/wp-json\/wp\/v2\/product_cat?post=4302"},{"taxonomy":"product_tag","embeddable":true,"href":"https:\/\/www.purecook.com\/es\/wp-json\/wp\/v2\/product_tag?post=4302"}],"curies":[{"name":"wp","href":"https:\/\/api.w.org\/{rel}","templated":true}]}}