{"id":4309,"date":"2025-08-04T12:17:23","date_gmt":"2025-08-04T04:17:23","guid":{"rendered":"https:\/\/www.purecook.com\/?post_type=product&#038;p=4309"},"modified":"2025-08-04T12:17:24","modified_gmt":"2025-08-04T04:17:24","slug":"wholesale-stainless-steel-food-containers","status":"publish","type":"product","link":"https:\/\/www.purecook.com\/es\/product\/wholesale-stainless-steel-food-containers\/","title":{"rendered":"Mayorista Recipiente de Acero Inoxidable para Alimentos con Tapa Transparente - 8 Capacidades para Elegir"},"content":{"rendered":"<div class=\"wp-block-columns is-layout-flex wp-container-core-columns-is-layout-9d6595d7 wp-block-columns-is-layout-flex\">\n<div class=\"wp-block-column is-layout-flow wp-block-column-is-layout-flow\">\n<h3 class=\"wp-block-heading\">Par\u00e1metros del contenedor de acero inoxidable para alimentos<\/h3>\n\n\n\n<p><strong>Material: <\/strong>SS304+PP<br><strong>Color:<\/strong> Astilla<br><strong>Forma: <\/strong>Rectangular<br><strong>Capacidad: <\/strong>1400ML\/1900ML\/2400ML\/<br>2800ML\/3800ML\/4600ML\/<br>5500ML\/6600ML<br><strong>Peso bruto: <\/strong>Menos de 1 kg por pieza<\/p>\n<\/div>\n\n\n\n<div class=\"wp-block-column is-layout-flow wp-block-column-is-layout-flow\">\n<h3 class=\"wp-block-heading\">Opciones de envases personalizados para alimentos<\/h3>\n\n\n\n<p><strong>Logotipo:<\/strong> Personalizable con el logotipo de su marca<br><strong>Color:<\/strong> Personalizable<br><strong>Embalaje:<\/strong>&nbsp;Caja de color\/Cart\u00f3n, etc<\/p>\n<\/div>\n<\/div>\n\n\n\n<div class=\"wp-block-columns is-layout-flex wp-container-core-columns-is-layout-9d6595d7 wp-block-columns-is-layout-flex\">\n<div class=\"wp-block-column is-layout-flow wp-block-column-is-layout-flow\">\n<figure class=\"wp-block-image size-full\"><img decoding=\"async\" width=\"800\" height=\"800\" src=\"https:\/\/www.purecook.com\/wp-content\/uploads\/2025\/08\/wholesale-stainless-steel-food-containers5.webp\" alt=\"venta al por mayor de recipientes de acero inoxidable para alimentos(5)\" class=\"wp-image-4342\" srcset=\"https:\/\/www.purecook.com\/wp-content\/uploads\/2025\/08\/wholesale-stainless-steel-food-containers5.webp 800w, https:\/\/www.purecook.com\/wp-content\/uploads\/2025\/08\/wholesale-stainless-steel-food-containers5-300x300.webp 300w, https:\/\/www.purecook.com\/wp-content\/uploads\/2025\/08\/wholesale-stainless-steel-food-containers5-150x150.webp 150w, https:\/\/www.purecook.com\/wp-content\/uploads\/2025\/08\/wholesale-stainless-steel-food-containers5-768x768.webp 768w, https:\/\/www.purecook.com\/wp-content\/uploads\/2025\/08\/wholesale-stainless-steel-food-containers5-12x12.webp 12w, https:\/\/www.purecook.com\/wp-content\/uploads\/2025\/08\/wholesale-stainless-steel-food-containers5-600x600.webp 600w, https:\/\/www.purecook.com\/wp-content\/uploads\/2025\/08\/wholesale-stainless-steel-food-containers5-100x100.webp 100w\" sizes=\"(max-width: 800px) 100vw, 800px\" \/><\/figure>\n<\/div>\n\n\n\n<div class=\"wp-block-column is-layout-flow wp-block-column-is-layout-flow\">\n<figure class=\"wp-block-image size-full\"><img decoding=\"async\" width=\"800\" height=\"800\" src=\"https:\/\/www.purecook.com\/wp-content\/uploads\/2025\/08\/wholesale-stainless-steel-food-containers6.webp\" alt=\"venta al por mayor de recipientes de acero inoxidable para alimentos(6)\" class=\"wp-image-4343\" srcset=\"https:\/\/www.purecook.com\/wp-content\/uploads\/2025\/08\/wholesale-stainless-steel-food-containers6.webp 800w, https:\/\/www.purecook.com\/wp-content\/uploads\/2025\/08\/wholesale-stainless-steel-food-containers6-300x300.webp 300w, https:\/\/www.purecook.com\/wp-content\/uploads\/2025\/08\/wholesale-stainless-steel-food-containers6-150x150.webp 150w, https:\/\/www.purecook.com\/wp-content\/uploads\/2025\/08\/wholesale-stainless-steel-food-containers6-768x768.webp 768w, https:\/\/www.purecook.com\/wp-content\/uploads\/2025\/08\/wholesale-stainless-steel-food-containers6-12x12.webp 12w, https:\/\/www.purecook.com\/wp-content\/uploads\/2025\/08\/wholesale-stainless-steel-food-containers6-600x600.webp 600w, https:\/\/www.purecook.com\/wp-content\/uploads\/2025\/08\/wholesale-stainless-steel-food-containers6-100x100.webp 100w\" sizes=\"(max-width: 800px) 100vw, 800px\" \/><\/figure>\n<\/div>\n<\/div>\n\n\n\n<div class=\"wp-block-columns is-layout-flex wp-container-core-columns-is-layout-9d6595d7 wp-block-columns-is-layout-flex\">\n<div class=\"wp-block-column is-layout-flow wp-block-column-is-layout-flow\"><\/div>\n\n\n\n<div class=\"wp-block-column is-layout-flow wp-block-column-is-layout-flow\"><\/div>\n<\/div>","protected":false},"excerpt":{"rendered":"<p>Venta al por mayor de recipientes de acero inoxidable para alimentos. Estos recipientes de acero inoxidable para alimentos combinan un dise\u00f1o elegante con una capacidad pr\u00e1ctica. Las tapas transparentes permiten ver f\u00e1cilmente el contenido, y el cierre herm\u00e9tico garantiza la frescura. El dise\u00f1o cuadrado y compacto permite un almacenamiento eficaz. Son ideales para mantener los alimentos frescos y seguros en casa o fuera de ella.<\/p>\n<p>Purecook Food Container Manufacturer ofrece precios de f\u00e1brica y servicios de personalizaci\u00f3n OEM. P\u00f3ngase en contacto con nosotros para obtener un cat\u00e1logo y la mejor cotizaci\u00f3n.<\/p>\n<h2>Caracter\u00edsticas y ventajas del recipiente de acero inoxidable para alimentos<\/h2>\n<p data-pm-slice=\"1 1 []\"><strong>Material apto para alimentos:<\/strong> Este recipiente de acero inoxidable personalizado para almacenar alimentos est\u00e1 fabricado en acero inoxidable de calidad alimentaria, totalmente at\u00f3xico, duradero y fiable. Ideal para almacenar alimentos \u00e1cidos o perecederos, este recipiente es apto para microondas para breves r\u00e1fagas de calor y no se deforma con el uso regular.<\/p>\n<p data-pm-slice=\"1 1 []\"><strong>Comodidad:<\/strong> La tapa transparente le permite ver el contenido sin necesidad de abrirla. Por un lado, puede proteger los alimentos de la contaminaci\u00f3n, pero tambi\u00e9n le permite comprobarlos r\u00e1pidamente.<\/p>\n<p><strong>Dise\u00f1o del sello:<\/strong> Este dise\u00f1o impide eficazmente la entrada de aire y humedad, por lo que se preserva la frescura de los alimentos. Incluso con alimentos de base l\u00edquida, como guisos o salsas, este recipiente evita las fugas, lo que lo convierte en una excelente opci\u00f3n para transportar sopas o ingredientes h\u00famedos.<\/p>\n<p><strong>Dise\u00f1o apilable para ahorrar espacio:<\/strong> Los contenedores tienen una forma cuadrada est\u00e1ndar que permite apilarlos ordenadamente para ahorrar espacio. Su dise\u00f1o compacto resuelve los problemas de espacio a los que suelen enfrentarse los contenedores redondos, proporcionando un almacenamiento eficiente y c\u00f3modo.<\/p>\n<p><strong>Servicio de venta al por mayor de recipientes para almacenar alimentos:<\/strong> Como fabricante de recipientes de acero inoxidable para el almacenamiento de alimentos, ofrecemos servicios de venta al por mayor de recipientes de acero inoxidable para el almacenamiento de alimentos a precios de f\u00e1brica, apoyamos los servicios de OEM y ODM, y proporcionamos ricas opciones de personalizaci\u00f3n para adaptarnos a su marca y preferencias de mercado.<\/p>","protected":false},"featured_media":4338,"comment_status":"closed","ping_status":"closed","template":"","meta":{"_acf_changed":false},"product_brand":[],"product_cat":[25],"product_tag":[],"class_list":{"0":"post-4309","1":"product","2":"type-product","3":"status-publish","4":"has-post-thumbnail","6":"product_cat-food-storage","8":"first","9":"instock","10":"shipping-taxable","11":"product-type-simple"},"acf":[],"_links":{"self":[{"href":"https:\/\/www.purecook.com\/es\/wp-json\/wp\/v2\/product\/4309","targetHints":{"allow":["GET"]}}],"collection":[{"href":"https:\/\/www.purecook.com\/es\/wp-json\/wp\/v2\/product"}],"about":[{"href":"https:\/\/www.purecook.com\/es\/wp-json\/wp\/v2\/types\/product"}],"replies":[{"embeddable":true,"href":"https:\/\/www.purecook.com\/es\/wp-json\/wp\/v2\/comments?post=4309"}],"wp:featuredmedia":[{"embeddable":true,"href":"https:\/\/www.purecook.com\/es\/wp-json\/wp\/v2\/media\/4338"}],"wp:attachment":[{"href":"https:\/\/www.purecook.com\/es\/wp-json\/wp\/v2\/media?parent=4309"}],"wp:term":[{"taxonomy":"product_brand","embeddable":true,"href":"https:\/\/www.purecook.com\/es\/wp-json\/wp\/v2\/product_brand?post=4309"},{"taxonomy":"product_cat","embeddable":true,"href":"https:\/\/www.purecook.com\/es\/wp-json\/wp\/v2\/product_cat?post=4309"},{"taxonomy":"product_tag","embeddable":true,"href":"https:\/\/www.purecook.com\/es\/wp-json\/wp\/v2\/product_tag?post=4309"}],"curies":[{"name":"wp","href":"https:\/\/api.w.org\/{rel}","templated":true}]}}