{"id":4316,"date":"2025-08-04T17:17:14","date_gmt":"2025-08-04T09:17:14","guid":{"rendered":"https:\/\/www.purecook.com\/?post_type=product&#038;p=4316"},"modified":"2025-08-04T18:31:24","modified_gmt":"2025-08-04T10:31:24","slug":"wholesale-non-stick-woks","status":"publish","type":"product","link":"https:\/\/www.purecook.com\/es\/product\/wholesale-non-stick-woks\/","title":{"rendered":"Mayorista Woks Antiadherentes - Textura de panal y fondo de acero inoxidable trilaminado"},"content":{"rendered":"<div class=\"wp-block-columns is-layout-flex wp-container-core-columns-is-layout-9d6595d7 wp-block-columns-is-layout-flex\">\n<div class=\"wp-block-column is-layout-flow wp-block-column-is-layout-flow\">\n<h3 class=\"wp-block-heading\">Par\u00e1metros de la sart\u00e9n wok de acero inoxidable tricapa<\/h3>\n\n\n\n<p><strong>Material: <\/strong>tricapa ss304<br><strong>Color:<\/strong> Plata<br><strong>Forma: <\/strong>Circular<br><strong>tama\u00f1o: <\/strong>32cm\/34cm<br><strong>Grosor normal:<\/strong> 2,3 mm<\/p>\n<\/div>\n\n\n\n<div class=\"wp-block-column is-layout-flow wp-block-column-is-layout-flow\">\n<h3 class=\"wp-block-heading\">Opciones de sart\u00e9n wok de acero inoxidable tricapa a medida<\/h3>\n\n\n\n<p><strong>Logotipo:<\/strong> Personalizable con el logotipo de su marca<br><strong>Color:<\/strong> Personalizable<br><strong>Embalaje:<\/strong>&nbsp;Caja de color\/Cart\u00f3n, etc<\/p>\n<\/div>\n<\/div>\n\n\n\n<div class=\"wp-block-columns is-layout-flex wp-container-core-columns-is-layout-9d6595d7 wp-block-columns-is-layout-flex\">\n<div class=\"wp-block-column is-layout-flow wp-block-column-is-layout-flow\">\n<figure class=\"wp-block-image size-full\"><img decoding=\"async\" width=\"800\" height=\"800\" src=\"https:\/\/www.purecook.com\/wp-content\/uploads\/2025\/08\/wholesale-non-stick-wok\u200bs-6.webp\" alt=\"venta al por mayor woks antiadherentes (6)\" class=\"wp-image-4365\" srcset=\"https:\/\/www.purecook.com\/wp-content\/uploads\/2025\/08\/wholesale-non-stick-wok\u200bs-6.webp 800w, https:\/\/www.purecook.com\/wp-content\/uploads\/2025\/08\/wholesale-non-stick-wok\u200bs-6-300x300.webp 300w, https:\/\/www.purecook.com\/wp-content\/uploads\/2025\/08\/wholesale-non-stick-wok\u200bs-6-150x150.webp 150w, https:\/\/www.purecook.com\/wp-content\/uploads\/2025\/08\/wholesale-non-stick-wok\u200bs-6-768x768.webp 768w, https:\/\/www.purecook.com\/wp-content\/uploads\/2025\/08\/wholesale-non-stick-wok\u200bs-6-12x12.webp 12w, https:\/\/www.purecook.com\/wp-content\/uploads\/2025\/08\/wholesale-non-stick-wok\u200bs-6-600x600.webp 600w, https:\/\/www.purecook.com\/wp-content\/uploads\/2025\/08\/wholesale-non-stick-wok\u200bs-6-100x100.webp 100w\" sizes=\"(max-width: 800px) 100vw, 800px\" \/><\/figure>\n<\/div>\n\n\n\n<div class=\"wp-block-column is-layout-flow wp-block-column-is-layout-flow\">\n<figure class=\"wp-block-image size-full\"><img decoding=\"async\" width=\"800\" height=\"800\" src=\"https:\/\/www.purecook.com\/wp-content\/uploads\/2025\/08\/wholesale-non-stick-wok\u200bs-5.webp\" alt=\"venta al por mayor woks antiadherentes (5)\" class=\"wp-image-4364\" srcset=\"https:\/\/www.purecook.com\/wp-content\/uploads\/2025\/08\/wholesale-non-stick-wok\u200bs-5.webp 800w, https:\/\/www.purecook.com\/wp-content\/uploads\/2025\/08\/wholesale-non-stick-wok\u200bs-5-300x300.webp 300w, https:\/\/www.purecook.com\/wp-content\/uploads\/2025\/08\/wholesale-non-stick-wok\u200bs-5-150x150.webp 150w, https:\/\/www.purecook.com\/wp-content\/uploads\/2025\/08\/wholesale-non-stick-wok\u200bs-5-768x768.webp 768w, https:\/\/www.purecook.com\/wp-content\/uploads\/2025\/08\/wholesale-non-stick-wok\u200bs-5-12x12.webp 12w, https:\/\/www.purecook.com\/wp-content\/uploads\/2025\/08\/wholesale-non-stick-wok\u200bs-5-600x600.webp 600w, https:\/\/www.purecook.com\/wp-content\/uploads\/2025\/08\/wholesale-non-stick-wok\u200bs-5-100x100.webp 100w\" sizes=\"(max-width: 800px) 100vw, 800px\" \/><\/figure>\n<\/div>\n<\/div>","protected":false},"excerpt":{"rendered":"<p>Mayorista de woks antiadherentes. Este wok de acero inoxidable de tres capas presenta una textura de panal para un excelente rendimiento antiadherente. La base es de acero inoxidable tricapa para un excelente calentamiento uniforme. Su mango ergon\u00f3mico garantiza seguridad y comodidad. Este wok antiadherente de acero inoxidable es ideal para saltear, cocer a fuego lento y dorar.<\/p>\n<p>Purecook <a href=\"https:\/\/www.purecook.com\/es\/categoria-de-productos\/cookware\/\" target=\"_blank\" rel=\"noopener\"><strong>fabricante de utensilios de cocina<\/strong><\/a> ofrece precios de f\u00e1brica y servicios de personalizaci\u00f3n OEM. P\u00f3ngase en contacto con nosotros para obtener el mejor presupuesto.<\/p>\n<h2>Caracter\u00edsticas y ventajas del wok antiadherente<\/h2>\n<p data-pm-slice=\"1 1 []\"><strong>Distribuci\u00f3n uniforme del calor:<\/strong> Este tipo de estructura compuesta, una capa magn\u00e9tica, una capa conductora del calor y una capa de revestimiento antiadherente, hace que la eficiencia de la conducci\u00f3n del calor. Mediante el uso de esta estructura, el calor se distribuye uniformemente en pocos segundos, evitando el desperdicio de energ\u00eda, y es adecuado para saltear.<\/p>\n<p><strong>Textura de panal:<\/strong> En este dise\u00f1o, el \u00e1rea de contacto entre los alimentos y la superficie de la sart\u00e9n aumenta, lo que permite disminuir la fricci\u00f3n. Por lo tanto, puede evitar que se pegue.<\/p>\n<p><strong>Mango ergon\u00f3mico:<\/strong> La curva de esta sart\u00e9n es ergon\u00f3mica, con el objetivo de proporcionar una experiencia de cocci\u00f3n c\u00f3moda en circunstancias de alta temperatura. Por otro lado, el asa auxiliar sirve para a\u00f1adir estabilidad al verter l\u00edquido o ajustar el \u00e1ngulo.<\/p>\n<p><strong>F\u00e1cil de limpiar:<\/strong> El compartimento interior de acero inoxidable es f\u00e1cil de limpiar. El material duradero garantiza que la sart\u00e9n wok de acero inoxidable tricapa sea resistente a las manchas y los olores, manteniendo su aspecto limpio incluso despu\u00e9s de un uso prolongado.<\/p>\n<p><strong>Servicio de venta al por mayor de utensilios de cocina:<\/strong> Como fabricante de utensilios de cocina de acero inoxidable, ofrecemos servicios de venta al por mayor de sartenes wok de acero inoxidable a precios de f\u00e1brica, apoyamos los servicios de OEM y ODM, y proporcionamos ricas opciones de personalizaci\u00f3n para satisfacer sus preferencias de marca y mercado.<\/p>","protected":false},"featured_media":4360,"comment_status":"closed","ping_status":"closed","template":"","meta":{"_acf_changed":false},"product_brand":[],"product_cat":[24,75],"product_tag":[97,98],"class_list":{"0":"post-4316","1":"product","2":"type-product","3":"status-publish","4":"has-post-thumbnail","6":"product_cat-cookware","7":"product_cat-wok","8":"product_tag-wholesale-commercial-cookware","9":"product_tag-wholesale-home-cookware","11":"first","12":"instock","13":"shipping-taxable","14":"product-type-simple"},"acf":[],"_links":{"self":[{"href":"https:\/\/www.purecook.com\/es\/wp-json\/wp\/v2\/product\/4316","targetHints":{"allow":["GET"]}}],"collection":[{"href":"https:\/\/www.purecook.com\/es\/wp-json\/wp\/v2\/product"}],"about":[{"href":"https:\/\/www.purecook.com\/es\/wp-json\/wp\/v2\/types\/product"}],"replies":[{"embeddable":true,"href":"https:\/\/www.purecook.com\/es\/wp-json\/wp\/v2\/comments?post=4316"}],"wp:featuredmedia":[{"embeddable":true,"href":"https:\/\/www.purecook.com\/es\/wp-json\/wp\/v2\/media\/4360"}],"wp:attachment":[{"href":"https:\/\/www.purecook.com\/es\/wp-json\/wp\/v2\/media?parent=4316"}],"wp:term":[{"taxonomy":"product_brand","embeddable":true,"href":"https:\/\/www.purecook.com\/es\/wp-json\/wp\/v2\/product_brand?post=4316"},{"taxonomy":"product_cat","embeddable":true,"href":"https:\/\/www.purecook.com\/es\/wp-json\/wp\/v2\/product_cat?post=4316"},{"taxonomy":"product_tag","embeddable":true,"href":"https:\/\/www.purecook.com\/es\/wp-json\/wp\/v2\/product_tag?post=4316"}],"curies":[{"name":"wp","href":"https:\/\/api.w.org\/{rel}","templated":true}]}}