{"id":4323,"date":"2025-08-04T16:52:19","date_gmt":"2025-08-04T08:52:19","guid":{"rendered":"https:\/\/www.purecook.com\/?post_type=product&#038;p=4323"},"modified":"2025-08-04T18:31:40","modified_gmt":"2025-08-04T10:31:40","slug":"wholesale-stainless-steel-milk-pots","status":"publish","type":"product","link":"https:\/\/www.purecook.com\/es\/product\/wholesale-stainless-steel-milk-pots\/","title":{"rendered":"Mayorista Lecheras de Acero Inoxidable - Asas Ergon\u00f3micas y Marcas de Medida Precisas"},"content":{"rendered":"<div class=\"wp-block-columns is-layout-flex wp-container-core-columns-is-layout-9d6595d7 wp-block-columns-is-layout-flex\">\n<div class=\"wp-block-column is-layout-flow wp-block-column-is-layout-flow\">\n<h3 class=\"wp-block-heading\">Par\u00e1metros del tarro de leche de acero inoxidable<\/h3>\n\n\n\n<p><strong>Material: <\/strong>Acero inoxidable SUS#304<br><strong>Color:<\/strong> Plata<br><strong>Forma: <\/strong>Columna<br><strong>Capacidad: <\/strong>2000 ml<br><strong>Tama\u00f1o:<\/strong> 16*14cm<br><strong>Grosor normal:<\/strong> 0,6 mm<br><br><\/p>\n<\/div>\n\n\n\n<div class=\"wp-block-column is-layout-flow wp-block-column-is-layout-flow\">\n<h3 class=\"wp-block-heading\">Opciones de tarros de leche de acero inoxidable personalizados<\/h3>\n\n\n\n<p><strong>Logotipo:<\/strong> Personalizable con el logotipo de su marca<br><strong>Color:<\/strong> Personalizable<br><strong>Embalaje:<\/strong>&nbsp;Caja de color\/Cart\u00f3n, etc<\/p>\n<\/div>\n<\/div>\n\n\n\n<div class=\"wp-block-columns is-layout-flex wp-container-core-columns-is-layout-9d6595d7 wp-block-columns-is-layout-flex\">\n<div class=\"wp-block-column is-layout-flow wp-block-column-is-layout-flow\">\n<figure class=\"wp-block-image size-full\"><img decoding=\"async\" width=\"800\" height=\"800\" src=\"https:\/\/www.purecook.com\/wp-content\/uploads\/2025\/08\/wholesale-stainless-steel-milk-pot-2.webp\" alt=\"mayorista tarro de leche de acero inoxidable (2)\" class=\"wp-image-4324\" srcset=\"https:\/\/www.purecook.com\/wp-content\/uploads\/2025\/08\/wholesale-stainless-steel-milk-pot-2.webp 800w, https:\/\/www.purecook.com\/wp-content\/uploads\/2025\/08\/wholesale-stainless-steel-milk-pot-2-300x300.webp 300w, https:\/\/www.purecook.com\/wp-content\/uploads\/2025\/08\/wholesale-stainless-steel-milk-pot-2-150x150.webp 150w, https:\/\/www.purecook.com\/wp-content\/uploads\/2025\/08\/wholesale-stainless-steel-milk-pot-2-768x768.webp 768w, https:\/\/www.purecook.com\/wp-content\/uploads\/2025\/08\/wholesale-stainless-steel-milk-pot-2-12x12.webp 12w, https:\/\/www.purecook.com\/wp-content\/uploads\/2025\/08\/wholesale-stainless-steel-milk-pot-2-600x600.webp 600w, https:\/\/www.purecook.com\/wp-content\/uploads\/2025\/08\/wholesale-stainless-steel-milk-pot-2-100x100.webp 100w\" sizes=\"(max-width: 800px) 100vw, 800px\" \/><\/figure>\n<\/div>\n\n\n\n<div class=\"wp-block-column is-layout-flow wp-block-column-is-layout-flow\">\n<figure class=\"wp-block-image size-full\"><img decoding=\"async\" width=\"800\" height=\"800\" src=\"https:\/\/www.purecook.com\/wp-content\/uploads\/2025\/08\/wholesale-stainless-steel-milk-pot-4.webp\" alt=\"mayorista tarro de leche de acero inoxidable (4)\" class=\"wp-image-4326\" srcset=\"https:\/\/www.purecook.com\/wp-content\/uploads\/2025\/08\/wholesale-stainless-steel-milk-pot-4.webp 800w, https:\/\/www.purecook.com\/wp-content\/uploads\/2025\/08\/wholesale-stainless-steel-milk-pot-4-300x300.webp 300w, https:\/\/www.purecook.com\/wp-content\/uploads\/2025\/08\/wholesale-stainless-steel-milk-pot-4-150x150.webp 150w, https:\/\/www.purecook.com\/wp-content\/uploads\/2025\/08\/wholesale-stainless-steel-milk-pot-4-768x768.webp 768w, https:\/\/www.purecook.com\/wp-content\/uploads\/2025\/08\/wholesale-stainless-steel-milk-pot-4-12x12.webp 12w, https:\/\/www.purecook.com\/wp-content\/uploads\/2025\/08\/wholesale-stainless-steel-milk-pot-4-600x600.webp 600w, https:\/\/www.purecook.com\/wp-content\/uploads\/2025\/08\/wholesale-stainless-steel-milk-pot-4-100x100.webp 100w\" sizes=\"(max-width: 800px) 100vw, 800px\" \/><\/figure>\n<\/div>\n<\/div>\n\n\n\n<div class=\"wp-block-columns is-layout-flex wp-container-core-columns-is-layout-9d6595d7 wp-block-columns-is-layout-flex\">\n<div class=\"wp-block-column is-layout-flow wp-block-column-is-layout-flow\"><\/div>\n\n\n\n<div class=\"wp-block-column is-layout-flow wp-block-column-is-layout-flow\"><\/div>\n<\/div>","protected":false},"excerpt":{"rendered":"<p>Mayorista de tarros de leche altos de acero inoxidable. Este tarro de leche de acero inoxidable presenta un acabado cepillado suave y un dise\u00f1o ergon\u00f3mico. La tapa de cristal transparente con v\u00e1lvula de seguridad, las marcas de volumen precisas y la boquilla vertedora bien dise\u00f1ada son perfecciones pr\u00e1cticas para hervir leche, guisar gachas, etc. <\/p>\n<p>Purecook ofrece precios de f\u00e1brica y personalizaci\u00f3n OEM. P\u00f3ngase en contacto con nosotros para obtener el mejor presupuesto del fabricante de utensilios de cocina de confianza.<\/p>\n<h2>Caracter\u00edsticas y ventajas de las lecheras de acero inoxidable<\/h2>\n<p><strong>Acero inoxidable de calidad alimentaria:<\/strong> Fabricado en acero inoxidable 304, cumple las normas de calidad alimentaria y es muy adecuado para contener leche, gachas y otros alimentos.<\/p>\n<p><strong>Mango ergon\u00f3mico:<\/strong> Sujeci\u00f3n mediante remaches dobles. Dise\u00f1ado para adaptarse a la curva natural de la mano y ofrecer un agarre ergon\u00f3mico.<\/p>\n<p><strong>Tapa de cristal transparente con v\u00e1lvula de seguridad:<\/strong> Est\u00e1 fabricado en cristal templado transparente y permite ver el proceso de cocci\u00f3n. Evita la sobrecocci\u00f3n y mantiene la temperatura bajo control. La v\u00e1lvula de seguridad ofrece un m\u00e9todo f\u00e1cil de liberaci\u00f3n segura del vapor, igualando las presiones interna y externa para evitar el desbordamiento y la cocci\u00f3n segura.<\/p>\n<p><strong>Escala precisa:<\/strong> Capta f\u00e1cilmente el volumen de leche y caf\u00e9. Tambi\u00e9n es muy adecuado para personas a dieta o entusiastas del fitness para ayudar a controlar la ingesta diaria.<\/p>\n<p><strong>Servicio al por mayor de tarros de leche:<\/strong> Como acero inoxidable <a href=\"https:\/\/www.purecook.com\/es\/categoria-de-productos\/cookware\/\" target=\"_blank\" rel=\"noopener\"><strong>fabricante de utensilios de cocina<\/strong><\/a>, Ofrecemos servicios de venta al por mayor de tarros de leche de acero inoxidable a precios de f\u00e1brica, apoyamos los servicios de OEM y ODM, y proporcionamos ricas opciones de personalizaci\u00f3n para adaptarse a su marca y preferencias del mercado.<\/p>","protected":false},"featured_media":4330,"comment_status":"closed","ping_status":"closed","template":"","meta":{"_acf_changed":false},"product_brand":[],"product_cat":[24,80],"product_tag":[98],"class_list":{"0":"post-4323","1":"product","2":"type-product","3":"status-publish","4":"has-post-thumbnail","6":"product_cat-cookware","7":"product_cat-milk-pot","8":"product_tag-wholesale-home-cookware","10":"first","11":"instock","12":"shipping-taxable","13":"product-type-simple"},"acf":[],"_links":{"self":[{"href":"https:\/\/www.purecook.com\/es\/wp-json\/wp\/v2\/product\/4323","targetHints":{"allow":["GET"]}}],"collection":[{"href":"https:\/\/www.purecook.com\/es\/wp-json\/wp\/v2\/product"}],"about":[{"href":"https:\/\/www.purecook.com\/es\/wp-json\/wp\/v2\/types\/product"}],"replies":[{"embeddable":true,"href":"https:\/\/www.purecook.com\/es\/wp-json\/wp\/v2\/comments?post=4323"}],"wp:featuredmedia":[{"embeddable":true,"href":"https:\/\/www.purecook.com\/es\/wp-json\/wp\/v2\/media\/4330"}],"wp:attachment":[{"href":"https:\/\/www.purecook.com\/es\/wp-json\/wp\/v2\/media?parent=4323"}],"wp:term":[{"taxonomy":"product_brand","embeddable":true,"href":"https:\/\/www.purecook.com\/es\/wp-json\/wp\/v2\/product_brand?post=4323"},{"taxonomy":"product_cat","embeddable":true,"href":"https:\/\/www.purecook.com\/es\/wp-json\/wp\/v2\/product_cat?post=4323"},{"taxonomy":"product_tag","embeddable":true,"href":"https:\/\/www.purecook.com\/es\/wp-json\/wp\/v2\/product_tag?post=4323"}],"curies":[{"name":"wp","href":"https:\/\/api.w.org\/{rel}","templated":true}]}}