{"id":4331,"date":"2025-08-04T16:25:48","date_gmt":"2025-08-04T08:25:48","guid":{"rendered":"https:\/\/www.purecook.com\/?post_type=product&#038;p=4331"},"modified":"2025-08-04T18:32:01","modified_gmt":"2025-08-04T10:32:01","slug":"wholesale-stainless-steel-jam-pots","status":"publish","type":"product","link":"https:\/\/www.purecook.com\/es\/product\/wholesale-stainless-steel-jam-pots\/","title":{"rendered":"Mayorista Tarros de mermelada de acero inoxidable - Gran capacidad y c\u00f3moda asa"},"content":{"rendered":"<div class=\"wp-block-columns is-layout-flex wp-container-core-columns-is-layout-9d6595d7 wp-block-columns-is-layout-flex\">\n<div class=\"wp-block-column is-layout-flow wp-block-column-is-layout-flow\">\n<h3 class=\"wp-block-heading\">Par\u00e1metros del Jam Pot de acero inoxidable<\/h3>\n\n\n\n<p><strong>Material: <\/strong>SS201<br><strong>Color:<\/strong> Plata<br><strong>Grosor normal: <\/strong>0,6 mm<br><strong>Abajo:<\/strong> Inducci\u00f3n Fondo s\u00e1ndwich (SUS+1mm Alu+SUS)<br><strong>Peso bruto: <\/strong>Menos de 1 kg por pieza<br><br><\/p>\n<\/div>\n\n\n\n<div class=\"wp-block-column is-layout-flow wp-block-column-is-layout-flow\">\n<h3 class=\"wp-block-heading\">Opciones personalizadas<\/h3>\n\n\n\n<p><strong>Logotipo:<\/strong> Personalizable con el logotipo de su marca<br><strong>Color:<\/strong> Personalizable<br><strong>Embalaje:<\/strong>&nbsp;Caja de color\/Cart\u00f3n, etc<\/p>\n<\/div>\n<\/div>\n\n\n\n<div class=\"wp-block-columns is-layout-flex wp-container-core-columns-is-layout-9d6595d7 wp-block-columns-is-layout-flex\">\n<div class=\"wp-block-column is-layout-flow wp-block-column-is-layout-flow\">\n<figure class=\"wp-block-image size-full\"><img decoding=\"async\" width=\"800\" height=\"800\" src=\"https:\/\/www.purecook.com\/wp-content\/uploads\/2025\/08\/wholesale-stainless-steel-jam-pot.webp\" alt=\"mayorista tarro de mermelada de acero inoxidable\" class=\"wp-image-4337\" srcset=\"https:\/\/www.purecook.com\/wp-content\/uploads\/2025\/08\/wholesale-stainless-steel-jam-pot.webp 800w, https:\/\/www.purecook.com\/wp-content\/uploads\/2025\/08\/wholesale-stainless-steel-jam-pot-300x300.webp 300w, https:\/\/www.purecook.com\/wp-content\/uploads\/2025\/08\/wholesale-stainless-steel-jam-pot-150x150.webp 150w, https:\/\/www.purecook.com\/wp-content\/uploads\/2025\/08\/wholesale-stainless-steel-jam-pot-768x768.webp 768w, https:\/\/www.purecook.com\/wp-content\/uploads\/2025\/08\/wholesale-stainless-steel-jam-pot-12x12.webp 12w, https:\/\/www.purecook.com\/wp-content\/uploads\/2025\/08\/wholesale-stainless-steel-jam-pot-600x600.webp 600w, https:\/\/www.purecook.com\/wp-content\/uploads\/2025\/08\/wholesale-stainless-steel-jam-pot-100x100.webp 100w\" sizes=\"(max-width: 800px) 100vw, 800px\" \/><\/figure>\n<\/div>\n\n\n\n<div class=\"wp-block-column is-layout-flow wp-block-column-is-layout-flow\">\n<figure class=\"wp-block-image size-full\"><img decoding=\"async\" width=\"800\" height=\"800\" src=\"https:\/\/www.purecook.com\/wp-content\/uploads\/2025\/08\/wholesale-stainless-steel-jam-pot-3.webp\" alt=\"mayorista tarro de mermelada de acero inoxidable (3)\" class=\"wp-image-4333\" srcset=\"https:\/\/www.purecook.com\/wp-content\/uploads\/2025\/08\/wholesale-stainless-steel-jam-pot-3.webp 800w, https:\/\/www.purecook.com\/wp-content\/uploads\/2025\/08\/wholesale-stainless-steel-jam-pot-3-300x300.webp 300w, https:\/\/www.purecook.com\/wp-content\/uploads\/2025\/08\/wholesale-stainless-steel-jam-pot-3-150x150.webp 150w, https:\/\/www.purecook.com\/wp-content\/uploads\/2025\/08\/wholesale-stainless-steel-jam-pot-3-768x768.webp 768w, https:\/\/www.purecook.com\/wp-content\/uploads\/2025\/08\/wholesale-stainless-steel-jam-pot-3-12x12.webp 12w, https:\/\/www.purecook.com\/wp-content\/uploads\/2025\/08\/wholesale-stainless-steel-jam-pot-3-600x600.webp 600w, https:\/\/www.purecook.com\/wp-content\/uploads\/2025\/08\/wholesale-stainless-steel-jam-pot-3-100x100.webp 100w\" sizes=\"(max-width: 800px) 100vw, 800px\" \/><\/figure>\n<\/div>\n<\/div>\n\n\n\n<div class=\"wp-block-columns is-layout-flex wp-container-core-columns-is-layout-9d6595d7 wp-block-columns-is-layout-flex\">\n<div class=\"wp-block-column is-layout-flow wp-block-column-is-layout-flow\"><\/div>\n\n\n\n<div class=\"wp-block-column is-layout-flow wp-block-column-is-layout-flow\"><\/div>\n<\/div>","protected":false},"excerpt":{"rendered":"<p>Venta al por mayor de tarros de mermelada de acero inoxidable. Estos tarros son perfectos para hacer mermeladas, jaleas y salsas. Son muy resistentes y duraderos. Su gran capacidad le permite hacer grandes cantidades de mermeladas, jaleas, salsas y otras conservas. Ofrecemos tarros de mermelada a granel a precios competitivos. P\u00f3ngase en contacto con nosotros.<\/p>\n<h2>Caracter\u00edsticas y ventajas de los botes de mermelada de acero inoxidable<\/h2>\n<p><strong>Material apto para alimentos:<\/strong> Fabricada en acero inoxidable de primera calidad, esta olla para mermelada tiene caracter\u00edsticas duraderas de resistencia a la corrosi\u00f3n y al \u00f3xido. Su elegante superficie a\u00f1ade un toque est\u00e9tico a su cocina.<\/p>\n<p><strong>Asas ergon\u00f3micas:<\/strong> Su mango met\u00e1lico se fij\u00f3 con remaches dobles para aumentar su resistencia y durabilidad. Por otro lado, el asa del tornillo de banco sirve de apoyo y equilibrio adicionales. Este dise\u00f1o puede reducir significativamente los accidentes al verter para su seguridad.<\/p>\n<p><strong>F\u00e1cil de limpiar:<\/strong> Con su boca de olla abierta, es f\u00e1cil limpiar su interior. Adem\u00e1s, gracias a su material de primera calidad, se limpia con un pa\u00f1o.<\/p>\n<p><strong>Soporta M\u00faltiples Estufas:<\/strong> El tarro de mermelada de acero inoxidable adopta una base de tres capas para garantizar un calentamiento uniforme y es compatible con diversas fuentes de calor, incluidas las cocinas de gas, las cocinas el\u00e9ctricas y las cocinas de inducci\u00f3n.<\/p>\n<p><strong>Servicio mayorista de botes de mermelada:<\/strong> Como fabricante de tarros de mermelada de acero inoxidable, ofrecemos servicios de venta al por mayor de tarros de mermelada de acero inoxidable a precios de f\u00e1brica, apoyamos los servicios OEM y ODM, y proporcionamos ricas opciones de personalizaci\u00f3n para adaptarnos a sus preferencias de marca y mercado.<\/p>","protected":false},"featured_media":4336,"comment_status":"closed","ping_status":"closed","template":"","meta":{"_acf_changed":false},"product_brand":[],"product_cat":[24,101],"product_tag":[97,98],"class_list":{"0":"post-4331","1":"product","2":"type-product","3":"status-publish","4":"has-post-thumbnail","6":"product_cat-cookware","7":"product_cat-wholesale-jam-pots","8":"product_tag-wholesale-commercial-cookware","9":"product_tag-wholesale-home-cookware","11":"first","12":"instock","13":"shipping-taxable","14":"product-type-simple"},"acf":[],"_links":{"self":[{"href":"https:\/\/www.purecook.com\/es\/wp-json\/wp\/v2\/product\/4331","targetHints":{"allow":["GET"]}}],"collection":[{"href":"https:\/\/www.purecook.com\/es\/wp-json\/wp\/v2\/product"}],"about":[{"href":"https:\/\/www.purecook.com\/es\/wp-json\/wp\/v2\/types\/product"}],"replies":[{"embeddable":true,"href":"https:\/\/www.purecook.com\/es\/wp-json\/wp\/v2\/comments?post=4331"}],"wp:featuredmedia":[{"embeddable":true,"href":"https:\/\/www.purecook.com\/es\/wp-json\/wp\/v2\/media\/4336"}],"wp:attachment":[{"href":"https:\/\/www.purecook.com\/es\/wp-json\/wp\/v2\/media?parent=4331"}],"wp:term":[{"taxonomy":"product_brand","embeddable":true,"href":"https:\/\/www.purecook.com\/es\/wp-json\/wp\/v2\/product_brand?post=4331"},{"taxonomy":"product_cat","embeddable":true,"href":"https:\/\/www.purecook.com\/es\/wp-json\/wp\/v2\/product_cat?post=4331"},{"taxonomy":"product_tag","embeddable":true,"href":"https:\/\/www.purecook.com\/es\/wp-json\/wp\/v2\/product_tag?post=4331"}],"curies":[{"name":"wp","href":"https:\/\/api.w.org\/{rel}","templated":true}]}}