{"id":4352,"date":"2025-08-04T17:29:58","date_gmt":"2025-08-04T09:29:58","guid":{"rendered":"https:\/\/www.purecook.com\/?post_type=product&#038;p=4352"},"modified":"2025-08-04T18:31:08","modified_gmt":"2025-08-04T10:31:08","slug":"wholesale-stainless-steel-stock-pots","status":"publish","type":"product","link":"https:\/\/www.purecook.com\/es\/product\/wholesale-stainless-steel-stock-pots\/","title":{"rendered":"Mayorista Ollas de Acero Inoxidable - Gran Capacidad y Duraderas"},"content":{"rendered":"<div class=\"wp-block-columns is-layout-flex wp-container-core-columns-is-layout-9d6595d7 wp-block-columns-is-layout-flex\">\n<div class=\"wp-block-column is-layout-flow wp-block-column-is-layout-flow\">\n<h3 class=\"wp-block-heading\">Par\u00e1metros de las marmitas de acero inoxidable<\/h3>\n\n\n\n<p><strong>Material:<\/strong> SS201<br><strong>Color:<\/strong> Plata<br><strong>Forma: <\/strong>Columna<br><strong>Di\u00e1metro: <\/strong>24cm\/26cm\/28cm<br><strong>Altura:<\/strong> 14,5 cm<br><strong>Peso bruto: <\/strong>15,6 kg por pieza<br><br><\/p>\n<\/div>\n\n\n\n<div class=\"wp-block-column is-layout-flow wp-block-column-is-layout-flow\">\n<h3 class=\"wp-block-heading\">Opciones de macetas personalizadas<\/h3>\n\n\n\n<p><strong>Logotipo:<\/strong> Personalizable con el logotipo de su marca<br><strong>Color:<\/strong> Personalizable<br><strong>Embalaje:<\/strong>&nbsp;Caja de color\/Cart\u00f3n, etc<\/p>\n<\/div>\n<\/div>\n\n\n\n<div class=\"wp-block-columns is-layout-flex wp-container-core-columns-is-layout-9d6595d7 wp-block-columns-is-layout-flex\">\n<div class=\"wp-block-column is-layout-flow wp-block-column-is-layout-flow\">\n<figure class=\"wp-block-image size-full\"><img decoding=\"async\" width=\"800\" height=\"800\" src=\"https:\/\/www.purecook.com\/wp-content\/uploads\/2025\/08\/wholesale-stainless-steel-stock-pot-6.webp\" alt=\"mayorista olla de acero inoxidable (6)\" class=\"wp-image-4357\" srcset=\"https:\/\/www.purecook.com\/wp-content\/uploads\/2025\/08\/wholesale-stainless-steel-stock-pot-6.webp 800w, https:\/\/www.purecook.com\/wp-content\/uploads\/2025\/08\/wholesale-stainless-steel-stock-pot-6-300x300.webp 300w, https:\/\/www.purecook.com\/wp-content\/uploads\/2025\/08\/wholesale-stainless-steel-stock-pot-6-150x150.webp 150w, https:\/\/www.purecook.com\/wp-content\/uploads\/2025\/08\/wholesale-stainless-steel-stock-pot-6-768x768.webp 768w, https:\/\/www.purecook.com\/wp-content\/uploads\/2025\/08\/wholesale-stainless-steel-stock-pot-6-12x12.webp 12w, https:\/\/www.purecook.com\/wp-content\/uploads\/2025\/08\/wholesale-stainless-steel-stock-pot-6-600x600.webp 600w, https:\/\/www.purecook.com\/wp-content\/uploads\/2025\/08\/wholesale-stainless-steel-stock-pot-6-100x100.webp 100w\" sizes=\"(max-width: 800px) 100vw, 800px\" \/><\/figure>\n<\/div>\n\n\n\n<div class=\"wp-block-column is-layout-flow wp-block-column-is-layout-flow\">\n<figure class=\"wp-block-image size-full\"><img decoding=\"async\" width=\"800\" height=\"800\" src=\"https:\/\/www.purecook.com\/wp-content\/uploads\/2025\/08\/wholesale-stainless-steel-stock-pot-2.webp\" alt=\"mayorista olla de acero inoxidable (2)\" class=\"wp-image-4353\" srcset=\"https:\/\/www.purecook.com\/wp-content\/uploads\/2025\/08\/wholesale-stainless-steel-stock-pot-2.webp 800w, https:\/\/www.purecook.com\/wp-content\/uploads\/2025\/08\/wholesale-stainless-steel-stock-pot-2-300x300.webp 300w, https:\/\/www.purecook.com\/wp-content\/uploads\/2025\/08\/wholesale-stainless-steel-stock-pot-2-150x150.webp 150w, https:\/\/www.purecook.com\/wp-content\/uploads\/2025\/08\/wholesale-stainless-steel-stock-pot-2-768x768.webp 768w, https:\/\/www.purecook.com\/wp-content\/uploads\/2025\/08\/wholesale-stainless-steel-stock-pot-2-12x12.webp 12w, https:\/\/www.purecook.com\/wp-content\/uploads\/2025\/08\/wholesale-stainless-steel-stock-pot-2-600x600.webp 600w, https:\/\/www.purecook.com\/wp-content\/uploads\/2025\/08\/wholesale-stainless-steel-stock-pot-2-100x100.webp 100w\" sizes=\"(max-width: 800px) 100vw, 800px\" \/><\/figure>\n<\/div>\n<\/div>\n\n\n\n<div class=\"wp-block-columns is-layout-flex wp-container-core-columns-is-layout-9d6595d7 wp-block-columns-is-layout-flex\">\n<div class=\"wp-block-column is-layout-flow wp-block-column-is-layout-flow\"><\/div>\n\n\n\n<div class=\"wp-block-column is-layout-flow wp-block-column-is-layout-flow\"><\/div>\n<\/div>","protected":false},"excerpt":{"rendered":"<p>Olla de acero inoxidable al por mayor. Fabricada en acero inoxidable de alta calidad, esta olla ofrece un dise\u00f1o elegante y duradero. La tapa de ajuste preciso ayuda a mantener la esencia de los ingredientes, por lo que es ideal para la cocci\u00f3n lenta, sopas y guisos. Su gran capacidad la hace perfecta tanto para uso comercial como familiar.<\/p>\n<p>Purecook <a href=\"https:\/\/www.purecook.com\/es\/categoria-de-productos\/cookware\/\" target=\"_blank\" rel=\"noopener\"><strong>fabricante de utensilios de cocina<\/strong> <\/a>ofrece precios de f\u00e1brica y servicios de personalizaci\u00f3n OEM. P\u00f3ngase en contacto con nosotros para obtener el mejor presupuesto del fabricante de utensilios de cocina de confianza.<\/p>\n<h2>Caracter\u00edsticas y ventajas de las marmitas de acero inoxidable<\/h2>\n<p><strong>Material de primera calidad:\u00a0<\/strong>El material de esta olla es acero inoxidable de alta calidad. Este material permite que el producto quede liso y sin rebabas ni imperfecciones.<\/p>\n<p><strong>Tapa de precisi\u00f3n:<\/strong> Cuando se cierra, se ajusta con precisi\u00f3n a la olla. Mantiene la humedad y el sabor de sus comidas. Y su v\u00e1lvula puede liberar vapor de forma eficaz, haciendo que la cocci\u00f3n sea m\u00e1s segura y controlada.<\/p>\n<p><strong>Asas de f\u00e1cil manejo:<\/strong> El mango met\u00e1lico curvado proporciona un agarre c\u00f3modo al tiempo que garantiza la seguridad. Para evitar quemaduras durante la manipulaci\u00f3n.<\/p>\n<p><strong>F\u00e1cil de limpiar:<\/strong> La superficie de acero inoxidable evita que se peguen los restos de comida, por lo que es muy f\u00e1cil de limpiar; basta con un simple aclarado con agua y detergente.<\/p>\n<p><strong>Servicio de ollas de caldo al por mayor:<\/strong> Como fabricante de utensilios de cocina de acero inoxidable, ofrecemos servicios de venta al por mayor de ollas de acero inoxidable a precios de f\u00e1brica, apoyamos los servicios OEM y ODM, y proporcionamos ricas opciones de personalizaci\u00f3n para adaptarnos a sus preferencias de marca y mercado.<\/p>","protected":false},"featured_media":4358,"comment_status":"closed","ping_status":"closed","template":"","meta":{"_acf_changed":false},"product_brand":[],"product_cat":[24,70],"product_tag":[97],"class_list":{"0":"post-4352","1":"product","2":"type-product","3":"status-publish","4":"has-post-thumbnail","6":"product_cat-cookware","7":"product_cat-soup-and-stock-pots","8":"product_tag-wholesale-commercial-cookware","10":"first","11":"instock","12":"shipping-taxable","13":"product-type-simple"},"acf":[],"_links":{"self":[{"href":"https:\/\/www.purecook.com\/es\/wp-json\/wp\/v2\/product\/4352","targetHints":{"allow":["GET"]}}],"collection":[{"href":"https:\/\/www.purecook.com\/es\/wp-json\/wp\/v2\/product"}],"about":[{"href":"https:\/\/www.purecook.com\/es\/wp-json\/wp\/v2\/types\/product"}],"replies":[{"embeddable":true,"href":"https:\/\/www.purecook.com\/es\/wp-json\/wp\/v2\/comments?post=4352"}],"wp:featuredmedia":[{"embeddable":true,"href":"https:\/\/www.purecook.com\/es\/wp-json\/wp\/v2\/media\/4358"}],"wp:attachment":[{"href":"https:\/\/www.purecook.com\/es\/wp-json\/wp\/v2\/media?parent=4352"}],"wp:term":[{"taxonomy":"product_brand","embeddable":true,"href":"https:\/\/www.purecook.com\/es\/wp-json\/wp\/v2\/product_brand?post=4352"},{"taxonomy":"product_cat","embeddable":true,"href":"https:\/\/www.purecook.com\/es\/wp-json\/wp\/v2\/product_cat?post=4352"},{"taxonomy":"product_tag","embeddable":true,"href":"https:\/\/www.purecook.com\/es\/wp-json\/wp\/v2\/product_tag?post=4352"}],"curies":[{"name":"wp","href":"https:\/\/api.w.org\/{rel}","templated":true}]}}