{"id":4366,"date":"2025-08-04T17:45:19","date_gmt":"2025-08-04T09:45:19","guid":{"rendered":"https:\/\/www.purecook.com\/?post_type=product&#038;p=4366"},"modified":"2025-08-21T11:09:24","modified_gmt":"2025-08-21T03:09:24","slug":"wholesale-stainless-steel-double-ended-whisks","status":"publish","type":"product","link":"https:\/\/www.purecook.com\/es\/product\/wholesale-stainless-steel-double-ended-whisks\/","title":{"rendered":"Egg Whisk Wholesale - Batidor de Huevo de Acero Inoxidable de Doble Filo"},"content":{"rendered":"<div class=\"wp-block-columns is-layout-flex wp-container-core-columns-is-layout-9d6595d7 wp-block-columns-is-layout-flex\">\n<div class=\"wp-block-column is-layout-flow wp-block-column-is-layout-flow\">\n<h3 class=\"wp-block-heading\">Par\u00e1metros del batidor de huevos <\/h3>\n\n\n\n<p><strong>Material:<\/strong> Acero inoxidable 304<br><strong>Logotipo:<\/strong> Serigraf\u00eda\/grabado l\u00e1ser\/sello en relieve<br><strong>Color:<\/strong> Plata<br><strong>Tama\u00f1o: <\/strong>20 cm<br><strong>Peso bruto: <\/strong>Menos de 50 g por pieza<\/p>\n<\/div>\n\n\n\n<div class=\"wp-block-column is-layout-flow wp-block-column-is-layout-flow\">\n<h3 class=\"wp-block-heading\">Opciones personalizadas de batidor de huevos<\/h3>\n\n\n\n<p><strong>Logotipo:<\/strong> Personalizable con el logotipo de su marca<br><strong>Embalaje:<\/strong>\u00a0Caja de color\/Cart\u00f3n, etc<\/p>\n<\/div>\n<\/div>\n\n\n\n<div class=\"wp-block-columns is-layout-flex wp-container-core-columns-is-layout-9d6595d7 wp-block-columns-is-layout-flex\">\n<div class=\"wp-block-column is-layout-flow wp-block-column-is-layout-flow\">\n<figure class=\"wp-block-image size-full\"><img decoding=\"async\" width=\"800\" height=\"800\" src=\"https:\/\/www.purecook.com\/wp-content\/uploads\/2025\/08\/wholesale-egg-whisk-1.webp\" alt=\"batidor de huevos al por mayor (1)\" class=\"wp-image-4562\" srcset=\"https:\/\/www.purecook.com\/wp-content\/uploads\/2025\/08\/wholesale-egg-whisk-1.webp 800w, https:\/\/www.purecook.com\/wp-content\/uploads\/2025\/08\/wholesale-egg-whisk-1-300x300.webp 300w, https:\/\/www.purecook.com\/wp-content\/uploads\/2025\/08\/wholesale-egg-whisk-1-150x150.webp 150w, https:\/\/www.purecook.com\/wp-content\/uploads\/2025\/08\/wholesale-egg-whisk-1-768x768.webp 768w, https:\/\/www.purecook.com\/wp-content\/uploads\/2025\/08\/wholesale-egg-whisk-1-12x12.webp 12w, https:\/\/www.purecook.com\/wp-content\/uploads\/2025\/08\/wholesale-egg-whisk-1-600x600.webp 600w, https:\/\/www.purecook.com\/wp-content\/uploads\/2025\/08\/wholesale-egg-whisk-1-100x100.webp 100w\" sizes=\"(max-width: 800px) 100vw, 800px\" \/><\/figure>\n<\/div>\n\n\n\n<div class=\"wp-block-column is-layout-flow wp-block-column-is-layout-flow\">\n<figure class=\"wp-block-image size-full\"><img decoding=\"async\" width=\"800\" height=\"800\" src=\"https:\/\/www.purecook.com\/wp-content\/uploads\/2025\/08\/wholesale-egg-whisk-2.webp\" alt=\"batidor de huevos al por mayor (2)\" class=\"wp-image-4563\" srcset=\"https:\/\/www.purecook.com\/wp-content\/uploads\/2025\/08\/wholesale-egg-whisk-2.webp 800w, https:\/\/www.purecook.com\/wp-content\/uploads\/2025\/08\/wholesale-egg-whisk-2-300x300.webp 300w, https:\/\/www.purecook.com\/wp-content\/uploads\/2025\/08\/wholesale-egg-whisk-2-150x150.webp 150w, https:\/\/www.purecook.com\/wp-content\/uploads\/2025\/08\/wholesale-egg-whisk-2-768x768.webp 768w, https:\/\/www.purecook.com\/wp-content\/uploads\/2025\/08\/wholesale-egg-whisk-2-12x12.webp 12w, https:\/\/www.purecook.com\/wp-content\/uploads\/2025\/08\/wholesale-egg-whisk-2-600x600.webp 600w, https:\/\/www.purecook.com\/wp-content\/uploads\/2025\/08\/wholesale-egg-whisk-2-100x100.webp 100w\" sizes=\"(max-width: 800px) 100vw, 800px\" \/><\/figure>\n<\/div>\n<\/div>","protected":false},"excerpt":{"rendered":"<p>Este batidor de huevos al por mayor de doble extremo est\u00e1 fabricado en acero inoxidable de alta calidad. Su exclusivo dise\u00f1o sim\u00e9trico facilita su uso y permite cambiar de extremo sin necesidad de limpiarlo. Es una herramienta eficiente que ahorra espacio y resulta adecuada para una gran variedad de tareas de cocina.<\/p>\n<h2>Caracter\u00edsticas de los batidores de doble punta de acero inoxidable<\/h2>\n<p><strong>C\u00f3modo y eficaz:<\/strong> El batidor de doble extremo puede realizar varias tareas a la vez. Si est\u00e1 utilizando el otro extremo para un ingrediente diferente, puede cambiar r\u00e1pidamente al extremo limpio sin tener que limpiar el batidor a mitad de la tarea.<\/p>\n<p><strong>Ahorro de espacio:<\/strong> Dispone de dos batidores en un solo aparato, lo que ayuda a reducir el desorden en los cajones de la cocina.<\/p>\n<p><strong>Higi\u00e9nico y f\u00e1cil de limpiar:<\/strong> Fabricado en acero inoxidable 304, el batidor de doble extremo no absorbe f\u00e1cilmente los olores o sabores de los alimentos. El batidor de acero inoxidable tambi\u00e9n es muy f\u00e1cil de limpiar y apto para lavavajillas.<\/p>\n<p><strong>Resistente al calor:<\/strong> El acero inoxidable soporta altas temperaturas y puede utilizarse con seguridad para mezclar salsas o salsas sin riesgo de derretirse o deformarse.<\/p>","protected":false},"featured_media":4562,"comment_status":"closed","ping_status":"closed","template":"","meta":{"_acf_changed":false},"product_brand":[],"product_cat":[52],"product_tag":[],"class_list":{"0":"post-4366","1":"product","2":"type-product","3":"status-publish","4":"has-post-thumbnail","6":"product_cat-kitchen-utensils","8":"first","9":"instock","10":"shipping-taxable","11":"product-type-simple"},"acf":[],"_links":{"self":[{"href":"https:\/\/www.purecook.com\/es\/wp-json\/wp\/v2\/product\/4366","targetHints":{"allow":["GET"]}}],"collection":[{"href":"https:\/\/www.purecook.com\/es\/wp-json\/wp\/v2\/product"}],"about":[{"href":"https:\/\/www.purecook.com\/es\/wp-json\/wp\/v2\/types\/product"}],"replies":[{"embeddable":true,"href":"https:\/\/www.purecook.com\/es\/wp-json\/wp\/v2\/comments?post=4366"}],"wp:featuredmedia":[{"embeddable":true,"href":"https:\/\/www.purecook.com\/es\/wp-json\/wp\/v2\/media\/4562"}],"wp:attachment":[{"href":"https:\/\/www.purecook.com\/es\/wp-json\/wp\/v2\/media?parent=4366"}],"wp:term":[{"taxonomy":"product_brand","embeddable":true,"href":"https:\/\/www.purecook.com\/es\/wp-json\/wp\/v2\/product_brand?post=4366"},{"taxonomy":"product_cat","embeddable":true,"href":"https:\/\/www.purecook.com\/es\/wp-json\/wp\/v2\/product_cat?post=4366"},{"taxonomy":"product_tag","embeddable":true,"href":"https:\/\/www.purecook.com\/es\/wp-json\/wp\/v2\/product_tag?post=4366"}],"curies":[{"name":"wp","href":"https:\/\/api.w.org\/{rel}","templated":true}]}}