{"id":4367,"date":"2025-08-04T17:53:59","date_gmt":"2025-08-04T09:53:59","guid":{"rendered":"https:\/\/www.purecook.com\/?post_type=product&#038;p=4367"},"modified":"2025-08-04T18:26:08","modified_gmt":"2025-08-04T10:26:08","slug":"wholesale-stainless-steel-colander-sets","status":"publish","type":"product","link":"https:\/\/www.purecook.com\/es\/product\/wholesale-stainless-steel-colander-sets\/","title":{"rendered":"Mayorista Juegos de Coladores de Acero Inoxidable, Tazones para Lavado de Arroz a Granel - Poros Ultrafinos"},"content":{"rendered":"<div class=\"wp-block-columns is-layout-flex wp-container-core-columns-is-layout-9d6595d7 wp-block-columns-is-layout-flex\">\n<div class=\"wp-block-column is-layout-flow wp-block-column-is-layout-flow\">\n<h3 class=\"wp-block-heading\">Par\u00e1metros del juego de escurridores de acero inoxidable<\/h3>\n\n\n\n<p><strong>Material:<\/strong> SS304<br><strong>Color:<\/strong> Plata<br><strong>Grosor:<\/strong> 0,5 mm<br><strong>Tama\u00f1o:<\/strong> 25,5 cm<br><strong>Peso bruto: <\/strong>Menos de 1 kg por pieza<\/p>\n<\/div>\n\n\n\n<div class=\"wp-block-column is-layout-flow wp-block-column-is-layout-flow\">\n<h3 class=\"wp-block-heading\">Opciones de macetas personalizadas<\/h3>\n\n\n\n<p><strong>Logotipo:<\/strong> Personalizable con el logotipo de su marca<br><strong>Color:<\/strong> Personalizable<br><strong>Embalaje:<\/strong>&nbsp;Caja de color\/Cart\u00f3n, etc<br><strong>MOQ: <\/strong>1000 unidades<\/p>\n<\/div>\n<\/div>\n\n\n\n<div class=\"wp-block-columns is-layout-flex wp-container-core-columns-is-layout-9d6595d7 wp-block-columns-is-layout-flex\">\n<div class=\"wp-block-column is-layout-flow wp-block-column-is-layout-flow\">\n<figure class=\"wp-block-image size-full\"><img decoding=\"async\" width=\"800\" height=\"800\" src=\"https:\/\/www.purecook.com\/wp-content\/uploads\/2025\/08\/wholesale-stainless-steel-colander-sets-6.webp\" alt=\"mayorista juegos de escurridores de acero inoxidable (6)\" class=\"wp-image-4373\" srcset=\"https:\/\/www.purecook.com\/wp-content\/uploads\/2025\/08\/wholesale-stainless-steel-colander-sets-6.webp 800w, https:\/\/www.purecook.com\/wp-content\/uploads\/2025\/08\/wholesale-stainless-steel-colander-sets-6-300x300.webp 300w, https:\/\/www.purecook.com\/wp-content\/uploads\/2025\/08\/wholesale-stainless-steel-colander-sets-6-150x150.webp 150w, https:\/\/www.purecook.com\/wp-content\/uploads\/2025\/08\/wholesale-stainless-steel-colander-sets-6-768x768.webp 768w, https:\/\/www.purecook.com\/wp-content\/uploads\/2025\/08\/wholesale-stainless-steel-colander-sets-6-12x12.webp 12w, https:\/\/www.purecook.com\/wp-content\/uploads\/2025\/08\/wholesale-stainless-steel-colander-sets-6-600x600.webp 600w, https:\/\/www.purecook.com\/wp-content\/uploads\/2025\/08\/wholesale-stainless-steel-colander-sets-6-100x100.webp 100w\" sizes=\"(max-width: 800px) 100vw, 800px\" \/><\/figure>\n<\/div>\n\n\n\n<div class=\"wp-block-column is-layout-flow wp-block-column-is-layout-flow\">\n<figure class=\"wp-block-image size-full\"><img decoding=\"async\" width=\"800\" height=\"800\" src=\"https:\/\/www.purecook.com\/wp-content\/uploads\/2025\/08\/wholesale-stainless-steel-colander-sets-7.webp\" alt=\"mayorista juegos de escurridores de acero inoxidable (7)\" class=\"wp-image-4374\" srcset=\"https:\/\/www.purecook.com\/wp-content\/uploads\/2025\/08\/wholesale-stainless-steel-colander-sets-7.webp 800w, https:\/\/www.purecook.com\/wp-content\/uploads\/2025\/08\/wholesale-stainless-steel-colander-sets-7-300x300.webp 300w, https:\/\/www.purecook.com\/wp-content\/uploads\/2025\/08\/wholesale-stainless-steel-colander-sets-7-150x150.webp 150w, https:\/\/www.purecook.com\/wp-content\/uploads\/2025\/08\/wholesale-stainless-steel-colander-sets-7-768x768.webp 768w, https:\/\/www.purecook.com\/wp-content\/uploads\/2025\/08\/wholesale-stainless-steel-colander-sets-7-12x12.webp 12w, https:\/\/www.purecook.com\/wp-content\/uploads\/2025\/08\/wholesale-stainless-steel-colander-sets-7-600x600.webp 600w, https:\/\/www.purecook.com\/wp-content\/uploads\/2025\/08\/wholesale-stainless-steel-colander-sets-7-100x100.webp 100w\" sizes=\"(max-width: 800px) 100vw, 800px\" \/><\/figure>\n<\/div>\n<\/div>\n\n\n\n<div class=\"wp-block-columns is-layout-flex wp-container-core-columns-is-layout-9d6595d7 wp-block-columns-is-layout-flex\">\n<div class=\"wp-block-column is-layout-flow wp-block-column-is-layout-flow\"><\/div>\n\n\n\n<div class=\"wp-block-column is-layout-flow wp-block-column-is-layout-flow\"><\/div>\n<\/div>","protected":false},"excerpt":{"rendered":"<p>Juego de coladores de acero inoxidable al por mayor. Su estructura de malla fina permite un drenaje eficaz y filtra f\u00e1cilmente los granos finos. Es perfecto para lavar frutas y verduras, escurrir la pasta y aclarar el arroz. Tambi\u00e9n sirve como recipiente para mezclar, perfecto para una gran variedad de tareas de cocina. P\u00f3ngase en contacto con nosotros para solicitar un presupuesto.<\/p>\n<p>Purecook <a href=\"https:\/\/www.purecook.com\/es\/categoria-de-productos\/kitchen-utensils\/\" target=\"_blank\" rel=\"noopener\"><strong>fabricante de utensilios de cocina <\/strong><\/a>ofrece precios de f\u00e1brica y servicios de personalizaci\u00f3n OEM. P\u00f3ngase en contacto con nosotros para obtener el mejor presupuesto del fabricante de utensilios de cocina de confianza.<\/p>\n<h2>Caracter\u00edsticas y ventajas de los juegos de escurridores de acero inoxidable<\/h2>\n<p><strong>Materiales de primera calidad para uso alimentario:<\/strong> Los juegos de escurridores de acero inoxidable est\u00e1n fabricados meticulosamente con acero inoxidable de alta calidad apto para uso alimentario, que ofrece una excepcional resistencia al \u00f3xido y la corrosi\u00f3n, garantizando que se mantengan en perfectas condiciones durante a\u00f1os de uso.<\/p>\n<p><strong>Dise\u00f1o vers\u00e1til:<\/strong> El juego de escurridores de acero inoxidable permite realizar f\u00e1cilmente una gran variedad de tareas en la cocina, como lavar frutas y verduras, escurrir pasta, aclarar arroz y mezclar ensaladas, satisfaciendo las diversas necesidades de cualquier cocina.<\/p>\n<p><strong>Detalles f\u00e1ciles de usar:<\/strong> El juego de escurridores de acero inoxidable, que presta especial atenci\u00f3n a los detalles, cuenta con un mango curvado ergon\u00f3mico y una pr\u00e1ctica boquilla para el agua, lo que agiliza el trabajo en la cocina y lo hace m\u00e1s limpio y eficiente.<\/p>\n<p><strong>Dise\u00f1o de malla fina:<\/strong> La malla finamente tejida impide que incluso los granos m\u00e1s peque\u00f1os se deslicen a trav\u00e9s de ella, por lo que resulta ideal para tareas delicadas como el aclarado del arroz, el lavado de bayas o el escurrido de part\u00edculas finas de alimentos.<\/p>\n<p><strong>Servicio mayorista de escurridores:<\/strong> Como fabricante de utensilios de cocina de acero inoxidable, ofrecemos al por mayor juegos de escurridores de acero inoxidable a precios de f\u00e1brica, apoyamos los servicios OEM y ODM, y proporcionamos ricas opciones de personalizaci\u00f3n para adaptarnos a sus preferencias de marca y mercado.<\/p>","protected":false},"featured_media":4368,"comment_status":"closed","ping_status":"closed","template":"","meta":{"_acf_changed":false},"product_brand":[],"product_cat":[52,65],"product_tag":[],"class_list":{"0":"post-4367","1":"product","2":"type-product","3":"status-publish","4":"has-post-thumbnail","6":"product_cat-kitchen-utensils","7":"product_cat-kitchen-strainer-and-colander","9":"first","10":"instock","11":"shipping-taxable","12":"product-type-simple"},"acf":[],"_links":{"self":[{"href":"https:\/\/www.purecook.com\/es\/wp-json\/wp\/v2\/product\/4367","targetHints":{"allow":["GET"]}}],"collection":[{"href":"https:\/\/www.purecook.com\/es\/wp-json\/wp\/v2\/product"}],"about":[{"href":"https:\/\/www.purecook.com\/es\/wp-json\/wp\/v2\/types\/product"}],"replies":[{"embeddable":true,"href":"https:\/\/www.purecook.com\/es\/wp-json\/wp\/v2\/comments?post=4367"}],"wp:featuredmedia":[{"embeddable":true,"href":"https:\/\/www.purecook.com\/es\/wp-json\/wp\/v2\/media\/4368"}],"wp:attachment":[{"href":"https:\/\/www.purecook.com\/es\/wp-json\/wp\/v2\/media?parent=4367"}],"wp:term":[{"taxonomy":"product_brand","embeddable":true,"href":"https:\/\/www.purecook.com\/es\/wp-json\/wp\/v2\/product_brand?post=4367"},{"taxonomy":"product_cat","embeddable":true,"href":"https:\/\/www.purecook.com\/es\/wp-json\/wp\/v2\/product_cat?post=4367"},{"taxonomy":"product_tag","embeddable":true,"href":"https:\/\/www.purecook.com\/es\/wp-json\/wp\/v2\/product_tag?post=4367"}],"curies":[{"name":"wp","href":"https:\/\/api.w.org\/{rel}","templated":true}]}}