{"id":4422,"date":"2025-08-09T10:23:57","date_gmt":"2025-08-09T02:23:57","guid":{"rendered":"https:\/\/www.purecook.com\/?post_type=product&#038;p=4422"},"modified":"2025-08-09T11:00:22","modified_gmt":"2025-08-09T03:00:22","slug":"bulk-stainless-steel-colanders","status":"publish","type":"product","link":"https:\/\/www.purecook.com\/es\/product\/bulk-stainless-steel-colanders\/","title":{"rendered":"Coladores de acero inoxidable a granel, Tazones para lavar arroz al por mayor"},"content":{"rendered":"<div class=\"wp-block-columns is-layout-flex wp-container-core-columns-is-layout-9d6595d7 wp-block-columns-is-layout-flex\">\n<div class=\"wp-block-column is-layout-flow wp-block-column-is-layout-flow\">\n<h3 class=\"wp-block-heading\">Par\u00e1metros del escurridor de acero inoxidable<\/h3>\n\n\n\n<p><strong>Material:<\/strong> SS201<br><strong>Color:<\/strong> Plata<br><strong>Grosor:<\/strong> 0,3 mm<\/p>\n<\/div>\n\n\n\n<div class=\"wp-block-column is-layout-flow wp-block-column-is-layout-flow\">\n<h3 class=\"wp-block-heading\">Utensilios de cocina a medida Opciones<\/h3>\n\n\n\n<p><strong>Logotipo:<\/strong> Personalizable con el logotipo de su marca<br><strong>Embalaje:<\/strong>&nbsp;Caja de color\/Cart\u00f3n, etc<\/p>\n<\/div>\n<\/div>\n\n\n\n<div class=\"wp-block-columns is-layout-flex wp-container-core-columns-is-layout-9d6595d7 wp-block-columns-is-layout-flex\">\n<div class=\"wp-block-column is-layout-flow wp-block-column-is-layout-flow\">\n<figure class=\"wp-block-image size-full\"><img decoding=\"async\" width=\"800\" height=\"800\" src=\"https:\/\/www.purecook.com\/wp-content\/uploads\/2025\/08\/wholesale-rice-washing-bowls-3.webp\" alt=\"venta al por mayor de cuencos para lavar arroz (3)\" class=\"wp-image-4425\" srcset=\"https:\/\/www.purecook.com\/wp-content\/uploads\/2025\/08\/wholesale-rice-washing-bowls-3.webp 800w, https:\/\/www.purecook.com\/wp-content\/uploads\/2025\/08\/wholesale-rice-washing-bowls-3-300x300.webp 300w, https:\/\/www.purecook.com\/wp-content\/uploads\/2025\/08\/wholesale-rice-washing-bowls-3-150x150.webp 150w, https:\/\/www.purecook.com\/wp-content\/uploads\/2025\/08\/wholesale-rice-washing-bowls-3-768x768.webp 768w, https:\/\/www.purecook.com\/wp-content\/uploads\/2025\/08\/wholesale-rice-washing-bowls-3-12x12.webp 12w, https:\/\/www.purecook.com\/wp-content\/uploads\/2025\/08\/wholesale-rice-washing-bowls-3-600x600.webp 600w, https:\/\/www.purecook.com\/wp-content\/uploads\/2025\/08\/wholesale-rice-washing-bowls-3-100x100.webp 100w\" sizes=\"(max-width: 800px) 100vw, 800px\" \/><\/figure>\n<\/div>\n\n\n\n<div class=\"wp-block-column is-layout-flow wp-block-column-is-layout-flow\">\n<figure class=\"wp-block-image size-full\"><img decoding=\"async\" width=\"800\" height=\"800\" src=\"https:\/\/www.purecook.com\/wp-content\/uploads\/2025\/08\/wholesale-rice-washing-bowls-4.webp\" alt=\"venta al por mayor de cuencos para lavar arroz (4)\" class=\"wp-image-4426\" srcset=\"https:\/\/www.purecook.com\/wp-content\/uploads\/2025\/08\/wholesale-rice-washing-bowls-4.webp 800w, https:\/\/www.purecook.com\/wp-content\/uploads\/2025\/08\/wholesale-rice-washing-bowls-4-300x300.webp 300w, https:\/\/www.purecook.com\/wp-content\/uploads\/2025\/08\/wholesale-rice-washing-bowls-4-150x150.webp 150w, https:\/\/www.purecook.com\/wp-content\/uploads\/2025\/08\/wholesale-rice-washing-bowls-4-768x768.webp 768w, https:\/\/www.purecook.com\/wp-content\/uploads\/2025\/08\/wholesale-rice-washing-bowls-4-12x12.webp 12w, https:\/\/www.purecook.com\/wp-content\/uploads\/2025\/08\/wholesale-rice-washing-bowls-4-600x600.webp 600w, https:\/\/www.purecook.com\/wp-content\/uploads\/2025\/08\/wholesale-rice-washing-bowls-4-100x100.webp 100w\" sizes=\"(max-width: 800px) 100vw, 800px\" \/><\/figure>\n<\/div>\n<\/div>\n\n\n\n<div class=\"wp-block-columns is-layout-flex wp-container-core-columns-is-layout-9d6595d7 wp-block-columns-is-layout-flex\">\n<div class=\"wp-block-column is-layout-flow wp-block-column-is-layout-flow\"><\/div>\n\n\n\n<div class=\"wp-block-column is-layout-flow wp-block-column-is-layout-flow\"><\/div>\n<\/div>","protected":false},"excerpt":{"rendered":"<p>Los coladores de acero inoxidable al por mayor, cuencos para lavar arroz, presentan bordes lisos y redondeados para evitar ara\u00f1azos durante su uso. La forma equilibrada permite inclinar y verter f\u00e1cilmente, reduciendo la carga durante la preparaci\u00f3n de los alimentos. Los densos orificios de drenaje garantizan un r\u00e1pido vaciado. Ofrecemos servicios de personalizaci\u00f3n OEM y ODM. P\u00f3ngase en contacto con nosotros para solicitar un presupuesto.<\/p>\n<p>Purecook <a class=\"___SBox_epc1q-ko_ kwo-widget-keyword-ideas-done__link ___SLink_zko9t-ko_ __noWrapText_zko9t-ko_ ___SText_ai1ow-ko_\" tabindex=\"0\" role=\"link\" href=\"https:\/\/www.purecook.com\/es\/categoria-de-productos\/kitchen-utensils\/\" target=\"_blank\" rel=\"noopener\" data-ui-name=\"Link\" data-testid=\"suggestion-keyword\" data-path=\"overview.ideas_widget.broad_widget.table.keyword_cell.keyword_link\"><span class=\"___SBox_epc1q-ko_ ___SText_zko9t-ko_\" data-ui-name=\"Link.Text\">fabricante de utensilios de cocina<\/span><\/a><a href=\"https:\/\/www.purecook.com\/es\/categoria-de-productos\/cookware\/\" target=\"_blank\" rel=\"noopener\">\u00a0<\/a>ofrece precios de f\u00e1brica para <a href=\"https:\/\/www.purecook.com\/es\/categoria-de-productos\/kitchen-utensils\/\" target=\"_blank\" rel=\"noopener\"><strong>venta al por mayor <span class=\"___SBox_epc1q-ko_ ___SText_zko9t-ko_\" data-ui-name=\"Link.Text\">utensilios de cocina<\/span><\/strong><\/a>. P\u00f3ngase en contacto con nosotros para obtener el mejor presupuesto del fabricante de utensilios de cocina de confianza.<\/p>\n<h2>Caracter\u00edsticas del escurridor de acero inoxidable<\/h2>\n<p><strong>Dise\u00f1o eficiente del drenaje:<\/strong> Los escurridores de acero inoxidable presentan densos orificios de drenaje y una abertura inclinada en la parte inferior, lo que facilita el lavado r\u00e1pido y completo del arroz y el escurrido de verduras y frutas.<\/p>\n<p><strong>Pr\u00e1ctico y con estilo:<\/strong> Estos escurridores de acero inoxidable presentan un elegante acabado met\u00e1lico y vienen con un orificio para colgar que puede colgarse con un gancho de ventosa o colocarse directamente en la encimera para conseguir un dise\u00f1o limpio y que ahorre espacio.<\/p>\n<p><strong>Saludable e higi\u00e9nico:<\/strong> Los escurridores de acero inoxidable presentan un dise\u00f1o sin esquinas que elimina el riesgo de que la suciedad se acumule en ellas, lo que facilita su limpieza y mantiene la higiene de la cocina.<\/p>\n<p><strong>Utensilio de cocina vers\u00e1til:<\/strong> Ideales para lavar y escurrir verduras, fruta, pasta, fideos, arroz y legumbres, son ideales tanto para la cocina casera como para la restauraci\u00f3n profesional.<\/p>\n<p><strong>Mayorista de Utensilios de Cocina:<\/strong> Somos una f\u00e1brica experimentada que ofrece utensilios de cocina de acero inoxidable de alta calidad, como coladores, hervidores y jarras de aceite. Ofrecemos servicios de personalizaci\u00f3n OEM y ODM y precios competitivos al por mayor.<\/p>","protected":false},"featured_media":4423,"comment_status":"closed","ping_status":"closed","template":"","meta":{"_acf_changed":false},"product_brand":[],"product_cat":[52,65],"product_tag":[],"class_list":{"0":"post-4422","1":"product","2":"type-product","3":"status-publish","4":"has-post-thumbnail","6":"product_cat-kitchen-utensils","7":"product_cat-kitchen-strainer-and-colander","9":"first","10":"instock","11":"shipping-taxable","12":"product-type-simple"},"acf":[],"_links":{"self":[{"href":"https:\/\/www.purecook.com\/es\/wp-json\/wp\/v2\/product\/4422","targetHints":{"allow":["GET"]}}],"collection":[{"href":"https:\/\/www.purecook.com\/es\/wp-json\/wp\/v2\/product"}],"about":[{"href":"https:\/\/www.purecook.com\/es\/wp-json\/wp\/v2\/types\/product"}],"replies":[{"embeddable":true,"href":"https:\/\/www.purecook.com\/es\/wp-json\/wp\/v2\/comments?post=4422"}],"wp:featuredmedia":[{"embeddable":true,"href":"https:\/\/www.purecook.com\/es\/wp-json\/wp\/v2\/media\/4423"}],"wp:attachment":[{"href":"https:\/\/www.purecook.com\/es\/wp-json\/wp\/v2\/media?parent=4422"}],"wp:term":[{"taxonomy":"product_brand","embeddable":true,"href":"https:\/\/www.purecook.com\/es\/wp-json\/wp\/v2\/product_brand?post=4422"},{"taxonomy":"product_cat","embeddable":true,"href":"https:\/\/www.purecook.com\/es\/wp-json\/wp\/v2\/product_cat?post=4422"},{"taxonomy":"product_tag","embeddable":true,"href":"https:\/\/www.purecook.com\/es\/wp-json\/wp\/v2\/product_tag?post=4422"}],"curies":[{"name":"wp","href":"https:\/\/api.w.org\/{rel}","templated":true}]}}