{"id":4429,"date":"2025-08-09T10:58:53","date_gmt":"2025-08-09T02:58:53","guid":{"rendered":"https:\/\/www.purecook.com\/?post_type=product&#038;p=4429"},"modified":"2025-08-09T11:33:19","modified_gmt":"2025-08-09T03:33:19","slug":"wholesale-4-piece-cookware-sets","status":"publish","type":"product","link":"https:\/\/www.purecook.com\/es\/product\/wholesale-4-piece-cookware-sets\/","title":{"rendered":"Mayorista Bater\u00eda de Cocina de 4 Piezas - Compatible con Varios Hornillos"},"content":{"rendered":"<div class=\"wp-block-columns is-layout-flex wp-container-core-columns-is-layout-9d6595d7 wp-block-columns-is-layout-flex\">\n<div class=\"wp-block-column is-layout-flow wp-block-column-is-layout-flow\">\n<h3 class=\"wp-block-heading\">Par\u00e1metros de la bater\u00eda de cocina de 4 piezas<\/h3>\n\n\n\n<p><strong>Material:<\/strong> SS201<br><strong>Color:<\/strong> Plata<br><strong>Abajo:<\/strong> Base encapsulada (SUS+1,2 mm Alu+SUS)<br><strong>Tapa:<\/strong> Tapas de cristal<br><strong>Tallas:<\/strong>16\u00d79,5 cm, 20\u00d711 cm, 24\u00d713 cm, 24\u00d78 cm<\/p>\n<\/div>\n\n\n\n<div class=\"wp-block-column is-layout-flow wp-block-column-is-layout-flow\">\n<h3 class=\"wp-block-heading\">Opciones de bater\u00eda de cocina a medida<\/h3>\n\n\n\n<p><strong>Logotipo:<\/strong> Personalizable con el logotipo de su marca<br><strong>Asa:<\/strong> Mango a su medida<br><strong>Embalaje:<\/strong>\u00a0Caja de color\/Cart\u00f3n, etc<\/p>\n<\/div>\n<\/div>\n\n\n\n<div class=\"wp-block-columns is-layout-flex wp-container-core-columns-is-layout-9d6595d7 wp-block-columns-is-layout-flex\">\n<div class=\"wp-block-column is-layout-flow wp-block-column-is-layout-flow\">\n<figure class=\"wp-block-image size-full\"><img decoding=\"async\" width=\"800\" height=\"800\" src=\"https:\/\/www.purecook.com\/wp-content\/uploads\/2025\/08\/wholesale-4-piece-cookware-set-1.webp\" alt=\"venta al por mayor juego de 4 piezas (1)\" class=\"wp-image-4430\" srcset=\"https:\/\/www.purecook.com\/wp-content\/uploads\/2025\/08\/wholesale-4-piece-cookware-set-1.webp 800w, https:\/\/www.purecook.com\/wp-content\/uploads\/2025\/08\/wholesale-4-piece-cookware-set-1-300x300.webp 300w, https:\/\/www.purecook.com\/wp-content\/uploads\/2025\/08\/wholesale-4-piece-cookware-set-1-150x150.webp 150w, https:\/\/www.purecook.com\/wp-content\/uploads\/2025\/08\/wholesale-4-piece-cookware-set-1-768x768.webp 768w, https:\/\/www.purecook.com\/wp-content\/uploads\/2025\/08\/wholesale-4-piece-cookware-set-1-12x12.webp 12w, https:\/\/www.purecook.com\/wp-content\/uploads\/2025\/08\/wholesale-4-piece-cookware-set-1-600x600.webp 600w, https:\/\/www.purecook.com\/wp-content\/uploads\/2025\/08\/wholesale-4-piece-cookware-set-1-100x100.webp 100w\" sizes=\"(max-width: 800px) 100vw, 800px\" \/><\/figure>\n<\/div>\n\n\n\n<div class=\"wp-block-column is-layout-flow wp-block-column-is-layout-flow\">\n<figure class=\"wp-block-image size-full\"><img decoding=\"async\" width=\"1328\" height=\"1328\" src=\"https:\/\/www.purecook.com\/wp-content\/uploads\/2025\/08\/wholesale-4-piece-cookware-set-6.webp\" alt=\"venta al por mayor juego de 4 piezas (6)\" class=\"wp-image-4435\" srcset=\"https:\/\/www.purecook.com\/wp-content\/uploads\/2025\/08\/wholesale-4-piece-cookware-set-6.webp 1328w, https:\/\/www.purecook.com\/wp-content\/uploads\/2025\/08\/wholesale-4-piece-cookware-set-6-300x300.webp 300w, https:\/\/www.purecook.com\/wp-content\/uploads\/2025\/08\/wholesale-4-piece-cookware-set-6-150x150.webp 150w, https:\/\/www.purecook.com\/wp-content\/uploads\/2025\/08\/wholesale-4-piece-cookware-set-6-768x768.webp 768w, https:\/\/www.purecook.com\/wp-content\/uploads\/2025\/08\/wholesale-4-piece-cookware-set-6-12x12.webp 12w, https:\/\/www.purecook.com\/wp-content\/uploads\/2025\/08\/wholesale-4-piece-cookware-set-6-600x600.webp 600w, https:\/\/www.purecook.com\/wp-content\/uploads\/2025\/08\/wholesale-4-piece-cookware-set-6-100x100.webp 100w\" sizes=\"(max-width: 1328px) 100vw, 1328px\" \/><\/figure>\n<\/div>\n<\/div>","protected":false},"excerpt":{"rendered":"<p>Juego de utensilios de cocina de 4 piezas al por mayor. Este juego incluye una lechera, una sopera y una olla para diversas necesidades culinarias, como hervir, guisar y cocer al vapor. El fondo de tres capas garantiza una r\u00e1pida conducci\u00f3n del calor. Fabricadas en acero inoxidable duradero, se pueden lavar en el lavavajillas y son aptas tanto para uso comercial como dom\u00e9stico. P\u00f3ngase en contacto con nosotros para solicitar el cat\u00e1logo de productos y un presupuesto.<\/p>\n<p>Purecook <a href=\"https:\/\/www.purecook.com\/es\/categoria-de-productos\/cookware\/\" target=\"_blank\" rel=\"noopener\"><strong>fabricante de utensilios de cocina,<\/strong> <\/a>ofrece precios de f\u00e1brica y servicios de personalizaci\u00f3n OEM. P\u00f3ngase en contacto con nosotros para obtener el mejor presupuesto de un fabricante de utensilios de cocina de confianza.<\/p>\n<h2>Caracter\u00edsticas de la bater\u00eda de cocina de 4 piezas<\/h2>\n<p><strong>Rendimiento de cocci\u00f3n profesional:<\/strong> La base de la olla est\u00e1 hecha de material tricapa, que distribuye uniformemente el calor y evita eficazmente el sobrecalentamiento, garantizando excelentes resultados de cocci\u00f3n.<\/p>\n<p><strong>Set vers\u00e1til:<\/strong> Este completo juego de utensilios de cocina incluye una olla, una cazuela y una marmita, y satisface diversas necesidades culinarias, como hervir, guisar y cocer al vapor, por lo que resulta adecuado para chefs dom\u00e9sticos y restaurantes.<\/p>\n<p><strong>F\u00e1cil de limpiar y mantener:<\/strong> La superficie de acero inoxidable sin revestimiento es resistente a ara\u00f1azos y manchas, y la bater\u00eda de cocina de este juego se puede lavar en el lavavajillas, por lo que es adecuada para cocinas comerciales que exigen una limpieza eficaz y c\u00f3moda.<\/p>\n<p><strong>Excelente dise\u00f1o detallado:<\/strong> La tapa ajustada con precisi\u00f3n proporciona un cierre seguro y una mayor retenci\u00f3n del calor. El asa remachada proporciona mayor resistencia y durabilidad para un uso prolongado.<\/p>\n<p><strong>Servicio de venta al por mayor de utensilios de cocina:<\/strong> Como fabricante confiable de utensilios de cocina de China, ofrecemos utensilios de cocina al por mayor a compradores B2B globales en una amplia variedad de estilos a precios de f\u00e1brica. Tambi\u00e9n apoyamos servicios de OEM de la marca.<\/p>","protected":false},"featured_media":4430,"comment_status":"closed","ping_status":"closed","template":"","meta":{"_acf_changed":false},"product_brand":[],"product_cat":[24,69],"product_tag":[],"class_list":{"0":"post-4429","1":"product","2":"type-product","3":"status-publish","4":"has-post-thumbnail","6":"product_cat-cookware","7":"product_cat-cookware-sets","9":"first","10":"instock","11":"shipping-taxable","12":"product-type-simple"},"acf":[],"_links":{"self":[{"href":"https:\/\/www.purecook.com\/es\/wp-json\/wp\/v2\/product\/4429","targetHints":{"allow":["GET"]}}],"collection":[{"href":"https:\/\/www.purecook.com\/es\/wp-json\/wp\/v2\/product"}],"about":[{"href":"https:\/\/www.purecook.com\/es\/wp-json\/wp\/v2\/types\/product"}],"replies":[{"embeddable":true,"href":"https:\/\/www.purecook.com\/es\/wp-json\/wp\/v2\/comments?post=4429"}],"wp:featuredmedia":[{"embeddable":true,"href":"https:\/\/www.purecook.com\/es\/wp-json\/wp\/v2\/media\/4430"}],"wp:attachment":[{"href":"https:\/\/www.purecook.com\/es\/wp-json\/wp\/v2\/media?parent=4429"}],"wp:term":[{"taxonomy":"product_brand","embeddable":true,"href":"https:\/\/www.purecook.com\/es\/wp-json\/wp\/v2\/product_brand?post=4429"},{"taxonomy":"product_cat","embeddable":true,"href":"https:\/\/www.purecook.com\/es\/wp-json\/wp\/v2\/product_cat?post=4429"},{"taxonomy":"product_tag","embeddable":true,"href":"https:\/\/www.purecook.com\/es\/wp-json\/wp\/v2\/product_tag?post=4429"}],"curies":[{"name":"wp","href":"https:\/\/api.w.org\/{rel}","templated":true}]}}