{"id":4444,"date":"2025-08-09T12:05:38","date_gmt":"2025-08-09T04:05:38","guid":{"rendered":"https:\/\/www.purecook.com\/?post_type=product&#038;p=4444"},"modified":"2025-08-31T16:33:58","modified_gmt":"2025-08-31T08:33:58","slug":"wholesale-stainless-steel-coffee-pot-sets","status":"publish","type":"product","link":"https:\/\/www.purecook.com\/es\/product\/wholesale-stainless-steel-coffee-pot-sets\/","title":{"rendered":"Mayorista Juego de Cafetera de Acero Inoxidable - Pour-Over Coffee Set"},"content":{"rendered":"<div class=\"wp-block-columns is-layout-flex wp-container-core-columns-is-layout-9d6595d7 wp-block-columns-is-layout-flex\">\n<div class=\"wp-block-column is-layout-flow wp-block-column-is-layout-flow\">\n<h3 class=\"wp-block-heading\">Par\u00e1metros del juego de cafeteras<\/h3>\n\n\n\n<p><strong>Material: <\/strong>SS304<br><strong>Color:<\/strong> Marr\u00f3n\/Rosa<br><strong>Grosor:<\/strong> 0,5 mm<br><strong>Tama\u00f1o: <\/strong>Taza de 200 ml \u00d7 2, dep\u00f3sito de 420 ml para caf\u00e9 en grano, hervidor de caf\u00e9 pour-over, embudo para caf\u00e9<\/p>\n<\/div>\n\n\n\n<div class=\"wp-block-column is-layout-flow wp-block-column-is-layout-flow\">\n<h3 class=\"wp-block-heading\">Opciones de juego de cafeteras personalizadas<\/h3>\n\n\n\n<p><strong>Logotipo:<\/strong> Personalizable con el logotipo de su marca<br><strong>Embalaje:<\/strong>\u00a0Caja de color\/Cart\u00f3n, etc<\/p>\n<\/div>\n<\/div>\n\n\n\n<div class=\"wp-block-columns is-layout-flex wp-container-core-columns-is-layout-9d6595d7 wp-block-columns-is-layout-flex\">\n<div class=\"wp-block-column is-layout-flow wp-block-column-is-layout-flow\">\n<figure class=\"wp-block-image size-full\"><img decoding=\"async\" width=\"800\" height=\"800\" src=\"https:\/\/www.purecook.com\/wp-content\/uploads\/2025\/08\/wholesale-coffee-pot-sets-1-1.webp\" alt=\"juegos de cafetera al por mayor (1)\" class=\"wp-image-4450\" srcset=\"https:\/\/www.purecook.com\/wp-content\/uploads\/2025\/08\/wholesale-coffee-pot-sets-1-1.webp 800w, https:\/\/www.purecook.com\/wp-content\/uploads\/2025\/08\/wholesale-coffee-pot-sets-1-1-300x300.webp 300w, https:\/\/www.purecook.com\/wp-content\/uploads\/2025\/08\/wholesale-coffee-pot-sets-1-1-150x150.webp 150w, https:\/\/www.purecook.com\/wp-content\/uploads\/2025\/08\/wholesale-coffee-pot-sets-1-1-768x768.webp 768w, https:\/\/www.purecook.com\/wp-content\/uploads\/2025\/08\/wholesale-coffee-pot-sets-1-1-12x12.webp 12w, https:\/\/www.purecook.com\/wp-content\/uploads\/2025\/08\/wholesale-coffee-pot-sets-1-1-600x600.webp 600w, https:\/\/www.purecook.com\/wp-content\/uploads\/2025\/08\/wholesale-coffee-pot-sets-1-1-100x100.webp 100w\" sizes=\"(max-width: 800px) 100vw, 800px\" \/><\/figure>\n<\/div>\n\n\n\n<div class=\"wp-block-column is-layout-flow wp-block-column-is-layout-flow\">\n<figure class=\"wp-block-image size-full\"><img decoding=\"async\" width=\"800\" height=\"800\" src=\"https:\/\/www.purecook.com\/wp-content\/uploads\/2025\/08\/wholesale-coffee-pot-sets-5-1.webp\" alt=\"juegos de cafetera al por mayor (5)\" class=\"wp-image-4454\" srcset=\"https:\/\/www.purecook.com\/wp-content\/uploads\/2025\/08\/wholesale-coffee-pot-sets-5-1.webp 800w, https:\/\/www.purecook.com\/wp-content\/uploads\/2025\/08\/wholesale-coffee-pot-sets-5-1-300x300.webp 300w, https:\/\/www.purecook.com\/wp-content\/uploads\/2025\/08\/wholesale-coffee-pot-sets-5-1-150x150.webp 150w, https:\/\/www.purecook.com\/wp-content\/uploads\/2025\/08\/wholesale-coffee-pot-sets-5-1-768x768.webp 768w, https:\/\/www.purecook.com\/wp-content\/uploads\/2025\/08\/wholesale-coffee-pot-sets-5-1-12x12.webp 12w, https:\/\/www.purecook.com\/wp-content\/uploads\/2025\/08\/wholesale-coffee-pot-sets-5-1-600x600.webp 600w, https:\/\/www.purecook.com\/wp-content\/uploads\/2025\/08\/wholesale-coffee-pot-sets-5-1-100x100.webp 100w\" sizes=\"(max-width: 800px) 100vw, 800px\" \/><\/figure>\n<\/div>\n<\/div>\n\n\n\n<div class=\"wp-block-columns is-layout-flex wp-container-core-columns-is-layout-9d6595d7 wp-block-columns-is-layout-flex\">\n<div class=\"wp-block-column is-layout-flow wp-block-column-is-layout-flow\"><\/div>\n\n\n\n<div class=\"wp-block-column is-layout-flow wp-block-column-is-layout-flow\"><\/div>\n<\/div>","protected":false},"excerpt":{"rendered":"<p>Juego de cafetera para colar al por mayor, fabricado en acero inoxidable apto para uso alimentario con un elegante asa forrada en piel y detalles de madera. Dise\u00f1ado para la elaboraci\u00f3n de cerveza de precisi\u00f3n y durabilidad, el conjunto incluye un hervidor de agua, gotero de metal, tazas de caf\u00e9, y el tarro de almacenamiento herm\u00e9tico. Ideal para cafeter\u00edas boutique, tiendas minoristas y mercados de regalos. P\u00f3ngase en contacto con nosotros para obtener precios al por mayor de f\u00e1brica.<\/p>\n<h2>Caracter\u00edsticas del juego de cafeteras de acero inoxidable<\/h2>\n<p><strong>Dise\u00f1o exquisito: <\/strong>Combinando metal, cuero y madera, este dise\u00f1o minimalista se adapta a cualquier hogar u oficina modernos.<\/p>\n<p><strong>Experiencia profesional en la preparaci\u00f3n de caf\u00e9:<\/strong> Fabricado para los aut\u00e9nticos amantes del caf\u00e9, su fina boquilla le permite controlar el flujo de agua. El gotero met\u00e1lico tiene un dise\u00f1o finamente perforado que filtra completamente los posos, manteniendo intactos su aroma y sus aceites.<\/p>\n<p><strong>Detalles ergon\u00f3micos bien pensados:<\/strong> La envoltura de cuero de la tetera y la taza a\u00f1ade aislamiento para evitar quemaduras. Tambi\u00e9n cuenta con un asa antideslizante para mayor seguridad.<\/p>\n<p><strong>Personalizaci\u00f3n de la marca:<\/strong> Puede personalizar la inserci\u00f3n de cuero con su marca para mejorar el reconocimiento de su producto.<\/p>","protected":false},"featured_media":4450,"comment_status":"closed","ping_status":"closed","template":"","meta":{"_acf_changed":false},"product_brand":[],"product_cat":[52,105],"product_tag":[],"class_list":{"0":"post-4444","1":"product","2":"type-product","3":"status-publish","4":"has-post-thumbnail","6":"product_cat-kitchen-utensils","7":"product_cat-coffee-pot-sets","9":"first","10":"instock","11":"shipping-taxable","12":"product-type-simple"},"acf":[],"_links":{"self":[{"href":"https:\/\/www.purecook.com\/es\/wp-json\/wp\/v2\/product\/4444","targetHints":{"allow":["GET"]}}],"collection":[{"href":"https:\/\/www.purecook.com\/es\/wp-json\/wp\/v2\/product"}],"about":[{"href":"https:\/\/www.purecook.com\/es\/wp-json\/wp\/v2\/types\/product"}],"replies":[{"embeddable":true,"href":"https:\/\/www.purecook.com\/es\/wp-json\/wp\/v2\/comments?post=4444"}],"wp:featuredmedia":[{"embeddable":true,"href":"https:\/\/www.purecook.com\/es\/wp-json\/wp\/v2\/media\/4450"}],"wp:attachment":[{"href":"https:\/\/www.purecook.com\/es\/wp-json\/wp\/v2\/media?parent=4444"}],"wp:term":[{"taxonomy":"product_brand","embeddable":true,"href":"https:\/\/www.purecook.com\/es\/wp-json\/wp\/v2\/product_brand?post=4444"},{"taxonomy":"product_cat","embeddable":true,"href":"https:\/\/www.purecook.com\/es\/wp-json\/wp\/v2\/product_cat?post=4444"},{"taxonomy":"product_tag","embeddable":true,"href":"https:\/\/www.purecook.com\/es\/wp-json\/wp\/v2\/product_tag?post=4444"}],"curies":[{"name":"wp","href":"https:\/\/api.w.org\/{rel}","templated":true}]}}