{"id":4455,"date":"2025-08-09T14:12:01","date_gmt":"2025-08-09T06:12:01","guid":{"rendered":"https:\/\/www.purecook.com\/?post_type=product&#038;p=4455"},"modified":"2025-12-04T12:08:30","modified_gmt":"2025-12-04T04:08:30","slug":"wholesale-baking-sheets-with-rack","status":"publish","type":"product","link":"https:\/\/www.purecook.com\/es\/product\/wholesale-baking-sheets-with-rack\/","title":{"rendered":"Mayorista Hojas de Hornear con Rejilla - Multifuncionales y Duraderas"},"content":{"rendered":"<div class=\"wp-block-columns is-layout-flex wp-container-core-columns-is-layout-9d6595d7 wp-block-columns-is-layout-flex\">\n<div class=\"wp-block-column is-layout-flow wp-block-column-is-layout-flow\">\n<h3 class=\"wp-block-heading\">Par\u00e1metros de la bandeja de horno <\/h3>\n\n\n\n<p><strong>Material:<\/strong> Magn\u00e9tico SS430<br><strong>Color: <\/strong>Plata<br><strong>Grosor normal: <\/strong>0,6 mm<br><strong>Tama\u00f1o:<\/strong>23.5\u00d717.5\u00d72.5cm\/26.5\u00d720.5\u00d72.5cm\/31.5\u00d724.5\u00d72.5cm\/40.5\u00d730.5\u00d72.5cm\/44\u00d731\u00d72.5cm<br><strong>Peso bruto: <\/strong>Menos de 1 kg por pieza<\/p>\n<\/div>\n\n\n\n<div class=\"wp-block-column is-layout-flow wp-block-column-is-layout-flow\">\n<h3 class=\"wp-block-heading\">Opciones de macetas personalizadas<\/h3>\n\n\n\n<p><strong>Logotipo:<\/strong> Personalizable con el logotipo de su marca<br><strong>Color:<\/strong> Personalizable<br><strong>Embalaje:<\/strong>&nbsp;Caja de color\/Cart\u00f3n, etc<\/p>\n<\/div>\n<\/div>\n\n\n\n<div class=\"wp-block-columns is-layout-flex wp-container-core-columns-is-layout-9d6595d7 wp-block-columns-is-layout-flex\">\n<div class=\"wp-block-column is-layout-flow wp-block-column-is-layout-flow\">\n<figure class=\"wp-block-image size-full\"><img decoding=\"async\" width=\"800\" height=\"800\" src=\"https:\/\/www.purecook.com\/wp-content\/uploads\/2025\/08\/wholesale-baking-sheets-5.webp\" alt=\"venta al por mayor de bandejas para hornear (5)\" class=\"wp-image-4460\" srcset=\"https:\/\/www.purecook.com\/wp-content\/uploads\/2025\/08\/wholesale-baking-sheets-5.webp 800w, https:\/\/www.purecook.com\/wp-content\/uploads\/2025\/08\/wholesale-baking-sheets-5-300x300.webp 300w, https:\/\/www.purecook.com\/wp-content\/uploads\/2025\/08\/wholesale-baking-sheets-5-150x150.webp 150w, https:\/\/www.purecook.com\/wp-content\/uploads\/2025\/08\/wholesale-baking-sheets-5-768x768.webp 768w, https:\/\/www.purecook.com\/wp-content\/uploads\/2025\/08\/wholesale-baking-sheets-5-12x12.webp 12w, https:\/\/www.purecook.com\/wp-content\/uploads\/2025\/08\/wholesale-baking-sheets-5-600x600.webp 600w, https:\/\/www.purecook.com\/wp-content\/uploads\/2025\/08\/wholesale-baking-sheets-5-100x100.webp 100w\" sizes=\"(max-width: 800px) 100vw, 800px\" \/><\/figure>\n<\/div>\n\n\n\n<div class=\"wp-block-column is-layout-flow wp-block-column-is-layout-flow\">\n<figure class=\"wp-block-image size-full\"><img decoding=\"async\" width=\"800\" height=\"800\" src=\"https:\/\/www.purecook.com\/wp-content\/uploads\/2025\/08\/wholesale-baking-sheets-6.webp\" alt=\"hojas de hornear al por mayor (6)\" class=\"wp-image-4461\" srcset=\"https:\/\/www.purecook.com\/wp-content\/uploads\/2025\/08\/wholesale-baking-sheets-6.webp 800w, https:\/\/www.purecook.com\/wp-content\/uploads\/2025\/08\/wholesale-baking-sheets-6-300x300.webp 300w, https:\/\/www.purecook.com\/wp-content\/uploads\/2025\/08\/wholesale-baking-sheets-6-150x150.webp 150w, https:\/\/www.purecook.com\/wp-content\/uploads\/2025\/08\/wholesale-baking-sheets-6-768x768.webp 768w, https:\/\/www.purecook.com\/wp-content\/uploads\/2025\/08\/wholesale-baking-sheets-6-12x12.webp 12w, https:\/\/www.purecook.com\/wp-content\/uploads\/2025\/08\/wholesale-baking-sheets-6-600x600.webp 600w, https:\/\/www.purecook.com\/wp-content\/uploads\/2025\/08\/wholesale-baking-sheets-6-100x100.webp 100w\" sizes=\"(max-width: 800px) 100vw, 800px\" \/><\/figure>\n<\/div>\n<\/div>\n\n\n\n<div class=\"wp-block-columns is-layout-flex wp-container-core-columns-is-layout-9d6595d7 wp-block-columns-is-layout-flex\">\n<div class=\"wp-block-column is-layout-flow wp-block-column-is-layout-flow\"><\/div>\n\n\n\n<div class=\"wp-block-column is-layout-flow wp-block-column-is-layout-flow\"><\/div>\n<\/div>","protected":false},"excerpt":{"rendered":"<p>Hojas de hornear al por mayor. Experimente un rendimiento de horneado profesional con nuestro vers\u00e1til juego de bandeja para hornear de tres piezas, que incluye una bandeja para hornear normal, una bandeja para hornear en forma de panal y una rejilla para hornear. Perfecto para cocinar al vapor, asar y tostar en cocinas dom\u00e9sticas o comerciales. P\u00f3ngase en contacto con nosotros para solicitar un presupuesto.<\/p>\n<h2>Caracter\u00edsticas y ventajas de las planchas de acero inoxidable para hornear<\/h2>\n<p><strong>Rendimiento de horneado de calidad profesional:<\/strong> Este juego de bandejas para hornear incluye una innovadora bandeja de nido de abeja con un dise\u00f1o perforado que garantiza una circulaci\u00f3n uniforme del calor para obtener unos resultados de horneado y asado uniformes.<\/p>\n<p><strong>Construcci\u00f3n multicapa:<\/strong> Este juego de tres bandejas para hornear presenta un dise\u00f1o escalonado que se adapta a varias necesidades culinarias, incluidas la cocci\u00f3n al vapor y el horneado.<\/p>\n<p><strong>Almacenamiento apilable:<\/strong> Las bandejas apilables que ahorran espacio simplifican la organizaci\u00f3n de la cocina y maximizan la eficiencia del almacenamiento.<\/p>\n<p><strong>Bordes engrosados reforzados:<\/strong> Los bordes met\u00e1licos reforzados evitan la deformaci\u00f3n incluso a altas temperaturas o con cargas pesadas, lo que prolonga la vida \u00fatil del producto.<\/p>\n<p><strong>Servicio de venta al por mayor de hojas para hornear:<\/strong> Como fabricante, Purecook ofrece bandejas para hornear al por mayor a precios de f\u00e1brica. Tambi\u00e9n ofrecemos soporte de personalizaci\u00f3n OEM para satisfacer sus necesidades espec\u00edficas del mercado.<\/p>","protected":false},"featured_media":4456,"comment_status":"closed","ping_status":"closed","template":"","meta":{"_acf_changed":false},"product_brand":[],"product_cat":[27,107],"product_tag":[],"class_list":{"0":"post-4455","1":"product","2":"type-product","3":"status-publish","4":"has-post-thumbnail","6":"product_cat-bakeware","7":"product_cat-baking-sheet","9":"first","10":"instock","11":"shipping-taxable","12":"product-type-simple"},"acf":[],"_links":{"self":[{"href":"https:\/\/www.purecook.com\/es\/wp-json\/wp\/v2\/product\/4455","targetHints":{"allow":["GET"]}}],"collection":[{"href":"https:\/\/www.purecook.com\/es\/wp-json\/wp\/v2\/product"}],"about":[{"href":"https:\/\/www.purecook.com\/es\/wp-json\/wp\/v2\/types\/product"}],"replies":[{"embeddable":true,"href":"https:\/\/www.purecook.com\/es\/wp-json\/wp\/v2\/comments?post=4455"}],"wp:featuredmedia":[{"embeddable":true,"href":"https:\/\/www.purecook.com\/es\/wp-json\/wp\/v2\/media\/4456"}],"wp:attachment":[{"href":"https:\/\/www.purecook.com\/es\/wp-json\/wp\/v2\/media?parent=4455"}],"wp:term":[{"taxonomy":"product_brand","embeddable":true,"href":"https:\/\/www.purecook.com\/es\/wp-json\/wp\/v2\/product_brand?post=4455"},{"taxonomy":"product_cat","embeddable":true,"href":"https:\/\/www.purecook.com\/es\/wp-json\/wp\/v2\/product_cat?post=4455"},{"taxonomy":"product_tag","embeddable":true,"href":"https:\/\/www.purecook.com\/es\/wp-json\/wp\/v2\/product_tag?post=4455"}],"curies":[{"name":"wp","href":"https:\/\/api.w.org\/{rel}","templated":true}]}}