{"id":4568,"date":"2025-08-21T11:11:19","date_gmt":"2025-08-21T03:11:19","guid":{"rendered":"https:\/\/www.purecook.com\/?post_type=product&#038;p=4568"},"modified":"2025-08-24T11:34:57","modified_gmt":"2025-08-24T03:34:57","slug":"wholesale-stainless-steel-kitchen-tongs","status":"publish","type":"product","link":"https:\/\/www.purecook.com\/es\/product\/wholesale-stainless-steel-kitchen-tongs\/","title":{"rendered":"Mayorista Pinzas de Cocina de Acero Inoxidable para Cocinar, Barbacoa, Ensaladas y Servir"},"content":{"rendered":"<div class=\"wp-block-columns is-layout-flex wp-container-core-columns-is-layout-9d6595d7 wp-block-columns-is-layout-flex\">\n<div class=\"wp-block-column is-layout-flow wp-block-column-is-layout-flow\">\n<h3 class=\"wp-block-heading\">Par\u00e1metros de las pinzas de cocina de acero inoxidable<\/h3>\n\n\n\n<p><strong>Material: <\/strong>Acero inoxidable 304<br><strong>Logotipo:<\/strong> Serigraf\u00eda\/grabado l\u00e1ser\/sello en relieve<br><strong>Color:<\/strong> Plata<br><strong>Tama\u00f1o:<\/strong> 24\u00d72,5 cm<br><strong>Peso bruto: <\/strong>Menos de 100 g por pieza<br><\/p>\n<\/div>\n\n\n\n<div class=\"wp-block-column is-layout-flow wp-block-column-is-layout-flow\">\n<h3 class=\"wp-block-heading\">Opciones de pinzas de cocina personalizadas<\/h3>\n\n\n\n<p><strong>Logotipo:<\/strong> Personalizable con el logotipo de su marca<br><strong>Embalaje:<\/strong>\u00a0Caja de color\/Cart\u00f3n, etc<\/p>\n<\/div>\n<\/div>\n\n\n\n<div class=\"wp-block-columns is-layout-flex wp-container-core-columns-is-layout-9d6595d7 wp-block-columns-is-layout-flex\">\n<div class=\"wp-block-column is-layout-flow wp-block-column-is-layout-flow\">\n<figure class=\"wp-block-image size-full\"><img decoding=\"async\" width=\"800\" height=\"800\" src=\"https:\/\/www.purecook.com\/wp-content\/uploads\/2025\/08\/wholesale-stainless-steel-kitchen-tongs-2.webp\" alt=\"mayorista pinzas de cocina de acero inoxidable (2)\" class=\"wp-image-4570\" srcset=\"https:\/\/www.purecook.com\/wp-content\/uploads\/2025\/08\/wholesale-stainless-steel-kitchen-tongs-2.webp 800w, https:\/\/www.purecook.com\/wp-content\/uploads\/2025\/08\/wholesale-stainless-steel-kitchen-tongs-2-300x300.webp 300w, https:\/\/www.purecook.com\/wp-content\/uploads\/2025\/08\/wholesale-stainless-steel-kitchen-tongs-2-150x150.webp 150w, https:\/\/www.purecook.com\/wp-content\/uploads\/2025\/08\/wholesale-stainless-steel-kitchen-tongs-2-768x768.webp 768w, https:\/\/www.purecook.com\/wp-content\/uploads\/2025\/08\/wholesale-stainless-steel-kitchen-tongs-2-12x12.webp 12w, https:\/\/www.purecook.com\/wp-content\/uploads\/2025\/08\/wholesale-stainless-steel-kitchen-tongs-2-600x600.webp 600w, https:\/\/www.purecook.com\/wp-content\/uploads\/2025\/08\/wholesale-stainless-steel-kitchen-tongs-2-100x100.webp 100w\" sizes=\"(max-width: 800px) 100vw, 800px\" \/><\/figure>\n<\/div>\n\n\n\n<div class=\"wp-block-column is-layout-flow wp-block-column-is-layout-flow\">\n<figure class=\"wp-block-image size-full\"><img decoding=\"async\" width=\"800\" height=\"800\" src=\"https:\/\/www.purecook.com\/wp-content\/uploads\/2025\/08\/wholesale-stainless-steel-kitchen-tongs-5.webp\" alt=\"mayorista pinzas de cocina de acero inoxidable (5)\" class=\"wp-image-4573\" srcset=\"https:\/\/www.purecook.com\/wp-content\/uploads\/2025\/08\/wholesale-stainless-steel-kitchen-tongs-5.webp 800w, https:\/\/www.purecook.com\/wp-content\/uploads\/2025\/08\/wholesale-stainless-steel-kitchen-tongs-5-300x300.webp 300w, https:\/\/www.purecook.com\/wp-content\/uploads\/2025\/08\/wholesale-stainless-steel-kitchen-tongs-5-150x150.webp 150w, https:\/\/www.purecook.com\/wp-content\/uploads\/2025\/08\/wholesale-stainless-steel-kitchen-tongs-5-768x768.webp 768w, https:\/\/www.purecook.com\/wp-content\/uploads\/2025\/08\/wholesale-stainless-steel-kitchen-tongs-5-12x12.webp 12w, https:\/\/www.purecook.com\/wp-content\/uploads\/2025\/08\/wholesale-stainless-steel-kitchen-tongs-5-600x600.webp 600w, https:\/\/www.purecook.com\/wp-content\/uploads\/2025\/08\/wholesale-stainless-steel-kitchen-tongs-5-100x100.webp 100w\" sizes=\"(max-width: 800px) 100vw, 800px\" \/><\/figure>\n<\/div>\n<\/div>\n\n\n\n<div class=\"wp-block-columns is-layout-flex wp-container-core-columns-is-layout-9d6595d7 wp-block-columns-is-layout-flex\">\n<div class=\"wp-block-column is-layout-flow wp-block-column-is-layout-flow\"><\/div>\n\n\n\n<div class=\"wp-block-column is-layout-flow wp-block-column-is-layout-flow\"><\/div>\n<\/div>","protected":false},"excerpt":{"rendered":"<p>Venta al por mayor de pinzas de cocina de acero inoxidable. Su elegante dise\u00f1o ergon\u00f3mico proporciona un agarre c\u00f3modo y es ideal para una gran variedad de tareas culinarias, desde servir y emplatar hasta cocinar. P\u00f3ngase en contacto con nosotros para solicitar un presupuesto.<\/p>\n<h2>Caracter\u00edsticas de las pinzas de cocina de acero inoxidable<\/h2>\n<p><strong>Dise\u00f1o ergon\u00f3mico:<\/strong> Estas pinzas de cocina de acero inoxidable presentan un mango esculpido con estr\u00edas en relieve. Este dise\u00f1o proporciona un agarre c\u00f3modo y seguro, reduciendo la fatiga de la mano.<\/p>\n<p><strong>No reactivo:<\/strong> Fabricadas en acero inoxidable 304, estas pinzas de cocina de acero inoxidable no reaccionan con los alimentos \u00e1cidos, lo que evita que afecten al sabor o al color de los ingredientes, garantizando su pureza.<\/p>\n<p><strong>Versatilidad:<\/strong> Estas pinzas de cocina de acero inoxidable son adecuadas para una amplia gama de tareas, desde servir alimentos delicados como reposter\u00eda hasta manipular grandes porciones.<\/p>\n<p><strong>Higi\u00e9nico:<\/strong> Fabricadas en acero inoxidable, son menos propensas a albergar bacterias, absorber olores o retener part\u00edculas de alimentos. Esto hace que las pinzas sean f\u00e1ciles de limpiar, garantizando una manipulaci\u00f3n higi\u00e9nica de los alimentos.<\/p>","protected":false},"featured_media":4569,"comment_status":"closed","ping_status":"closed","template":"","meta":{"_acf_changed":false},"product_brand":[],"product_cat":[52,103],"product_tag":[],"class_list":{"0":"post-4568","1":"product","2":"type-product","3":"status-publish","4":"has-post-thumbnail","6":"product_cat-kitchen-utensils","7":"product_cat-wholesale-stainless-steel-tongs","9":"first","10":"instock","11":"shipping-taxable","12":"product-type-simple"},"acf":[],"_links":{"self":[{"href":"https:\/\/www.purecook.com\/es\/wp-json\/wp\/v2\/product\/4568","targetHints":{"allow":["GET"]}}],"collection":[{"href":"https:\/\/www.purecook.com\/es\/wp-json\/wp\/v2\/product"}],"about":[{"href":"https:\/\/www.purecook.com\/es\/wp-json\/wp\/v2\/types\/product"}],"replies":[{"embeddable":true,"href":"https:\/\/www.purecook.com\/es\/wp-json\/wp\/v2\/comments?post=4568"}],"wp:featuredmedia":[{"embeddable":true,"href":"https:\/\/www.purecook.com\/es\/wp-json\/wp\/v2\/media\/4569"}],"wp:attachment":[{"href":"https:\/\/www.purecook.com\/es\/wp-json\/wp\/v2\/media?parent=4568"}],"wp:term":[{"taxonomy":"product_brand","embeddable":true,"href":"https:\/\/www.purecook.com\/es\/wp-json\/wp\/v2\/product_brand?post=4568"},{"taxonomy":"product_cat","embeddable":true,"href":"https:\/\/www.purecook.com\/es\/wp-json\/wp\/v2\/product_cat?post=4568"},{"taxonomy":"product_tag","embeddable":true,"href":"https:\/\/www.purecook.com\/es\/wp-json\/wp\/v2\/product_tag?post=4568"}],"curies":[{"name":"wp","href":"https:\/\/api.w.org\/{rel}","templated":true}]}}