{"id":4576,"date":"2025-08-21T11:46:07","date_gmt":"2025-08-21T03:46:07","guid":{"rendered":"https:\/\/www.purecook.com\/?post_type=product&#038;p=4576"},"modified":"2025-08-21T12:13:22","modified_gmt":"2025-08-21T04:13:22","slug":"wholesale-stainless-steel-food-container-and-strainer-set","status":"publish","type":"product","link":"https:\/\/www.purecook.com\/es\/product\/wholesale-stainless-steel-food-container-and-strainer-set\/","title":{"rendered":"Mayorista Juego de Recipiente y Colador de Acero Inoxidable para Alimentos"},"content":{"rendered":"<div class=\"wp-block-columns is-layout-flex wp-container-core-columns-is-layout-9d6595d7 wp-block-columns-is-layout-flex\">\n<div class=\"wp-block-column is-layout-flow wp-block-column-is-layout-flow\">\n<h3 class=\"wp-block-heading\">Par\u00e1metros del recipiente de acero inoxidable para alimentos con colador<\/h3>\n\n\n\n<p><strong>Material: <\/strong>Acero inoxidable 304+PP<br><strong>Logotipo:<\/strong> Serigraf\u00eda\/grabado l\u00e1ser\/sello en relieve<br><strong>Color:<\/strong> Plata<br><strong>Tama\u00f1os de los productos:<\/strong><br>Capacidad: 1500 ml; Tama\u00f1o: 19\u00d719\u00d75,6 cm<br>Capacidad 2000ml; Tama\u00f1o:19\u00d719\u00d77.2cm<br>Capacidad 2500ml; 19\u00d719\u00d79cm<br><strong>Peso bruto: <\/strong>Menos de 500 g por pieza<\/p>\n<\/div>\n\n\n\n<div class=\"wp-block-column is-layout-flow wp-block-column-is-layout-flow\">\n<h3 class=\"wp-block-heading\">Opciones de macetas personalizadas<\/h3>\n\n\n\n<p><strong>Logotipo:<\/strong> Personalizable con el logotipo de su marca<br><strong>Embalaje:<\/strong>\u00a0Caja de color\/Cart\u00f3n, etc<\/p>\n<\/div>\n<\/div>\n\n\n\n<div class=\"wp-block-columns is-layout-flex wp-container-core-columns-is-layout-9d6595d7 wp-block-columns-is-layout-flex\">\n<div class=\"wp-block-column is-layout-flow wp-block-column-is-layout-flow\">\n<figure class=\"wp-block-image size-full\"><img decoding=\"async\" width=\"800\" height=\"800\" src=\"https:\/\/www.purecook.com\/wp-content\/uploads\/2025\/08\/wholesale-stainless-steel-food-container-and-strainer-set-5.webp\" alt=\"mayorista juego de recipiente y colador de acero inoxidable para alimentos (5)\" class=\"wp-image-4582\" srcset=\"https:\/\/www.purecook.com\/wp-content\/uploads\/2025\/08\/wholesale-stainless-steel-food-container-and-strainer-set-5.webp 800w, https:\/\/www.purecook.com\/wp-content\/uploads\/2025\/08\/wholesale-stainless-steel-food-container-and-strainer-set-5-300x300.webp 300w, https:\/\/www.purecook.com\/wp-content\/uploads\/2025\/08\/wholesale-stainless-steel-food-container-and-strainer-set-5-150x150.webp 150w, https:\/\/www.purecook.com\/wp-content\/uploads\/2025\/08\/wholesale-stainless-steel-food-container-and-strainer-set-5-768x768.webp 768w, https:\/\/www.purecook.com\/wp-content\/uploads\/2025\/08\/wholesale-stainless-steel-food-container-and-strainer-set-5-12x12.webp 12w, https:\/\/www.purecook.com\/wp-content\/uploads\/2025\/08\/wholesale-stainless-steel-food-container-and-strainer-set-5-600x600.webp 600w, https:\/\/www.purecook.com\/wp-content\/uploads\/2025\/08\/wholesale-stainless-steel-food-container-and-strainer-set-5-100x100.webp 100w\" sizes=\"(max-width: 800px) 100vw, 800px\" \/><\/figure>\n<\/div>\n\n\n\n<div class=\"wp-block-column is-layout-flow wp-block-column-is-layout-flow\">\n<figure class=\"wp-block-image size-full\"><img decoding=\"async\" width=\"800\" height=\"800\" src=\"https:\/\/www.purecook.com\/wp-content\/uploads\/2025\/08\/wholesale-stainless-steel-food-container-and-strainer-set-6.webp\" alt=\"mayorista juego de recipiente y colador de acero inoxidable para alimentos (6)\" class=\"wp-image-4583\" srcset=\"https:\/\/www.purecook.com\/wp-content\/uploads\/2025\/08\/wholesale-stainless-steel-food-container-and-strainer-set-6.webp 800w, https:\/\/www.purecook.com\/wp-content\/uploads\/2025\/08\/wholesale-stainless-steel-food-container-and-strainer-set-6-300x300.webp 300w, https:\/\/www.purecook.com\/wp-content\/uploads\/2025\/08\/wholesale-stainless-steel-food-container-and-strainer-set-6-150x150.webp 150w, https:\/\/www.purecook.com\/wp-content\/uploads\/2025\/08\/wholesale-stainless-steel-food-container-and-strainer-set-6-768x768.webp 768w, https:\/\/www.purecook.com\/wp-content\/uploads\/2025\/08\/wholesale-stainless-steel-food-container-and-strainer-set-6-12x12.webp 12w, https:\/\/www.purecook.com\/wp-content\/uploads\/2025\/08\/wholesale-stainless-steel-food-container-and-strainer-set-6-600x600.webp 600w, https:\/\/www.purecook.com\/wp-content\/uploads\/2025\/08\/wholesale-stainless-steel-food-container-and-strainer-set-6-100x100.webp 100w\" sizes=\"(max-width: 800px) 100vw, 800px\" \/><\/figure>\n<\/div>\n<\/div>\n\n\n\n<div class=\"wp-block-columns is-layout-flex wp-container-core-columns-is-layout-9d6595d7 wp-block-columns-is-layout-flex\">\n<div class=\"wp-block-column is-layout-flow wp-block-column-is-layout-flow\"><\/div>\n\n\n\n<div class=\"wp-block-column is-layout-flow wp-block-column-is-layout-flow\"><\/div>\n<\/div>","protected":false},"excerpt":{"rendered":"<p>Este moderno y funcional juego de recipiente y colador de acero inoxidable para alimentos combina eficacia con un dise\u00f1o elegante. Disponible en tres tama\u00f1os -1.500 ml, 2.000 ml y 2.500 ml-, incluye un vers\u00e1til recipiente s\u00f3lido y una cesta de malla a juego, perfectos para todo, desde enjuagar productos hasta encurtir y servir platos.<\/p>\n<h2>Caracter\u00edsticas del recipiente de acero inoxidable para alimentos con colador<\/h2>\n<p><strong>Vers\u00e1til:<\/strong> Este producto ofrece una soluci\u00f3n dos en uno. La cesta de malla sirve como pr\u00e1ctico colador o escurridor para lavar verduras o escurrir alimentos cocinados, mientras que el recipiente s\u00f3lido puede utilizarse para marinar, almacenar alimentos o servir.<\/p>\n<p><strong>Dise\u00f1o que ahorra espacio:<\/strong> Los dos componentes encajan a la perfecci\u00f3n, lo que permite un almacenamiento compacto y eficaz en el armario.<\/p>\n<p><strong>Varias opciones de capacidad:<\/strong> Disponible en tres capacidades diferentes (1500 ml, 2000 ml y 2500 ml), puede elegir el tama\u00f1o perfecto para cualquier tarea, ya sea preparar raciones individuales o comidas familiares.<\/p>\n<p><strong>Pr\u00e1ctico y apto para microondas:<\/strong>\u00a0Nuestros recipientes de acero inoxidable para alimentos est\u00e1n especialmente dise\u00f1ados para ser aptos para microondas, lo que le permite recalentar comidas de forma r\u00e1pida y segura sin tener que transferir la comida a otro plato.<\/p>","protected":false},"featured_media":4578,"comment_status":"closed","ping_status":"closed","template":"","meta":{"_acf_changed":false},"product_brand":[],"product_cat":[51,25],"product_tag":[],"class_list":{"0":"post-4576","1":"product","2":"type-product","3":"status-publish","4":"has-post-thumbnail","6":"product_cat-dinnerware","7":"product_cat-food-storage","9":"first","10":"instock","11":"shipping-taxable","12":"product-type-simple"},"acf":[],"_links":{"self":[{"href":"https:\/\/www.purecook.com\/es\/wp-json\/wp\/v2\/product\/4576","targetHints":{"allow":["GET"]}}],"collection":[{"href":"https:\/\/www.purecook.com\/es\/wp-json\/wp\/v2\/product"}],"about":[{"href":"https:\/\/www.purecook.com\/es\/wp-json\/wp\/v2\/types\/product"}],"replies":[{"embeddable":true,"href":"https:\/\/www.purecook.com\/es\/wp-json\/wp\/v2\/comments?post=4576"}],"wp:featuredmedia":[{"embeddable":true,"href":"https:\/\/www.purecook.com\/es\/wp-json\/wp\/v2\/media\/4578"}],"wp:attachment":[{"href":"https:\/\/www.purecook.com\/es\/wp-json\/wp\/v2\/media?parent=4576"}],"wp:term":[{"taxonomy":"product_brand","embeddable":true,"href":"https:\/\/www.purecook.com\/es\/wp-json\/wp\/v2\/product_brand?post=4576"},{"taxonomy":"product_cat","embeddable":true,"href":"https:\/\/www.purecook.com\/es\/wp-json\/wp\/v2\/product_cat?post=4576"},{"taxonomy":"product_tag","embeddable":true,"href":"https:\/\/www.purecook.com\/es\/wp-json\/wp\/v2\/product_tag?post=4576"}],"curies":[{"name":"wp","href":"https:\/\/api.w.org\/{rel}","templated":true}]}}