{"id":4584,"date":"2025-08-21T14:04:59","date_gmt":"2025-08-21T06:04:59","guid":{"rendered":"https:\/\/www.purecook.com\/?post_type=product&#038;p=4584"},"modified":"2025-09-08T11:29:35","modified_gmt":"2025-09-08T03:29:35","slug":"wholesale-mini-colander-and-bowl-set","status":"publish","type":"product","link":"https:\/\/www.purecook.com\/es\/product\/wholesale-mini-colander-and-bowl-set\/","title":{"rendered":"Mayorista Juego de Mini Colador y Bol, 2 Tama\u00f1os"},"content":{"rendered":"<div class=\"wp-block-columns is-layout-flex wp-container-core-columns-is-layout-9d6595d7 wp-block-columns-is-layout-flex\">\n<div class=\"wp-block-column is-layout-flow wp-block-column-is-layout-flow\">\n<h3 class=\"wp-block-heading\">Par\u00e1metros del juego de 2 mini escurridores <\/h3>\n\n\n\n<p><strong>Material:<\/strong> Acero inoxidable 304<br><strong>Logotipo: <\/strong>Serigraf\u00eda\/grabado l\u00e1ser\/sello en relieve<br><strong>Color:<\/strong> Plata<br><strong>Cesta de 14 cm<\/strong><\/p>\n\n\n\n<ul class=\"wp-block-list\">\n<li>Di\u00e1metro (arriba): 14,3 cm<\/li>\n\n\n\n<li>Di\u00e1metro (base): 8,0 cm<\/li>\n\n\n\n<li>Altura: 6,5 cm<\/li>\n\n\n\n<li>Capacidad: 600 ml<\/li>\n<\/ul>\n\n\n\n<p><strong>Cesta de 16 cm<\/strong><\/p>\n\n\n\n<ul class=\"wp-block-list\">\n<li>Di\u00e1metro (arriba): 16,3 cm<\/li>\n\n\n\n<li>Di\u00e1metro (base): 9,0 cm<\/li>\n\n\n\n<li>Altura: 7,5 cm<\/li>\n\n\n\n<li>Capacidad: 1000 ml<\/li>\n<\/ul>\n<\/div>\n\n\n\n<div class=\"wp-block-column is-layout-flow wp-block-column-is-layout-flow\">\n<h3 class=\"wp-block-heading\">Opciones de macetas personalizadas<\/h3>\n\n\n\n<p><strong>Logotipo:<\/strong> Personalizable con el logotipo de su marca<br><strong>Color:<\/strong> Personalizable<br><strong>Embalaje:<\/strong>\u00a0Caja de color\/Cart\u00f3n, etc<\/p>\n<\/div>\n<\/div>\n\n\n\n<div class=\"wp-block-columns is-layout-flex wp-container-core-columns-is-layout-9d6595d7 wp-block-columns-is-layout-flex\">\n<div class=\"wp-block-column is-layout-flow wp-block-column-is-layout-flow\">\n<figure class=\"wp-block-image size-full\"><img decoding=\"async\" width=\"800\" height=\"800\" src=\"https:\/\/www.purecook.com\/wp-content\/uploads\/2025\/08\/mini-colander-and-bowl-set-5.webp\" alt=\"mini juego de escurridor y bol (5)\" class=\"wp-image-4589\" srcset=\"https:\/\/www.purecook.com\/wp-content\/uploads\/2025\/08\/mini-colander-and-bowl-set-5.webp 800w, https:\/\/www.purecook.com\/wp-content\/uploads\/2025\/08\/mini-colander-and-bowl-set-5-300x300.webp 300w, https:\/\/www.purecook.com\/wp-content\/uploads\/2025\/08\/mini-colander-and-bowl-set-5-150x150.webp 150w, https:\/\/www.purecook.com\/wp-content\/uploads\/2025\/08\/mini-colander-and-bowl-set-5-768x768.webp 768w, https:\/\/www.purecook.com\/wp-content\/uploads\/2025\/08\/mini-colander-and-bowl-set-5-12x12.webp 12w, https:\/\/www.purecook.com\/wp-content\/uploads\/2025\/08\/mini-colander-and-bowl-set-5-600x600.webp 600w, https:\/\/www.purecook.com\/wp-content\/uploads\/2025\/08\/mini-colander-and-bowl-set-5-100x100.webp 100w\" sizes=\"(max-width: 800px) 100vw, 800px\" \/><\/figure>\n<\/div>\n\n\n\n<div class=\"wp-block-column is-layout-flow wp-block-column-is-layout-flow\">\n<figure class=\"wp-block-image size-full\"><img decoding=\"async\" width=\"800\" height=\"800\" src=\"https:\/\/www.purecook.com\/wp-content\/uploads\/2025\/08\/mini-colander-and-bowl-set-6.webp\" alt=\"mini juego de escurridor y bol (6)\" class=\"wp-image-4590\" srcset=\"https:\/\/www.purecook.com\/wp-content\/uploads\/2025\/08\/mini-colander-and-bowl-set-6.webp 800w, https:\/\/www.purecook.com\/wp-content\/uploads\/2025\/08\/mini-colander-and-bowl-set-6-300x300.webp 300w, https:\/\/www.purecook.com\/wp-content\/uploads\/2025\/08\/mini-colander-and-bowl-set-6-150x150.webp 150w, https:\/\/www.purecook.com\/wp-content\/uploads\/2025\/08\/mini-colander-and-bowl-set-6-768x768.webp 768w, https:\/\/www.purecook.com\/wp-content\/uploads\/2025\/08\/mini-colander-and-bowl-set-6-12x12.webp 12w, https:\/\/www.purecook.com\/wp-content\/uploads\/2025\/08\/mini-colander-and-bowl-set-6-600x600.webp 600w, https:\/\/www.purecook.com\/wp-content\/uploads\/2025\/08\/mini-colander-and-bowl-set-6-100x100.webp 100w\" sizes=\"(max-width: 800px) 100vw, 800px\" \/><\/figure>\n<\/div>\n<\/div>\n\n\n\n<div class=\"wp-block-columns is-layout-flex wp-container-core-columns-is-layout-9d6595d7 wp-block-columns-is-layout-flex\">\n<div class=\"wp-block-column is-layout-flow wp-block-column-is-layout-flow\"><\/div>\n\n\n\n<div class=\"wp-block-column is-layout-flow wp-block-column-is-layout-flow\"><\/div>\n<\/div>\n\n\n\n<div class=\"wp-block-columns is-layout-flex wp-container-core-columns-is-layout-9d6595d7 wp-block-columns-is-layout-flex\">\n<div class=\"wp-block-column is-layout-flow wp-block-column-is-layout-flow\"><\/div>\n\n\n\n<div class=\"wp-block-column is-layout-flow wp-block-column-is-layout-flow\"><\/div>\n<\/div>","protected":false},"excerpt":{"rendered":"<p>Perfecto para escurrir productos, enjuagar cereales y servir ensaladas, este vers\u00e1til e higi\u00e9nico juego de escurridor de acero inoxidable incorpora un colador de malla fina que encaja perfectamente en el bol. Es un pr\u00e1ctico complemento que ahorra espacio en cualquier cocina.<\/p>\n<h2>Caracter\u00edsticas y ventajas de las marmitas de acero inoxidable<\/h2>\n<p><strong>Vers\u00e1til:<\/strong> Este set se puede utilizar para lavar y aclarar frutas y verduras, colar pasta o arroz, y el bol se puede utilizar solo para mezclar, servir o como cuenco para servir.<\/p>\n<p><strong>Drenaje eficiente:<\/strong> La fina malla del escurridor drena los l\u00edquidos de forma r\u00e1pida y completa, a la vez que evita que caigan peque\u00f1as part\u00edculas de comida.<\/p>\n<p><strong>Duradero e higi\u00e9nico:<\/strong> Fabricado en acero inoxidable resistente al \u00f3xido, no poroso y f\u00e1cil de limpiar, garantiza una preparaci\u00f3n higi\u00e9nica de los alimentos.<\/p>\n<p><strong>Atractivo est\u00e9tico:<\/strong> El dise\u00f1o elegante y minimalista ofrece un aspecto moderno y limpio perfecto para servir directamente en la mesa.<\/p>","protected":false},"featured_media":4585,"comment_status":"closed","ping_status":"closed","template":"","meta":{"_acf_changed":false},"product_brand":[],"product_cat":[51,52,54,65],"product_tag":[],"class_list":{"0":"post-4584","1":"product","2":"type-product","3":"status-publish","4":"has-post-thumbnail","6":"product_cat-dinnerware","7":"product_cat-kitchen-utensils","8":"product_cat-stainless-steel-bowl","9":"product_cat-kitchen-strainer-and-colander","11":"first","12":"instock","13":"shipping-taxable","14":"product-type-simple"},"acf":[],"_links":{"self":[{"href":"https:\/\/www.purecook.com\/es\/wp-json\/wp\/v2\/product\/4584","targetHints":{"allow":["GET"]}}],"collection":[{"href":"https:\/\/www.purecook.com\/es\/wp-json\/wp\/v2\/product"}],"about":[{"href":"https:\/\/www.purecook.com\/es\/wp-json\/wp\/v2\/types\/product"}],"replies":[{"embeddable":true,"href":"https:\/\/www.purecook.com\/es\/wp-json\/wp\/v2\/comments?post=4584"}],"wp:featuredmedia":[{"embeddable":true,"href":"https:\/\/www.purecook.com\/es\/wp-json\/wp\/v2\/media\/4585"}],"wp:attachment":[{"href":"https:\/\/www.purecook.com\/es\/wp-json\/wp\/v2\/media?parent=4584"}],"wp:term":[{"taxonomy":"product_brand","embeddable":true,"href":"https:\/\/www.purecook.com\/es\/wp-json\/wp\/v2\/product_brand?post=4584"},{"taxonomy":"product_cat","embeddable":true,"href":"https:\/\/www.purecook.com\/es\/wp-json\/wp\/v2\/product_cat?post=4584"},{"taxonomy":"product_tag","embeddable":true,"href":"https:\/\/www.purecook.com\/es\/wp-json\/wp\/v2\/product_tag?post=4584"}],"curies":[{"name":"wp","href":"https:\/\/api.w.org\/{rel}","templated":true}]}}