{"id":4591,"date":"2025-08-24T09:30:00","date_gmt":"2025-08-24T01:30:00","guid":{"rendered":"https:\/\/www.purecook.com\/?post_type=product&#038;p=4591"},"modified":"2025-08-24T10:02:18","modified_gmt":"2025-08-24T02:02:18","slug":"wholesale-3-piece-stainless-steel-cookware-set","status":"publish","type":"product","link":"https:\/\/www.purecook.com\/es\/product\/wholesale-3-piece-stainless-steel-cookware-set\/","title":{"rendered":"Mayorista Bater\u00eda de Cocina de Acero Inoxidable de 3 Piezas"},"content":{"rendered":"<div class=\"wp-block-columns is-layout-flex wp-container-core-columns-is-layout-9d6595d7 wp-block-columns-is-layout-flex\">\n<div class=\"wp-block-column is-layout-flow wp-block-column-is-layout-flow\">\n<h3 class=\"wp-block-heading\">Par\u00e1metros de la bater\u00eda de cocina de acero inoxidable de 3 piezas<\/h3>\n\n\n\n<p><strong>Material: <\/strong>Acero inoxidable 201<br><strong>Grosor normal:<\/strong> 0,5 mm<br><strong>Tapa: <\/strong>Tapa de cristal o de acero inoxidable<br><strong>Abajo:<\/strong> Inducci\u00f3n Fondo s\u00e1ndwich (SUS+0,8 mm Alu+SUS)<br><strong>Logotipo: <\/strong>Serigraf\u00eda \/ Grabado l\u00e1ser \/ Gofrado<br><strong>Asa y pomo de la tapa:<\/strong> Acero inoxidable<br><strong>Tama\u00f1o: <\/strong>16 \u00d7 9 cm \/ 18 \u00d7 10 cm \/ 20 \u00d7 11 cm<br><strong>Peso bruto: <\/strong>Menos de 1 kg por pieza<\/p>\n<\/div>\n\n\n\n<div class=\"wp-block-column is-layout-flow wp-block-column-is-layout-flow\">\n<h3 class=\"wp-block-heading\">Opciones de macetas personalizadas<\/h3>\n\n\n\n<p><strong>Logotipo:<\/strong> Personalizable con el logotipo de su marca<br><strong>Asa:<\/strong> Mango a su medida<br><strong>Embalaje:<\/strong>\u00a0Caja de color\/Cart\u00f3n, etc<\/p>\n<\/div>\n<\/div>\n\n\n\n<div class=\"wp-block-columns is-layout-flex wp-container-core-columns-is-layout-9d6595d7 wp-block-columns-is-layout-flex\">\n<div class=\"wp-block-column is-layout-flow wp-block-column-is-layout-flow\">\n<figure class=\"wp-block-image size-full\"><img decoding=\"async\" width=\"800\" height=\"800\" src=\"https:\/\/www.purecook.com\/wp-content\/uploads\/2025\/08\/wholesale-3-piece-stainless-steel-cookware-set\u200b-2.webp\" alt=\"venta al por mayor juego de utensilios de cocina de acero inoxidable de 3 piezas (2)\" class=\"wp-image-4593\" srcset=\"https:\/\/www.purecook.com\/wp-content\/uploads\/2025\/08\/wholesale-3-piece-stainless-steel-cookware-set\u200b-2.webp 800w, https:\/\/www.purecook.com\/wp-content\/uploads\/2025\/08\/wholesale-3-piece-stainless-steel-cookware-set\u200b-2-300x300.webp 300w, https:\/\/www.purecook.com\/wp-content\/uploads\/2025\/08\/wholesale-3-piece-stainless-steel-cookware-set\u200b-2-150x150.webp 150w, https:\/\/www.purecook.com\/wp-content\/uploads\/2025\/08\/wholesale-3-piece-stainless-steel-cookware-set\u200b-2-768x768.webp 768w, https:\/\/www.purecook.com\/wp-content\/uploads\/2025\/08\/wholesale-3-piece-stainless-steel-cookware-set\u200b-2-12x12.webp 12w, https:\/\/www.purecook.com\/wp-content\/uploads\/2025\/08\/wholesale-3-piece-stainless-steel-cookware-set\u200b-2-600x600.webp 600w, https:\/\/www.purecook.com\/wp-content\/uploads\/2025\/08\/wholesale-3-piece-stainless-steel-cookware-set\u200b-2-100x100.webp 100w\" sizes=\"(max-width: 800px) 100vw, 800px\" \/><\/figure>\n<\/div>\n\n\n\n<div class=\"wp-block-column is-layout-flow wp-block-column-is-layout-flow\">\n<figure class=\"wp-block-image size-full\"><img decoding=\"async\" width=\"800\" height=\"800\" src=\"https:\/\/www.purecook.com\/wp-content\/uploads\/2025\/08\/wholesale-3-piece-stainless-steel-cookware-set\u200b-3.webp\" alt=\"venta al por mayor juego de ollas de acero inoxidable de 3 piezas (3)\" class=\"wp-image-4594\" srcset=\"https:\/\/www.purecook.com\/wp-content\/uploads\/2025\/08\/wholesale-3-piece-stainless-steel-cookware-set\u200b-3.webp 800w, https:\/\/www.purecook.com\/wp-content\/uploads\/2025\/08\/wholesale-3-piece-stainless-steel-cookware-set\u200b-3-300x300.webp 300w, https:\/\/www.purecook.com\/wp-content\/uploads\/2025\/08\/wholesale-3-piece-stainless-steel-cookware-set\u200b-3-150x150.webp 150w, https:\/\/www.purecook.com\/wp-content\/uploads\/2025\/08\/wholesale-3-piece-stainless-steel-cookware-set\u200b-3-768x768.webp 768w, https:\/\/www.purecook.com\/wp-content\/uploads\/2025\/08\/wholesale-3-piece-stainless-steel-cookware-set\u200b-3-12x12.webp 12w, https:\/\/www.purecook.com\/wp-content\/uploads\/2025\/08\/wholesale-3-piece-stainless-steel-cookware-set\u200b-3-600x600.webp 600w, https:\/\/www.purecook.com\/wp-content\/uploads\/2025\/08\/wholesale-3-piece-stainless-steel-cookware-set\u200b-3-100x100.webp 100w\" sizes=\"(max-width: 800px) 100vw, 800px\" \/><\/figure>\n<\/div>\n<\/div>\n\n\n\n<div class=\"wp-block-columns is-layout-flex wp-container-core-columns-is-layout-9d6595d7 wp-block-columns-is-layout-flex\">\n<div class=\"wp-block-column is-layout-flow wp-block-column-is-layout-flow\"><\/div>\n\n\n\n<div class=\"wp-block-column is-layout-flow wp-block-column-is-layout-flow\"><\/div>\n<\/div>","protected":false},"excerpt":{"rendered":"<p>Bater\u00eda de cocina de acero inoxidable de 3 piezas al por mayor. Este juego de utensilios de cocina es resistente y duradero, apto para varios tipos de cocinas, como las de inducci\u00f3n. El juego incluye 3 tama\u00f1os, adecuados para las necesidades de cocina dom\u00e9stica y comercial. Admite mangos de ollas, tapas de ollas, embalajes, logotipos, etc. personalizados. P\u00f3ngase en contacto con nosotros.<\/p>\n<h2>Caracter\u00edsticas de la bater\u00eda de cocina de acero inoxidable de 3 piezas<\/h2>\n<p><strong>Equipado con una tapa de cristal transparente:<\/strong> Esta bater\u00eda de cocina de acero inoxidable de 3 piezas al por mayor cuenta con una tapa de cristal templado transparente que le permite controlar f\u00e1cilmente los alimentos mientras los cocina.<\/p>\n<p><strong>M\u00faltiples combinaciones de tama\u00f1os:<\/strong> Esta bater\u00eda de cocina de acero inoxidable de 3 piezas incluye ollas de varios tama\u00f1os, como 16 \u00d7 9 cm, 18 \u00d7 10 cm y 20 \u00d7 11 cm, para satisfacer diversas necesidades culinarias.<\/p>\n<p><strong>Excelente transferencia de calor:<\/strong> La bater\u00eda de cocina de acero inoxidable de 3 piezas presenta un dise\u00f1o de fondo compuesto para una excelente conducci\u00f3n del calor y un calentamiento uniforme.<\/p>\n<p><strong>Compatible con varias placas de cocci\u00f3n:<\/strong> Con un fondo triple de acero inoxidable, esta bater\u00eda de cocina es compatible con una gran variedad de placas, incluidas las de inducci\u00f3n y vitrocer\u00e1mica.<\/p>\n<p><strong>Precios de f\u00e1brica:<\/strong> Como <a href=\"https:\/\/www.purecook.com\/es\/categoria-de-productos\/cookware\/\" target=\"_blank\" rel=\"noopener\"><strong>fabricante de utensilios de cocina<\/strong><\/a> de China, Purecook ofrece precios de f\u00e1brica, proporcionando productos competitivos de utensilios de cocina a compradores B2B globales, marcas de utensilios de cocina y minoristas.<\/p>","protected":false},"featured_media":4592,"comment_status":"closed","ping_status":"closed","template":"","meta":{"_acf_changed":false},"product_brand":[],"product_cat":[24,69,70],"product_tag":[],"class_list":{"0":"post-4591","1":"product","2":"type-product","3":"status-publish","4":"has-post-thumbnail","6":"product_cat-cookware","7":"product_cat-cookware-sets","8":"product_cat-soup-and-stock-pots","10":"first","11":"instock","12":"shipping-taxable","13":"product-type-simple"},"acf":[],"_links":{"self":[{"href":"https:\/\/www.purecook.com\/es\/wp-json\/wp\/v2\/product\/4591","targetHints":{"allow":["GET"]}}],"collection":[{"href":"https:\/\/www.purecook.com\/es\/wp-json\/wp\/v2\/product"}],"about":[{"href":"https:\/\/www.purecook.com\/es\/wp-json\/wp\/v2\/types\/product"}],"replies":[{"embeddable":true,"href":"https:\/\/www.purecook.com\/es\/wp-json\/wp\/v2\/comments?post=4591"}],"wp:featuredmedia":[{"embeddable":true,"href":"https:\/\/www.purecook.com\/es\/wp-json\/wp\/v2\/media\/4592"}],"wp:attachment":[{"href":"https:\/\/www.purecook.com\/es\/wp-json\/wp\/v2\/media?parent=4591"}],"wp:term":[{"taxonomy":"product_brand","embeddable":true,"href":"https:\/\/www.purecook.com\/es\/wp-json\/wp\/v2\/product_brand?post=4591"},{"taxonomy":"product_cat","embeddable":true,"href":"https:\/\/www.purecook.com\/es\/wp-json\/wp\/v2\/product_cat?post=4591"},{"taxonomy":"product_tag","embeddable":true,"href":"https:\/\/www.purecook.com\/es\/wp-json\/wp\/v2\/product_tag?post=4591"}],"curies":[{"name":"wp","href":"https:\/\/api.w.org\/{rel}","templated":true}]}}