{"id":4599,"date":"2025-08-24T10:02:59","date_gmt":"2025-08-24T02:02:59","guid":{"rendered":"https:\/\/www.purecook.com\/?post_type=product&#038;p=4599"},"modified":"2025-08-24T10:27:47","modified_gmt":"2025-08-24T02:27:47","slug":"wholesale-slotted-spoon-for-easy-draining-and-serving-of-food","status":"publish","type":"product","link":"https:\/\/www.purecook.com\/es\/product\/wholesale-slotted-spoon-for-easy-draining-and-serving-of-food\/","title":{"rendered":"Mayorista Cuchara ranurada para escurrir y servir f\u00e1cilmente los alimentos"},"content":{"rendered":"<div class=\"wp-block-columns is-layout-flex wp-container-core-columns-is-layout-9d6595d7 wp-block-columns-is-layout-flex\">\n<div class=\"wp-block-column is-layout-flow wp-block-column-is-layout-flow\">\n<h3 class=\"wp-block-heading\">Par\u00e1metros de la cuchara ranurada de acero inoxidable<\/h3>\n\n\n\n<p><strong>Material: <\/strong>Acero inoxidable 304<br><strong>Color: <\/strong>plata<br><strong>Peso: <\/strong>140\/155g -<br><strong>Logotipo: <\/strong>Serigraf\u00eda \/ Grabado l\u00e1ser \/ Estampado en relieve<br><strong>Tama\u00f1o: <\/strong>31,4\u00d710,6 cm \/ 32,5\u00d712,6 cm<br><strong>Peso bruto: <\/strong>Menos de 1 kg por pieza<\/p>\n<\/div>\n\n\n\n<div class=\"wp-block-column is-layout-flow wp-block-column-is-layout-flow\">\n<h3 class=\"wp-block-heading\">Opciones de macetas personalizadas<\/h3>\n\n\n\n<p><strong>Logotipo:<\/strong> Personalizable con el logotipo de su marca<br><strong>Color:<\/strong> Personalizable<br><strong>Embalaje:<\/strong>&nbsp;Caja de color\/Cart\u00f3n, etc<br><strong>MOQ: <\/strong>1000 unidades<\/p>\n<\/div>\n<\/div>\n\n\n\n<div class=\"wp-block-columns is-layout-flex wp-container-core-columns-is-layout-9d6595d7 wp-block-columns-is-layout-flex\">\n<div class=\"wp-block-column is-layout-flow wp-block-column-is-layout-flow\">\n<figure class=\"wp-block-image size-full\"><img decoding=\"async\" width=\"800\" height=\"800\" src=\"https:\/\/www.purecook.com\/wp-content\/uploads\/2025\/08\/wholesale-stainless-steel-slotted-spoon-2.webp\" alt=\"mayorista cuchara ranurada de acero inoxidable (2)\" class=\"wp-image-4601\" srcset=\"https:\/\/www.purecook.com\/wp-content\/uploads\/2025\/08\/wholesale-stainless-steel-slotted-spoon-2.webp 800w, https:\/\/www.purecook.com\/wp-content\/uploads\/2025\/08\/wholesale-stainless-steel-slotted-spoon-2-300x300.webp 300w, https:\/\/www.purecook.com\/wp-content\/uploads\/2025\/08\/wholesale-stainless-steel-slotted-spoon-2-150x150.webp 150w, https:\/\/www.purecook.com\/wp-content\/uploads\/2025\/08\/wholesale-stainless-steel-slotted-spoon-2-768x768.webp 768w, https:\/\/www.purecook.com\/wp-content\/uploads\/2025\/08\/wholesale-stainless-steel-slotted-spoon-2-12x12.webp 12w, https:\/\/www.purecook.com\/wp-content\/uploads\/2025\/08\/wholesale-stainless-steel-slotted-spoon-2-600x600.webp 600w, https:\/\/www.purecook.com\/wp-content\/uploads\/2025\/08\/wholesale-stainless-steel-slotted-spoon-2-100x100.webp 100w\" sizes=\"(max-width: 800px) 100vw, 800px\" \/><\/figure>\n<\/div>\n\n\n\n<div class=\"wp-block-column is-layout-flow wp-block-column-is-layout-flow\">\n<figure class=\"wp-block-image size-full\"><img decoding=\"async\" width=\"800\" height=\"800\" src=\"https:\/\/www.purecook.com\/wp-content\/uploads\/2025\/08\/wholesale-stainless-steel-slotted-spoon-3.webp\" alt=\"mayorista cuchara ranurada de acero inoxidable (3)\" class=\"wp-image-4602\" srcset=\"https:\/\/www.purecook.com\/wp-content\/uploads\/2025\/08\/wholesale-stainless-steel-slotted-spoon-3.webp 800w, https:\/\/www.purecook.com\/wp-content\/uploads\/2025\/08\/wholesale-stainless-steel-slotted-spoon-3-300x300.webp 300w, https:\/\/www.purecook.com\/wp-content\/uploads\/2025\/08\/wholesale-stainless-steel-slotted-spoon-3-150x150.webp 150w, https:\/\/www.purecook.com\/wp-content\/uploads\/2025\/08\/wholesale-stainless-steel-slotted-spoon-3-768x768.webp 768w, https:\/\/www.purecook.com\/wp-content\/uploads\/2025\/08\/wholesale-stainless-steel-slotted-spoon-3-12x12.webp 12w, https:\/\/www.purecook.com\/wp-content\/uploads\/2025\/08\/wholesale-stainless-steel-slotted-spoon-3-600x600.webp 600w, https:\/\/www.purecook.com\/wp-content\/uploads\/2025\/08\/wholesale-stainless-steel-slotted-spoon-3-100x100.webp 100w\" sizes=\"(max-width: 800px) 100vw, 800px\" \/><\/figure>\n<\/div>\n<\/div>\n\n\n\n<div class=\"wp-block-columns is-layout-flex wp-container-core-columns-is-layout-9d6595d7 wp-block-columns-is-layout-flex\">\n<div class=\"wp-block-column is-layout-flow wp-block-column-is-layout-flow\"><\/div>\n\n\n\n<div class=\"wp-block-column is-layout-flow wp-block-column-is-layout-flow\"><\/div>\n<\/div>","protected":false},"excerpt":{"rendered":"<p>Venta al por mayor de cucharas ranuradas de acero inoxidable. Fabricadas en acero inoxidable 304 de calidad alimentaria, estas cucharas ofrecen un rendimiento superior. Ofrecen una funcionalidad vers\u00e1til, escurriendo y colando r\u00e1pidamente pasta, verduras y alb\u00f3ndigas. P\u00f3ngase en contacto con nosotros para obtener precios al por mayor de f\u00e1brica.<\/p>\n<h2>Caracter\u00edsticas de las cucharas ranuradas de acero inoxidable<\/h2>\n<p><strong>F\u00e1cil de escurrir y colar:<\/strong> Las cucharas ranuradas facilitan la extracci\u00f3n de alimentos s\u00f3lidos de los l\u00edquidos. Escurra r\u00e1pidamente el agua, el aceite o la sopa.<\/p>\n<p><strong>Seguridad:<\/strong> Las cucharas ranuradas cuentan con un mango alargado que mantiene las manos a salvo de salpicaduras de aceite, agua hirviendo y vapor caliente.<\/p>\n<p><strong>Versatilidad:<\/strong> Las cucharas ranuradas pueden realizar una gran variedad de tareas, como quitar la espuma o la grasa de sopas y guisos, escaldar verduras en agua hirviendo y sacar la pasta de la sopa.<\/p>\n<p><strong>Material alimentario:<\/strong> Las cucharas ranuradas al por mayor est\u00e1n fabricadas en acero inoxidable 304 apto para uso alimentario, que no reacciona con los alimentos y es muy resistente al calor, lo que garantiza su tranquilidad.<\/p>\n<p><strong>Precios de f\u00e1brica:<\/strong> Como fabricante de utensilios de cocina, ofrecemos utensilios de cocina al por mayor a precios de f\u00e1brica y apoyamos la personalizaci\u00f3n y los pedidos al por mayor.<\/p>","protected":false},"featured_media":4600,"comment_status":"closed","ping_status":"closed","template":"","meta":{"_acf_changed":false},"product_brand":[],"product_cat":[52,65],"product_tag":[],"class_list":{"0":"post-4599","1":"product","2":"type-product","3":"status-publish","4":"has-post-thumbnail","6":"product_cat-kitchen-utensils","7":"product_cat-kitchen-strainer-and-colander","9":"first","10":"instock","11":"shipping-taxable","12":"product-type-simple"},"acf":[],"_links":{"self":[{"href":"https:\/\/www.purecook.com\/es\/wp-json\/wp\/v2\/product\/4599","targetHints":{"allow":["GET"]}}],"collection":[{"href":"https:\/\/www.purecook.com\/es\/wp-json\/wp\/v2\/product"}],"about":[{"href":"https:\/\/www.purecook.com\/es\/wp-json\/wp\/v2\/types\/product"}],"replies":[{"embeddable":true,"href":"https:\/\/www.purecook.com\/es\/wp-json\/wp\/v2\/comments?post=4599"}],"wp:featuredmedia":[{"embeddable":true,"href":"https:\/\/www.purecook.com\/es\/wp-json\/wp\/v2\/media\/4600"}],"wp:attachment":[{"href":"https:\/\/www.purecook.com\/es\/wp-json\/wp\/v2\/media?parent=4599"}],"wp:term":[{"taxonomy":"product_brand","embeddable":true,"href":"https:\/\/www.purecook.com\/es\/wp-json\/wp\/v2\/product_brand?post=4599"},{"taxonomy":"product_cat","embeddable":true,"href":"https:\/\/www.purecook.com\/es\/wp-json\/wp\/v2\/product_cat?post=4599"},{"taxonomy":"product_tag","embeddable":true,"href":"https:\/\/www.purecook.com\/es\/wp-json\/wp\/v2\/product_tag?post=4599"}],"curies":[{"name":"wp","href":"https:\/\/api.w.org\/{rel}","templated":true}]}}