{"id":4605,"date":"2025-08-24T10:32:23","date_gmt":"2025-08-24T02:32:23","guid":{"rendered":"https:\/\/www.purecook.com\/?post_type=product&#038;p=4605"},"modified":"2025-08-24T10:56:48","modified_gmt":"2025-08-24T02:56:48","slug":"wholesale-stainless-steel-food-container-and-strainer-set-2","status":"publish","type":"product","link":"https:\/\/www.purecook.com\/es\/product\/wholesale-stainless-steel-food-container-and-strainer-set-2\/","title":{"rendered":"Mayorista Juego de Recipiente y Colador de Acero Inoxidable para Alimentos - Apto para Cocinas de Inducci\u00f3n"},"content":{"rendered":"<div class=\"wp-block-columns is-layout-flex wp-container-core-columns-is-layout-9d6595d7 wp-block-columns-is-layout-flex\">\n<div class=\"wp-block-column is-layout-flow wp-block-column-is-layout-flow\">\n<h3 class=\"wp-block-heading\">Par\u00e1metros del juego de recipiente para alimentos y colador<\/h3>\n\n\n\n<p><strong>Material: <\/strong>Acero inoxidable<br><strong>Logotipo: <\/strong>Serigraf\u00eda \/ Grabado l\u00e1ser \/ Sello en relieve<br><strong>Color:<\/strong> Plata<br><strong>Tama\u00f1o:<\/strong> 16,8\u00d716,8\u00d76,8 cm \/ 16,8\u00d716,8\u00d78,8 cm \/ 20,8\u00d720,8\u00d78,3 cm \/ 20,8\u00d720,8\u00d710,3 cm<br><strong>Peso bruto: <\/strong>Menos de 1 kg por pieza<\/p>\n<\/div>\n\n\n\n<div class=\"wp-block-column is-layout-flow wp-block-column-is-layout-flow\">\n<h3 class=\"wp-block-heading\">Opciones de macetas personalizadas<\/h3>\n\n\n\n<p>Material: acero inoxidable 201 \/ 304<br><strong>Logotipo:<\/strong> Personalizable con el logotipo de su marca<br><strong>Embalaje:<\/strong>\u00a0Caja de color\/Cart\u00f3n, etc<br><\/p>\n<\/div>\n<\/div>\n\n\n\n<div class=\"wp-block-columns is-layout-flex wp-container-core-columns-is-layout-9d6595d7 wp-block-columns-is-layout-flex\">\n<div class=\"wp-block-column is-layout-flow wp-block-column-is-layout-flow\">\n<figure class=\"wp-block-image size-full\"><img decoding=\"async\" width=\"800\" height=\"800\" src=\"https:\/\/www.purecook.com\/wp-content\/uploads\/2025\/08\/stainless-steel-food-container-and-strainer-set-2.webp\" alt=\"juego de recipiente para alimentos y colador de acero inoxidable (2)\" class=\"wp-image-4607\" srcset=\"https:\/\/www.purecook.com\/wp-content\/uploads\/2025\/08\/stainless-steel-food-container-and-strainer-set-2.webp 800w, https:\/\/www.purecook.com\/wp-content\/uploads\/2025\/08\/stainless-steel-food-container-and-strainer-set-2-300x300.webp 300w, https:\/\/www.purecook.com\/wp-content\/uploads\/2025\/08\/stainless-steel-food-container-and-strainer-set-2-150x150.webp 150w, https:\/\/www.purecook.com\/wp-content\/uploads\/2025\/08\/stainless-steel-food-container-and-strainer-set-2-768x768.webp 768w, https:\/\/www.purecook.com\/wp-content\/uploads\/2025\/08\/stainless-steel-food-container-and-strainer-set-2-12x12.webp 12w, https:\/\/www.purecook.com\/wp-content\/uploads\/2025\/08\/stainless-steel-food-container-and-strainer-set-2-600x600.webp 600w, https:\/\/www.purecook.com\/wp-content\/uploads\/2025\/08\/stainless-steel-food-container-and-strainer-set-2-100x100.webp 100w\" sizes=\"(max-width: 800px) 100vw, 800px\" \/><\/figure>\n<\/div>\n\n\n\n<div class=\"wp-block-column is-layout-flow wp-block-column-is-layout-flow\">\n<figure class=\"wp-block-image size-full\"><img decoding=\"async\" width=\"800\" height=\"800\" src=\"https:\/\/www.purecook.com\/wp-content\/uploads\/2025\/08\/stainless-steel-food-container-and-strainer-set-4.webp\" alt=\"juego de colador y recipiente de acero inoxidable para alimentos (4)\" class=\"wp-image-4609\" srcset=\"https:\/\/www.purecook.com\/wp-content\/uploads\/2025\/08\/stainless-steel-food-container-and-strainer-set-4.webp 800w, https:\/\/www.purecook.com\/wp-content\/uploads\/2025\/08\/stainless-steel-food-container-and-strainer-set-4-300x300.webp 300w, https:\/\/www.purecook.com\/wp-content\/uploads\/2025\/08\/stainless-steel-food-container-and-strainer-set-4-150x150.webp 150w, https:\/\/www.purecook.com\/wp-content\/uploads\/2025\/08\/stainless-steel-food-container-and-strainer-set-4-768x768.webp 768w, https:\/\/www.purecook.com\/wp-content\/uploads\/2025\/08\/stainless-steel-food-container-and-strainer-set-4-12x12.webp 12w, https:\/\/www.purecook.com\/wp-content\/uploads\/2025\/08\/stainless-steel-food-container-and-strainer-set-4-600x600.webp 600w, https:\/\/www.purecook.com\/wp-content\/uploads\/2025\/08\/stainless-steel-food-container-and-strainer-set-4-100x100.webp 100w\" sizes=\"(max-width: 800px) 100vw, 800px\" \/><\/figure>\n<\/div>\n<\/div>","protected":false},"excerpt":{"rendered":"<p>El juego de recipiente y colador de acero inoxidable para alimentos es adecuado para diversas tareas, como escurrir frutas y verduras, almacenar alimentos, as\u00ed como servir de recipiente para cocinar y utilizar como filtro para eliminar alimentos s\u00f3lidos. Muy adecuado para uso personal o de peque\u00f1as familias. P\u00f3ngase en contacto con nosotros para solicitar un presupuesto.<\/p>\n<h2>Caracter\u00edsticas del juego de colador y recipiente de acero inoxidable para alimentos<\/h2>\n<p><strong>Vers\u00e1til:<\/strong> Este juego de recipiente y colador de acero inoxidable es vers\u00e1til, ya que sirve para mezclar ensaladas, guardar alimentos en el frigor\u00edfico o incluso para marinar carnes.<\/p>\n<p><strong>Pr\u00e1ctico:<\/strong> El dise\u00f1o de dos piezas facilita lavar, escurrir y servir la comida, eliminando la necesidad de utilizar varios cuencos o coladores separados. El colador puede levantarse f\u00e1cilmente para vaciar el bol.<\/p>\n<p><strong>Compatible con cocinas de inducci\u00f3n:<\/strong> Este recipiente para alimentos puede utilizarse en una placa de inducci\u00f3n. Tras la cocci\u00f3n, el colador permite escurrir el l\u00edquido y eliminar los s\u00f3lidos, simplificando todo el proceso de cocci\u00f3n.<\/p>\n<p><strong>Personalizable:<\/strong> Como fabricante de envases alimentarios, Purecook admite envases alimentarios personalizables, ofreciendo una amplia gama de opciones de personalizaci\u00f3n, incluidos materiales, tama\u00f1os y logotipos personalizados.<\/p>","protected":false},"featured_media":4606,"comment_status":"closed","ping_status":"closed","template":"","meta":{"_acf_changed":false},"product_brand":[],"product_cat":[51,25,52,65],"product_tag":[],"class_list":{"0":"post-4605","1":"product","2":"type-product","3":"status-publish","4":"has-post-thumbnail","6":"product_cat-dinnerware","7":"product_cat-food-storage","8":"product_cat-kitchen-utensils","9":"product_cat-kitchen-strainer-and-colander","11":"first","12":"instock","13":"shipping-taxable","14":"product-type-simple"},"acf":[],"_links":{"self":[{"href":"https:\/\/www.purecook.com\/es\/wp-json\/wp\/v2\/product\/4605","targetHints":{"allow":["GET"]}}],"collection":[{"href":"https:\/\/www.purecook.com\/es\/wp-json\/wp\/v2\/product"}],"about":[{"href":"https:\/\/www.purecook.com\/es\/wp-json\/wp\/v2\/types\/product"}],"replies":[{"embeddable":true,"href":"https:\/\/www.purecook.com\/es\/wp-json\/wp\/v2\/comments?post=4605"}],"wp:featuredmedia":[{"embeddable":true,"href":"https:\/\/www.purecook.com\/es\/wp-json\/wp\/v2\/media\/4606"}],"wp:attachment":[{"href":"https:\/\/www.purecook.com\/es\/wp-json\/wp\/v2\/media?parent=4605"}],"wp:term":[{"taxonomy":"product_brand","embeddable":true,"href":"https:\/\/www.purecook.com\/es\/wp-json\/wp\/v2\/product_brand?post=4605"},{"taxonomy":"product_cat","embeddable":true,"href":"https:\/\/www.purecook.com\/es\/wp-json\/wp\/v2\/product_cat?post=4605"},{"taxonomy":"product_tag","embeddable":true,"href":"https:\/\/www.purecook.com\/es\/wp-json\/wp\/v2\/product_tag?post=4605"}],"curies":[{"name":"wp","href":"https:\/\/api.w.org\/{rel}","templated":true}]}}