{"id":4611,"date":"2025-08-24T11:07:46","date_gmt":"2025-08-24T03:07:46","guid":{"rendered":"https:\/\/www.purecook.com\/?post_type=product&#038;p=4611"},"modified":"2025-08-24T11:34:40","modified_gmt":"2025-08-24T03:34:40","slug":"wholesale-stainless-steel-grilling-tongs-food-grade-kitchen-food-tongs-for-sale","status":"publish","type":"product","link":"https:\/\/www.purecook.com\/es\/product\/wholesale-stainless-steel-grilling-tongs-food-grade-kitchen-food-tongs-for-sale\/","title":{"rendered":"Venta al por mayor pinzas de acero inoxidable para asar a la parrilla, pinzas de cocina de calidad alimentaria para la venta"},"content":{"rendered":"<div class=\"wp-block-columns is-layout-flex wp-container-core-columns-is-layout-9d6595d7 wp-block-columns-is-layout-flex\">\n<div class=\"wp-block-column is-layout-flow wp-block-column-is-layout-flow\">\n<h3 class=\"wp-block-heading\">Par\u00e1metros del juego de escurridores de acero inoxidable<\/h3>\n\n\n\n<p><strong>Material:<\/strong> Acero inoxidable 304<br><strong>Peso:<\/strong> 75g <br><strong>Logotipo: <\/strong>Serigraf\u00eda \/ Grabado l\u00e1ser \/ Sello en relieve<br><strong>Color:<\/strong> Plata<br><strong>Grosor:<\/strong> 0,5 mm<br><strong>Tama\u00f1o:<\/strong> 24,8 \u00d7 7,5 cm<br><strong>Peso bruto: <\/strong>Menos de 100 g por pieza<\/p>\n<\/div>\n\n\n\n<div class=\"wp-block-column is-layout-flow wp-block-column-is-layout-flow\">\n<h3 class=\"wp-block-heading\">Opciones de macetas personalizadas<\/h3>\n\n\n\n<p><strong>Logotipo:<\/strong> Personalizable con el logotipo de su marca<br><strong>Embalaje:<\/strong>\u00a0Caja de color\/Cart\u00f3n, etc<\/p>\n<\/div>\n<\/div>\n\n\n\n<div class=\"wp-block-columns is-layout-flex wp-container-core-columns-is-layout-9d6595d7 wp-block-columns-is-layout-flex\">\n<div class=\"wp-block-column is-layout-flow wp-block-column-is-layout-flow\">\n<figure class=\"wp-block-image size-full\"><img decoding=\"async\" width=\"800\" height=\"800\" src=\"https:\/\/www.purecook.com\/wp-content\/uploads\/2025\/08\/wholesale-stainless-steel-grilling-tongs-1-1.webp\" alt=\"mayorista pinzas de acero inoxidable para asar (1)\" class=\"wp-image-4618\" srcset=\"https:\/\/www.purecook.com\/wp-content\/uploads\/2025\/08\/wholesale-stainless-steel-grilling-tongs-1-1.webp 800w, https:\/\/www.purecook.com\/wp-content\/uploads\/2025\/08\/wholesale-stainless-steel-grilling-tongs-1-1-300x300.webp 300w, https:\/\/www.purecook.com\/wp-content\/uploads\/2025\/08\/wholesale-stainless-steel-grilling-tongs-1-1-150x150.webp 150w, https:\/\/www.purecook.com\/wp-content\/uploads\/2025\/08\/wholesale-stainless-steel-grilling-tongs-1-1-768x768.webp 768w, https:\/\/www.purecook.com\/wp-content\/uploads\/2025\/08\/wholesale-stainless-steel-grilling-tongs-1-1-12x12.webp 12w, https:\/\/www.purecook.com\/wp-content\/uploads\/2025\/08\/wholesale-stainless-steel-grilling-tongs-1-1-600x600.webp 600w, https:\/\/www.purecook.com\/wp-content\/uploads\/2025\/08\/wholesale-stainless-steel-grilling-tongs-1-1-100x100.webp 100w\" sizes=\"(max-width: 800px) 100vw, 800px\" \/><\/figure>\n<\/div>\n\n\n\n<div class=\"wp-block-column is-layout-flow wp-block-column-is-layout-flow\">\n<figure class=\"wp-block-image size-full\"><img decoding=\"async\" width=\"800\" height=\"800\" src=\"https:\/\/www.purecook.com\/wp-content\/uploads\/2025\/08\/wholesale-stainless-steel-grilling-tongs-2-1.webp\" alt=\"mayorista pinzas de acero inoxidable para asar (2)\" class=\"wp-image-4619\" srcset=\"https:\/\/www.purecook.com\/wp-content\/uploads\/2025\/08\/wholesale-stainless-steel-grilling-tongs-2-1.webp 800w, https:\/\/www.purecook.com\/wp-content\/uploads\/2025\/08\/wholesale-stainless-steel-grilling-tongs-2-1-300x300.webp 300w, https:\/\/www.purecook.com\/wp-content\/uploads\/2025\/08\/wholesale-stainless-steel-grilling-tongs-2-1-150x150.webp 150w, https:\/\/www.purecook.com\/wp-content\/uploads\/2025\/08\/wholesale-stainless-steel-grilling-tongs-2-1-768x768.webp 768w, https:\/\/www.purecook.com\/wp-content\/uploads\/2025\/08\/wholesale-stainless-steel-grilling-tongs-2-1-12x12.webp 12w, https:\/\/www.purecook.com\/wp-content\/uploads\/2025\/08\/wholesale-stainless-steel-grilling-tongs-2-1-600x600.webp 600w, https:\/\/www.purecook.com\/wp-content\/uploads\/2025\/08\/wholesale-stainless-steel-grilling-tongs-2-1-100x100.webp 100w\" sizes=\"(max-width: 800px) 100vw, 800px\" \/><\/figure>\n<\/div>\n<\/div>\n\n\n\n<div class=\"wp-block-columns is-layout-flex wp-container-core-columns-is-layout-9d6595d7 wp-block-columns-is-layout-flex\">\n<div class=\"wp-block-column is-layout-flow wp-block-column-is-layout-flow\"><\/div>\n\n\n\n<div class=\"wp-block-column is-layout-flow wp-block-column-is-layout-flow\"><\/div>\n<\/div>","protected":false},"excerpt":{"rendered":"<p>Venta al por mayor de pinzas para asar. Fabricadas en acero inoxidable 304 de alta calidad para uso alimentario, estas pinzas son duraderas y resistentes al calor. Son adecuadas para una gran variedad de alimentos, incluidos pasteles y carnes a la parrilla. P\u00f3ngase en contacto con nosotros para solicitar un presupuesto.<\/p>\n<h2>Caracter\u00edsticas de las pinzas de acero inoxidable para asar<\/h2>\n<p><strong>Durabilidad superior y rendimiento duradero:<\/strong> Las pinzas para asar est\u00e1n fabricadas en acero inoxidable 304 apto para uso alimentario, dise\u00f1ado para soportar un uso frecuente sin doblarse ni romperse.<\/p>\n<p><strong>Resistencia a altas temperaturas:<\/strong> Fabricadas en acero inoxidable de alta calidad, las pinzas para asar resisten la deformaci\u00f3n o los da\u00f1os causados por el calor, lo que las convierte en un compa\u00f1ero fiable para asar.<\/p>\n<p><strong>Uso vers\u00e1til:<\/strong> Las pinzas para alimentos pueden realizar una amplia gama de tareas, sujetando con seguridad desde delicados pasteles y verduras hasta art\u00edculos m\u00e1s pesados como carnes o pescados a la parrilla.<\/p>\n<p><strong>Dise\u00f1o ergon\u00f3mico y seguro:<\/strong> Las pinzas cuentan con un mango alargado que proporciona un agarre c\u00f3modo y seguro a la vez que mantiene las manos alejadas de superficies calientes como parrillas u ollas.<\/p>","protected":false},"featured_media":4618,"comment_status":"closed","ping_status":"closed","template":"","meta":{"_acf_changed":false},"product_brand":[],"product_cat":[52,103],"product_tag":[],"class_list":{"0":"post-4611","1":"product","2":"type-product","3":"status-publish","4":"has-post-thumbnail","6":"product_cat-kitchen-utensils","7":"product_cat-wholesale-stainless-steel-tongs","9":"first","10":"instock","11":"shipping-taxable","12":"product-type-simple"},"acf":[],"_links":{"self":[{"href":"https:\/\/www.purecook.com\/es\/wp-json\/wp\/v2\/product\/4611","targetHints":{"allow":["GET"]}}],"collection":[{"href":"https:\/\/www.purecook.com\/es\/wp-json\/wp\/v2\/product"}],"about":[{"href":"https:\/\/www.purecook.com\/es\/wp-json\/wp\/v2\/types\/product"}],"replies":[{"embeddable":true,"href":"https:\/\/www.purecook.com\/es\/wp-json\/wp\/v2\/comments?post=4611"}],"wp:featuredmedia":[{"embeddable":true,"href":"https:\/\/www.purecook.com\/es\/wp-json\/wp\/v2\/media\/4618"}],"wp:attachment":[{"href":"https:\/\/www.purecook.com\/es\/wp-json\/wp\/v2\/media?parent=4611"}],"wp:term":[{"taxonomy":"product_brand","embeddable":true,"href":"https:\/\/www.purecook.com\/es\/wp-json\/wp\/v2\/product_brand?post=4611"},{"taxonomy":"product_cat","embeddable":true,"href":"https:\/\/www.purecook.com\/es\/wp-json\/wp\/v2\/product_cat?post=4611"},{"taxonomy":"product_tag","embeddable":true,"href":"https:\/\/www.purecook.com\/es\/wp-json\/wp\/v2\/product_tag?post=4611"}],"curies":[{"name":"wp","href":"https:\/\/api.w.org\/{rel}","templated":true}]}}